{"id":10165,"date":"2022-02-23T16:10:51","date_gmt":"2022-02-23T14:10:51","guid":{"rendered":"https:\/\/dicd.tuiasi.ro\/?page_id=10165"},"modified":"2022-02-28T14:23:19","modified_gmt":"2022-02-28T12:23:19","slug":"cabi-ebooks","status":"publish","type":"page","link":"https:\/\/dicd.tuiasi.ro\/en\/cabi-ebooks\/","title":{"rendered":"CABI Ebooks"},"content":{"rendered":"<p>Universitatea Tehnic\u0103 \u201eGheorghe Asachi\u201d din Ia\u0219i pune la dispozi\u021bie acces la platforma <strong>CABI Ebooks<\/strong> pe baza contului institu\u0163ional sau automat \u00een cazul \u00een care sunte\u0163i conecta\u0163i la re\u0163eaua campusului studen\u0163esc sau didactic.<\/p>\n\n\n<div class=\"wp-block-ub-content-toggle\" id=\"ub-content-toggle-ef92f0f8-4f47-4383-afa8-b35d4352ec6a\">\n<div id=\"\" class=\"wp-block-ub-content-toggle-accordion\">\n                <div class=\"wp-block-ub-content-toggle-accordion-title-wrap\" aria-expanded=\"false\" aria-controls=\"ub-content-toggle-panel-0-ef92f0f8-4f47-4383-afa8-b35d4352ec6a\" tabindex=\"0\">\n                    <p class=\"wp-block-ub-content-toggle-accordion-title ub-content-toggle-title-ef92f0f8-4f47-4383-afa8-b35d4352ec6a\">Accesare via adres\u0103 IP<\/p><div class=\"wp-block-ub-content-toggle-accordion-toggle-wrap right\"><span class=\"wp-block-ub-content-toggle-accordion-state-indicator wp-block-ub-chevron-down\"><\/span>\n                    <\/div><\/div><div role=\"region\" class=\"wp-block-ub-content-toggle-accordion-content-wrap ub-hide\" id=\"ub-content-toggle-panel-0-ef92f0f8-4f47-4383-afa8-b35d4352ec6a\">\n\n<p>Acces\u0103m <a href=\"https:\/\/www.cabi.org\/cabebooks\" data-type=\"URL\" data-id=\"https:\/\/www.cabi.org\/cabebooks\"><strong>CABI Ebooks<\/strong><\/a> \u015fi, dac\u0103 autentificarea a fost realizat\u0103 cu succes, putem observa mesajul din Fig. 1.<\/p>\n\n\n\n<p>\u00cen caz contrar, urma\u0163i instruc\u0163iunile pentru accesarea prin intermediul contului institu\u0163ional.<\/p>\n\n\n\n<figure class=\"wp-block-gallery columns-1 is-cropped\"><ul class=\"blocks-gallery-grid\"><li class=\"blocks-gallery-item\"><figure><img loading=\"lazy\" width=\"717\" height=\"94\" src=\"https:\/\/dicd.tuiasi.ro\/wp-content\/uploads\/2022\/02\/CABI-Ebooks-IP-access.png\" alt=\"\" data-id=\"10444\" data-full-url=\"https:\/\/dicd.tuiasi.ro\/wp-content\/uploads\/2022\/02\/CABI-Ebooks-IP-access.png\" data-link=\"https:\/\/dicd.tuiasi.ro\/cabi-ebooks\/cabi-ebooks-ip-access\/\" class=\"wp-image-10444\" srcset=\"https:\/\/dicd.tuiasi.ro\/wp-content\/uploads\/2022\/02\/CABI-Ebooks-IP-access.png 717w, https:\/\/dicd.tuiasi.ro\/wp-content\/uploads\/2022\/02\/CABI-Ebooks-IP-access-300x39.png 300w, https:\/\/dicd.tuiasi.ro\/wp-content\/uploads\/2022\/02\/CABI-Ebooks-IP-access-18x2.png 18w\" sizes=\"(max-width: 717px) 100vw, 717px\" \/><figcaption class=\"blocks-gallery-item__caption\">Fig. 1<\/figcaption><\/figure><\/li><\/ul><\/figure>\n\n<\/div><\/div>\n<\/div>\n\n<div class=\"wp-block-ub-content-toggle\" id=\"ub-content-toggle-56d533a9-6189-471b-b29c-49f9abea0bab\">\n<div id=\"\" class=\"wp-block-ub-content-toggle-accordion\">\n                <div class=\"wp-block-ub-content-toggle-accordion-title-wrap\" aria-expanded=\"false\" aria-controls=\"ub-content-toggle-panel-0-56d533a9-6189-471b-b29c-49f9abea0bab\" tabindex=\"0\">\n                    <p class=\"wp-block-ub-content-toggle-accordion-title ub-content-toggle-title-56d533a9-6189-471b-b29c-49f9abea0bab\">Accesare via cont institu\u0163ional<\/p><div class=\"wp-block-ub-content-toggle-accordion-toggle-wrap right\"><span class=\"wp-block-ub-content-toggle-accordion-state-indicator wp-block-ub-chevron-down\"><\/span>\n                    <\/div><\/div><div role=\"region\" class=\"wp-block-ub-content-toggle-accordion-content-wrap ub-hide\" id=\"ub-content-toggle-panel-0-56d533a9-6189-471b-b29c-49f9abea0bab\">\n\n<p><strong>Step 1:<\/strong> Vom accesa pagina <a href=\"https:\/\/www.cabi.org\/cabebooks\" data-type=\"URL\" data-id=\"https:\/\/www.cabi.org\/cabebooks\"><strong>CABI Ebooks<\/strong><\/a> \u015fi vom ap\u0103sa pe butonul \u201e<strong>Login<\/strong>\u201d (Fig. 2).<\/p>\n\n\n\n<p><strong>Step 2:<\/strong> Vom alege op\u0163iunea  <strong>\u201eLog in via your institution\u201d<\/strong> (Fig. 3).<\/p>\n\n\n\n<p><strong>Step 3:<\/strong> Vom c\u0103uta \u015fi selecta <strong>Gheorghe Asachi Technical University of Iasi &#8211; TUIASI<\/strong> (Fig. 4).<\/p>\n\n\n\n<p><strong>Step 4: <\/strong>Vom fi redirec\u021biona\u021bi c\u0103tre pagina de administrare a contului institu\u021bional unde va trebui s\u0103 ne autentific\u0103m (Fig. 5).<\/p>\n\n\n\n<figure class=\"wp-block-gallery columns-3 is-cropped\"><ul class=\"blocks-gallery-grid\"><li class=\"blocks-gallery-item\"><figure><img loading=\"lazy\" width=\"954\" height=\"293\" src=\"https:\/\/dicd.tuiasi.ro\/wp-content\/uploads\/2022\/02\/CABI-ebooks-pas1.png\" alt=\"\" data-id=\"10462\" data-full-url=\"https:\/\/dicd.tuiasi.ro\/wp-content\/uploads\/2022\/02\/CABI-ebooks-pas1.png\" data-link=\"https:\/\/dicd.tuiasi.ro\/cabi-ebooks\/cabi-ebooks-pas1\/\" class=\"wp-image-10462\" srcset=\"https:\/\/dicd.tuiasi.ro\/wp-content\/uploads\/2022\/02\/CABI-ebooks-pas1.png 954w, https:\/\/dicd.tuiasi.ro\/wp-content\/uploads\/2022\/02\/CABI-ebooks-pas1-300x92.png 300w, https:\/\/dicd.tuiasi.ro\/wp-content\/uploads\/2022\/02\/CABI-ebooks-pas1-768x236.png 768w, https:\/\/dicd.tuiasi.ro\/wp-content\/uploads\/2022\/02\/CABI-ebooks-pas1-18x6.png 18w\" sizes=\"(max-width: 954px) 100vw, 954px\" \/><figcaption class=\"blocks-gallery-item__caption\">Fig. 2<\/figcaption><\/figure><\/li><li class=\"blocks-gallery-item\"><figure><img loading=\"lazy\" width=\"430\" height=\"520\" src=\"https:\/\/dicd.tuiasi.ro\/wp-content\/uploads\/2022\/02\/CABI-ebooks-pas2.png\" alt=\"\" data-id=\"10465\" data-full-url=\"https:\/\/dicd.tuiasi.ro\/wp-content\/uploads\/2022\/02\/CABI-ebooks-pas2.png\" data-link=\"https:\/\/dicd.tuiasi.ro\/cabi-ebooks\/cabi-ebooks-pas2\/\" class=\"wp-image-10465\" srcset=\"https:\/\/dicd.tuiasi.ro\/wp-content\/uploads\/2022\/02\/CABI-ebooks-pas2.png 430w, https:\/\/dicd.tuiasi.ro\/wp-content\/uploads\/2022\/02\/CABI-ebooks-pas2-248x300.png 248w, https:\/\/dicd.tuiasi.ro\/wp-content\/uploads\/2022\/02\/CABI-ebooks-pas2-10x12.png 10w\" sizes=\"(max-width: 430px) 100vw, 430px\" \/><figcaption class=\"blocks-gallery-item__caption\">Fig. 3<\/figcaption><\/figure><\/li><li class=\"blocks-gallery-item\"><figure><img loading=\"lazy\" width=\"712\" height=\"514\" src=\"https:\/\/dicd.tuiasi.ro\/wp-content\/uploads\/2022\/02\/CABI-ebooks-pas3.png\" alt=\"\" data-id=\"10468\" data-full-url=\"https:\/\/dicd.tuiasi.ro\/wp-content\/uploads\/2022\/02\/CABI-ebooks-pas3.png\" data-link=\"https:\/\/dicd.tuiasi.ro\/cabi-ebooks\/cabi-ebooks-pas3\/\" class=\"wp-image-10468\" srcset=\"https:\/\/dicd.tuiasi.ro\/wp-content\/uploads\/2022\/02\/CABI-ebooks-pas3.png 712w, https:\/\/dicd.tuiasi.ro\/wp-content\/uploads\/2022\/02\/CABI-ebooks-pas3-300x217.png 300w, https:\/\/dicd.tuiasi.ro\/wp-content\/uploads\/2022\/02\/CABI-ebooks-pas3-18x12.png 18w\" sizes=\"(max-width: 712px) 100vw, 712px\" \/><figcaption class=\"blocks-gallery-item__caption\">Fig. 4<\/figcaption><\/figure><\/li><li class=\"blocks-gallery-item\"><figure><img loading=\"lazy\" width=\"979\" height=\"796\" src=\"https:\/\/dicd.tuiasi.ro\/wp-content\/uploads\/2022\/02\/CABI-ebooks-pas4.png\" alt=\"\" data-id=\"10471\" data-full-url=\"https:\/\/dicd.tuiasi.ro\/wp-content\/uploads\/2022\/02\/CABI-ebooks-pas4.png\" data-link=\"https:\/\/dicd.tuiasi.ro\/cabi-ebooks\/cabi-ebooks-pas4\/\" class=\"wp-image-10471\" srcset=\"https:\/\/dicd.tuiasi.ro\/wp-content\/uploads\/2022\/02\/CABI-ebooks-pas4.png 979w, https:\/\/dicd.tuiasi.ro\/wp-content\/uploads\/2022\/02\/CABI-ebooks-pas4-300x244.png 300w, https:\/\/dicd.tuiasi.ro\/wp-content\/uploads\/2022\/02\/CABI-ebooks-pas4-768x624.png 768w, https:\/\/dicd.tuiasi.ro\/wp-content\/uploads\/2022\/02\/CABI-ebooks-pas4-15x12.png 15w\" sizes=\"(max-width: 979px) 100vw, 979px\" \/><figcaption class=\"blocks-gallery-item__caption\">Fig. 5<\/figcaption><\/figure><\/li><li class=\"blocks-gallery-item\"><figure><img loading=\"lazy\" width=\"947\" height=\"289\" src=\"https:\/\/dicd.tuiasi.ro\/wp-content\/uploads\/2022\/02\/CABI-ebooks-pas5.png\" alt=\"\" data-id=\"10474\" data-full-url=\"https:\/\/dicd.tuiasi.ro\/wp-content\/uploads\/2022\/02\/CABI-ebooks-pas5.png\" data-link=\"https:\/\/dicd.tuiasi.ro\/cabi-ebooks\/cabi-ebooks-pas5\/\" class=\"wp-image-10474\" srcset=\"https:\/\/dicd.tuiasi.ro\/wp-content\/uploads\/2022\/02\/CABI-ebooks-pas5.png 947w, https:\/\/dicd.tuiasi.ro\/wp-content\/uploads\/2022\/02\/CABI-ebooks-pas5-300x92.png 300w, https:\/\/dicd.tuiasi.ro\/wp-content\/uploads\/2022\/02\/CABI-ebooks-pas5-768x234.png 768w, https:\/\/dicd.tuiasi.ro\/wp-content\/uploads\/2022\/02\/CABI-ebooks-pas5-18x5.png 18w\" sizes=\"(max-width: 947px) 100vw, 947px\" \/><figcaption class=\"blocks-gallery-item__caption\">Fig. 6<\/figcaption><\/figure><\/li><\/ul><\/figure>\n\n<\/div><\/div>\n<\/div>","protected":false},"excerpt":{"rendered":"<p>Universitatea Tehnic\u0103 \u201eGheorghe Asachi\u201d din Ia\u0219i pune la dispozi\u021bie acces la platforma CABI Ebooks pe baza contului institu\u0163ional sau automat \u00een cazul \u00een care sunte\u0163i conecta\u0163i la re\u0163eaua campusului studen\u0163esc sau didactic.<\/p>","protected":false},"author":37,"featured_media":0,"parent":0,"menu_order":0,"comment_status":"closed","ping_status":"closed","template":"","meta":{"advgb_blocks_editor_width":"","advgb_blocks_columns_visual_guide":"","ub_ctt_via":""},"featured_image_urls":{"full":"","thumbnail":"","medium":"","medium_large":"","large":"","1536x1536":"","2048x2048":"","trp-custom-language-flag":"","post-thumbnail":""},"post_excerpt_stackable":"<p>Universitatea Tehnic\u0103 \u201eGheorghe Asachi\u201d din Ia\u0219i pune la dispozi\u021bie acces la platforma CABI Ebooks pe baza contului institu\u0163ional sau automat \u00een cazul \u00een care sunte\u0163i conecta\u0163i la re\u0163eaua campusului studen\u0163esc sau didactic. Accesare via adres\u0103 IP Acces\u0103m CABI Ebooks \u015fi, dac\u0103 autentificarea a fost realizat\u0103 cu succes, putem observa mesajul din Fig. 1. \u00cen caz contrar, urma\u0163i instruc\u0163iunile pentru accesarea prin intermediul contului institu\u0163ional. Fig. 1 Accesare via cont institu\u0163ional Pasul 1: Vom accesa pagina CABI Ebooks \u015fi vom ap\u0103sa pe butonul \u201eLogin\u201d (Fig. 2). Pasul 2: Vom alege op\u0163iunea \u201eLog in via your institution\u201d (Fig. 3). Pasul 3: Vom&hellip;<\/p>\n","category_list":"","author_info":{"name":"Bianca Elena Duduman","url":"https:\/\/dicd.tuiasi.ro\/en\/author\/bianca\/"},"comments_num":"0 comments","featured_image_src":null,"coauthors":[],"author_meta":{"author_link":"https:\/\/dicd.tuiasi.ro\/en\/author\/bianca\/","display_name":"Bianca Elena Duduman"},"relative_dates":{"created":"Posted 4 years ago","modified":"Updated 4 years ago"},"absolute_dates":{"created":"Posted on 23 February 2022","modified":"Updated on 28 February 2022"},"absolute_dates_time":{"created":"Posted on 23 February 2022 16:10","modified":"Updated on 28 February 2022 14:23"},"featured_img_caption":"","_links":{"self":[{"href":"https:\/\/dicd.tuiasi.ro\/en\/wp-json\/wp\/v2\/pages\/10165"}],"collection":[{"href":"https:\/\/dicd.tuiasi.ro\/en\/wp-json\/wp\/v2\/pages"}],"about":[{"href":"https:\/\/dicd.tuiasi.ro\/en\/wp-json\/wp\/v2\/types\/page"}],"author":[{"embeddable":true,"href":"https:\/\/dicd.tuiasi.ro\/en\/wp-json\/wp\/v2\/users\/37"}],"replies":[{"embeddable":true,"href":"https:\/\/dicd.tuiasi.ro\/en\/wp-json\/wp\/v2\/comments?post=10165"}],"version-history":[{"count":4,"href":"https:\/\/dicd.tuiasi.ro\/en\/wp-json\/wp\/v2\/pages\/10165\/revisions"}],"predecessor-version":[{"id":10780,"href":"https:\/\/dicd.tuiasi.ro\/en\/wp-json\/wp\/v2\/pages\/10165\/revisions\/10780"}],"wp:attachment":[{"href":"https:\/\/dicd.tuiasi.ro\/en\/wp-json\/wp\/v2\/media?parent=10165"}],"curies":[{"name":"wp","href":"https:\/\/api.w.org\/{rel}","templated":true}]}}