{"id":10171,"date":"2022-02-23T16:13:08","date_gmt":"2022-02-23T14:13:08","guid":{"rendered":"https:\/\/dicd.tuiasi.ro\/?page_id=10171"},"modified":"2022-02-28T14:26:15","modified_gmt":"2022-02-28T12:26:15","slug":"degruyter-ebooks","status":"publish","type":"page","link":"https:\/\/dicd.tuiasi.ro\/en\/degruyter-ebooks\/","title":{"rendered":"DeGruyter Ebooks"},"content":{"rendered":"<p>Universitatea Tehnic\u0103 \u201eGheorghe Asachi\u201d din Ia\u0219i pune la dispozi\u021bie acces la platforma <strong>DeGruyter Ebooks<\/strong> pe baza contului institu\u0163ional sau automat \u00een cazul \u00een care sunte\u0163i conecta\u0163i la re\u0163eaua campusului studen\u0163esc sau didactic.<\/p>\n\n\n<div class=\"wp-block-ub-content-toggle\" id=\"ub-content-toggle-c7ba49e9-6b10-4033-8c65-473498dd011a\">\n<div id=\"\" class=\"wp-block-ub-content-toggle-accordion\">\n                <div class=\"wp-block-ub-content-toggle-accordion-title-wrap\" aria-expanded=\"false\" aria-controls=\"ub-content-toggle-panel-0-c7ba49e9-6b10-4033-8c65-473498dd011a\" tabindex=\"0\">\n                    <p class=\"wp-block-ub-content-toggle-accordion-title ub-content-toggle-title-c7ba49e9-6b10-4033-8c65-473498dd011a\">Accesare via adres\u0103 IP<\/p><div class=\"wp-block-ub-content-toggle-accordion-toggle-wrap right\"><span class=\"wp-block-ub-content-toggle-accordion-state-indicator wp-block-ub-chevron-down\"><\/span>\n                    <\/div><\/div><div role=\"region\" class=\"wp-block-ub-content-toggle-accordion-content-wrap ub-hide\" id=\"ub-content-toggle-panel-0-c7ba49e9-6b10-4033-8c65-473498dd011a\">\n\n<p>Acces\u0103m <a href=\"https:\/\/www.degruyter.com\/\" data-type=\"URL\" data-id=\"https:\/\/www.degruyter.com\/\"><strong>DeGruyter Ebooks<\/strong><\/a> \u015fi, dac\u0103 autentificarea a fost realizat\u0103 cu succes, putem observa mesajul din Fig. 1.<\/p>\n\n\n\n<p>\u00cen caz contrar, urma\u0163i instruc\u0163iunile pentru accesarea prin intermediul contului institu\u0163ional.<\/p>\n\n\n\n<figure class=\"wp-block-gallery columns-1 is-cropped\"><ul class=\"blocks-gallery-grid\"><li class=\"blocks-gallery-item\"><figure><img loading=\"lazy\" width=\"1024\" height=\"193\" src=\"https:\/\/dicd.tuiasi.ro\/wp-content\/uploads\/2022\/02\/DeGruyter-pas5-1-1024x193.png\" alt=\"\" data-id=\"10486\" data-full-url=\"https:\/\/dicd.tuiasi.ro\/wp-content\/uploads\/2022\/02\/DeGruyter-pas5-1.png\" data-link=\"https:\/\/dicd.tuiasi.ro\/degruyter-ebooks\/degruyter-pas5-1\/\" class=\"wp-image-10486\" srcset=\"https:\/\/dicd.tuiasi.ro\/wp-content\/uploads\/2022\/02\/DeGruyter-pas5-1-1024x193.png 1024w, https:\/\/dicd.tuiasi.ro\/wp-content\/uploads\/2022\/02\/DeGruyter-pas5-1-300x56.png 300w, https:\/\/dicd.tuiasi.ro\/wp-content\/uploads\/2022\/02\/DeGruyter-pas5-1-768x144.png 768w, https:\/\/dicd.tuiasi.ro\/wp-content\/uploads\/2022\/02\/DeGruyter-pas5-1-1536x289.png 1536w, https:\/\/dicd.tuiasi.ro\/wp-content\/uploads\/2022\/02\/DeGruyter-pas5-1-18x3.png 18w, https:\/\/dicd.tuiasi.ro\/wp-content\/uploads\/2022\/02\/DeGruyter-pas5-1-1568x295.png 1568w, https:\/\/dicd.tuiasi.ro\/wp-content\/uploads\/2022\/02\/DeGruyter-pas5-1.png 1803w\" sizes=\"(max-width: 1024px) 100vw, 1024px\" \/><figcaption class=\"blocks-gallery-item__caption\">Fig. 1<\/figcaption><\/figure><\/li><\/ul><\/figure>\n\n<\/div><\/div>\n<\/div>\n\n<div class=\"wp-block-ub-content-toggle\" id=\"ub-content-toggle-acf08624-5758-47a6-ab09-2be25f0b5ab0\">\n<div id=\"\" class=\"wp-block-ub-content-toggle-accordion\">\n                <div class=\"wp-block-ub-content-toggle-accordion-title-wrap\" aria-expanded=\"false\" aria-controls=\"ub-content-toggle-panel-0-acf08624-5758-47a6-ab09-2be25f0b5ab0\" tabindex=\"0\">\n                    <p class=\"wp-block-ub-content-toggle-accordion-title ub-content-toggle-title-acf08624-5758-47a6-ab09-2be25f0b5ab0\">Accesare via cont institu\u0163ional<\/p><div class=\"wp-block-ub-content-toggle-accordion-toggle-wrap right\"><span class=\"wp-block-ub-content-toggle-accordion-state-indicator wp-block-ub-chevron-down\"><\/span>\n                    <\/div><\/div><div role=\"region\" class=\"wp-block-ub-content-toggle-accordion-content-wrap ub-hide\" id=\"ub-content-toggle-panel-0-acf08624-5758-47a6-ab09-2be25f0b5ab0\">\n\n<p><strong>Step 1:<\/strong> Vom accesa pagina <a href=\"https:\/\/www.degruyter.com\/\" data-type=\"URL\" data-id=\"https:\/\/www.degruyter.com\/\"><strong>DeGruyter Ebooks<\/strong><\/a> \u015fi vom ap\u0103sa pe butonul \u201e<strong>Log in<\/strong>\u201d (Fig. 2).<\/p>\n\n\n\n<p><strong>Step 2:<\/strong> Vom c\u0103uta \u015fi selecta <strong>Gheorghe Asachi Technical University of Iasi<\/strong> (Fig. 3).<\/p>\n\n\n\n<p><strong>Step 3: <\/strong>Vom ap\u0103sa pe butonul \u201e<strong>Login<\/strong>\u201d (Fig. 4).<\/p>\n\n\n\n<p><strong>Step 4:<\/strong> Vom fi redirec\u021biona\u021bi c\u0103tre pagina de administrare a contului institu\u021bional unde va trebui s\u0103 ne autentific\u0103m (Fig. 5).<\/p>\n\n\n\n<figure class=\"wp-block-gallery columns-3 is-cropped\"><ul class=\"blocks-gallery-grid\"><li class=\"blocks-gallery-item\"><figure><img loading=\"lazy\" width=\"1024\" height=\"176\" src=\"https:\/\/dicd.tuiasi.ro\/wp-content\/uploads\/2022\/02\/DeGruyter-pas1-1024x176.png\" alt=\"\" data-id=\"10489\" data-full-url=\"https:\/\/dicd.tuiasi.ro\/wp-content\/uploads\/2022\/02\/DeGruyter-pas1.png\" data-link=\"https:\/\/dicd.tuiasi.ro\/degruyter-ebooks\/degruyter-pas1\/\" class=\"wp-image-10489\" srcset=\"https:\/\/dicd.tuiasi.ro\/wp-content\/uploads\/2022\/02\/DeGruyter-pas1-1024x176.png 1024w, https:\/\/dicd.tuiasi.ro\/wp-content\/uploads\/2022\/02\/DeGruyter-pas1-300x51.png 300w, https:\/\/dicd.tuiasi.ro\/wp-content\/uploads\/2022\/02\/DeGruyter-pas1-768x132.png 768w, https:\/\/dicd.tuiasi.ro\/wp-content\/uploads\/2022\/02\/DeGruyter-pas1-1536x263.png 1536w, https:\/\/dicd.tuiasi.ro\/wp-content\/uploads\/2022\/02\/DeGruyter-pas1-18x3.png 18w, https:\/\/dicd.tuiasi.ro\/wp-content\/uploads\/2022\/02\/DeGruyter-pas1-1568x269.png 1568w, https:\/\/dicd.tuiasi.ro\/wp-content\/uploads\/2022\/02\/DeGruyter-pas1.png 1785w\" sizes=\"(max-width: 1024px) 100vw, 1024px\" \/><figcaption class=\"blocks-gallery-item__caption\">Fig. 2<\/figcaption><\/figure><\/li><li class=\"blocks-gallery-item\"><figure><img loading=\"lazy\" width=\"606\" height=\"375\" src=\"https:\/\/dicd.tuiasi.ro\/wp-content\/uploads\/2022\/02\/DeGruyter-pas2.png\" alt=\"\" data-id=\"10492\" data-full-url=\"https:\/\/dicd.tuiasi.ro\/wp-content\/uploads\/2022\/02\/DeGruyter-pas2.png\" data-link=\"https:\/\/dicd.tuiasi.ro\/degruyter-ebooks\/degruyter-pas2\/\" class=\"wp-image-10492\" srcset=\"https:\/\/dicd.tuiasi.ro\/wp-content\/uploads\/2022\/02\/DeGruyter-pas2.png 606w, https:\/\/dicd.tuiasi.ro\/wp-content\/uploads\/2022\/02\/DeGruyter-pas2-300x186.png 300w, https:\/\/dicd.tuiasi.ro\/wp-content\/uploads\/2022\/02\/DeGruyter-pas2-18x12.png 18w\" sizes=\"(max-width: 606px) 100vw, 606px\" \/><figcaption class=\"blocks-gallery-item__caption\">Fig. 3<\/figcaption><\/figure><\/li><li class=\"blocks-gallery-item\"><figure><img loading=\"lazy\" width=\"1024\" height=\"201\" src=\"https:\/\/dicd.tuiasi.ro\/wp-content\/uploads\/2022\/02\/DeGruyter-pas3-1024x201.png\" alt=\"\" data-id=\"10495\" data-full-url=\"https:\/\/dicd.tuiasi.ro\/wp-content\/uploads\/2022\/02\/DeGruyter-pas3.png\" data-link=\"https:\/\/dicd.tuiasi.ro\/degruyter-ebooks\/degruyter-pas3\/\" class=\"wp-image-10495\" srcset=\"https:\/\/dicd.tuiasi.ro\/wp-content\/uploads\/2022\/02\/DeGruyter-pas3-1024x201.png 1024w, https:\/\/dicd.tuiasi.ro\/wp-content\/uploads\/2022\/02\/DeGruyter-pas3-300x59.png 300w, https:\/\/dicd.tuiasi.ro\/wp-content\/uploads\/2022\/02\/DeGruyter-pas3-768x150.png 768w, https:\/\/dicd.tuiasi.ro\/wp-content\/uploads\/2022\/02\/DeGruyter-pas3-1536x301.png 1536w, https:\/\/dicd.tuiasi.ro\/wp-content\/uploads\/2022\/02\/DeGruyter-pas3-18x4.png 18w, https:\/\/dicd.tuiasi.ro\/wp-content\/uploads\/2022\/02\/DeGruyter-pas3-1568x307.png 1568w, https:\/\/dicd.tuiasi.ro\/wp-content\/uploads\/2022\/02\/DeGruyter-pas3.png 1582w\" sizes=\"(max-width: 1024px) 100vw, 1024px\" \/><figcaption class=\"blocks-gallery-item__caption\">Fig. 4<\/figcaption><\/figure><\/li><li class=\"blocks-gallery-item\"><figure><img loading=\"lazy\" width=\"979\" height=\"796\" src=\"https:\/\/dicd.tuiasi.ro\/wp-content\/uploads\/2022\/02\/DeGruyter-pas4.png\" alt=\"\" data-id=\"10498\" data-full-url=\"https:\/\/dicd.tuiasi.ro\/wp-content\/uploads\/2022\/02\/DeGruyter-pas4.png\" data-link=\"https:\/\/dicd.tuiasi.ro\/degruyter-ebooks\/degruyter-pas4\/\" class=\"wp-image-10498\" srcset=\"https:\/\/dicd.tuiasi.ro\/wp-content\/uploads\/2022\/02\/DeGruyter-pas4.png 979w, https:\/\/dicd.tuiasi.ro\/wp-content\/uploads\/2022\/02\/DeGruyter-pas4-300x244.png 300w, https:\/\/dicd.tuiasi.ro\/wp-content\/uploads\/2022\/02\/DeGruyter-pas4-768x624.png 768w, https:\/\/dicd.tuiasi.ro\/wp-content\/uploads\/2022\/02\/DeGruyter-pas4-15x12.png 15w\" sizes=\"(max-width: 979px) 100vw, 979px\" \/><figcaption class=\"blocks-gallery-item__caption\">Fig. 5<\/figcaption><\/figure><\/li><li class=\"blocks-gallery-item\"><figure><img loading=\"lazy\" width=\"1024\" height=\"193\" src=\"https:\/\/dicd.tuiasi.ro\/wp-content\/uploads\/2022\/02\/DeGruyter-pas5-2-1024x193.png\" alt=\"\" data-id=\"10501\" data-full-url=\"https:\/\/dicd.tuiasi.ro\/wp-content\/uploads\/2022\/02\/DeGruyter-pas5-2.png\" data-link=\"https:\/\/dicd.tuiasi.ro\/degruyter-ebooks\/degruyter-pas5-2\/\" class=\"wp-image-10501\" srcset=\"https:\/\/dicd.tuiasi.ro\/wp-content\/uploads\/2022\/02\/DeGruyter-pas5-2-1024x193.png 1024w, https:\/\/dicd.tuiasi.ro\/wp-content\/uploads\/2022\/02\/DeGruyter-pas5-2-300x56.png 300w, https:\/\/dicd.tuiasi.ro\/wp-content\/uploads\/2022\/02\/DeGruyter-pas5-2-768x144.png 768w, https:\/\/dicd.tuiasi.ro\/wp-content\/uploads\/2022\/02\/DeGruyter-pas5-2-1536x289.png 1536w, https:\/\/dicd.tuiasi.ro\/wp-content\/uploads\/2022\/02\/DeGruyter-pas5-2-18x3.png 18w, https:\/\/dicd.tuiasi.ro\/wp-content\/uploads\/2022\/02\/DeGruyter-pas5-2-1568x295.png 1568w, https:\/\/dicd.tuiasi.ro\/wp-content\/uploads\/2022\/02\/DeGruyter-pas5-2.png 1803w\" sizes=\"(max-width: 1024px) 100vw, 1024px\" \/><figcaption class=\"blocks-gallery-item__caption\">Fig. 6<\/figcaption><\/figure><\/li><\/ul><\/figure>\n\n<\/div><\/div>\n<\/div>","protected":false},"excerpt":{"rendered":"<p>Universitatea Tehnic\u0103 \u201eGheorghe Asachi\u201d din Ia\u0219i pune la dispozi\u021bie acces la platforma DeGruyter Ebooks pe baza contului institu\u0163ional sau automat \u00een cazul \u00een care sunte\u0163i conecta\u0163i la re\u0163eaua campusului studen\u0163esc sau didactic.<\/p>","protected":false},"author":37,"featured_media":0,"parent":0,"menu_order":0,"comment_status":"closed","ping_status":"closed","template":"","meta":{"advgb_blocks_editor_width":"","advgb_blocks_columns_visual_guide":"","ub_ctt_via":""},"featured_image_urls":{"full":"","thumbnail":"","medium":"","medium_large":"","large":"","1536x1536":"","2048x2048":"","trp-custom-language-flag":"","post-thumbnail":""},"post_excerpt_stackable":"<p>Universitatea Tehnic\u0103 \u201eGheorghe Asachi\u201d din Ia\u0219i pune la dispozi\u021bie acces la platforma DeGruyter Ebooks pe baza contului institu\u0163ional sau automat \u00een cazul \u00een care sunte\u0163i conecta\u0163i la re\u0163eaua campusului studen\u0163esc sau didactic. Accesare via adres\u0103 IP Acces\u0103m DeGruyter Ebooks \u015fi, dac\u0103 autentificarea a fost realizat\u0103 cu succes, putem observa mesajul din Fig. 1. \u00cen caz contrar, urma\u0163i instruc\u0163iunile pentru accesarea prin intermediul contului institu\u0163ional. Fig. 1 Accesare via cont institu\u0163ional Pasul 1: Vom accesa pagina DeGruyter Ebooks \u015fi vom ap\u0103sa pe butonul \u201eLog in\u201d (Fig. 2). Pasul 2: Vom c\u0103uta \u015fi selecta Gheorghe Asachi Technical University of Iasi (Fig. 3).&hellip;<\/p>\n","category_list":"","author_info":{"name":"Bianca Elena Duduman","url":"https:\/\/dicd.tuiasi.ro\/en\/author\/bianca\/"},"comments_num":"0 comments","featured_image_src":null,"coauthors":[],"author_meta":{"author_link":"https:\/\/dicd.tuiasi.ro\/en\/author\/bianca\/","display_name":"Bianca Elena Duduman"},"relative_dates":{"created":"Posted 4 years ago","modified":"Updated 4 years ago"},"absolute_dates":{"created":"Posted on 23 February 2022","modified":"Updated on 28 February 2022"},"absolute_dates_time":{"created":"Posted on 23 February 2022 16:13","modified":"Updated on 28 February 2022 14:26"},"featured_img_caption":"","_links":{"self":[{"href":"https:\/\/dicd.tuiasi.ro\/en\/wp-json\/wp\/v2\/pages\/10171"}],"collection":[{"href":"https:\/\/dicd.tuiasi.ro\/en\/wp-json\/wp\/v2\/pages"}],"about":[{"href":"https:\/\/dicd.tuiasi.ro\/en\/wp-json\/wp\/v2\/types\/page"}],"author":[{"embeddable":true,"href":"https:\/\/dicd.tuiasi.ro\/en\/wp-json\/wp\/v2\/users\/37"}],"replies":[{"embeddable":true,"href":"https:\/\/dicd.tuiasi.ro\/en\/wp-json\/wp\/v2\/comments?post=10171"}],"version-history":[{"count":2,"href":"https:\/\/dicd.tuiasi.ro\/en\/wp-json\/wp\/v2\/pages\/10171\/revisions"}],"predecessor-version":[{"id":10504,"href":"https:\/\/dicd.tuiasi.ro\/en\/wp-json\/wp\/v2\/pages\/10171\/revisions\/10504"}],"wp:attachment":[{"href":"https:\/\/dicd.tuiasi.ro\/en\/wp-json\/wp\/v2\/media?parent=10171"}],"curies":[{"name":"wp","href":"https:\/\/api.w.org\/{rel}","templated":true}]}}