{"id":10204,"date":"2022-02-23T16:24:28","date_gmt":"2022-02-23T14:24:28","guid":{"rendered":"https:\/\/dicd.tuiasi.ro\/?page_id=10204"},"modified":"2022-02-28T14:31:52","modified_gmt":"2022-02-28T12:31:52","slug":"emerald-insight","status":"publish","type":"page","link":"https:\/\/dicd.tuiasi.ro\/en\/emerald-insight\/","title":{"rendered":"Emerald Insight"},"content":{"rendered":"<p>Universitatea Tehnic\u0103 \u201eGheorghe Asachi\u201d din Ia\u0219i pune la dispozi\u021bie acces la platforma <strong>Emerald Insight<\/strong> pe baza contului institu\u0163ional sau automat \u00een cazul \u00een care sunte\u0163i conecta\u0163i la re\u0163eaua campusului studen\u0163esc sau didactic.<\/p>\n\n\n<div class=\"wp-block-ub-content-toggle\" id=\"ub-content-toggle-b1dbc501-4104-440e-9563-b670bcbc4e3c\">\n<div id=\"\" class=\"wp-block-ub-content-toggle-accordion\">\n                <div class=\"wp-block-ub-content-toggle-accordion-title-wrap\" aria-expanded=\"false\" aria-controls=\"ub-content-toggle-panel-0-b1dbc501-4104-440e-9563-b670bcbc4e3c\" tabindex=\"0\">\n                    <p class=\"wp-block-ub-content-toggle-accordion-title ub-content-toggle-title-b1dbc501-4104-440e-9563-b670bcbc4e3c\">Accesare via adres\u0103 IP<\/p><div class=\"wp-block-ub-content-toggle-accordion-toggle-wrap right\"><span class=\"wp-block-ub-content-toggle-accordion-state-indicator wp-block-ub-chevron-down\"><\/span>\n                    <\/div><\/div><div role=\"region\" class=\"wp-block-ub-content-toggle-accordion-content-wrap ub-hide\" id=\"ub-content-toggle-panel-0-b1dbc501-4104-440e-9563-b670bcbc4e3c\">\n\n<p>Acces\u0103m <a href=\"https:\/\/www.emerald.com\/insight\/\" data-type=\"URL\" data-id=\"https:\/\/www.emerald.com\/insight\/\"><strong>Emerald Insight<\/strong><\/a> \u015fi, dac\u0103 autentificarea a fost realizat\u0103 cu succes, putem observa mesajul din Fig. 1.<\/p>\n\n\n\n<p>\u00cen caz contrar, urma\u0163i instruc\u0163iunile pentru accesarea prin intermediul contului institu\u0163ional.<\/p>\n\n\n\n<figure class=\"wp-block-gallery columns-1 is-cropped\"><ul class=\"blocks-gallery-grid\"><li class=\"blocks-gallery-item\"><figure><img loading=\"lazy\" width=\"1024\" height=\"277\" src=\"https:\/\/dicd.tuiasi.ro\/wp-content\/uploads\/2022\/02\/Emerald-Insight-ip-access-1024x277.png\" alt=\"\" data-id=\"10579\" data-full-url=\"https:\/\/dicd.tuiasi.ro\/wp-content\/uploads\/2022\/02\/Emerald-Insight-ip-access.png\" data-link=\"https:\/\/dicd.tuiasi.ro\/emerald-insight\/emerald-insight-ip-access\/\" class=\"wp-image-10579\" srcset=\"https:\/\/dicd.tuiasi.ro\/wp-content\/uploads\/2022\/02\/Emerald-Insight-ip-access-1024x277.png 1024w, https:\/\/dicd.tuiasi.ro\/wp-content\/uploads\/2022\/02\/Emerald-Insight-ip-access-300x81.png 300w, https:\/\/dicd.tuiasi.ro\/wp-content\/uploads\/2022\/02\/Emerald-Insight-ip-access-768x208.png 768w, https:\/\/dicd.tuiasi.ro\/wp-content\/uploads\/2022\/02\/Emerald-Insight-ip-access-1536x416.png 1536w, https:\/\/dicd.tuiasi.ro\/wp-content\/uploads\/2022\/02\/Emerald-Insight-ip-access-18x5.png 18w, https:\/\/dicd.tuiasi.ro\/wp-content\/uploads\/2022\/02\/Emerald-Insight-ip-access-1568x425.png 1568w, https:\/\/dicd.tuiasi.ro\/wp-content\/uploads\/2022\/02\/Emerald-Insight-ip-access.png 1827w\" sizes=\"(max-width: 1024px) 100vw, 1024px\" \/><figcaption class=\"blocks-gallery-item__caption\">Fig. 1<\/figcaption><\/figure><\/li><\/ul><\/figure>\n\n<\/div><\/div>\n<\/div>\n\n<div class=\"wp-block-ub-content-toggle\" id=\"ub-content-toggle-00e0b8fa-5656-4b28-bd04-00b111c25ee2\">\n<div id=\"\" class=\"wp-block-ub-content-toggle-accordion\">\n                <div class=\"wp-block-ub-content-toggle-accordion-title-wrap\" aria-expanded=\"false\" aria-controls=\"ub-content-toggle-panel-0-00e0b8fa-5656-4b28-bd04-00b111c25ee2\" tabindex=\"0\">\n                    <p class=\"wp-block-ub-content-toggle-accordion-title ub-content-toggle-title-00e0b8fa-5656-4b28-bd04-00b111c25ee2\">Accesare via cont institu\u0163ional<\/p><div class=\"wp-block-ub-content-toggle-accordion-toggle-wrap right\"><span class=\"wp-block-ub-content-toggle-accordion-state-indicator wp-block-ub-chevron-down\"><\/span>\n                    <\/div><\/div><div role=\"region\" class=\"wp-block-ub-content-toggle-accordion-content-wrap ub-hide\" id=\"ub-content-toggle-panel-0-00e0b8fa-5656-4b28-bd04-00b111c25ee2\">\n\n<p><strong>Step 1:<\/strong> Vom accesa pagina <a href=\"https:\/\/www.emerald.com\/insight\/\" data-type=\"URL\" data-id=\"https:\/\/www.emerald.com\/insight\/\"><strong>Emerald Insight<\/strong><\/a> \u015fi vom ap\u0103sa pe butonul \u201e<strong>Login<\/strong>\u201d (Fig. 2).<\/p>\n\n\n\n<p><strong>Step 2:<\/strong> Vom alege op\u0163iunea  <strong>\u201eAccess through your institution\u201d<\/strong> (Fig. 3).<\/p>\n\n\n\n<p><strong>Step 3:<\/strong> Vom c\u0103uta \u015fi selecta <strong>Universitatea Tehnica Gheorghe Asachi din Iasi<\/strong> (Fig. 4).<\/p>\n\n\n\n<p><strong>Step 4: <\/strong>Vom fi redirec\u021biona\u021bi c\u0103tre pagina de administrare a contului institu\u021bional unde va trebui s\u0103 ne autentific\u0103m (Fig. 5).<\/p>\n\n\n\n<figure class=\"wp-block-gallery columns-3 is-cropped\"><ul class=\"blocks-gallery-grid\"><li class=\"blocks-gallery-item\"><figure><img loading=\"lazy\" width=\"1024\" height=\"264\" src=\"https:\/\/dicd.tuiasi.ro\/wp-content\/uploads\/2022\/02\/Emerald-Insight-pas1-1024x264.png\" alt=\"\" data-id=\"10582\" data-full-url=\"https:\/\/dicd.tuiasi.ro\/wp-content\/uploads\/2022\/02\/Emerald-Insight-pas1.png\" data-link=\"https:\/\/dicd.tuiasi.ro\/emerald-insight\/emerald-insight-pas1\/\" class=\"wp-image-10582\" srcset=\"https:\/\/dicd.tuiasi.ro\/wp-content\/uploads\/2022\/02\/Emerald-Insight-pas1-1024x264.png 1024w, https:\/\/dicd.tuiasi.ro\/wp-content\/uploads\/2022\/02\/Emerald-Insight-pas1-300x77.png 300w, https:\/\/dicd.tuiasi.ro\/wp-content\/uploads\/2022\/02\/Emerald-Insight-pas1-768x198.png 768w, https:\/\/dicd.tuiasi.ro\/wp-content\/uploads\/2022\/02\/Emerald-Insight-pas1-1536x396.png 1536w, https:\/\/dicd.tuiasi.ro\/wp-content\/uploads\/2022\/02\/Emerald-Insight-pas1-18x5.png 18w, https:\/\/dicd.tuiasi.ro\/wp-content\/uploads\/2022\/02\/Emerald-Insight-pas1-1568x404.png 1568w, https:\/\/dicd.tuiasi.ro\/wp-content\/uploads\/2022\/02\/Emerald-Insight-pas1.png 1824w\" sizes=\"(max-width: 1024px) 100vw, 1024px\" \/><figcaption class=\"blocks-gallery-item__caption\">Fig. 2<\/figcaption><\/figure><\/li><li class=\"blocks-gallery-item\"><figure><img loading=\"lazy\" width=\"1024\" height=\"276\" src=\"https:\/\/dicd.tuiasi.ro\/wp-content\/uploads\/2022\/02\/Emerald-Insight-pas2-1024x276.png\" alt=\"\" data-id=\"10585\" data-full-url=\"https:\/\/dicd.tuiasi.ro\/wp-content\/uploads\/2022\/02\/Emerald-Insight-pas2.png\" data-link=\"https:\/\/dicd.tuiasi.ro\/emerald-insight\/emerald-insight-pas2\/\" class=\"wp-image-10585\" srcset=\"https:\/\/dicd.tuiasi.ro\/wp-content\/uploads\/2022\/02\/Emerald-Insight-pas2-1024x276.png 1024w, https:\/\/dicd.tuiasi.ro\/wp-content\/uploads\/2022\/02\/Emerald-Insight-pas2-300x81.png 300w, https:\/\/dicd.tuiasi.ro\/wp-content\/uploads\/2022\/02\/Emerald-Insight-pas2-768x207.png 768w, https:\/\/dicd.tuiasi.ro\/wp-content\/uploads\/2022\/02\/Emerald-Insight-pas2-1536x414.png 1536w, https:\/\/dicd.tuiasi.ro\/wp-content\/uploads\/2022\/02\/Emerald-Insight-pas2-18x5.png 18w, https:\/\/dicd.tuiasi.ro\/wp-content\/uploads\/2022\/02\/Emerald-Insight-pas2-1568x422.png 1568w, https:\/\/dicd.tuiasi.ro\/wp-content\/uploads\/2022\/02\/Emerald-Insight-pas2.png 1737w\" sizes=\"(max-width: 1024px) 100vw, 1024px\" \/><figcaption class=\"blocks-gallery-item__caption\">Fig. 3<\/figcaption><\/figure><\/li><li class=\"blocks-gallery-item\"><figure><img loading=\"lazy\" width=\"1024\" height=\"378\" src=\"https:\/\/dicd.tuiasi.ro\/wp-content\/uploads\/2022\/02\/Emerald-Insight-pas3-1024x378.png\" alt=\"\" data-id=\"10588\" data-full-url=\"https:\/\/dicd.tuiasi.ro\/wp-content\/uploads\/2022\/02\/Emerald-Insight-pas3.png\" data-link=\"https:\/\/dicd.tuiasi.ro\/emerald-insight\/emerald-insight-pas3\/\" class=\"wp-image-10588\" srcset=\"https:\/\/dicd.tuiasi.ro\/wp-content\/uploads\/2022\/02\/Emerald-Insight-pas3-1024x378.png 1024w, https:\/\/dicd.tuiasi.ro\/wp-content\/uploads\/2022\/02\/Emerald-Insight-pas3-300x111.png 300w, https:\/\/dicd.tuiasi.ro\/wp-content\/uploads\/2022\/02\/Emerald-Insight-pas3-768x283.png 768w, https:\/\/dicd.tuiasi.ro\/wp-content\/uploads\/2022\/02\/Emerald-Insight-pas3-18x7.png 18w, https:\/\/dicd.tuiasi.ro\/wp-content\/uploads\/2022\/02\/Emerald-Insight-pas3.png 1470w\" sizes=\"(max-width: 1024px) 100vw, 1024px\" \/><figcaption class=\"blocks-gallery-item__caption\">Fig. 4<\/figcaption><\/figure><\/li><li class=\"blocks-gallery-item\"><figure><img loading=\"lazy\" width=\"1024\" height=\"760\" src=\"https:\/\/dicd.tuiasi.ro\/wp-content\/uploads\/2022\/02\/Emerald-Insight-pas4-1024x760.png\" alt=\"\" data-id=\"10591\" data-full-url=\"https:\/\/dicd.tuiasi.ro\/wp-content\/uploads\/2022\/02\/Emerald-Insight-pas4.png\" data-link=\"https:\/\/dicd.tuiasi.ro\/emerald-insight\/emerald-insight-pas4\/\" class=\"wp-image-10591\" srcset=\"https:\/\/dicd.tuiasi.ro\/wp-content\/uploads\/2022\/02\/Emerald-Insight-pas4-1024x760.png 1024w, https:\/\/dicd.tuiasi.ro\/wp-content\/uploads\/2022\/02\/Emerald-Insight-pas4-300x223.png 300w, https:\/\/dicd.tuiasi.ro\/wp-content\/uploads\/2022\/02\/Emerald-Insight-pas4-768x570.png 768w, https:\/\/dicd.tuiasi.ro\/wp-content\/uploads\/2022\/02\/Emerald-Insight-pas4-16x12.png 16w, https:\/\/dicd.tuiasi.ro\/wp-content\/uploads\/2022\/02\/Emerald-Insight-pas4.png 1089w\" sizes=\"(max-width: 1024px) 100vw, 1024px\" \/><figcaption class=\"blocks-gallery-item__caption\">Fig. 5<\/figcaption><\/figure><\/li><li class=\"blocks-gallery-item\"><figure><img loading=\"lazy\" width=\"1024\" height=\"248\" src=\"https:\/\/dicd.tuiasi.ro\/wp-content\/uploads\/2022\/02\/Emerald-Insight-pas5-1024x248.png\" alt=\"\" data-id=\"10594\" data-full-url=\"https:\/\/dicd.tuiasi.ro\/wp-content\/uploads\/2022\/02\/Emerald-Insight-pas5.png\" data-link=\"https:\/\/dicd.tuiasi.ro\/emerald-insight\/emerald-insight-pas5\/\" class=\"wp-image-10594\" srcset=\"https:\/\/dicd.tuiasi.ro\/wp-content\/uploads\/2022\/02\/Emerald-Insight-pas5-1024x248.png 1024w, https:\/\/dicd.tuiasi.ro\/wp-content\/uploads\/2022\/02\/Emerald-Insight-pas5-300x73.png 300w, https:\/\/dicd.tuiasi.ro\/wp-content\/uploads\/2022\/02\/Emerald-Insight-pas5-768x186.png 768w, https:\/\/dicd.tuiasi.ro\/wp-content\/uploads\/2022\/02\/Emerald-Insight-pas5-1536x372.png 1536w, https:\/\/dicd.tuiasi.ro\/wp-content\/uploads\/2022\/02\/Emerald-Insight-pas5-18x4.png 18w, https:\/\/dicd.tuiasi.ro\/wp-content\/uploads\/2022\/02\/Emerald-Insight-pas5-1568x379.png 1568w, https:\/\/dicd.tuiasi.ro\/wp-content\/uploads\/2022\/02\/Emerald-Insight-pas5.png 1823w\" sizes=\"(max-width: 1024px) 100vw, 1024px\" \/><figcaption class=\"blocks-gallery-item__caption\">Fig. 6<\/figcaption><\/figure><\/li><\/ul><\/figure>\n\n<\/div><\/div>\n<\/div>","protected":false},"excerpt":{"rendered":"<p>Universitatea Tehnic\u0103 \u201eGheorghe Asachi\u201d din Ia\u0219i pune la dispozi\u021bie acces la platforma Emerald Insight pe baza contului institu\u0163ional sau automat \u00een cazul \u00een care sunte\u0163i conecta\u0163i la re\u0163eaua campusului studen\u0163esc sau didactic.<\/p>","protected":false},"author":37,"featured_media":0,"parent":0,"menu_order":0,"comment_status":"closed","ping_status":"closed","template":"","meta":{"advgb_blocks_editor_width":"","advgb_blocks_columns_visual_guide":"","ub_ctt_via":""},"featured_image_urls":{"full":"","thumbnail":"","medium":"","medium_large":"","large":"","1536x1536":"","2048x2048":"","trp-custom-language-flag":"","post-thumbnail":""},"post_excerpt_stackable":"<p>Universitatea Tehnic\u0103 \u201eGheorghe Asachi\u201d din Ia\u0219i pune la dispozi\u021bie acces la platforma Emerald Insight pe baza contului institu\u0163ional sau automat \u00een cazul \u00een care sunte\u0163i conecta\u0163i la re\u0163eaua campusului studen\u0163esc sau didactic. Accesare via adres\u0103 IP Acces\u0103m Emerald Insight \u015fi, dac\u0103 autentificarea a fost realizat\u0103 cu succes, putem observa mesajul din Fig. 1. \u00cen caz contrar, urma\u0163i instruc\u0163iunile pentru accesarea prin intermediul contului institu\u0163ional. Fig. 1 Accesare via cont institu\u0163ional Pasul 1: Vom accesa pagina Emerald Insight \u015fi vom ap\u0103sa pe butonul \u201eLogin\u201d (Fig. 2). Pasul 2: Vom alege op\u0163iunea \u201eAccess through your institution\u201d (Fig. 3). Pasul 3: Vom c\u0103uta&hellip;<\/p>\n","category_list":"","author_info":{"name":"Bianca Elena Duduman","url":"https:\/\/dicd.tuiasi.ro\/en\/author\/bianca\/"},"comments_num":"0 comments","featured_image_src":null,"coauthors":[],"author_meta":{"author_link":"https:\/\/dicd.tuiasi.ro\/en\/author\/bianca\/","display_name":"Bianca Elena Duduman"},"relative_dates":{"created":"Posted 4 years ago","modified":"Updated 4 years ago"},"absolute_dates":{"created":"Posted on 23 February 2022","modified":"Updated on 28 February 2022"},"absolute_dates_time":{"created":"Posted on 23 February 2022 16:24","modified":"Updated on 28 February 2022 14:31"},"featured_img_caption":"","_links":{"self":[{"href":"https:\/\/dicd.tuiasi.ro\/en\/wp-json\/wp\/v2\/pages\/10204"}],"collection":[{"href":"https:\/\/dicd.tuiasi.ro\/en\/wp-json\/wp\/v2\/pages"}],"about":[{"href":"https:\/\/dicd.tuiasi.ro\/en\/wp-json\/wp\/v2\/types\/page"}],"author":[{"embeddable":true,"href":"https:\/\/dicd.tuiasi.ro\/en\/wp-json\/wp\/v2\/users\/37"}],"replies":[{"embeddable":true,"href":"https:\/\/dicd.tuiasi.ro\/en\/wp-json\/wp\/v2\/comments?post=10204"}],"version-history":[{"count":3,"href":"https:\/\/dicd.tuiasi.ro\/en\/wp-json\/wp\/v2\/pages\/10204\/revisions"}],"predecessor-version":[{"id":11148,"href":"https:\/\/dicd.tuiasi.ro\/en\/wp-json\/wp\/v2\/pages\/10204\/revisions\/11148"}],"wp:attachment":[{"href":"https:\/\/dicd.tuiasi.ro\/en\/wp-json\/wp\/v2\/media?parent=10204"}],"curies":[{"name":"wp","href":"https:\/\/api.w.org\/{rel}","templated":true}]}}