{"id":10216,"date":"2022-02-23T16:31:17","date_gmt":"2022-02-23T14:31:17","guid":{"rendered":"https:\/\/dicd.tuiasi.ro\/?page_id=10216"},"modified":"2022-02-28T14:34:20","modified_gmt":"2022-02-28T12:34:20","slug":"springerlink-journals","status":"publish","type":"page","link":"https:\/\/dicd.tuiasi.ro\/en\/springerlink-journals\/","title":{"rendered":"Springerlink Journals"},"content":{"rendered":"<p>Universitatea Tehnic\u0103 \u201eGheorghe Asachi\u201d din Ia\u0219i pune la dispozi\u021bie acces la platforma <strong>Springerlink Journals<\/strong> pe baza contului institu\u0163ional sau automat \u00een cazul \u00een care sunte\u0163i conecta\u0163i la re\u0163eaua campusului studen\u0163esc sau didactic.<\/p>\n\n\n<div class=\"wp-block-ub-content-toggle\" id=\"ub-content-toggle-f170c996-9e45-4201-b35d-c092f6e1f78c\">\n<div id=\"\" class=\"wp-block-ub-content-toggle-accordion\">\n                <div class=\"wp-block-ub-content-toggle-accordion-title-wrap\" aria-expanded=\"false\" aria-controls=\"ub-content-toggle-panel-0-f170c996-9e45-4201-b35d-c092f6e1f78c\" tabindex=\"0\">\n                    <p class=\"wp-block-ub-content-toggle-accordion-title ub-content-toggle-title-f170c996-9e45-4201-b35d-c092f6e1f78c\">Accesare via adres\u0103 IP<\/p><div class=\"wp-block-ub-content-toggle-accordion-toggle-wrap right\"><span class=\"wp-block-ub-content-toggle-accordion-state-indicator wp-block-ub-chevron-down\"><\/span>\n                    <\/div><\/div><div role=\"region\" class=\"wp-block-ub-content-toggle-accordion-content-wrap ub-hide\" id=\"ub-content-toggle-panel-0-f170c996-9e45-4201-b35d-c092f6e1f78c\">\n\n<p>Acces\u0103m <a href=\"http:\/\/link.springer.com\/\" data-type=\"URL\" data-id=\"http:\/\/link.springer.com\/\"><strong>Springerlink Journals<\/strong><\/a> \u015fi, dac\u0103 autentificarea a fost realizat\u0103 cu succes, putem observa \u00een subsolul paginii mesajul din Fig. 1.<\/p>\n\n\n\n<p>\u00cen caz contrar, urma\u0163i instruc\u0163iunile pentru accesarea prin intermediul contului institu\u0163ional.<\/p>\n\n\n\n<figure class=\"wp-block-gallery columns-1 is-cropped\"><ul class=\"blocks-gallery-grid\"><li class=\"blocks-gallery-item\"><figure><img loading=\"lazy\" width=\"590\" height=\"74\" src=\"https:\/\/dicd.tuiasi.ro\/wp-content\/uploads\/2022\/02\/Springerlink-IP-access.png\" alt=\"\" data-id=\"10615\" data-full-url=\"https:\/\/dicd.tuiasi.ro\/wp-content\/uploads\/2022\/02\/Springerlink-IP-access.png\" data-link=\"https:\/\/dicd.tuiasi.ro\/springerlink-journals\/springerlink-ip-access\/\" class=\"wp-image-10615\" srcset=\"https:\/\/dicd.tuiasi.ro\/wp-content\/uploads\/2022\/02\/Springerlink-IP-access.png 590w, https:\/\/dicd.tuiasi.ro\/wp-content\/uploads\/2022\/02\/Springerlink-IP-access-300x38.png 300w, https:\/\/dicd.tuiasi.ro\/wp-content\/uploads\/2022\/02\/Springerlink-IP-access-18x2.png 18w\" sizes=\"(max-width: 590px) 100vw, 590px\" \/><figcaption class=\"blocks-gallery-item__caption\">Fig. 1<\/figcaption><\/figure><\/li><\/ul><\/figure>\n\n<\/div><\/div>\n<\/div>\n\n<div class=\"wp-block-ub-content-toggle\" id=\"ub-content-toggle-10fa0098-09ef-4df9-8a83-689d9db2f0f0\">\n<div id=\"\" class=\"wp-block-ub-content-toggle-accordion\">\n                <div class=\"wp-block-ub-content-toggle-accordion-title-wrap\" aria-expanded=\"false\" aria-controls=\"ub-content-toggle-panel-0-10fa0098-09ef-4df9-8a83-689d9db2f0f0\" tabindex=\"0\">\n                    <p class=\"wp-block-ub-content-toggle-accordion-title ub-content-toggle-title-10fa0098-09ef-4df9-8a83-689d9db2f0f0\">Accesare via cont institu\u0163ional<\/p><div class=\"wp-block-ub-content-toggle-accordion-toggle-wrap right\"><span class=\"wp-block-ub-content-toggle-accordion-state-indicator wp-block-ub-chevron-down\"><\/span>\n                    <\/div><\/div><div role=\"region\" class=\"wp-block-ub-content-toggle-accordion-content-wrap ub-hide\" id=\"ub-content-toggle-panel-0-10fa0098-09ef-4df9-8a83-689d9db2f0f0\">\n\n<p><strong>Step 1:<\/strong> Vom accesa pagina <a href=\"http:\/\/link.springer.com\/\" data-type=\"URL\" data-id=\"http:\/\/link.springer.com\/\"><strong>Springerlink Journals<\/strong><\/a> \u015fi vom ap\u0103sa pe butonul \u201e<strong>Sign up \/ Log in<\/strong>\u201d (Fig. 2).<\/p>\n\n\n\n<p><strong>Step 2:<\/strong> Vom alege op\u0163iunea  <strong>\u201eAccess via your institution\u201d<\/strong> (Fig. 3).<\/p>\n\n\n\n<p><strong>Step 3:<\/strong> Vom c\u0103uta \u015fi selecta <strong>Gheorghe Asachi Technical University of Ia\u015fi &#8211; TUIASI<\/strong> (Fig. 4).<\/p>\n\n\n\n<p><strong>Step 4: <\/strong>Vom fi redirec\u021biona\u021bi c\u0103tre pagina de administrare a contului institu\u021bional unde va trebui s\u0103 ne autentific\u0103m (Fig. 5).<\/p>\n\n\n\n<figure class=\"wp-block-gallery columns-3 is-cropped\"><ul class=\"blocks-gallery-grid\"><li class=\"blocks-gallery-item\"><figure><img loading=\"lazy\" width=\"983\" height=\"338\" src=\"https:\/\/dicd.tuiasi.ro\/wp-content\/uploads\/2022\/02\/Springerlink-pas1.png\" alt=\"\" data-id=\"10618\" data-full-url=\"https:\/\/dicd.tuiasi.ro\/wp-content\/uploads\/2022\/02\/Springerlink-pas1.png\" data-link=\"https:\/\/dicd.tuiasi.ro\/springerlink-journals\/springerlink-pas1\/\" class=\"wp-image-10618\" srcset=\"https:\/\/dicd.tuiasi.ro\/wp-content\/uploads\/2022\/02\/Springerlink-pas1.png 983w, https:\/\/dicd.tuiasi.ro\/wp-content\/uploads\/2022\/02\/Springerlink-pas1-300x103.png 300w, https:\/\/dicd.tuiasi.ro\/wp-content\/uploads\/2022\/02\/Springerlink-pas1-768x264.png 768w, https:\/\/dicd.tuiasi.ro\/wp-content\/uploads\/2022\/02\/Springerlink-pas1-18x6.png 18w\" sizes=\"(max-width: 983px) 100vw, 983px\" \/><figcaption class=\"blocks-gallery-item__caption\">Fig. 2<\/figcaption><\/figure><\/li><li class=\"blocks-gallery-item\"><figure><img loading=\"lazy\" width=\"981\" height=\"438\" src=\"https:\/\/dicd.tuiasi.ro\/wp-content\/uploads\/2022\/02\/Springerlink-pas2.png\" alt=\"\" data-id=\"10621\" data-full-url=\"https:\/\/dicd.tuiasi.ro\/wp-content\/uploads\/2022\/02\/Springerlink-pas2.png\" data-link=\"https:\/\/dicd.tuiasi.ro\/springerlink-journals\/springerlink-pas2\/\" class=\"wp-image-10621\" srcset=\"https:\/\/dicd.tuiasi.ro\/wp-content\/uploads\/2022\/02\/Springerlink-pas2.png 981w, https:\/\/dicd.tuiasi.ro\/wp-content\/uploads\/2022\/02\/Springerlink-pas2-300x134.png 300w, https:\/\/dicd.tuiasi.ro\/wp-content\/uploads\/2022\/02\/Springerlink-pas2-768x343.png 768w, https:\/\/dicd.tuiasi.ro\/wp-content\/uploads\/2022\/02\/Springerlink-pas2-18x8.png 18w\" sizes=\"(max-width: 981px) 100vw, 981px\" \/><figcaption class=\"blocks-gallery-item__caption\">Fig. 3<\/figcaption><\/figure><\/li><li class=\"blocks-gallery-item\"><figure><img loading=\"lazy\" width=\"649\" height=\"756\" src=\"https:\/\/dicd.tuiasi.ro\/wp-content\/uploads\/2022\/02\/Springerlink-pas3.png\" alt=\"\" data-id=\"10624\" data-full-url=\"https:\/\/dicd.tuiasi.ro\/wp-content\/uploads\/2022\/02\/Springerlink-pas3.png\" data-link=\"https:\/\/dicd.tuiasi.ro\/springerlink-journals\/springerlink-pas3\/\" class=\"wp-image-10624\" srcset=\"https:\/\/dicd.tuiasi.ro\/wp-content\/uploads\/2022\/02\/Springerlink-pas3.png 649w, https:\/\/dicd.tuiasi.ro\/wp-content\/uploads\/2022\/02\/Springerlink-pas3-258x300.png 258w, https:\/\/dicd.tuiasi.ro\/wp-content\/uploads\/2022\/02\/Springerlink-pas3-10x12.png 10w\" sizes=\"(max-width: 649px) 100vw, 649px\" \/><figcaption class=\"blocks-gallery-item__caption\">Fig. 4<\/figcaption><\/figure><\/li><li class=\"blocks-gallery-item\"><figure><img loading=\"lazy\" width=\"979\" height=\"796\" src=\"https:\/\/dicd.tuiasi.ro\/wp-content\/uploads\/2022\/02\/Springerlink-pas4.png\" alt=\"\" data-id=\"10627\" data-full-url=\"https:\/\/dicd.tuiasi.ro\/wp-content\/uploads\/2022\/02\/Springerlink-pas4.png\" data-link=\"https:\/\/dicd.tuiasi.ro\/springerlink-journals\/springerlink-pas4\/\" class=\"wp-image-10627\" srcset=\"https:\/\/dicd.tuiasi.ro\/wp-content\/uploads\/2022\/02\/Springerlink-pas4.png 979w, https:\/\/dicd.tuiasi.ro\/wp-content\/uploads\/2022\/02\/Springerlink-pas4-300x244.png 300w, https:\/\/dicd.tuiasi.ro\/wp-content\/uploads\/2022\/02\/Springerlink-pas4-768x624.png 768w, https:\/\/dicd.tuiasi.ro\/wp-content\/uploads\/2022\/02\/Springerlink-pas4-15x12.png 15w\" sizes=\"(max-width: 979px) 100vw, 979px\" \/><figcaption class=\"blocks-gallery-item__caption\">Fig. 5<\/figcaption><\/figure><\/li><\/ul><\/figure>\n\n<\/div><\/div>\n<\/div>","protected":false},"excerpt":{"rendered":"<p>Universitatea Tehnic\u0103 \u201eGheorghe Asachi\u201d din Ia\u0219i pune la dispozi\u021bie acces la platforma Springerlink Journals pe baza contului institu\u0163ional sau automat \u00een cazul \u00een care sunte\u0163i conecta\u0163i la re\u0163eaua campusului studen\u0163esc sau didactic.<\/p>","protected":false},"author":37,"featured_media":0,"parent":0,"menu_order":0,"comment_status":"closed","ping_status":"closed","template":"","meta":{"advgb_blocks_editor_width":"","advgb_blocks_columns_visual_guide":"","ub_ctt_via":""},"featured_image_urls":{"full":"","thumbnail":"","medium":"","medium_large":"","large":"","1536x1536":"","2048x2048":"","trp-custom-language-flag":"","post-thumbnail":""},"post_excerpt_stackable":"<p>Universitatea Tehnic\u0103 \u201eGheorghe Asachi\u201d din Ia\u0219i pune la dispozi\u021bie acces la platforma Springerlink Journals pe baza contului institu\u0163ional sau automat \u00een cazul \u00een care sunte\u0163i conecta\u0163i la re\u0163eaua campusului studen\u0163esc sau didactic. Accesare via adres\u0103 IP Acces\u0103m Springerlink Journals \u015fi, dac\u0103 autentificarea a fost realizat\u0103 cu succes, putem observa \u00een subsolul paginii mesajul din Fig. 1. \u00cen caz contrar, urma\u0163i instruc\u0163iunile pentru accesarea prin intermediul contului institu\u0163ional. Fig. 1 Accesare via cont institu\u0163ional Pasul 1: Vom accesa pagina Springerlink Journals \u015fi vom ap\u0103sa pe butonul \u201eSign up \/ Log in\u201d (Fig. 2). Pasul 2: Vom alege op\u0163iunea \u201eAccess via your&hellip;<\/p>\n","category_list":"","author_info":{"name":"Bianca Elena Duduman","url":"https:\/\/dicd.tuiasi.ro\/en\/author\/bianca\/"},"comments_num":"0 comments","featured_image_src":null,"coauthors":[],"author_meta":{"author_link":"https:\/\/dicd.tuiasi.ro\/en\/author\/bianca\/","display_name":"Bianca Elena Duduman"},"relative_dates":{"created":"Posted 4 years ago","modified":"Updated 4 years ago"},"absolute_dates":{"created":"Posted on 23 February 2022","modified":"Updated on 28 February 2022"},"absolute_dates_time":{"created":"Posted on 23 February 2022 16:31","modified":"Updated on 28 February 2022 14:34"},"featured_img_caption":"","_links":{"self":[{"href":"https:\/\/dicd.tuiasi.ro\/en\/wp-json\/wp\/v2\/pages\/10216"}],"collection":[{"href":"https:\/\/dicd.tuiasi.ro\/en\/wp-json\/wp\/v2\/pages"}],"about":[{"href":"https:\/\/dicd.tuiasi.ro\/en\/wp-json\/wp\/v2\/types\/page"}],"author":[{"embeddable":true,"href":"https:\/\/dicd.tuiasi.ro\/en\/wp-json\/wp\/v2\/users\/37"}],"replies":[{"embeddable":true,"href":"https:\/\/dicd.tuiasi.ro\/en\/wp-json\/wp\/v2\/comments?post=10216"}],"version-history":[{"count":2,"href":"https:\/\/dicd.tuiasi.ro\/en\/wp-json\/wp\/v2\/pages\/10216\/revisions"}],"predecessor-version":[{"id":10630,"href":"https:\/\/dicd.tuiasi.ro\/en\/wp-json\/wp\/v2\/pages\/10216\/revisions\/10630"}],"wp:attachment":[{"href":"https:\/\/dicd.tuiasi.ro\/en\/wp-json\/wp\/v2\/media?parent=10216"}],"curies":[{"name":"wp","href":"https:\/\/api.w.org\/{rel}","templated":true}]}}