{"id":10267,"date":"2022-02-25T09:00:00","date_gmt":"2022-02-25T07:00:00","guid":{"rendered":"https:\/\/dicd.tuiasi.ro\/?page_id=10267"},"modified":"2022-04-28T14:47:06","modified_gmt":"2022-04-28T12:47:06","slug":"web-of-science","status":"publish","type":"page","link":"https:\/\/dicd.tuiasi.ro\/en\/web-of-science\/","title":{"rendered":"Web of Science"},"content":{"rendered":"<p>Universitatea Tehnic\u0103 \u201eGheorghe Asachi\u201d din Ia\u0219i pune la dispozi\u021bie acces la platforma oferit\u0103 de Clarivate <strong>Web of Science<\/strong> pe baza contului institu\u0163ional sau automat \u00een cazul \u00een care sunte\u0163i conecta\u0163i la re\u0163eaua campusului studen\u0163esc sau didactic.<\/p>\n\n\n<div class=\"wp-block-ub-content-toggle\" id=\"ub-content-toggle-8b834aec-c902-4868-8c27-67394436fb88\">\n<div id=\"\" class=\"wp-block-ub-content-toggle-accordion\">\n                <div class=\"wp-block-ub-content-toggle-accordion-title-wrap\" aria-expanded=\"false\" aria-controls=\"ub-content-toggle-panel-0-8b834aec-c902-4868-8c27-67394436fb88\" tabindex=\"0\">\n                    <p class=\"wp-block-ub-content-toggle-accordion-title ub-content-toggle-title-8b834aec-c902-4868-8c27-67394436fb88\">Accesare prin adres\u0103 IP<\/p><div class=\"wp-block-ub-content-toggle-accordion-toggle-wrap right\"><span class=\"wp-block-ub-content-toggle-accordion-state-indicator wp-block-ub-chevron-down\"><\/span>\n                    <\/div><\/div><div role=\"region\" class=\"wp-block-ub-content-toggle-accordion-content-wrap ub-hide\" id=\"ub-content-toggle-panel-0-8b834aec-c902-4868-8c27-67394436fb88\">\n\n<p>Acces\u0103m <a href=\"http:\/\/webofscience.com\/\" data-type=\"URL\" data-id=\"webofscience.com\/\"><strong>Web of Science<\/strong><\/a> \u015fi, dac\u0103 autentificarea a fost realizat\u0103 cu succes, vom fi \u00eent\u00e2mpina\u0163i de pagina principal\u0103 a website-ului (Fig. 1).<\/p>\n\n\n\n<p>\u00cen cazul \u00een care se cere autentificarea, urma\u0163i instruc\u0163iunile pentru accesarea prin intermediul contului institu\u0163ional.<\/p>\n\n\n\n<figure class=\"wp-block-gallery columns-1 is-cropped\"><ul class=\"blocks-gallery-grid\"><li class=\"blocks-gallery-item\"><figure><img loading=\"lazy\" width=\"1024\" height=\"312\" src=\"https:\/\/dicd.tuiasi.ro\/wp-content\/uploads\/2022\/02\/web-of-science-pas1-1024x312.png\" alt=\"\" data-id=\"10270\" data-full-url=\"https:\/\/dicd.tuiasi.ro\/wp-content\/uploads\/2022\/02\/web-of-science-pas1.png\" data-link=\"https:\/\/dicd.tuiasi.ro\/?attachment_id=10270\" class=\"wp-image-10270\" srcset=\"https:\/\/dicd.tuiasi.ro\/wp-content\/uploads\/2022\/02\/web-of-science-pas1-1024x312.png 1024w, https:\/\/dicd.tuiasi.ro\/wp-content\/uploads\/2022\/02\/web-of-science-pas1-300x91.png 300w, https:\/\/dicd.tuiasi.ro\/wp-content\/uploads\/2022\/02\/web-of-science-pas1-768x234.png 768w, https:\/\/dicd.tuiasi.ro\/wp-content\/uploads\/2022\/02\/web-of-science-pas1-18x5.png 18w, https:\/\/dicd.tuiasi.ro\/wp-content\/uploads\/2022\/02\/web-of-science-pas1.png 1457w\" sizes=\"(max-width: 1024px) 100vw, 1024px\" \/><figcaption class=\"blocks-gallery-item__caption\">Fig. 1<\/figcaption><\/figure><\/li><\/ul><\/figure>\n\n<\/div><\/div>\n<\/div>\n\n<div class=\"wp-block-ub-content-toggle\" id=\"ub-content-toggle-0244d193-f626-4a13-b893-1f16f455b5d9\">\n<div id=\"\" class=\"wp-block-ub-content-toggle-accordion\">\n                <div class=\"wp-block-ub-content-toggle-accordion-title-wrap\" aria-expanded=\"false\" aria-controls=\"ub-content-toggle-panel-0-0244d193-f626-4a13-b893-1f16f455b5d9\" tabindex=\"0\">\n                    <p class=\"wp-block-ub-content-toggle-accordion-title ub-content-toggle-title-0244d193-f626-4a13-b893-1f16f455b5d9\">Accesare prin cont institu\u0163ional<\/p><div class=\"wp-block-ub-content-toggle-accordion-toggle-wrap right\"><span class=\"wp-block-ub-content-toggle-accordion-state-indicator wp-block-ub-chevron-down\"><\/span>\n                    <\/div><\/div><div role=\"region\" class=\"wp-block-ub-content-toggle-accordion-content-wrap ub-hide\" id=\"ub-content-toggle-panel-0-0244d193-f626-4a13-b893-1f16f455b5d9\">\n\n<p><strong>Step 1:<\/strong> Vom accesa pagina <a href=\"https:\/\/access.clarivate.com\/login?app=wos&amp;alternative=true&amp;shibShireURL=https:%2F%2Fwww.webofknowledge.com%2F%3Fauth%3DShibboleth&amp;shibReturnURL=https:%2F%2Fwww.webofknowledge.com%2F&amp;roaming=true\" data-type=\"URL\"><strong>Web of Science<\/strong><\/a> \u015fi vom alege op\u0163iunea \u201e<strong>Incommon Federation<\/strong>\u201d (Fig. 2).<\/p>\n\n\n\n<p><strong>Step 2:<\/strong> Vom c\u0103uta \u015fi selecta <strong>Gheorghe Asachi Technical University of Ia\u015fi &#8211; TUIASI<\/strong> (Fig. 3).<\/p>\n\n\n\n<p><strong>Step 3: <\/strong>Vom fi redirec\u021biona\u021bi c\u0103tre pagina de administrare a contului institu\u021bional unde va trebui s\u0103 ne autentific\u0103m (Fig. 4).<\/p>\n\n\n\n<figure class=\"wp-block-gallery columns-3 is-cropped\"><ul class=\"blocks-gallery-grid\"><li class=\"blocks-gallery-item\"><figure><img loading=\"lazy\" width=\"1024\" height=\"443\" src=\"https:\/\/dicd.tuiasi.ro\/wp-content\/uploads\/2022\/02\/webofwcience-pas1.PNG-1024x443.png\" alt=\"\" data-id=\"10330\" data-link=\"https:\/\/dicd.tuiasi.ro\/?attachment_id=10330\" class=\"wp-image-10330\" srcset=\"https:\/\/dicd.tuiasi.ro\/wp-content\/uploads\/2022\/02\/webofwcience-pas1.PNG-1024x443.png 1024w, https:\/\/dicd.tuiasi.ro\/wp-content\/uploads\/2022\/02\/webofwcience-pas1.PNG-300x130.png 300w, https:\/\/dicd.tuiasi.ro\/wp-content\/uploads\/2022\/02\/webofwcience-pas1.PNG-768x332.png 768w, https:\/\/dicd.tuiasi.ro\/wp-content\/uploads\/2022\/02\/webofwcience-pas1.PNG-18x8.png 18w, https:\/\/dicd.tuiasi.ro\/wp-content\/uploads\/2022\/02\/webofwcience-pas1.PNG.png 1492w\" sizes=\"(max-width: 1024px) 100vw, 1024px\" \/><figcaption class=\"blocks-gallery-item__caption\">Fig. 2<\/figcaption><\/figure><\/li><li class=\"blocks-gallery-item\"><figure><img loading=\"lazy\" width=\"1024\" height=\"424\" src=\"https:\/\/dicd.tuiasi.ro\/wp-content\/uploads\/2022\/02\/WEBOFSCIENCE-PAS2.PNG-1024x424.png\" alt=\"\" data-id=\"10333\" data-full-url=\"https:\/\/dicd.tuiasi.ro\/wp-content\/uploads\/2022\/02\/WEBOFSCIENCE-PAS2.PNG.png\" data-link=\"https:\/\/dicd.tuiasi.ro\/?attachment_id=10333\" class=\"wp-image-10333\" srcset=\"https:\/\/dicd.tuiasi.ro\/wp-content\/uploads\/2022\/02\/WEBOFSCIENCE-PAS2.PNG-1024x424.png 1024w, https:\/\/dicd.tuiasi.ro\/wp-content\/uploads\/2022\/02\/WEBOFSCIENCE-PAS2.PNG-300x124.png 300w, https:\/\/dicd.tuiasi.ro\/wp-content\/uploads\/2022\/02\/WEBOFSCIENCE-PAS2.PNG-768x318.png 768w, https:\/\/dicd.tuiasi.ro\/wp-content\/uploads\/2022\/02\/WEBOFSCIENCE-PAS2.PNG-18x7.png 18w, https:\/\/dicd.tuiasi.ro\/wp-content\/uploads\/2022\/02\/WEBOFSCIENCE-PAS2.PNG.png 1484w\" sizes=\"(max-width: 1024px) 100vw, 1024px\" \/><figcaption class=\"blocks-gallery-item__caption\">Fig. 3<\/figcaption><\/figure><\/li><li class=\"blocks-gallery-item\"><figure><img loading=\"lazy\" width=\"979\" height=\"796\" src=\"https:\/\/dicd.tuiasi.ro\/wp-content\/uploads\/2022\/02\/IEEE-xplore-pas3.png\" alt=\"\" data-id=\"10276\" data-link=\"https:\/\/dicd.tuiasi.ro\/?attachment_id=10276\" class=\"wp-image-10276\" srcset=\"https:\/\/dicd.tuiasi.ro\/wp-content\/uploads\/2022\/02\/IEEE-xplore-pas3.png 979w, https:\/\/dicd.tuiasi.ro\/wp-content\/uploads\/2022\/02\/IEEE-xplore-pas3-300x244.png 300w, https:\/\/dicd.tuiasi.ro\/wp-content\/uploads\/2022\/02\/IEEE-xplore-pas3-768x624.png 768w, https:\/\/dicd.tuiasi.ro\/wp-content\/uploads\/2022\/02\/IEEE-xplore-pas3-15x12.png 15w\" sizes=\"(max-width: 979px) 100vw, 979px\" \/><figcaption class=\"blocks-gallery-item__caption\">Fig. 4<\/figcaption><\/figure><\/li><\/ul><\/figure>\n\n<\/div><\/div>\n<\/div>","protected":false},"excerpt":{"rendered":"<p>Universitatea Tehnic\u0103 \u201eGheorghe Asachi\u201d din Ia\u0219i pune la dispozi\u021bie acces la platforma oferit\u0103 de Clarivate Web of Science pe baza contului institu\u0163ional sau automat \u00een cazul \u00een care sunte\u0163i conecta\u0163i la re\u0163eaua campusului studen\u0163esc sau didactic.<\/p>","protected":false},"author":37,"featured_media":0,"parent":0,"menu_order":0,"comment_status":"closed","ping_status":"closed","template":"","meta":{"advgb_blocks_editor_width":"","advgb_blocks_columns_visual_guide":"","ub_ctt_via":""},"featured_image_urls":{"full":"","thumbnail":"","medium":"","medium_large":"","large":"","1536x1536":"","2048x2048":"","trp-custom-language-flag":"","post-thumbnail":""},"post_excerpt_stackable":"<p>Universitatea Tehnic\u0103 \u201eGheorghe Asachi\u201d din Ia\u0219i pune la dispozi\u021bie acces la platforma oferit\u0103 de Clarivate Web of Science pe baza contului institu\u0163ional sau automat \u00een cazul \u00een care sunte\u0163i conecta\u0163i la re\u0163eaua campusului studen\u0163esc sau didactic. Accesare prin adres\u0103 IP Acces\u0103m Web of Science \u015fi, dac\u0103 autentificarea a fost realizat\u0103 cu succes, vom fi \u00eent\u00e2mpina\u0163i de pagina principal\u0103 a website-ului (Fig. 1). \u00cen cazul \u00een care se cere autentificarea, urma\u0163i instruc\u0163iunile pentru accesarea prin intermediul contului institu\u0163ional. Fig. 1 Accesare prin cont institu\u0163ional Pasul 1: Vom accesa pagina Web of Science \u015fi vom alege op\u0163iunea \u201eIncommon Federation\u201d (Fig. 2). Pasul&hellip;<\/p>\n","category_list":"","author_info":{"name":"Bianca Elena Duduman","url":"https:\/\/dicd.tuiasi.ro\/en\/author\/bianca\/"},"comments_num":"0 comments","featured_image_src":null,"coauthors":[],"author_meta":{"author_link":"https:\/\/dicd.tuiasi.ro\/en\/author\/bianca\/","display_name":"Bianca Elena Duduman"},"relative_dates":{"created":"Posted 4 years ago","modified":"Updated 4 years ago"},"absolute_dates":{"created":"Posted on 25 February 2022","modified":"Updated on 28 April 2022"},"absolute_dates_time":{"created":"Posted on 25 February 2022 09:00","modified":"Updated on 28 April 2022 14:47"},"featured_img_caption":"","_links":{"self":[{"href":"https:\/\/dicd.tuiasi.ro\/en\/wp-json\/wp\/v2\/pages\/10267"}],"collection":[{"href":"https:\/\/dicd.tuiasi.ro\/en\/wp-json\/wp\/v2\/pages"}],"about":[{"href":"https:\/\/dicd.tuiasi.ro\/en\/wp-json\/wp\/v2\/types\/page"}],"author":[{"embeddable":true,"href":"https:\/\/dicd.tuiasi.ro\/en\/wp-json\/wp\/v2\/users\/37"}],"replies":[{"embeddable":true,"href":"https:\/\/dicd.tuiasi.ro\/en\/wp-json\/wp\/v2\/comments?post=10267"}],"version-history":[{"count":4,"href":"https:\/\/dicd.tuiasi.ro\/en\/wp-json\/wp\/v2\/pages\/10267\/revisions"}],"predecessor-version":[{"id":10957,"href":"https:\/\/dicd.tuiasi.ro\/en\/wp-json\/wp\/v2\/pages\/10267\/revisions\/10957"}],"wp:attachment":[{"href":"https:\/\/dicd.tuiasi.ro\/en\/wp-json\/wp\/v2\/media?parent=10267"}],"curies":[{"name":"wp","href":"https:\/\/api.w.org\/{rel}","templated":true}]}}