{"id":10294,"date":"2022-02-25T09:20:13","date_gmt":"2022-02-25T07:20:13","guid":{"rendered":"https:\/\/dicd.tuiasi.ro\/?page_id=10294"},"modified":"2022-02-25T09:20:13","modified_gmt":"2022-02-25T07:20:13","slug":"orcid","status":"publish","type":"page","link":"https:\/\/dicd.tuiasi.ro\/en\/orcid\/","title":{"rendered":"ORCID"},"content":{"rendered":"<p>Universitatea Tehnic\u0103 \u201eGheorghe Asachi\u201d din Ia\u0219i pune la dispozi\u021bie acces la platforma <strong>ORCID<\/strong> pe baza contului institu\u0163ional.<\/p>\n\n\n<div class=\"wp-block-ub-content-toggle\" id=\"ub-content-toggle-7a3f3d37-e32d-42e0-a491-1fbb3826d2ed\">\n<div id=\"\" class=\"wp-block-ub-content-toggle-accordion\">\n                <div class=\"wp-block-ub-content-toggle-accordion-title-wrap\" aria-expanded=\"false\" aria-controls=\"ub-content-toggle-panel-0-7a3f3d37-e32d-42e0-a491-1fbb3826d2ed\" tabindex=\"0\">\n                    <p class=\"wp-block-ub-content-toggle-accordion-title ub-content-toggle-title-7a3f3d37-e32d-42e0-a491-1fbb3826d2ed\">Accesare prin cont institu\u0163ional<\/p><div class=\"wp-block-ub-content-toggle-accordion-toggle-wrap right\"><span class=\"wp-block-ub-content-toggle-accordion-state-indicator wp-block-ub-chevron-down\"><\/span>\n                    <\/div><\/div><div role=\"region\" class=\"wp-block-ub-content-toggle-accordion-content-wrap ub-hide\" id=\"ub-content-toggle-panel-0-7a3f3d37-e32d-42e0-a491-1fbb3826d2ed\">\n\n<p><strong>Step 1:<\/strong> Vom accesa pagina de \u00eenregistrare <a href=\"https:\/\/orcid.org\/register\" data-type=\"URL\" data-id=\"https:\/\/orcid.org\/register\"><strong>ORCID<\/strong><\/a> \u015fi vom completa cu datele personale (Fig. 1).<\/p>\n\n\n\n<p><strong>Step 2:<\/strong> Dac\u0103 suntem \u00eentreba\u0163i de posibilitatea unui alt cont deja existent vom ap\u0103sa butonul <strong>\u201eNone of these are me&#8230;\u201d<\/strong> (Fig. 2).<\/p>\n\n\n\n<p><strong>Step 3:<\/strong> Vom alege o parol\u0103 \u015fi vom ap\u0103sa <strong>\u201eNext\u201d<\/strong> (Fig. 3).<\/p>\n\n\n\n<p><strong>Step 4:<\/strong> Vom alege un nivel de vizibilitate al activit\u0103\u0163ilor personale \u015fi vom accepta termenii \u015fi condi\u0163iile ORCID (Fig. 4).<\/p>\n\n\n\n<p><strong>Step 5:<\/strong> Pe adresa aleas\u0103 anterior vom primi un email de confirmare.<\/p>\n\n\n\n<p><strong>Step 6:<\/strong> Ne vom deconecta din cont \u015fi vom ap\u0103sa pe <strong>\u201eSIGN IN\/REGISTER\u201d<\/strong> (Fig. 5).<\/p>\n\n\n\n<p><strong>Step 7:<\/strong> Vom alege op\u0163iunea  <strong>\u201eAccess through your institution\u201d<\/strong> (Fig. 6).<\/p>\n\n\n\n<p><strong>Step 8:<\/strong> Vom c\u0103uta \u015fi selecta <strong>Gheorghe Asachi Technical University of Iasi &#8211; TUIASI<\/strong> (Fig. 7).<\/p>\n\n\n\n<p><strong>Step 9: <\/strong>Vom fi redirec\u021biona\u021bi c\u0103tre pagina de administrare a contului institu\u021bional unde va trebui s\u0103 ne autentific\u0103m (Fig. 8).<\/p>\n\n\n\n<p><strong>Pas 10:<\/strong> Vom introduce datele de autentificare asociate contului ORCID creat anterior \u015fi vom ap\u0103sa pe butonul <strong>\u201eSign in and link&#8230;\u201d<\/strong> (Fig. 9).<\/p>\n\n\n\n<figure class=\"wp-block-gallery columns-3 is-cropped\"><ul class=\"blocks-gallery-grid\"><li class=\"blocks-gallery-item\"><figure><img loading=\"lazy\" width=\"631\" height=\"923\" src=\"https:\/\/dicd.tuiasi.ro\/wp-content\/uploads\/2022\/02\/orcid-pas6.png\" alt=\"\" data-id=\"10297\" data-link=\"https:\/\/dicd.tuiasi.ro\/?attachment_id=10297\" class=\"wp-image-10297\" srcset=\"https:\/\/dicd.tuiasi.ro\/wp-content\/uploads\/2022\/02\/orcid-pas6.png 631w, https:\/\/dicd.tuiasi.ro\/wp-content\/uploads\/2022\/02\/orcid-pas6-205x300.png 205w, https:\/\/dicd.tuiasi.ro\/wp-content\/uploads\/2022\/02\/orcid-pas6-8x12.png 8w\" sizes=\"(max-width: 631px) 100vw, 631px\" \/><figcaption class=\"blocks-gallery-item__caption\">Fig. 1<\/figcaption><\/figure><\/li><li class=\"blocks-gallery-item\"><figure><img loading=\"lazy\" width=\"1024\" height=\"565\" src=\"https:\/\/dicd.tuiasi.ro\/wp-content\/uploads\/2022\/02\/orcid-pas7-1024x565.png\" alt=\"\" data-id=\"10303\" data-link=\"https:\/\/dicd.tuiasi.ro\/?attachment_id=10303\" class=\"wp-image-10303\" srcset=\"https:\/\/dicd.tuiasi.ro\/wp-content\/uploads\/2022\/02\/orcid-pas7-1024x565.png 1024w, https:\/\/dicd.tuiasi.ro\/wp-content\/uploads\/2022\/02\/orcid-pas7-300x166.png 300w, https:\/\/dicd.tuiasi.ro\/wp-content\/uploads\/2022\/02\/orcid-pas7-768x424.png 768w, https:\/\/dicd.tuiasi.ro\/wp-content\/uploads\/2022\/02\/orcid-pas7-18x10.png 18w, https:\/\/dicd.tuiasi.ro\/wp-content\/uploads\/2022\/02\/orcid-pas7.png 1062w\" sizes=\"(max-width: 1024px) 100vw, 1024px\" \/><figcaption class=\"blocks-gallery-item__caption\">Fig. 2<\/figcaption><\/figure><\/li><li class=\"blocks-gallery-item\"><figure><img loading=\"lazy\" width=\"613\" height=\"929\" src=\"https:\/\/dicd.tuiasi.ro\/wp-content\/uploads\/2022\/02\/orcid-pas8.png\" alt=\"\" data-id=\"10306\" data-link=\"https:\/\/dicd.tuiasi.ro\/?attachment_id=10306\" class=\"wp-image-10306\" srcset=\"https:\/\/dicd.tuiasi.ro\/wp-content\/uploads\/2022\/02\/orcid-pas8.png 613w, https:\/\/dicd.tuiasi.ro\/wp-content\/uploads\/2022\/02\/orcid-pas8-198x300.png 198w, https:\/\/dicd.tuiasi.ro\/wp-content\/uploads\/2022\/02\/orcid-pas8-8x12.png 8w\" sizes=\"(max-width: 613px) 100vw, 613px\" \/><figcaption class=\"blocks-gallery-item__caption\">Fig. 3<\/figcaption><\/figure><\/li><li class=\"blocks-gallery-item\"><figure><img loading=\"lazy\" width=\"615\" height=\"926\" src=\"https:\/\/dicd.tuiasi.ro\/wp-content\/uploads\/2022\/02\/orcid-pas9.png\" alt=\"\" data-id=\"10309\" data-link=\"https:\/\/dicd.tuiasi.ro\/?attachment_id=10309\" class=\"wp-image-10309\" srcset=\"https:\/\/dicd.tuiasi.ro\/wp-content\/uploads\/2022\/02\/orcid-pas9.png 615w, https:\/\/dicd.tuiasi.ro\/wp-content\/uploads\/2022\/02\/orcid-pas9-199x300.png 199w, https:\/\/dicd.tuiasi.ro\/wp-content\/uploads\/2022\/02\/orcid-pas9-8x12.png 8w\" sizes=\"(max-width: 615px) 100vw, 615px\" \/><figcaption class=\"blocks-gallery-item__caption\">Fig. 4<\/figcaption><\/figure><\/li><li class=\"blocks-gallery-item\"><figure><img loading=\"lazy\" width=\"1024\" height=\"434\" src=\"https:\/\/dicd.tuiasi.ro\/wp-content\/uploads\/2022\/02\/orcid-pas1-1024x434.png\" alt=\"\" data-id=\"10312\" data-link=\"https:\/\/dicd.tuiasi.ro\/?attachment_id=10312\" class=\"wp-image-10312\" srcset=\"https:\/\/dicd.tuiasi.ro\/wp-content\/uploads\/2022\/02\/orcid-pas1-1024x434.png 1024w, https:\/\/dicd.tuiasi.ro\/wp-content\/uploads\/2022\/02\/orcid-pas1-300x127.png 300w, https:\/\/dicd.tuiasi.ro\/wp-content\/uploads\/2022\/02\/orcid-pas1-768x325.png 768w, https:\/\/dicd.tuiasi.ro\/wp-content\/uploads\/2022\/02\/orcid-pas1-18x8.png 18w, https:\/\/dicd.tuiasi.ro\/wp-content\/uploads\/2022\/02\/orcid-pas1.png 1384w\" sizes=\"(max-width: 1024px) 100vw, 1024px\" \/><figcaption class=\"blocks-gallery-item__caption\">Fig. 5<\/figcaption><\/figure><\/li><li class=\"blocks-gallery-item\"><figure><img loading=\"lazy\" width=\"592\" height=\"625\" src=\"https:\/\/dicd.tuiasi.ro\/wp-content\/uploads\/2022\/02\/orcid-pas2.png\" alt=\"\" data-id=\"10315\" data-link=\"https:\/\/dicd.tuiasi.ro\/?attachment_id=10315\" class=\"wp-image-10315\" srcset=\"https:\/\/dicd.tuiasi.ro\/wp-content\/uploads\/2022\/02\/orcid-pas2.png 592w, https:\/\/dicd.tuiasi.ro\/wp-content\/uploads\/2022\/02\/orcid-pas2-284x300.png 284w, https:\/\/dicd.tuiasi.ro\/wp-content\/uploads\/2022\/02\/orcid-pas2-11x12.png 11w\" sizes=\"(max-width: 592px) 100vw, 592px\" \/><figcaption class=\"blocks-gallery-item__caption\">Fig. 6<\/figcaption><\/figure><\/li><li class=\"blocks-gallery-item\"><figure><img loading=\"lazy\" width=\"680\" height=\"475\" src=\"https:\/\/dicd.tuiasi.ro\/wp-content\/uploads\/2022\/02\/orcid-pas3.png\" alt=\"\" data-id=\"10318\" data-link=\"https:\/\/dicd.tuiasi.ro\/?attachment_id=10318\" class=\"wp-image-10318\" srcset=\"https:\/\/dicd.tuiasi.ro\/wp-content\/uploads\/2022\/02\/orcid-pas3.png 680w, https:\/\/dicd.tuiasi.ro\/wp-content\/uploads\/2022\/02\/orcid-pas3-300x210.png 300w, https:\/\/dicd.tuiasi.ro\/wp-content\/uploads\/2022\/02\/orcid-pas3-18x12.png 18w\" sizes=\"(max-width: 680px) 100vw, 680px\" \/><figcaption class=\"blocks-gallery-item__caption\">Fig. 7<\/figcaption><\/figure><\/li><li class=\"blocks-gallery-item\"><figure><img loading=\"lazy\" width=\"680\" height=\"410\" src=\"https:\/\/dicd.tuiasi.ro\/wp-content\/uploads\/2022\/02\/orcid-pas4.png\" alt=\"\" data-id=\"10321\" data-link=\"https:\/\/dicd.tuiasi.ro\/?attachment_id=10321\" class=\"wp-image-10321\" srcset=\"https:\/\/dicd.tuiasi.ro\/wp-content\/uploads\/2022\/02\/orcid-pas4.png 680w, https:\/\/dicd.tuiasi.ro\/wp-content\/uploads\/2022\/02\/orcid-pas4-300x181.png 300w, https:\/\/dicd.tuiasi.ro\/wp-content\/uploads\/2022\/02\/orcid-pas4-18x12.png 18w\" sizes=\"(max-width: 680px) 100vw, 680px\" \/><figcaption class=\"blocks-gallery-item__caption\">Fig. 8<\/figcaption><\/figure><\/li><li class=\"blocks-gallery-item\"><figure><img loading=\"lazy\" width=\"612\" height=\"712\" src=\"https:\/\/dicd.tuiasi.ro\/wp-content\/uploads\/2022\/02\/orcid-pas5.png\" alt=\"\" data-id=\"10357\" data-full-url=\"https:\/\/dicd.tuiasi.ro\/wp-content\/uploads\/2022\/02\/orcid-pas5.png\" data-link=\"https:\/\/dicd.tuiasi.ro\/?attachment_id=10357\" class=\"wp-image-10357\" srcset=\"https:\/\/dicd.tuiasi.ro\/wp-content\/uploads\/2022\/02\/orcid-pas5.png 612w, https:\/\/dicd.tuiasi.ro\/wp-content\/uploads\/2022\/02\/orcid-pas5-258x300.png 258w, https:\/\/dicd.tuiasi.ro\/wp-content\/uploads\/2022\/02\/orcid-pas5-10x12.png 10w\" sizes=\"(max-width: 612px) 100vw, 612px\" \/><figcaption class=\"blocks-gallery-item__caption\">Fig. 9<\/figcaption><\/figure><\/li><\/ul><\/figure>\n\n<\/div><\/div>\n<\/div>","protected":false},"excerpt":{"rendered":"<p>Universitatea Tehnic\u0103 \u201eGheorghe Asachi\u201d din Ia\u0219i pune la dispozi\u021bie acces la platforma ORCID pe baza contului institu\u0163ional.<\/p>","protected":false},"author":37,"featured_media":0,"parent":0,"menu_order":0,"comment_status":"closed","ping_status":"closed","template":"","meta":{"advgb_blocks_editor_width":"","advgb_blocks_columns_visual_guide":"","ub_ctt_via":""},"featured_image_urls":{"full":"","thumbnail":"","medium":"","medium_large":"","large":"","1536x1536":"","2048x2048":"","trp-custom-language-flag":"","post-thumbnail":""},"post_excerpt_stackable":"<p>Universitatea Tehnic\u0103 \u201eGheorghe Asachi\u201d din Ia\u0219i pune la dispozi\u021bie acces la platforma ORCID pe baza contului institu\u0163ional. Accesare prin cont institu\u0163ional Pasul 1: Vom accesa pagina de \u00eenregistrare ORCID \u015fi vom completa cu datele personale (Fig. 1). Pasul 2: Dac\u0103 suntem \u00eentreba\u0163i de posibilitatea unui alt cont deja existent vom ap\u0103sa butonul \u201eNone of these are me&#8230;\u201d (Fig. 2). Pasul 3: Vom alege o parol\u0103 \u015fi vom ap\u0103sa \u201eNext\u201d (Fig. 3). Pasul 4: Vom alege un nivel de vizibilitate al activit\u0103\u0163ilor personale \u015fi vom accepta termenii \u015fi condi\u0163iile ORCID (Fig. 4). Pasul 5: Pe adresa aleas\u0103 anterior vom primi un&hellip;<\/p>\n","category_list":"","author_info":{"name":"Bianca Elena Duduman","url":"https:\/\/dicd.tuiasi.ro\/en\/author\/bianca\/"},"comments_num":"0 comments","featured_image_src":null,"coauthors":[],"author_meta":{"author_link":"https:\/\/dicd.tuiasi.ro\/en\/author\/bianca\/","display_name":"Bianca Elena Duduman"},"relative_dates":{"created":"Posted 4 years ago","modified":"Updated 4 years ago"},"absolute_dates":{"created":"Posted on 25 February 2022","modified":"Updated on 25 February 2022"},"absolute_dates_time":{"created":"Posted on 25 February 2022 09:20","modified":"Updated on 25 February 2022 09:20"},"featured_img_caption":"","_links":{"self":[{"href":"https:\/\/dicd.tuiasi.ro\/en\/wp-json\/wp\/v2\/pages\/10294"}],"collection":[{"href":"https:\/\/dicd.tuiasi.ro\/en\/wp-json\/wp\/v2\/pages"}],"about":[{"href":"https:\/\/dicd.tuiasi.ro\/en\/wp-json\/wp\/v2\/types\/page"}],"author":[{"embeddable":true,"href":"https:\/\/dicd.tuiasi.ro\/en\/wp-json\/wp\/v2\/users\/37"}],"replies":[{"embeddable":true,"href":"https:\/\/dicd.tuiasi.ro\/en\/wp-json\/wp\/v2\/comments?post=10294"}],"version-history":[{"count":5,"href":"https:\/\/dicd.tuiasi.ro\/en\/wp-json\/wp\/v2\/pages\/10294\/revisions"}],"predecessor-version":[{"id":10363,"href":"https:\/\/dicd.tuiasi.ro\/en\/wp-json\/wp\/v2\/pages\/10294\/revisions\/10363"}],"wp:attachment":[{"href":"https:\/\/dicd.tuiasi.ro\/en\/wp-json\/wp\/v2\/media?parent=10294"}],"curies":[{"name":"wp","href":"https:\/\/api.w.org\/{rel}","templated":true}]}}