{"id":13208,"date":"2026-04-01T12:57:08","date_gmt":"2026-04-01T10:57:08","guid":{"rendered":"https:\/\/dicd.tuiasi.ro\/?page_id=13208"},"modified":"2026-04-03T14:37:55","modified_gmt":"2026-04-03T12:37:55","slug":"cont-institutional-angajati","status":"publish","type":"page","link":"https:\/\/dicd.tuiasi.ro\/en\/angajati\/cont-institutional-angajati\/","title":{"rendered":"Institutional account"},"content":{"rendered":"<div class=\"wp-block-ub-content-toggle\" id=\"ub-content-toggle-395ea13f-deb0-452f-9553-e0a538987b4d\">\n<div id=\"\" class=\"wp-block-ub-content-toggle-accordion\">\n                <div class=\"wp-block-ub-content-toggle-accordion-title-wrap\" aria-expanded=\"false\" aria-controls=\"ub-content-toggle-panel-0-395ea13f-deb0-452f-9553-e0a538987b4d\" tabindex=\"0\">\n                    <p class=\"wp-block-ub-content-toggle-accordion-title ub-content-toggle-title-395ea13f-deb0-452f-9553-e0a538987b4d\">TUIASI Identity<\/p><div class=\"wp-block-ub-content-toggle-accordion-toggle-wrap right\"><span class=\"wp-block-ub-content-toggle-accordion-state-indicator wp-block-ub-chevron-down\"><\/span>\n                    <\/div><\/div><div role=\"region\" class=\"wp-block-ub-content-toggle-accordion-content-wrap ub-hide\" id=\"ub-content-toggle-panel-0-395ea13f-deb0-452f-9553-e0a538987b4d\">\n\n<p>Personalul din cadrul Universit\u0103\u021bii Tehnice &#8222;Gheorghe Asachi&#8221; din Ia\u0219i beneficiaz\u0103 de acces la serviciile IT ale Universit\u0103\u021bii, prin intermediul unui <strong>cont institu\u021bional de utilizator TUIASI<\/strong>. Acest cont institu\u021bional face parte din unul dintre <strong>domeniile<\/strong>:<\/p>\n\n\n\n<ul><li class=\" translation-block\"><strong>academic.tuiasi.ro<\/strong> \u2013 for teaching and research staff<\/li><li class=\" translation-block\"><strong>staff.tuiasi.ro<\/strong> \u2013 for auxiliary teaching and non-teaching staff<\/li><li class=\" translation-block\"><strong>guest.tuiasi.ro<\/strong> \u2013 for external collaborators<\/li><\/ul>\n\n\n\n<p>Contul institu\u021bional de utilizator TUIASI este activ c\u00e2t timp utilizatorul este angajat al Universit\u0103\u021bii Tehnice &#8222;Gheorghe Asachi&#8221; din Ia\u0219i. Contul devine <strong>inactiv<\/strong> dup\u0103 \u00eencetarea rela\u021biei contractuale dintre angajat \u0219i Universitate.<\/p>\n\n<\/div><\/div>\n\n<div id=\"\" class=\"wp-block-ub-content-toggle-accordion\">\n                <div class=\"wp-block-ub-content-toggle-accordion-title-wrap\" aria-expanded=\"false\" aria-controls=\"ub-content-toggle-panel-1-395ea13f-deb0-452f-9553-e0a538987b4d\" tabindex=\"0\">\n                    <p class=\"wp-block-ub-content-toggle-accordion-title ub-content-toggle-title-395ea13f-deb0-452f-9553-e0a538987b4d\">IT services @ TUIASI<\/p><div class=\"wp-block-ub-content-toggle-accordion-toggle-wrap right\"><span class=\"wp-block-ub-content-toggle-accordion-state-indicator wp-block-ub-chevron-down\"><\/span>\n                    <\/div><\/div><div role=\"region\" class=\"wp-block-ub-content-toggle-accordion-content-wrap ub-hide\" id=\"ub-content-toggle-panel-1-395ea13f-deb0-452f-9553-e0a538987b4d\">\n\n<p>Accesul la urm\u0103toarele servicii IT este permis, \u00een baza <strong>contului institu\u021bional \/ numelui de utilizator, <em>prenume.nume<\/em><\/strong>, pentru toate categoriile de utilizatori:<\/p>\n\n\n\n<ul><li class=\" translation-block\">the wireless network in the teaching campus of the University: <strong>eduroam<\/strong><\/li><li>the campus network<\/li><li>platforma de <a href=\"https:\/\/ums.tuiasi.ro\/\"><strong>gestiune a \u0219colarit\u0103\u021bii<\/strong><\/a><\/li><li>the single-sign-on authentication system<\/li><\/ul>\n\n\n\n<p>Pentru serviciile externe, accesul este permis \u00een baza <strong>contului institu\u021bional extins<\/strong>, ce include \u0219i domeniul institu\u021bional: <strong><em>prenume.nume@academic.tuiasi.ro<\/em><\/strong> pentru personalul didactic \u0219i de cercetare, <strong><em><strong><em>prenume.nume<\/em><\/strong>@staff.tuiasi.ro<\/em><\/strong> pentru personalul didactic auxiliar \u0219i nedidactic \u0219i <strong><strong><em>prenume.nume<\/em><\/strong><em>@guest.tuiasi.ro<\/em><\/strong> pentru colaboratori externi:<\/p>\n\n\n\n<ul><li>eduroam wireless infrastructure in the country and abroad<\/li><li>online platforms Google (Meet, Gmail, Drive, Calendar, Photos, Classroom) and Microsoft (Teams, Office 365)<\/li><li>platformele online destinate studen\u021bilor \u0219i personalului didactic \u0219i de cercetare (GitHub Education, JetBrains, etc.)<\/li><\/ul>\n\n\n\n<p>Tot personalul beneficiaz\u0103, de asemenea, de o adres\u0103 de e-mail de forma <em>prenume.nume@academic.tuiasi.ro<\/em> \/ <em>prenume.nume@staff.tuiasi.ro<\/em> \/ <em>prenume.nume@guest.tuiasi.ro<\/em>, ce poate fi accesat\u0103 prin platforma Gmail.<\/p>\n\n<\/div><\/div>\n\n<div id=\"\" class=\"wp-block-ub-content-toggle-accordion\">\n                <div class=\"wp-block-ub-content-toggle-accordion-title-wrap\" aria-expanded=\"false\" aria-controls=\"ub-content-toggle-panel-2-395ea13f-deb0-452f-9553-e0a538987b4d\" tabindex=\"0\">\n                    <p class=\"wp-block-ub-content-toggle-accordion-title ub-content-toggle-title-395ea13f-deb0-452f-9553-e0a538987b4d\">Determination of TUIASI institutional user account<\/p><div class=\"wp-block-ub-content-toggle-accordion-toggle-wrap right\"><span class=\"wp-block-ub-content-toggle-accordion-state-indicator wp-block-ub-chevron-down\"><\/span>\n                    <\/div><\/div><div role=\"region\" class=\"wp-block-ub-content-toggle-accordion-content-wrap ub-hide\" id=\"ub-content-toggle-panel-2-395ea13f-deb0-452f-9553-e0a538987b4d\">\n\n<p class=\" translation-block\">For all user categories, the institutional account username is of the form <strong>firstname.lastname<\/strong>, includes all first names and all last names separated by hyphens, and does not contain diacritics. E.g:<\/p>\n\n\n\n<ul><li>ion.pop<\/li><li>ion-adrian.pop<\/li><li>ion.pop-ionescu<\/li><li>ion-adrian.pop-ionescu<\/li><\/ul>\n\n\n\n<p>Toate conturile de utilizator sunt create \u00een sistemul de gestiune al identit\u0103\u021bilor TUIASI, folosind un set de parole generate \u00een mod automat, ce trebuie schimbate la prima accesare. Fiecare utilizator poate s\u0103 \u00ee\u0219i afle parola ini\u021bial\u0103 folosind un set de informa\u021bii din care o parte sunt cunoscute doar de c\u0103tre acesta. <strong>Pentru personalul Universit\u0103\u021bii<\/strong>, modul de formare a parolei ini\u021biale este:<\/p>\n\n\n\n<ul><li><strong><strong>the first three letters of the institutional account<\/strong><\/strong> (in lower case), for example: vas<\/li><li class=\" translation-block\"><strong>the last six digits of the Personal Identification Number (CNP)<\/strong>, for example: 123456<\/li><li class=\" translation-block\"><strong>the last three letters of the username<\/strong> (in lower case), for example: scu<\/li><li class=\" translation-block\">by joining them, without spaces, the password is obtained: <strong>vas123456scu<\/strong><\/li><\/ul>\n\n\n\n<p class=\" translation-block\">It is possible for two or more users to have exactly the same name. In this situation one of the users will have an extra digit at the end of the username, <strong>for example: ion.pop1, with different initial passwords: ion123456op1<\/strong>. The change of the initial password is requested automatically, the first time the institutional account is accessed through one of the following methods:<\/p>\n\n\n\n<ul><li>acces\u00e2nd sec\u021biunea <strong>Autentificare \u00een contul TUIASI<\/strong> din pagina de <a href=\"https:\/\/sso.tuiasi.ro\/\">management a identit\u0103\u021bii TUIASI<\/a>, folosind contul institu\u021bional TUIASI \u0219i parola ini\u021bial\u0103<\/li><li>acces\u00e2nd oricare din platformele online men\u021bionate anterior, folosind contul institu\u021bional extins (<strong><em><strong><em>prenume.nume<\/em><\/strong>@academic.tuiasi.ro<\/em><\/strong>, <strong><em><strong><em>prenume.nume<\/em><\/strong>@staff.tuiasi.ro<\/em><\/strong>, <strong><em><strong><em>prenume.nume<\/em><\/strong>@guest.tuiasi.ro<\/em><\/strong>), de unde este f\u0103cut\u0103 redirectarea \u00een mod automat c\u0103tre pagina de management a identit\u0103\u021bii, unde r\u0103m\u00e2ne de introdus doar contul institu\u021bional \u0219i parola ini\u021bial\u0103.<\/li><\/ul>\n\n<\/div><\/div>\n\n<div id=\"\" class=\"wp-block-ub-content-toggle-accordion\">\n                <div class=\"wp-block-ub-content-toggle-accordion-title-wrap\" aria-expanded=\"false\" aria-controls=\"ub-content-toggle-panel-3-395ea13f-deb0-452f-9553-e0a538987b4d\" tabindex=\"0\">\n                    <p class=\"wp-block-ub-content-toggle-accordion-title ub-content-toggle-title-395ea13f-deb0-452f-9553-e0a538987b4d\">Cheia de autentificare YubiKey<\/p><div class=\"wp-block-ub-content-toggle-accordion-toggle-wrap right\"><span class=\"wp-block-ub-content-toggle-accordion-state-indicator wp-block-ub-chevron-down\"><\/span>\n                    <\/div><\/div><div role=\"region\" class=\"wp-block-ub-content-toggle-accordion-content-wrap ub-hide\" id=\"ub-content-toggle-panel-3-395ea13f-deb0-452f-9553-e0a538987b4d\">\n\n<p>Pentru informa\u021bii generale, \u00eenregistrare \u0219i utilizare cheie, v\u0103 rug\u0103m s\u0103 accesa\u021bi pagina de <a href=\"https:\/\/dicd.tuiasi.ro\/en\/angajati\/utilizare-cheie-de-autentificare-yubico\/\"><strong>aici<\/strong><\/a>.<\/p>\n\n\n\n<p>Pentru schimbarea PIN-ului sau resetarea cheii YubiKey v\u0103 rug\u0103m s\u0103 accesa\u021bi pagina de <a href=\"https:\/\/dicd.tuiasi.ro\/en\/angajati\/gestionare-cheie-yubikey\/\"><strong>aici<\/strong><\/a>.<\/p>\n\n<\/div><\/div>\n\n<div id=\"\" class=\"wp-block-ub-content-toggle-accordion\">\n                <div class=\"wp-block-ub-content-toggle-accordion-title-wrap\" aria-expanded=\"false\" aria-controls=\"ub-content-toggle-panel-4-395ea13f-deb0-452f-9553-e0a538987b4d\" tabindex=\"0\">\n                    <p class=\"wp-block-ub-content-toggle-accordion-title ub-content-toggle-title-395ea13f-deb0-452f-9553-e0a538987b4d\">Password reset<\/p><div class=\"wp-block-ub-content-toggle-accordion-toggle-wrap right\"><span class=\"wp-block-ub-content-toggle-accordion-state-indicator wp-block-ub-chevron-down\"><\/span>\n                    <\/div><\/div><div role=\"region\" class=\"wp-block-ub-content-toggle-accordion-content-wrap ub-hide\" id=\"ub-content-toggle-panel-4-395ea13f-deb0-452f-9553-e0a538987b4d\">\n\n<p class=\" translation-block\"><strong>Step 1:<\/strong> We open a browser and access the institutional account management (SSO) page. Click on \"<strong>Login to the TUIASI account<\/strong>\" to open the login page (Fig. 1).<\/p>\n\n\n\n<p class=\" translation-block\"><strong>Step 2:<\/strong> We open the password reset page by going to \"<strong>Forgot your password?<\/strong>\" under the field \"<strong>Password<\/strong>\" (Fig. 2).<\/p>\n\n\n\n<p><strong>Step 3:<\/strong> \u00cen pagina nou deschis\u0103 introducem <strong>numele de utilizator<\/strong> (adresa contului institu\u021bional p\u00e2n\u0103 la @), \u00een c\u00e2mpul &#8222;<strong>Nume de utilizator<\/strong>&#8221; \u0219i ap\u0103s\u0103m pe butonul &#8222;<strong>Trimite<\/strong>&#8221; (Fig. 3).<\/p>\n\n\n\n<p><strong>Step 4:<\/strong> Pe adresa <strong>personal\u0103<\/strong> (@gmail, @yahoo etc.) ata\u0219at\u0103 contului vom primi un e-mail cu un link generat automat pentru a putea reseta parola (Fig. 4). <\/p>\n\n\n\n<figure class=\"wp-block-gallery columns-3 is-cropped\"><ul class=\"blocks-gallery-grid\"><li class=\"blocks-gallery-item\"><figure><img loading=\"lazy\" width=\"1024\" height=\"573\" src=\"https:\/\/dicd.tuiasi.ro\/wp-content\/uploads\/2021\/07\/1-32-1024x573.png\" alt=\"\" data-id=\"5876\" data-link=\"https:\/\/dicd.tuiasi.ro\/resetare-parola\/1-32\/\" class=\"wp-image-5876\" srcset=\"https:\/\/dicd.tuiasi.ro\/wp-content\/uploads\/2021\/07\/1-32-1024x573.png 1024w, https:\/\/dicd.tuiasi.ro\/wp-content\/uploads\/2021\/07\/1-32-300x168.png 300w, https:\/\/dicd.tuiasi.ro\/wp-content\/uploads\/2021\/07\/1-32-768x430.png 768w, https:\/\/dicd.tuiasi.ro\/wp-content\/uploads\/2021\/07\/1-32.png 1286w\" sizes=\"(max-width: 1024px) 100vw, 1024px\" \/><figcaption class=\"blocks-gallery-item__caption\">Fig. 1 Autentificare \u00een contul TUIASI<\/figcaption><\/figure><\/li><li class=\"blocks-gallery-item\"><figure><img loading=\"lazy\" width=\"994\" height=\"785\" src=\"https:\/\/dicd.tuiasi.ro\/wp-content\/uploads\/2021\/07\/2-23.png\" alt=\"\" data-id=\"5879\" data-link=\"https:\/\/dicd.tuiasi.ro\/resetare-parola\/2-23\/\" class=\"wp-image-5879\" srcset=\"https:\/\/dicd.tuiasi.ro\/wp-content\/uploads\/2021\/07\/2-23.png 994w, https:\/\/dicd.tuiasi.ro\/wp-content\/uploads\/2021\/07\/2-23-300x237.png 300w, https:\/\/dicd.tuiasi.ro\/wp-content\/uploads\/2021\/07\/2-23-768x607.png 768w\" sizes=\"(max-width: 994px) 100vw, 994px\" \/><figcaption class=\"blocks-gallery-item__caption\">Fig. 2 A\u021bi uitat parola?<\/figcaption><\/figure><\/li><li class=\"blocks-gallery-item\"><figure><img loading=\"lazy\" width=\"991\" height=\"762\" src=\"https:\/\/dicd.tuiasi.ro\/wp-content\/uploads\/2021\/07\/3-15.png\" alt=\"\" data-id=\"5882\" data-link=\"https:\/\/dicd.tuiasi.ro\/resetare-parola\/3-15\/\" class=\"wp-image-5882\" srcset=\"https:\/\/dicd.tuiasi.ro\/wp-content\/uploads\/2021\/07\/3-15.png 991w, https:\/\/dicd.tuiasi.ro\/wp-content\/uploads\/2021\/07\/3-15-300x231.png 300w, https:\/\/dicd.tuiasi.ro\/wp-content\/uploads\/2021\/07\/3-15-768x591.png 768w\" sizes=\"(max-width: 991px) 100vw, 991px\" \/><figcaption class=\"blocks-gallery-item__caption\">Fig. 3 Nume de utilizator<\/figcaption><\/figure><\/li><li class=\"blocks-gallery-item\"><figure><img loading=\"lazy\" width=\"1024\" height=\"237\" src=\"https:\/\/dicd.tuiasi.ro\/wp-content\/uploads\/2024\/09\/resetare-parola-1.png\" alt=\"\" data-id=\"12007\" data-full-url=\"https:\/\/dicd.tuiasi.ro\/wp-content\/uploads\/2024\/09\/resetare-parola-1.png\" data-link=\"https:\/\/dicd.tuiasi.ro\/cont-institutional\/resetare-parola-1\/\" class=\"wp-image-12007\" srcset=\"https:\/\/dicd.tuiasi.ro\/wp-content\/uploads\/2024\/09\/resetare-parola-1.png 1024w, https:\/\/dicd.tuiasi.ro\/wp-content\/uploads\/2024\/09\/resetare-parola-1-300x69.png 300w, https:\/\/dicd.tuiasi.ro\/wp-content\/uploads\/2024\/09\/resetare-parola-1-768x178.png 768w, https:\/\/dicd.tuiasi.ro\/wp-content\/uploads\/2024\/09\/resetare-parola-1-18x4.png 18w\" sizes=\"(max-width: 1024px) 100vw, 1024px\" \/><\/figure><\/li><\/ul><\/figure>\n\n<\/div><\/div>\n<\/div>","protected":false},"excerpt":{"rendered":"","protected":false},"author":37,"featured_media":0,"parent":7699,"menu_order":0,"comment_status":"closed","ping_status":"closed","template":"","meta":{"advgb_blocks_editor_width":"","advgb_blocks_columns_visual_guide":"","ub_ctt_via":""},"featured_image_urls":{"full":"","thumbnail":"","medium":"","medium_large":"","large":"","1536x1536":"","2048x2048":"","trp-custom-language-flag":"","post-thumbnail":""},"post_excerpt_stackable":"<p>Identit\u0103\u021bile TUIASI Personalul din cadrul Universit\u0103\u021bii Tehnice &#8222;Gheorghe Asachi&#8221; din Ia\u0219i beneficiaz\u0103 de acces la serviciile IT ale Universit\u0103\u021bii, prin intermediul unui cont institu\u021bional de utilizator TUIASI. Acest cont institu\u021bional face parte din unul dintre domeniile: academic.tuiasi.ro \u2013 pentru personalul didactic \u0219i de cercetarestaff.tuiasi.ro \u2013 pentru personalul didactic auxiliar \u0219i nedidacticguest.tuiasi.ro \u2013 pentru colaboratori externi Contul institu\u021bional de utilizator TUIASI este activ c\u00e2t timp utilizatorul este angajat al Universit\u0103\u021bii Tehnice &#8222;Gheorghe Asachi&#8221; din Ia\u0219i. Contul devine inactiv dup\u0103 \u00eencetarea rela\u021biei contractuale dintre angajat \u0219i Universitate. Serviciile IT @ TUIASI Accesul la urm\u0103toarele servicii IT este permis, \u00een baza contului institu\u021bional&hellip;<\/p>\n","category_list":"","author_info":{"name":"Bianca Elena Duduman","url":"https:\/\/dicd.tuiasi.ro\/en\/author\/bianca\/"},"comments_num":"0 comments","featured_image_src":null,"coauthors":[],"author_meta":{"author_link":"https:\/\/dicd.tuiasi.ro\/en\/author\/bianca\/","display_name":"Bianca Elena Duduman"},"relative_dates":{"created":"Posted 3 weeks ago","modified":"Updated 2 weeks ago"},"absolute_dates":{"created":"Posted on 1 April 2026","modified":"Updated on 3 April 2026"},"absolute_dates_time":{"created":"Posted on 1 April 2026 12:57","modified":"Updated on 3 April 2026 14:37"},"featured_img_caption":"","_links":{"self":[{"href":"https:\/\/dicd.tuiasi.ro\/en\/wp-json\/wp\/v2\/pages\/13208"}],"collection":[{"href":"https:\/\/dicd.tuiasi.ro\/en\/wp-json\/wp\/v2\/pages"}],"about":[{"href":"https:\/\/dicd.tuiasi.ro\/en\/wp-json\/wp\/v2\/types\/page"}],"author":[{"embeddable":true,"href":"https:\/\/dicd.tuiasi.ro\/en\/wp-json\/wp\/v2\/users\/37"}],"replies":[{"embeddable":true,"href":"https:\/\/dicd.tuiasi.ro\/en\/wp-json\/wp\/v2\/comments?post=13208"}],"version-history":[{"count":11,"href":"https:\/\/dicd.tuiasi.ro\/en\/wp-json\/wp\/v2\/pages\/13208\/revisions"}],"predecessor-version":[{"id":13378,"href":"https:\/\/dicd.tuiasi.ro\/en\/wp-json\/wp\/v2\/pages\/13208\/revisions\/13378"}],"up":[{"embeddable":true,"href":"https:\/\/dicd.tuiasi.ro\/en\/wp-json\/wp\/v2\/pages\/7699"}],"wp:attachment":[{"href":"https:\/\/dicd.tuiasi.ro\/en\/wp-json\/wp\/v2\/media?parent=13208"}],"curies":[{"name":"wp","href":"https:\/\/api.w.org\/{rel}","templated":true}]}}