{"id":4199,"date":"2021-07-02T10:39:24","date_gmt":"2021-07-02T08:39:24","guid":{"rendered":"https:\/\/dicd.tuiasi.ro\/?page_id=4199"},"modified":"2024-09-30T10:20:48","modified_gmt":"2024-09-30T08:20:48","slug":"resetare-parola","status":"publish","type":"page","link":"https:\/\/dicd.tuiasi.ro\/en\/resetare-parola\/","title":{"rendered":"Password reset"},"content":{"rendered":"<p>\u00cen cazul \u00een care a\u021bi uitat parola contului institu\u021bional, aceasta se poate reseta automat urm\u00e2nd instruc\u021biunile de mai jos.<\/p>\n\n\n<div class=\"wp-block-ub-content-toggle\" id=\"ub-content-toggle-e54878b7-77b0-4501-9e00-0f7ec705e87c\">\n<div id=\"\" class=\"wp-block-ub-content-toggle-accordion\">\n                <div class=\"wp-block-ub-content-toggle-accordion-title-wrap\" aria-expanded=\"false\" aria-controls=\"ub-content-toggle-panel-0-e54878b7-77b0-4501-9e00-0f7ec705e87c\" tabindex=\"0\">\n                    <p class=\"wp-block-ub-content-toggle-accordion-title ub-content-toggle-title-e54878b7-77b0-4501-9e00-0f7ec705e87c\">Password reset<\/p><div class=\"wp-block-ub-content-toggle-accordion-toggle-wrap right\"><span class=\"wp-block-ub-content-toggle-accordion-state-indicator wp-block-ub-chevron-down\"><\/span>\n                    <\/div><\/div><div role=\"region\" class=\"wp-block-ub-content-toggle-accordion-content-wrap ub-hide\" id=\"ub-content-toggle-panel-0-e54878b7-77b0-4501-9e00-0f7ec705e87c\">\n\n<p class=\" translation-block\"><strong>Step 1:<\/strong> We open a browser and access the institutional account management (SSO) page. Click on \"<strong>Login to the TUIASI account<\/strong>\" to open the login page (Fig. 1).<\/p>\n\n\n\n<p class=\" translation-block\"><strong>Step 2:<\/strong> We open the password reset page by going to \"<strong>Forgot your password?<\/strong>\" under the field \"<strong>Password<\/strong>\" (Fig. 2).<\/p>\n\n\n\n<p class=\" translation-block\"><strong>Step 3:<\/strong> In the newly opened page, enter your <strong>username<\/strong> (institutional account address up to @) in the field \"<strong>Username<\/strong>\" and click on button \"<strong>Send<\/strong>\" (Fig. 3).<\/p>\n\n\n\n<p class=\" translation-block\"><strong>Step 4:<\/strong> On the secondary address (@gmail, @yahoo, etc.) attached to the account we will receive an email with an automatically generated link to be able to reset the password (Fig. 4).<\/p>\n\n\n\n<figure class=\"wp-block-gallery columns-3 is-cropped\"><ul class=\"blocks-gallery-grid\"><li class=\"blocks-gallery-item\"><figure><img loading=\"lazy\" width=\"1024\" height=\"573\" src=\"https:\/\/dicd.tuiasi.ro\/wp-content\/uploads\/2021\/07\/1-32-1024x573.png\" alt=\"\" data-id=\"5876\" data-full-url=\"https:\/\/dicd.tuiasi.ro\/wp-content\/uploads\/2021\/07\/1-32.png\" data-link=\"https:\/\/dicd.tuiasi.ro\/resetare-parola\/1-32\/\" class=\"wp-image-5876\" srcset=\"https:\/\/dicd.tuiasi.ro\/wp-content\/uploads\/2021\/07\/1-32-1024x573.png 1024w, https:\/\/dicd.tuiasi.ro\/wp-content\/uploads\/2021\/07\/1-32-300x168.png 300w, https:\/\/dicd.tuiasi.ro\/wp-content\/uploads\/2021\/07\/1-32-768x430.png 768w, https:\/\/dicd.tuiasi.ro\/wp-content\/uploads\/2021\/07\/1-32.png 1286w\" sizes=\"(max-width: 1024px) 100vw, 1024px\" \/><figcaption class=\"blocks-gallery-item__caption\">Fig. 1 Autentificare \u00een contul TUIASI<\/figcaption><\/figure><\/li><li class=\"blocks-gallery-item\"><figure><img loading=\"lazy\" width=\"994\" height=\"785\" src=\"https:\/\/dicd.tuiasi.ro\/wp-content\/uploads\/2021\/07\/2-23.png\" alt=\"\" data-id=\"5879\" data-full-url=\"https:\/\/dicd.tuiasi.ro\/wp-content\/uploads\/2021\/07\/2-23.png\" data-link=\"https:\/\/dicd.tuiasi.ro\/resetare-parola\/2-23\/\" class=\"wp-image-5879\" srcset=\"https:\/\/dicd.tuiasi.ro\/wp-content\/uploads\/2021\/07\/2-23.png 994w, https:\/\/dicd.tuiasi.ro\/wp-content\/uploads\/2021\/07\/2-23-300x237.png 300w, https:\/\/dicd.tuiasi.ro\/wp-content\/uploads\/2021\/07\/2-23-768x607.png 768w\" sizes=\"(max-width: 994px) 100vw, 994px\" \/><figcaption class=\"blocks-gallery-item__caption\">Fig. 2 A\u021bi uitat parola?<\/figcaption><\/figure><\/li><li class=\"blocks-gallery-item\"><figure><img loading=\"lazy\" width=\"991\" height=\"762\" src=\"https:\/\/dicd.tuiasi.ro\/wp-content\/uploads\/2021\/07\/3-15.png\" alt=\"\" data-id=\"5882\" data-full-url=\"https:\/\/dicd.tuiasi.ro\/wp-content\/uploads\/2021\/07\/3-15.png\" data-link=\"https:\/\/dicd.tuiasi.ro\/resetare-parola\/3-15\/\" class=\"wp-image-5882\" srcset=\"https:\/\/dicd.tuiasi.ro\/wp-content\/uploads\/2021\/07\/3-15.png 991w, https:\/\/dicd.tuiasi.ro\/wp-content\/uploads\/2021\/07\/3-15-300x231.png 300w, https:\/\/dicd.tuiasi.ro\/wp-content\/uploads\/2021\/07\/3-15-768x591.png 768w\" sizes=\"(max-width: 991px) 100vw, 991px\" \/><figcaption class=\"blocks-gallery-item__caption\">Fig. 3 Nume de utilizator<\/figcaption><\/figure><\/li><li class=\"blocks-gallery-item\"><figure><img loading=\"lazy\" width=\"1024\" height=\"237\" src=\"https:\/\/dicd.tuiasi.ro\/wp-content\/uploads\/2024\/09\/resetare-parola.png\" alt=\"\" data-id=\"11995\" data-full-url=\"https:\/\/dicd.tuiasi.ro\/wp-content\/uploads\/2024\/09\/resetare-parola.png\" data-link=\"https:\/\/dicd.tuiasi.ro\/resetare-parola\/resetare-parola-2\/\" class=\"wp-image-11995\" srcset=\"https:\/\/dicd.tuiasi.ro\/wp-content\/uploads\/2024\/09\/resetare-parola.png 1024w, https:\/\/dicd.tuiasi.ro\/wp-content\/uploads\/2024\/09\/resetare-parola-300x69.png 300w, https:\/\/dicd.tuiasi.ro\/wp-content\/uploads\/2024\/09\/resetare-parola-768x178.png 768w, https:\/\/dicd.tuiasi.ro\/wp-content\/uploads\/2024\/09\/resetare-parola-18x4.png 18w\" sizes=\"(max-width: 1024px) 100vw, 1024px\" \/><figcaption class=\"blocks-gallery-item__caption\">Fig. 4 E-mail pentru resetare parol\u0103<\/figcaption><\/figure><\/li><\/ul><\/figure>\n\n<\/div><\/div>\n<\/div>","protected":false},"excerpt":{"rendered":"<p>\u00cen cazul \u00een care a\u021bi uitat parola contului institu\u021bional, aceasta se poate reseta automat urm\u00e2nd instruc\u021biunile de mai jos.<\/p>","protected":false},"author":8,"featured_media":0,"parent":0,"menu_order":0,"comment_status":"closed","ping_status":"closed","template":"pagina-prezentare.php","meta":{"advgb_blocks_editor_width":"","advgb_blocks_columns_visual_guide":"","ub_ctt_via":""},"featured_image_urls":{"full":"","thumbnail":"","medium":"","medium_large":"","large":"","1536x1536":"","2048x2048":"","trp-custom-language-flag":"","post-thumbnail":""},"post_excerpt_stackable":"<p>\u00cen cazul \u00een care a\u021bi uitat parola contului institu\u021bional, aceasta se poate reseta automat urm\u00e2nd instruc\u021biunile de mai jos. Resetare parol\u0103 Pasul 1: Deschidem un browser \u0219i acces\u0103m pagina de administrare a contului institu\u021bional (SSO). Click pe &#8222;Autentificare \u00een contul TUIASI&#8221; pentru a deschide pagina de autentificare (Fig. 1). Pasul 2: Deschidem pagina de resetare a parolei acces\u00e2nd &#8222;A\u021bi uitat parola?&#8221; de sub c\u00e2mpul &#8222;Parola&#8221; (Fig. 2). Pasul 3: \u00cen pagina nou deschis\u0103 introducem numele de utilizator (adresa contului institu\u021bional p\u00e2n\u0103 la @) \u00een c\u00e2mpul &#8222;Nume de utilizator&#8221; \u0219i ap\u0103s\u0103m pe butonul &#8222;Trimite&#8221; (Fig. 3). Pasul 4: Pe adresa secundar\u0103&hellip;<\/p>\n","category_list":"","author_info":{"name":"Vladut BUTNARU","url":"https:\/\/dicd.tuiasi.ro\/en\/author\/vbutnaru\/"},"comments_num":"0 comments","featured_image_src":null,"coauthors":[],"author_meta":{"author_link":"https:\/\/dicd.tuiasi.ro\/en\/author\/vbutnaru\/","display_name":"Vladut BUTNARU"},"relative_dates":{"created":"Posted 5 years ago","modified":"Updated 2 years ago"},"absolute_dates":{"created":"Posted on 2 July 2021","modified":"Updated on 30 September 2024"},"absolute_dates_time":{"created":"Posted on 2 July 2021 10:39","modified":"Updated on 30 September 2024 10:20"},"featured_img_caption":"","_links":{"self":[{"href":"https:\/\/dicd.tuiasi.ro\/en\/wp-json\/wp\/v2\/pages\/4199"}],"collection":[{"href":"https:\/\/dicd.tuiasi.ro\/en\/wp-json\/wp\/v2\/pages"}],"about":[{"href":"https:\/\/dicd.tuiasi.ro\/en\/wp-json\/wp\/v2\/types\/page"}],"author":[{"embeddable":true,"href":"https:\/\/dicd.tuiasi.ro\/en\/wp-json\/wp\/v2\/users\/8"}],"replies":[{"embeddable":true,"href":"https:\/\/dicd.tuiasi.ro\/en\/wp-json\/wp\/v2\/comments?post=4199"}],"version-history":[{"count":10,"href":"https:\/\/dicd.tuiasi.ro\/en\/wp-json\/wp\/v2\/pages\/4199\/revisions"}],"predecessor-version":[{"id":11999,"href":"https:\/\/dicd.tuiasi.ro\/en\/wp-json\/wp\/v2\/pages\/4199\/revisions\/11999"}],"wp:attachment":[{"href":"https:\/\/dicd.tuiasi.ro\/en\/wp-json\/wp\/v2\/media?parent=4199"}],"curies":[{"name":"wp","href":"https:\/\/api.w.org\/{rel}","templated":true}]}}