{"id":4271,"date":"2021-07-02T10:59:05","date_gmt":"2021-07-02T08:59:05","guid":{"rendered":"https:\/\/dicd.tuiasi.ro\/?page_id=4271"},"modified":"2021-09-22T16:54:06","modified_gmt":"2021-09-22T14:54:06","slug":"platforma-educationala","status":"publish","type":"page","link":"https:\/\/dicd.tuiasi.ro\/en\/studenti\/platforma-educationala\/","title":{"rendered":"Educational Platform"},"content":{"rendered":"<p>Universitatea Tehnic\u0103 \u201eGheorghe Asachi\u201d din Ia\u0219i pune la dispozi\u021bie o platform\u0103 educa\u021bional\u0103 (moodle) . Platforma educa\u021bional\u0103 TUIASI con\u021bine materialele didactice aferente disciplinelor studiate \u00een cadrul Universit\u0103\u021bii Tehnice \u201eGheorghe Asachi\u201d din Ia\u0219i. Aceasta este disponibil\u0103 la adresa <a href=\"https:\/\/www.edu.tuiasi.ro\" data-type=\"URL\" data-id=\"https:\/\/www.edu.tuiasi.ro\" target=\"_blank\" rel=\"noreferrer noopener\"><strong>edu.tuiasi.ro<\/strong><\/a>, iar accesul se face prin intermediul contului institu\u021bional de utilizator TUIASI.<\/p>\n\n\n<div class=\"wp-block-ub-content-toggle\" id=\"ub-content-toggle-582f8a3b-15f1-443c-ad35-65072c2d3a0e\" data-showonlyone=\"true\">\n<div id=\"\" class=\"wp-block-ub-content-toggle-accordion\">\n                <div class=\"wp-block-ub-content-toggle-accordion-title-wrap\" aria-expanded=\"false\" aria-controls=\"ub-content-toggle-panel-0-582f8a3b-15f1-443c-ad35-65072c2d3a0e\" tabindex=\"0\">\n                    <p class=\"wp-block-ub-content-toggle-accordion-title ub-content-toggle-title-582f8a3b-15f1-443c-ad35-65072c2d3a0e\">Conectare<\/p><div class=\"wp-block-ub-content-toggle-accordion-toggle-wrap right\"><span class=\"wp-block-ub-content-toggle-accordion-state-indicator wp-block-ub-chevron-down\"><\/span>\n                    <\/div><\/div><div role=\"region\" class=\"wp-block-ub-content-toggle-accordion-content-wrap ub-hide\" id=\"ub-content-toggle-panel-0-582f8a3b-15f1-443c-ad35-65072c2d3a0e\">\n\n<p><strong>Pasul 1<\/strong>: Acces\u0103m adresa <a rel=\"noreferrer noopener\" href=\"https:\/\/www.edu.tuiasi.ro\" data-type=\"URL\" data-id=\"https:\/\/www.edu.tuiasi.ro\" target=\"_blank\"><strong>edu.tuiasi.ro<\/strong><\/a>, unde va trebui s\u0103 ap\u0103s\u0103m pe butonul &#8222;<strong>Autentificare prin contul TUIASI<\/strong>&#8221; (Fig. 1).<\/p>\n\n\n\n<p><strong>Pasul 2<\/strong>: Vom fi automat redirec\u021biona\u021bi pentru autentificare pe site-ul dedicat Managementului Identit\u0103\u021bii TUIASI unde va trebui s\u0103 ne conect\u0103m cu contul institu\u021bional (Fig. 2).<\/p>\n\n\n\n<p><strong>Step 3:<\/strong> Dup\u0103 autentificare se va \u00eenc\u0103rca pagina Home a platformei educa\u021bionale (Fig. 3).<\/p>\n\n\n\n<figure class=\"wp-block-gallery columns-3 is-cropped\"><ul class=\"blocks-gallery-grid\"><li class=\"blocks-gallery-item\"><figure><img loading=\"lazy\" width=\"1024\" height=\"462\" src=\"https:\/\/dicd.tuiasi.ro\/wp-content\/uploads\/2021\/09\/1-11-1024x462.png\" alt=\"\" data-id=\"7885\" data-link=\"https:\/\/dicd.tuiasi.ro\/studenti\/platforma-educationala\/1-11-2\/\" class=\"wp-image-7885\" srcset=\"https:\/\/dicd.tuiasi.ro\/wp-content\/uploads\/2021\/09\/1-11-1024x462.png 1024w, https:\/\/dicd.tuiasi.ro\/wp-content\/uploads\/2021\/09\/1-11-300x135.png 300w, https:\/\/dicd.tuiasi.ro\/wp-content\/uploads\/2021\/09\/1-11-768x346.png 768w, https:\/\/dicd.tuiasi.ro\/wp-content\/uploads\/2021\/09\/1-11.png 1502w\" sizes=\"(max-width: 1024px) 100vw, 1024px\" \/><figcaption class=\"blocks-gallery-item__caption\">Fig. 1 Accesare platform\u0103<\/figcaption><\/figure><\/li><li class=\"blocks-gallery-item\"><figure><img loading=\"lazy\" width=\"1024\" height=\"662\" src=\"https:\/\/dicd.tuiasi.ro\/wp-content\/uploads\/2021\/09\/2-11-1024x662.png\" alt=\"\" data-id=\"7888\" data-link=\"https:\/\/dicd.tuiasi.ro\/studenti\/platforma-educationala\/2-11-2\/\" class=\"wp-image-7888\" srcset=\"https:\/\/dicd.tuiasi.ro\/wp-content\/uploads\/2021\/09\/2-11-1024x662.png 1024w, https:\/\/dicd.tuiasi.ro\/wp-content\/uploads\/2021\/09\/2-11-300x194.png 300w, https:\/\/dicd.tuiasi.ro\/wp-content\/uploads\/2021\/09\/2-11-768x497.png 768w, https:\/\/dicd.tuiasi.ro\/wp-content\/uploads\/2021\/09\/2-11.png 1336w\" sizes=\"(max-width: 1024px) 100vw, 1024px\" \/><figcaption class=\"blocks-gallery-item__caption\">Fig. 2 Autentificare<\/figcaption><\/figure><\/li><li class=\"blocks-gallery-item\"><figure><img loading=\"lazy\" width=\"1024\" height=\"619\" src=\"https:\/\/dicd.tuiasi.ro\/wp-content\/uploads\/2021\/09\/3-10-1024x619.png\" alt=\"\" data-id=\"7903\" data-full-url=\"https:\/\/dicd.tuiasi.ro\/wp-content\/uploads\/2021\/09\/3-10.png\" data-link=\"https:\/\/dicd.tuiasi.ro\/studenti\/platforma-educationala\/3-10-2\/\" class=\"wp-image-7903\" srcset=\"https:\/\/dicd.tuiasi.ro\/wp-content\/uploads\/2021\/09\/3-10-1024x619.png 1024w, https:\/\/dicd.tuiasi.ro\/wp-content\/uploads\/2021\/09\/3-10-300x181.png 300w, https:\/\/dicd.tuiasi.ro\/wp-content\/uploads\/2021\/09\/3-10-768x464.png 768w, https:\/\/dicd.tuiasi.ro\/wp-content\/uploads\/2021\/09\/3-10.png 1079w\" sizes=\"(max-width: 1024px) 100vw, 1024px\" \/><figcaption class=\"blocks-gallery-item__caption\">Fig. 3 Platforma educa\u021bional\u0103<\/figcaption><\/figure><\/li><\/ul><\/figure>\n\n<\/div><\/div>\n<\/div>","protected":false},"excerpt":{"rendered":"<p>Universitatea Tehnic\u0103 \u201eGheorghe Asachi\u201d din Ia\u0219i pune la dispozi\u021bie o platform\u0103 educa\u021bional\u0103 (moodle) . Platforma educa\u021bional\u0103 TUIASI con\u021bine materialele didactice aferente disciplinelor studiate \u00een cadrul Universit\u0103\u021bii Tehnice \u201eGheorghe Asachi\u201d din Ia\u0219i. Aceasta este disponibil\u0103 la adresa edu.tuiasi.ro, iar accesul se face prin intermediul contului institu\u021bional de utilizator TUIASI.<\/p>","protected":false},"author":11,"featured_media":0,"parent":6898,"menu_order":0,"comment_status":"closed","ping_status":"closed","template":"","meta":{"advgb_blocks_editor_width":"","advgb_blocks_columns_visual_guide":"","ub_ctt_via":""},"featured_image_urls":{"full":"","thumbnail":"","medium":"","medium_large":"","large":"","1536x1536":"","2048x2048":"","trp-custom-language-flag":"","post-thumbnail":""},"post_excerpt_stackable":"<p>Universitatea Tehnic\u0103 \u201eGheorghe Asachi\u201d din Ia\u0219i pune la dispozi\u021bie o platform\u0103 educa\u021bional\u0103 (moodle) . Platforma educa\u021bional\u0103 TUIASI con\u021bine materialele didactice aferente disciplinelor studiate \u00een cadrul Universit\u0103\u021bii Tehnice \u201eGheorghe Asachi\u201d din Ia\u0219i. Aceasta este disponibil\u0103 la adresa edu.tuiasi.ro, iar accesul se face prin intermediul contului institu\u021bional de utilizator TUIASI. Conectare Pasul 1: Acces\u0103m adresa edu.tuiasi.ro, unde va trebui s\u0103 ap\u0103s\u0103m pe butonul &#8222;Autentificare prin contul TUIASI&#8221; (Fig. 1). Pasul 2: Vom fi automat redirec\u021biona\u021bi pentru autentificare pe site-ul dedicat Managementului Identit\u0103\u021bii TUIASI unde va trebui s\u0103 ne conect\u0103m cu contul institu\u021bional (Fig. 2). Pasul 3: Dup\u0103 autentificare se va \u00eenc\u0103rca pagina&hellip;<\/p>\n","category_list":"","author_info":{"name":"Gheorghita BUTNARU","url":"https:\/\/dicd.tuiasi.ro\/en\/author\/gbutnaru\/"},"comments_num":"0 comments","featured_image_src":null,"coauthors":[],"author_meta":{"author_link":"https:\/\/dicd.tuiasi.ro\/en\/author\/gbutnaru\/","display_name":"Gheorghita BUTNARU"},"relative_dates":{"created":"Posted 5 years ago","modified":"Updated 5 years ago"},"absolute_dates":{"created":"Posted on 2 July 2021","modified":"Updated on 22 September 2021"},"absolute_dates_time":{"created":"Posted on 2 July 2021 10:59","modified":"Updated on 22 September 2021 16:54"},"featured_img_caption":"","_links":{"self":[{"href":"https:\/\/dicd.tuiasi.ro\/en\/wp-json\/wp\/v2\/pages\/4271"}],"collection":[{"href":"https:\/\/dicd.tuiasi.ro\/en\/wp-json\/wp\/v2\/pages"}],"about":[{"href":"https:\/\/dicd.tuiasi.ro\/en\/wp-json\/wp\/v2\/types\/page"}],"author":[{"embeddable":true,"href":"https:\/\/dicd.tuiasi.ro\/en\/wp-json\/wp\/v2\/users\/11"}],"replies":[{"embeddable":true,"href":"https:\/\/dicd.tuiasi.ro\/en\/wp-json\/wp\/v2\/comments?post=4271"}],"version-history":[{"count":12,"href":"https:\/\/dicd.tuiasi.ro\/en\/wp-json\/wp\/v2\/pages\/4271\/revisions"}],"predecessor-version":[{"id":7909,"href":"https:\/\/dicd.tuiasi.ro\/en\/wp-json\/wp\/v2\/pages\/4271\/revisions\/7909"}],"up":[{"embeddable":true,"href":"https:\/\/dicd.tuiasi.ro\/en\/wp-json\/wp\/v2\/pages\/6898"}],"wp:attachment":[{"href":"https:\/\/dicd.tuiasi.ro\/en\/wp-json\/wp\/v2\/media?parent=4271"}],"curies":[{"name":"wp","href":"https:\/\/api.w.org\/{rel}","templated":true}]}}