{"id":4319,"date":"2021-07-02T11:35:42","date_gmt":"2021-07-02T09:35:42","guid":{"rendered":"https:\/\/dicd.tuiasi.ro\/?page_id=4319"},"modified":"2025-03-18T09:07:26","modified_gmt":"2025-03-18T07:07:26","slug":"administrare-site","status":"publish","type":"page","link":"https:\/\/dicd.tuiasi.ro\/en\/angajati\/administrare-site\/","title":{"rendered":"Administrare Site"},"content":{"rendered":"<p>Pentru a putea administra site-ul dumneavoastr\u0103, trebuie s\u0103 v\u0103 conecta\u021bi la una dintre ma\u0219inile pe care se afl\u0103 site-ul. Pentru a face acest lucru trebuie s\u0103 urma\u021bi pa\u0219ii de mai jos.<\/p>\n\n\n<div class=\"wp-block-ub-content-toggle\" id=\"ub-content-toggle-a9c69e65-4f03-4462-988e-985c61f7740a\">\n<div id=\"\" class=\"wp-block-ub-content-toggle-accordion\">\n                <div class=\"wp-block-ub-content-toggle-accordion-title-wrap\" aria-expanded=\"false\" aria-controls=\"ub-content-toggle-panel-0-a9c69e65-4f03-4462-988e-985c61f7740a\" tabindex=\"0\">\n                    <p class=\"wp-block-ub-content-toggle-accordion-title ub-content-toggle-title-a9c69e65-4f03-4462-988e-985c61f7740a\">Desc\u0103rcare \u0219i instalare WinSCP<\/p><div class=\"wp-block-ub-content-toggle-accordion-toggle-wrap right\"><span class=\"wp-block-ub-content-toggle-accordion-state-indicator wp-block-ub-chevron-down\"><\/span>\n                    <\/div><\/div><div role=\"region\" class=\"wp-block-ub-content-toggle-accordion-content-wrap ub-hide\" id=\"ub-content-toggle-panel-0-a9c69e65-4f03-4462-988e-985c61f7740a\">\n\n<p><strong>Step 1:<\/strong> Trebuie s\u0103 desc\u0103rc\u0103m programul WinSCP de la adresa: <a href=\"https:\/\/winscp.net\">https:\/\/winscp.net<\/a><\/p>\n\n\n\n<p><strong>Step 2: <\/strong>Deschidem executabilul desc\u0103rcat \u0219i vom alege &#8222;<strong>Install for all users (recommended)<\/strong>&#8221; (Fig. 1).<\/p>\n\n\n\n<p><strong>Step 3:<\/strong> Press the button \"<strong>Accept<\/strong>&#8221; (Fig. 2), apoi pe &#8222;<strong>Next<\/strong>&#8221; (Fig. 3) \u0219i la final pe &#8222;<strong>Install<\/strong>&#8221; (Fig. 4). Dup\u0103 ce instalarea a fost realizata putem \u00eenchide fereastra.<\/p>\n\n\n\n<figure class=\"wp-block-gallery columns-3 is-cropped\"><ul class=\"blocks-gallery-grid\"><li class=\"blocks-gallery-item\"><figure><img loading=\"lazy\" width=\"350\" height=\"253\" src=\"https:\/\/dicd.tuiasi.ro\/wp-content\/uploads\/2021\/07\/1-23.png\" alt=\"\" data-id=\"4895\" data-full-url=\"https:\/\/dicd.tuiasi.ro\/wp-content\/uploads\/2021\/07\/1-23.png\" data-link=\"https:\/\/dicd.tuiasi.ro\/angajati\/administrare-site\/1-23\/\" class=\"wp-image-4895\" srcset=\"https:\/\/dicd.tuiasi.ro\/wp-content\/uploads\/2021\/07\/1-23.png 350w, https:\/\/dicd.tuiasi.ro\/wp-content\/uploads\/2021\/07\/1-23-300x217.png 300w\" sizes=\"(max-width: 350px) 100vw, 350px\" \/><figcaption class=\"blocks-gallery-item__caption\">Fig. 1 Install for all users<\/figcaption><\/figure><\/li><li class=\"blocks-gallery-item\"><figure><img loading=\"lazy\" width=\"596\" height=\"460\" src=\"https:\/\/dicd.tuiasi.ro\/wp-content\/uploads\/2021\/07\/2-14.png\" alt=\"\" data-id=\"4898\" data-full-url=\"https:\/\/dicd.tuiasi.ro\/wp-content\/uploads\/2021\/07\/2-14.png\" data-link=\"https:\/\/dicd.tuiasi.ro\/angajati\/administrare-site\/2-14\/\" class=\"wp-image-4898\" srcset=\"https:\/\/dicd.tuiasi.ro\/wp-content\/uploads\/2021\/07\/2-14.png 596w, https:\/\/dicd.tuiasi.ro\/wp-content\/uploads\/2021\/07\/2-14-300x232.png 300w\" sizes=\"(max-width: 596px) 100vw, 596px\" \/><figcaption class=\"blocks-gallery-item__caption\">Fig. 2 Acceptare condi\u021bii<\/figcaption><\/figure><\/li><li class=\"blocks-gallery-item\"><figure><img loading=\"lazy\" width=\"597\" height=\"463\" src=\"https:\/\/dicd.tuiasi.ro\/wp-content\/uploads\/2021\/07\/3-9.png\" alt=\"\" data-id=\"4901\" data-full-url=\"https:\/\/dicd.tuiasi.ro\/wp-content\/uploads\/2021\/07\/3-9.png\" data-link=\"https:\/\/dicd.tuiasi.ro\/angajati\/administrare-site\/3-9\/\" class=\"wp-image-4901\" srcset=\"https:\/\/dicd.tuiasi.ro\/wp-content\/uploads\/2021\/07\/3-9.png 597w, https:\/\/dicd.tuiasi.ro\/wp-content\/uploads\/2021\/07\/3-9-300x233.png 300w\" sizes=\"(max-width: 597px) 100vw, 597px\" \/><figcaption class=\"blocks-gallery-item__caption\">Fig. 3 Continuare instalare<\/figcaption><\/figure><\/li><li class=\"blocks-gallery-item\"><figure><img loading=\"lazy\" width=\"596\" height=\"462\" src=\"https:\/\/dicd.tuiasi.ro\/wp-content\/uploads\/2021\/07\/4-6.png\" alt=\"\" data-id=\"4904\" data-full-url=\"https:\/\/dicd.tuiasi.ro\/wp-content\/uploads\/2021\/07\/4-6.png\" data-link=\"https:\/\/dicd.tuiasi.ro\/angajati\/administrare-site\/4-6\/\" class=\"wp-image-4904\" srcset=\"https:\/\/dicd.tuiasi.ro\/wp-content\/uploads\/2021\/07\/4-6.png 596w, https:\/\/dicd.tuiasi.ro\/wp-content\/uploads\/2021\/07\/4-6-300x233.png 300w\" sizes=\"(max-width: 596px) 100vw, 596px\" \/><figcaption class=\"blocks-gallery-item__caption\">Fig. 4 Instalare<\/figcaption><\/figure><\/li><\/ul><\/figure>\n\n<\/div><\/div>\n<\/div>\n\n<div class=\"wp-block-ub-content-toggle\" id=\"ub-content-toggle-f1218b00-0f1a-4105-87dc-2946eec59f12\">\n<div id=\"\" class=\"wp-block-ub-content-toggle-accordion\">\n                <div class=\"wp-block-ub-content-toggle-accordion-title-wrap\" aria-expanded=\"false\" aria-controls=\"ub-content-toggle-panel-0-f1218b00-0f1a-4105-87dc-2946eec59f12\" tabindex=\"0\">\n                    <p class=\"wp-block-ub-content-toggle-accordion-title ub-content-toggle-title-f1218b00-0f1a-4105-87dc-2946eec59f12\">Administrare fi\u0219iere<\/p><div class=\"wp-block-ub-content-toggle-accordion-toggle-wrap right\"><span class=\"wp-block-ub-content-toggle-accordion-state-indicator wp-block-ub-chevron-down\"><\/span>\n                    <\/div><\/div><div role=\"region\" class=\"wp-block-ub-content-toggle-accordion-content-wrap ub-hide\" id=\"ub-content-toggle-panel-0-f1218b00-0f1a-4105-87dc-2946eec59f12\">\n\n<p>Accesul poate fi realizat dac\u0103 sunte\u021bi conectat la re\u021beaua Universit\u0103\u021bii sau din afara acesteia prin intermediul <a rel=\"noreferrer noopener\" href=\"https:\/\/dicd.tuiasi.ro\/en\/angajati\/lucru-de-la-distanta\/\" target=\"_blank\"><strong>VPN-ului<\/strong><\/a>.<\/p>\n\n\n\n<p><strong>Step 1:<\/strong> \u00cen fereastra principal\u0103 trebuie s\u0103 complet\u0103m urm\u0103toarele c\u00e2mpuri:<\/p>\n\n\n\n<pre class=\"wp-block-code\"><code>Hostname: www.adresa-site.tuiasi.ro\nUsername: Numele contului care detine acest site\nPassword: Parola contului<\/code><\/pre>\n\n\n\n<p>Dup\u0103 ce ne-am asigurat c\u0103 datele sunt corecte, aps\u0103s\u0103m pe butonul &#8222;<strong>Login<\/strong>&#8221; (Fig. 5)<\/p>\n\n\n\n<p><span style=\"color: #767676;\" class=\"ugb-highlight\">*Pentru prima conexiune realizat\u0103 va trebui s\u0103 accept\u0103m conexiunea la un server necunoscut.<\/span><\/p>\n\n\n\n<p><strong>Step 2:<\/strong> \u00cen fereastra deschis\u0103 intr\u0103m \u00een directorul <strong>web\/nume_site\/html<\/strong>, unde adaug\u0103m con\u021binutul prin drag and drop sau navig\u00e2nd c\u0103tre fi\u0219erul dorit, \u00een fereastra din st\u00e2nga, urc\u00e2ndu-l ap\u0103s\u00e2nd tasta <strong>F5<\/strong> (Fig. 6). Fi\u0219ierele \u00eenc\u0103rcate pot fi v\u0103zute din browser acces\u00e2nd <strong>www.adresa-site.tuiasi.ro<\/strong>.<\/p>\n\n\n\n<figure class=\"wp-block-gallery columns-2 is-cropped\"><ul class=\"blocks-gallery-grid\"><li class=\"blocks-gallery-item\"><figure><img loading=\"lazy\" width=\"623\" height=\"423\" src=\"https:\/\/dicd.tuiasi.ro\/wp-content\/uploads\/2021\/07\/5-6.png\" alt=\"\" data-id=\"4907\" data-full-url=\"https:\/\/dicd.tuiasi.ro\/wp-content\/uploads\/2021\/07\/5-6.png\" data-link=\"https:\/\/dicd.tuiasi.ro\/angajati\/administrare-site\/5-6\/\" class=\"wp-image-4907\" srcset=\"https:\/\/dicd.tuiasi.ro\/wp-content\/uploads\/2021\/07\/5-6.png 623w, https:\/\/dicd.tuiasi.ro\/wp-content\/uploads\/2021\/07\/5-6-300x204.png 300w\" sizes=\"(max-width: 623px) 100vw, 623px\" \/><figcaption class=\"blocks-gallery-item__caption\">Fig. 5 Conectare<\/figcaption><\/figure><\/li><li class=\"blocks-gallery-item\"><figure><img loading=\"lazy\" width=\"707\" height=\"719\" src=\"https:\/\/dicd.tuiasi.ro\/wp-content\/uploads\/2021\/07\/6-3.png\" alt=\"\" data-id=\"4910\" data-full-url=\"https:\/\/dicd.tuiasi.ro\/wp-content\/uploads\/2021\/07\/6-3.png\" data-link=\"https:\/\/dicd.tuiasi.ro\/angajati\/administrare-site\/6-3\/\" class=\"wp-image-4910\" srcset=\"https:\/\/dicd.tuiasi.ro\/wp-content\/uploads\/2021\/07\/6-3.png 707w, https:\/\/dicd.tuiasi.ro\/wp-content\/uploads\/2021\/07\/6-3-295x300.png 295w\" sizes=\"(max-width: 707px) 100vw, 707px\" \/><figcaption class=\"blocks-gallery-item__caption\">Fig. 6 \u00cenc\u0103rcare fi\u0219iere<\/figcaption><\/figure><\/li><\/ul><\/figure>\n\n\n\n<p><br><strong>Obs<\/strong>: Accesul prin intermediul VPN-ului trebuie cerut explicit prin deschiderea unui <a href=\"https:\/\/support.tuiasi.ro\" data-type=\"URL\" data-id=\"https:\/\/support.tuiasi.ro\"><strong>ticket<\/strong><\/a> \u0219i completarea formularului <strong><a rel=\"noreferrer noopener\" href=\"https:\/\/docs.google.com\/forms\/d\/e\/1FAIpQLSeh2z18WxeW5_OpCrlAFkV1NASxg8z6O4T1NMXTFzcKIEdrcA\/viewform\" target=\"_blank\">Administrator WEB<\/a><\/strong>.<\/p>\n\n<\/div><\/div>\n<\/div>\n\n<div class=\"wp-block-ub-content-toggle\" id=\"ub-content-toggle-e60a0b4a-e12b-4c68-9e59-0cbf7e9e4ea9\">\n<div id=\"\" class=\"wp-block-ub-content-toggle-accordion\">\n                <div class=\"wp-block-ub-content-toggle-accordion-title-wrap\" aria-expanded=\"false\" aria-controls=\"ub-content-toggle-panel-0-e60a0b4a-e12b-4c68-9e59-0cbf7e9e4ea9\" tabindex=\"0\">\n                    <p class=\"wp-block-ub-content-toggle-accordion-title ub-content-toggle-title-e60a0b4a-e12b-4c68-9e59-0cbf7e9e4ea9\">Op\u021bional: Salvare date conexiune<\/p><div class=\"wp-block-ub-content-toggle-accordion-toggle-wrap right\"><span class=\"wp-block-ub-content-toggle-accordion-state-indicator wp-block-ub-chevron-down\"><\/span>\n                    <\/div><\/div><div role=\"region\" class=\"wp-block-ub-content-toggle-accordion-content-wrap ub-hide\" id=\"ub-content-toggle-panel-0-e60a0b4a-e12b-4c68-9e59-0cbf7e9e4ea9\">\n\n<p>Se poate opta pentru salvarea site-ului pentru a facilita viitoarele acces\u0103ri nefiind nevoie s\u0103 introduce\u021bi mereu Hostname \u0219i Username. Pentru asta se procedeaz\u0103 astfel:<\/p>\n\n\n\n<p><strong>Step 1:<\/strong> \u00cen fereastra principal\u0103 trebuie s\u0103 complet\u0103m urm\u0103toarele c\u00e2mpuri:<\/p>\n\n\n\n<pre class=\"wp-block-code\"><code>Hostname: www.adresa-site.tuiasi.ro\nUsername: Numele contului care detine acest site\nPassword: Parola contului<\/code><\/pre>\n\n\n\n<p><strong>Step 2:<\/strong> Se apas\u0103 butonul <strong>Save<\/strong> dup\u0103 care se alege un nume pentru respectivul Website (Acest nume este valabil doar \u00een interiorul WinSCP). Dup\u0103 ce am introdus toate datele, ap\u0103s\u0103m pe butonul &#8222;<strong>Ok<\/strong>&#8221; (Fig. 7).<\/p>\n\n\n\n<p><strong>Step 3:<\/strong> Atunci c\u00e2nd vrem s\u0103 ne conect\u0103m la respectivul WebSite trebuie doar s\u0103 \u00eel select\u0103m din lista de site-uri (partea st\u00e2ng\u0103), s\u0103 ap\u0103s\u0103m butonul <strong>login<\/strong>, iar \u00een fereastra nou deschis\u0103 s\u0103 introducem parola contului respectiv urmat\u0103 de butonul<strong> OK <\/strong>(Fig. 8)<strong>. <\/strong><\/p>\n\n\n\n<figure class=\"wp-block-gallery columns-2 is-cropped\"><ul class=\"blocks-gallery-grid\"><li class=\"blocks-gallery-item\"><figure><img loading=\"lazy\" width=\"329\" height=\"209\" src=\"https:\/\/dicd.tuiasi.ro\/wp-content\/uploads\/2021\/07\/7-4.png\" alt=\"\" data-id=\"4934\" data-full-url=\"https:\/\/dicd.tuiasi.ro\/wp-content\/uploads\/2021\/07\/7-4.png\" data-link=\"https:\/\/dicd.tuiasi.ro\/angajati\/administrare-site\/7-4\/\" class=\"wp-image-4934\" srcset=\"https:\/\/dicd.tuiasi.ro\/wp-content\/uploads\/2021\/07\/7-4.png 329w, https:\/\/dicd.tuiasi.ro\/wp-content\/uploads\/2021\/07\/7-4-300x191.png 300w\" sizes=\"(max-width: 329px) 100vw, 329px\" \/><figcaption class=\"blocks-gallery-item__caption\">Fig. 7 Salvare conexiune<\/figcaption><\/figure><\/li><li class=\"blocks-gallery-item\"><figure><img loading=\"lazy\" width=\"620\" height=\"419\" src=\"https:\/\/dicd.tuiasi.ro\/wp-content\/uploads\/2021\/07\/8.png\" alt=\"\" data-id=\"4937\" data-full-url=\"https:\/\/dicd.tuiasi.ro\/wp-content\/uploads\/2021\/07\/8.png\" data-link=\"https:\/\/dicd.tuiasi.ro\/angajati\/administrare-site\/8-2\/\" class=\"wp-image-4937\" srcset=\"https:\/\/dicd.tuiasi.ro\/wp-content\/uploads\/2021\/07\/8.png 620w, https:\/\/dicd.tuiasi.ro\/wp-content\/uploads\/2021\/07\/8-300x203.png 300w\" sizes=\"(max-width: 620px) 100vw, 620px\" \/><figcaption class=\"blocks-gallery-item__caption\">Fig. 8 Accesare conexiune salvat\u0103<\/figcaption><\/figure><\/li><\/ul><\/figure>\n\n<\/div><\/div>\n<\/div>\n\n\n<p><\/p>","protected":false},"excerpt":{"rendered":"<p>Pentru a putea administra site-ul dumneavoastr\u0103, trebuie s\u0103 v\u0103 conecta\u021bi la una dintre ma\u0219inile pe care se afl\u0103 site-ul. Pentru a face acest lucru trebuie s\u0103 urma\u021bi pa\u0219ii de mai jos.<\/p>","protected":false},"author":11,"featured_media":0,"parent":7699,"menu_order":0,"comment_status":"closed","ping_status":"closed","template":"pagina-prezentare.php","meta":{"advgb_blocks_editor_width":"","advgb_blocks_columns_visual_guide":"","ub_ctt_via":""},"featured_image_urls":{"full":"","thumbnail":"","medium":"","medium_large":"","large":"","1536x1536":"","2048x2048":"","trp-custom-language-flag":"","post-thumbnail":""},"post_excerpt_stackable":"<p>Pentru a putea administra site-ul dumneavoastr\u0103, trebuie s\u0103 v\u0103 conecta\u021bi la una dintre ma\u0219inile pe care se afl\u0103 site-ul. Pentru a face acest lucru trebuie s\u0103 urma\u021bi pa\u0219ii de mai jos. Desc\u0103rcare \u0219i instalare WinSCP Pasul 1: Trebuie s\u0103 desc\u0103rc\u0103m programul WinSCP de la adresa: https:\/\/winscp.net Pasul 2: Deschidem executabilul desc\u0103rcat \u0219i vom alege &#8222;Install for all users (recommended)&#8221; (Fig. 1). Pasul 3: Ap\u0103s\u0103m pe butonul &#8222;Accept&#8221; (Fig. 2), apoi pe &#8222;Next&#8221; (Fig. 3) \u0219i la final pe &#8222;Install&#8221; (Fig. 4). Dup\u0103 ce instalarea a fost realizata putem \u00eenchide fereastra. Fig. 1 Install for all usersFig. 2 Acceptare condi\u021biiFig. 3&hellip;<\/p>\n","category_list":"","author_info":{"name":"Gheorghita BUTNARU","url":"https:\/\/dicd.tuiasi.ro\/en\/author\/gbutnaru\/"},"comments_num":"0 comments","featured_image_src":null,"coauthors":[],"author_meta":{"author_link":"https:\/\/dicd.tuiasi.ro\/en\/author\/gbutnaru\/","display_name":"Gheorghita BUTNARU"},"relative_dates":{"created":"Posted 5 years ago","modified":"Updated 1 year ago"},"absolute_dates":{"created":"Posted on 2 July 2021","modified":"Updated on 18 March 2025"},"absolute_dates_time":{"created":"Posted on 2 July 2021 11:35","modified":"Updated on 18 March 2025 09:07"},"featured_img_caption":"","_links":{"self":[{"href":"https:\/\/dicd.tuiasi.ro\/en\/wp-json\/wp\/v2\/pages\/4319"}],"collection":[{"href":"https:\/\/dicd.tuiasi.ro\/en\/wp-json\/wp\/v2\/pages"}],"about":[{"href":"https:\/\/dicd.tuiasi.ro\/en\/wp-json\/wp\/v2\/types\/page"}],"author":[{"embeddable":true,"href":"https:\/\/dicd.tuiasi.ro\/en\/wp-json\/wp\/v2\/users\/11"}],"replies":[{"embeddable":true,"href":"https:\/\/dicd.tuiasi.ro\/en\/wp-json\/wp\/v2\/comments?post=4319"}],"version-history":[{"count":12,"href":"https:\/\/dicd.tuiasi.ro\/en\/wp-json\/wp\/v2\/pages\/4319\/revisions"}],"predecessor-version":[{"id":12797,"href":"https:\/\/dicd.tuiasi.ro\/en\/wp-json\/wp\/v2\/pages\/4319\/revisions\/12797"}],"up":[{"embeddable":true,"href":"https:\/\/dicd.tuiasi.ro\/en\/wp-json\/wp\/v2\/pages\/7699"}],"wp:attachment":[{"href":"https:\/\/dicd.tuiasi.ro\/en\/wp-json\/wp\/v2\/media?parent=4319"}],"curies":[{"name":"wp","href":"https:\/\/api.w.org\/{rel}","templated":true}]}}