{"id":5123,"date":"2021-07-16T10:32:09","date_gmt":"2021-07-16T08:32:09","guid":{"rendered":"https:\/\/dicd.tuiasi.ro\/?page_id=5123"},"modified":"2021-07-16T12:23:45","modified_gmt":"2021-07-16T10:23:45","slug":"determinarea-adresei-mac","status":"publish","type":"page","link":"https:\/\/dicd.tuiasi.ro\/en\/angajati\/conectare-la-retea-prin-cablu-old\/determinarea-adresei-mac\/","title":{"rendered":"Determinarea adresei MAC"},"content":{"rendered":"<hr class=\"wp-block-separator\"\/>\n\n\n\n<p>Mai jos ve\u021bi g\u0103si instruc\u021biunile pe care trebuie s\u0103 le urma\u021bi \u00eenainte de a completa <strong>cererea de conectare a resurselor de calcul\/comunica\u0163ie<\/strong>. Ace\u0219ti pa\u0219i sunt importan\u021bi, deoarece conectarea la re\u021bea se va face pe baza adresei MAC.<\/p>\n\n\n<div class=\"wp-block-ub-content-toggle\" id=\"ub-content-toggle-8bedf886-e174-4e88-a561-7d7edcbe8876\">\n<div id=\"\" class=\"wp-block-ub-content-toggle-accordion\">\n                <div class=\"wp-block-ub-content-toggle-accordion-title-wrap\" aria-expanded=\"false\" aria-controls=\"ub-content-toggle-panel-0-8bedf886-e174-4e88-a561-7d7edcbe8876\" tabindex=\"0\">\n                    <p class=\"wp-block-ub-content-toggle-accordion-title ub-content-toggle-title-8bedf886-e174-4e88-a561-7d7edcbe8876\">Windows<\/p><div class=\"wp-block-ub-content-toggle-accordion-toggle-wrap right\"><span class=\"wp-block-ub-content-toggle-accordion-state-indicator wp-block-ub-chevron-down\"><\/span>\n                    <\/div><\/div><div role=\"region\" class=\"wp-block-ub-content-toggle-accordion-content-wrap ub-hide\" id=\"ub-content-toggle-panel-0-8bedf886-e174-4e88-a561-7d7edcbe8876\">\n\n<p><strong>Step 1:<\/strong> Press the button \"<strong>Start<\/strong>&#8221; \u0219i tast\u0103m &#8222;<strong>cmd<\/strong>&#8221; \u00een bara de c\u0103utare. Deschidem fereastra ca administrator cu click dreapta pe intrarea &#8222;<strong>Command Prompt<\/strong>&#8221; \u0219i select\u0103m &#8222;<strong>Run as administrator<\/strong>&#8221; (Fig. 1).<\/p>\n\n\n\n<p><strong>Step 2:<\/strong> Se va deschide o fereastr\u0103 \u00een care va trebui s\u0103 tast\u0103m comanda &#8222;<strong>ipconfig \/all<\/strong>&#8221; (Fig. 2), dup\u0103 care vom ap\u0103sa pe butonul <strong>Enter<\/strong>.<\/p>\n\n\n\n<p><strong>Step 3:<\/strong> Not\u0103m adresa MAC din sec\u021biunea &#8222;<strong>Ethernet adapter Ethernet<\/strong>&#8222;, linia &#8222;<strong>Physical Address<\/strong>&#8221; (Fig. 3).<\/p>\n\n\n\n<figure class=\"wp-block-gallery columns-3 is-cropped\"><ul class=\"blocks-gallery-grid\"><li class=\"blocks-gallery-item\"><figure><img loading=\"lazy\" width=\"781\" height=\"639\" src=\"https:\/\/dicd.tuiasi.ro\/wp-content\/uploads\/2021\/07\/1-24.png\" alt=\"\" data-id=\"5147\" data-full-url=\"https:\/\/dicd.tuiasi.ro\/wp-content\/uploads\/2021\/07\/1-24.png\" data-link=\"https:\/\/dicd.tuiasi.ro\/angajati\/conectare-la-retea-prin-fir\/determinarea-adresei-mac\/1-24\/\" class=\"wp-image-5147\" srcset=\"https:\/\/dicd.tuiasi.ro\/wp-content\/uploads\/2021\/07\/1-24.png 781w, https:\/\/dicd.tuiasi.ro\/wp-content\/uploads\/2021\/07\/1-24-300x245.png 300w, https:\/\/dicd.tuiasi.ro\/wp-content\/uploads\/2021\/07\/1-24-768x628.png 768w\" sizes=\"(max-width: 781px) 100vw, 781px\" \/><figcaption class=\"blocks-gallery-item__caption\">Fig. 1 Deschidere CMD<\/figcaption><\/figure><\/li><li class=\"blocks-gallery-item\"><figure><img loading=\"lazy\" width=\"669\" height=\"726\" src=\"https:\/\/dicd.tuiasi.ro\/wp-content\/uploads\/2021\/07\/2-15.png\" alt=\"\" data-id=\"5150\" data-full-url=\"https:\/\/dicd.tuiasi.ro\/wp-content\/uploads\/2021\/07\/2-15.png\" data-link=\"https:\/\/dicd.tuiasi.ro\/angajati\/conectare-la-retea-prin-fir\/determinarea-adresei-mac\/2-15\/\" class=\"wp-image-5150\" srcset=\"https:\/\/dicd.tuiasi.ro\/wp-content\/uploads\/2021\/07\/2-15.png 669w, https:\/\/dicd.tuiasi.ro\/wp-content\/uploads\/2021\/07\/2-15-276x300.png 276w\" sizes=\"(max-width: 669px) 100vw, 669px\" \/><figcaption class=\"blocks-gallery-item__caption\">Fig. 2 ipconfig \/all<\/figcaption><\/figure><\/li><li class=\"blocks-gallery-item\"><figure><img loading=\"lazy\" width=\"669\" height=\"726\" src=\"https:\/\/dicd.tuiasi.ro\/wp-content\/uploads\/2021\/07\/3-10.png\" alt=\"\" data-id=\"5153\" data-full-url=\"https:\/\/dicd.tuiasi.ro\/wp-content\/uploads\/2021\/07\/3-10.png\" data-link=\"https:\/\/dicd.tuiasi.ro\/angajati\/conectare-la-retea-prin-fir\/determinarea-adresei-mac\/3-10\/\" class=\"wp-image-5153\" srcset=\"https:\/\/dicd.tuiasi.ro\/wp-content\/uploads\/2021\/07\/3-10.png 669w, https:\/\/dicd.tuiasi.ro\/wp-content\/uploads\/2021\/07\/3-10-276x300.png 276w\" sizes=\"(max-width: 669px) 100vw, 669px\" \/><figcaption class=\"blocks-gallery-item__caption\">Fig. 3 Adresa MAC<\/figcaption><\/figure><\/li><\/ul><\/figure>\n\n<\/div><\/div>\n<\/div>\n\n<div class=\"wp-block-ub-content-toggle\" id=\"ub-content-toggle-aafff396-5a29-4438-bd50-059c59282a53\">\n<div id=\"\" class=\"wp-block-ub-content-toggle-accordion\">\n                <div class=\"wp-block-ub-content-toggle-accordion-title-wrap\" aria-expanded=\"false\" aria-controls=\"ub-content-toggle-panel-0-aafff396-5a29-4438-bd50-059c59282a53\" tabindex=\"0\">\n                    <p class=\"wp-block-ub-content-toggle-accordion-title ub-content-toggle-title-aafff396-5a29-4438-bd50-059c59282a53\">macOS<\/p><div class=\"wp-block-ub-content-toggle-accordion-toggle-wrap right\"><span class=\"wp-block-ub-content-toggle-accordion-state-indicator wp-block-ub-chevron-down\"><\/span>\n                    <\/div><\/div><div role=\"region\" class=\"wp-block-ub-content-toggle-accordion-content-wrap ub-hide\" id=\"ub-content-toggle-panel-0-aafff396-5a29-4438-bd50-059c59282a53\">\n\n<p><strong>Step 1:<\/strong> G\u0103si\u021bi \u0219i deschide\u021bi terminalul din <strong>Aplica\u021bii<\/strong> &gt; <strong>Utilit\u0103\u021bi<\/strong> &gt; <strong>Terminal<\/strong>.<\/p>\n\n\n\n<p><strong>Step 2:<\/strong> Tasta\u021bi urm\u0103toarea comand\u0103 : &#8222;<strong>ifconfig<\/strong>&#8221; (Fig. 4).<\/p>\n\n\n\n<p><strong>Step 3:<\/strong> Nota\u021bi adesa MAC din sec\u021biunea &#8222;<strong>en0<\/strong>&#8222;, linia &#8222;<strong>ether<\/strong>&#8221; (Fig. 5).<\/p>\n\n\n\n<figure class=\"wp-block-gallery columns-2 is-cropped\"><ul class=\"blocks-gallery-grid\"><li class=\"blocks-gallery-item\"><figure><img loading=\"lazy\" width=\"549\" height=\"342\" src=\"https:\/\/dicd.tuiasi.ro\/wp-content\/uploads\/2021\/07\/1-25.png\" alt=\"\" data-id=\"5162\" data-full-url=\"https:\/\/dicd.tuiasi.ro\/wp-content\/uploads\/2021\/07\/1-25.png\" data-link=\"https:\/\/dicd.tuiasi.ro\/angajati\/conectare-la-retea-prin-fir\/determinarea-adresei-mac\/1-25\/\" class=\"wp-image-5162\" srcset=\"https:\/\/dicd.tuiasi.ro\/wp-content\/uploads\/2021\/07\/1-25.png 549w, https:\/\/dicd.tuiasi.ro\/wp-content\/uploads\/2021\/07\/1-25-300x187.png 300w\" sizes=\"(max-width: 549px) 100vw, 549px\" \/><figcaption class=\"blocks-gallery-item__caption\">Fig. 4 ifconfig<\/figcaption><\/figure><\/li><li class=\"blocks-gallery-item\"><figure><img loading=\"lazy\" width=\"549\" height=\"342\" src=\"https:\/\/dicd.tuiasi.ro\/wp-content\/uploads\/2021\/07\/2-16.png\" alt=\"\" data-id=\"5165\" data-full-url=\"https:\/\/dicd.tuiasi.ro\/wp-content\/uploads\/2021\/07\/2-16.png\" data-link=\"https:\/\/dicd.tuiasi.ro\/angajati\/conectare-la-retea-prin-fir\/determinarea-adresei-mac\/2-16\/\" class=\"wp-image-5165\" srcset=\"https:\/\/dicd.tuiasi.ro\/wp-content\/uploads\/2021\/07\/2-16.png 549w, https:\/\/dicd.tuiasi.ro\/wp-content\/uploads\/2021\/07\/2-16-300x187.png 300w\" sizes=\"(max-width: 549px) 100vw, 549px\" \/><figcaption class=\"blocks-gallery-item__caption\">Fig. 5 Adresa MAC<\/figcaption><\/figure><\/li><\/ul><\/figure>\n\n<\/div><\/div>\n<\/div>\n\n<div class=\"wp-block-ub-content-toggle\" id=\"ub-content-toggle-fe6cebaa-8b9f-4c1c-af3c-2c2dd47a5326\">\n<div id=\"\" class=\"wp-block-ub-content-toggle-accordion\">\n                <div class=\"wp-block-ub-content-toggle-accordion-title-wrap\" aria-expanded=\"false\" aria-controls=\"ub-content-toggle-panel-0-fe6cebaa-8b9f-4c1c-af3c-2c2dd47a5326\" tabindex=\"0\">\n                    <p class=\"wp-block-ub-content-toggle-accordion-title ub-content-toggle-title-fe6cebaa-8b9f-4c1c-af3c-2c2dd47a5326\">Linux<\/p><div class=\"wp-block-ub-content-toggle-accordion-toggle-wrap right\"><span class=\"wp-block-ub-content-toggle-accordion-state-indicator wp-block-ub-chevron-down\"><\/span>\n                    <\/div><\/div><div role=\"region\" class=\"wp-block-ub-content-toggle-accordion-content-wrap ub-hide\" id=\"ub-content-toggle-panel-0-fe6cebaa-8b9f-4c1c-af3c-2c2dd47a5326\">\n\n<p><strong>Step 1:<\/strong> Deschide\u021bi terminalul \u0219i tasta\u021bi comanda &#8222;<strong>ifconfig<\/strong>&#8221; (Fig. 6).<\/p>\n\n\n\n<p><strong>Step 2:<\/strong> Nota\u021bi adesa MAC din sec\u021biunea &#8222;<strong>eno1<\/strong>&#8222;, linia &#8222;<strong>ether<\/strong>&#8221; (Fig. 7).<\/p>\n\n\n\n<figure class=\"wp-block-gallery columns-2 is-cropped\"><ul class=\"blocks-gallery-grid\"><li class=\"blocks-gallery-item\"><figure><img loading=\"lazy\" width=\"708\" height=\"653\" src=\"https:\/\/dicd.tuiasi.ro\/wp-content\/uploads\/2021\/07\/1-26.png\" alt=\"\" data-id=\"5174\" data-full-url=\"https:\/\/dicd.tuiasi.ro\/wp-content\/uploads\/2021\/07\/1-26.png\" data-link=\"https:\/\/dicd.tuiasi.ro\/angajati\/conectare-la-retea-prin-fir\/determinarea-adresei-mac\/1-26\/\" class=\"wp-image-5174\" srcset=\"https:\/\/dicd.tuiasi.ro\/wp-content\/uploads\/2021\/07\/1-26.png 708w, https:\/\/dicd.tuiasi.ro\/wp-content\/uploads\/2021\/07\/1-26-300x277.png 300w\" sizes=\"(max-width: 708px) 100vw, 708px\" \/><figcaption class=\"blocks-gallery-item__caption\">Fig. 6 ifconfig<\/figcaption><\/figure><\/li><li class=\"blocks-gallery-item\"><figure><img loading=\"lazy\" width=\"708\" height=\"653\" src=\"https:\/\/dicd.tuiasi.ro\/wp-content\/uploads\/2021\/07\/2-17.png\" alt=\"\" data-id=\"5177\" data-full-url=\"https:\/\/dicd.tuiasi.ro\/wp-content\/uploads\/2021\/07\/2-17.png\" data-link=\"https:\/\/dicd.tuiasi.ro\/angajati\/conectare-la-retea-prin-fir\/determinarea-adresei-mac\/2-17\/\" class=\"wp-image-5177\" srcset=\"https:\/\/dicd.tuiasi.ro\/wp-content\/uploads\/2021\/07\/2-17.png 708w, https:\/\/dicd.tuiasi.ro\/wp-content\/uploads\/2021\/07\/2-17-300x277.png 300w\" sizes=\"(max-width: 708px) 100vw, 708px\" \/><figcaption class=\"blocks-gallery-item__caption\">Fig. 7 Adresa MAC<\/figcaption><\/figure><\/li><\/ul><\/figure>\n\n<\/div><\/div>\n<\/div>\n\n\n<p><\/p>","protected":false},"excerpt":{"rendered":"<p>Mai jos ve\u021bi g\u0103si instruc\u021biunile pe care trebuie s\u0103 le urma\u021bi \u00eenainte de a completa cererea de conectare a resurselor de calcul\/comunica\u0163ie. Ace\u0219ti pa\u0219i sunt importan\u021bi, deoarece conectarea la re\u021bea se va face pe baza adresei MAC.<\/p>","protected":false},"author":8,"featured_media":0,"parent":4964,"menu_order":0,"comment_status":"closed","ping_status":"closed","template":"pagina-prezentare.php","meta":{"advgb_blocks_editor_width":"","advgb_blocks_columns_visual_guide":"","ub_ctt_via":""},"featured_image_urls":{"full":"","thumbnail":"","medium":"","medium_large":"","large":"","1536x1536":"","2048x2048":"","trp-custom-language-flag":"","post-thumbnail":""},"post_excerpt_stackable":"<p>Mai jos ve\u021bi g\u0103si instruc\u021biunile pe care trebuie s\u0103 le urma\u021bi \u00eenainte de a completa cererea de conectare a resurselor de calcul\/comunica\u0163ie. Ace\u0219ti pa\u0219i sunt importan\u021bi, deoarece conectarea la re\u021bea se va face pe baza adresei MAC. Windows Pasul 1: Ap\u0103s\u0103m pe butonul &#8222;Start&#8221; \u0219i tast\u0103m &#8222;cmd&#8221; \u00een bara de c\u0103utare. Deschidem fereastra ca administrator cu click dreapta pe intrarea &#8222;Command Prompt&#8221; \u0219i select\u0103m &#8222;Run as administrator&#8221; (Fig. 1). Pasul 2: Se va deschide o fereastr\u0103 \u00een care va trebui s\u0103 tast\u0103m comanda &#8222;ipconfig \/all&#8221; (Fig. 2), dup\u0103 care vom ap\u0103sa pe butonul Enter. Pasul 3: Not\u0103m adresa MAC din&hellip;<\/p>\n","category_list":"","author_info":{"name":"Vladut BUTNARU","url":"https:\/\/dicd.tuiasi.ro\/en\/author\/vbutnaru\/"},"comments_num":"0 comments","featured_image_src":null,"coauthors":[],"author_meta":{"author_link":"https:\/\/dicd.tuiasi.ro\/en\/author\/vbutnaru\/","display_name":"Vladut BUTNARU"},"relative_dates":{"created":"Posted 5 years ago","modified":"Updated 5 years ago"},"absolute_dates":{"created":"Posted on 16 July 2021","modified":"Updated on 16 July 2021"},"absolute_dates_time":{"created":"Posted on 16 July 2021 10:32","modified":"Updated on 16 July 2021 12:23"},"featured_img_caption":"","_links":{"self":[{"href":"https:\/\/dicd.tuiasi.ro\/en\/wp-json\/wp\/v2\/pages\/5123"}],"collection":[{"href":"https:\/\/dicd.tuiasi.ro\/en\/wp-json\/wp\/v2\/pages"}],"about":[{"href":"https:\/\/dicd.tuiasi.ro\/en\/wp-json\/wp\/v2\/types\/page"}],"author":[{"embeddable":true,"href":"https:\/\/dicd.tuiasi.ro\/en\/wp-json\/wp\/v2\/users\/8"}],"replies":[{"embeddable":true,"href":"https:\/\/dicd.tuiasi.ro\/en\/wp-json\/wp\/v2\/comments?post=5123"}],"version-history":[{"count":8,"href":"https:\/\/dicd.tuiasi.ro\/en\/wp-json\/wp\/v2\/pages\/5123\/revisions"}],"predecessor-version":[{"id":5201,"href":"https:\/\/dicd.tuiasi.ro\/en\/wp-json\/wp\/v2\/pages\/5123\/revisions\/5201"}],"up":[{"embeddable":true,"href":"https:\/\/dicd.tuiasi.ro\/en\/wp-json\/wp\/v2\/pages\/4964"}],"wp:attachment":[{"href":"https:\/\/dicd.tuiasi.ro\/en\/wp-json\/wp\/v2\/media?parent=5123"}],"curies":[{"name":"wp","href":"https:\/\/api.w.org\/{rel}","templated":true}]}}