{"id":583,"date":"2015-03-23T15:51:25","date_gmt":"2015-03-23T13:51:25","guid":{"rendered":"http:\/\/sscd.dicd.tuiasi.ro\/windows-live-mail-2009"},"modified":"2021-09-29T13:25:46","modified_gmt":"2021-09-29T11:25:46","slug":"windows-live-mail-2009","status":"publish","type":"page","link":"https:\/\/dicd.tuiasi.ro\/en\/angajati\/e-mail-angajati\/legacy-tuiasi\/windows-live-mail-2009\/","title":{"rendered":"Windows Live Mail 2009"},"content":{"rendered":"<p><strong>Pas 1<\/strong>. Se alege op\u021biunea de conectare la un cont nou de e-mail<\/p>\n<p><a href=\"https:\/\/dicd.tuiasi.ro\/wp-content\/uploads\/2015\/03\/first-1.png\"><img loading=\"lazy\" class=\"aligncenter size-full wp-image-604\" src=\"https:\/\/dicd.tuiasi.ro\/wp-content\/uploads\/2015\/03\/first-1.png\" alt=\"first\" width=\"616\" height=\"613\"><\/a><br \/>\n<strong>Pas 2<\/strong>. Se introduc adresa de email, parola, numele de utilizator \u0219i se bifeaz\u0103 op\u021biunea de configurare manual\u0103 a set\u0103rilor contului e email<\/p>\n<p><a href=\"https:\/\/dicd.tuiasi.ro\/wp-content\/uploads\/2015\/03\/211-1.png\"><img loading=\"lazy\" class=\"aligncenter size-full wp-image-607\" src=\"https:\/\/dicd.tuiasi.ro\/wp-content\/uploads\/2015\/03\/211-1.png\" alt=\"211\" width=\"502\" height=\"382\" srcset=\"https:\/\/dicd.tuiasi.ro\/wp-content\/uploads\/2015\/03\/211-1.png 502w, https:\/\/dicd.tuiasi.ro\/wp-content\/uploads\/2015\/03\/211-1-300x228.png 300w\" sizes=\"(max-width: 502px) 100vw, 502px\" \/><\/a><\/p>\n<p><strong>Pas 3<\/strong>. Se introduc datele de conectare conform urm\u0103toarei imagini<\/p>\n<p><a href=\"https:\/\/dicd.tuiasi.ro\/wp-content\/uploads\/2015\/03\/Screenshot-1-1.png\"><img loading=\"lazy\" class=\"aligncenter size-full wp-image-608\" src=\"https:\/\/dicd.tuiasi.ro\/wp-content\/uploads\/2015\/03\/Screenshot-1-1.png\" alt=\"Screenshot-1\" width=\"507\" height=\"390\"><\/a><strong>Pas 4<\/strong>. Se apas\u0103 <strong>Next<\/strong> \u0219i se finalizeaz\u0103 configurarea<\/p>","protected":false},"excerpt":{"rendered":"<p>Pas 1. Se alege op\u021biunea de conectare la un cont nou de e-mail Pas 2. Se introduc adresa de email, parola, numele de utilizator \u0219i se bifeaz\u0103 op\u021biunea de configurare manual\u0103 a set\u0103rilor contului e email Pas 3. Se introduc datele de conectare conform urm\u0103toarei imagini Pas 4. Se apas\u0103 Next \u0219i se finalizeaz\u0103 configurarea<\/p>","protected":false},"author":14,"featured_media":0,"parent":8587,"menu_order":1,"comment_status":"closed","ping_status":"closed","template":"","meta":{"advgb_blocks_editor_width":"","advgb_blocks_columns_visual_guide":"","ub_ctt_via":""},"featured_image_urls":{"full":"","thumbnail":"","medium":"","medium_large":"","large":"","1536x1536":"","2048x2048":"","trp-custom-language-flag":"","post-thumbnail":""},"post_excerpt_stackable":"<p>Pas 1. Se alege op\u021biunea de conectare la un cont nou de e-mail Pas 2. Se introduc adresa de email, parola, numele de utilizator \u0219i se bifeaz\u0103 op\u021biunea de configurare manual\u0103 a set\u0103rilor contului e email Pas 3. Se introduc datele de conectare conform urm\u0103toarei imagini Pas 4. Se apas\u0103 Next \u0219i se finalizeaz\u0103 configurarea<\/p>\n","category_list":"","author_info":{"name":"sscd","url":"https:\/\/dicd.tuiasi.ro\/en\/author\/sscd\/"},"comments_num":"0 comments","featured_image_src":null,"coauthors":[],"author_meta":{"author_link":"https:\/\/dicd.tuiasi.ro\/en\/author\/sscd\/","display_name":"sscd"},"relative_dates":{"created":"Posted 11 years ago","modified":"Updated 5 years ago"},"absolute_dates":{"created":"Posted on 23 March 2015","modified":"Updated on 29 September 2021"},"absolute_dates_time":{"created":"Posted on 23 March 2015 15:51","modified":"Updated on 29 September 2021 13:25"},"featured_img_caption":"","_links":{"self":[{"href":"https:\/\/dicd.tuiasi.ro\/en\/wp-json\/wp\/v2\/pages\/583"}],"collection":[{"href":"https:\/\/dicd.tuiasi.ro\/en\/wp-json\/wp\/v2\/pages"}],"about":[{"href":"https:\/\/dicd.tuiasi.ro\/en\/wp-json\/wp\/v2\/types\/page"}],"author":[{"embeddable":true,"href":"https:\/\/dicd.tuiasi.ro\/en\/wp-json\/wp\/v2\/users\/14"}],"replies":[{"embeddable":true,"href":"https:\/\/dicd.tuiasi.ro\/en\/wp-json\/wp\/v2\/comments?post=583"}],"version-history":[{"count":1,"href":"https:\/\/dicd.tuiasi.ro\/en\/wp-json\/wp\/v2\/pages\/583\/revisions"}],"predecessor-version":[{"id":9829,"href":"https:\/\/dicd.tuiasi.ro\/en\/wp-json\/wp\/v2\/pages\/583\/revisions\/9829"}],"up":[{"embeddable":true,"href":"https:\/\/dicd.tuiasi.ro\/en\/wp-json\/wp\/v2\/pages\/8587"}],"wp:attachment":[{"href":"https:\/\/dicd.tuiasi.ro\/en\/wp-json\/wp\/v2\/media?parent=583"}],"curies":[{"name":"wp","href":"https:\/\/api.w.org\/{rel}","templated":true}]}}