{"id":666,"date":"2015-03-24T00:34:54","date_gmt":"2015-03-23T22:34:54","guid":{"rendered":"http:\/\/sscd.dicd.tuiasi.ro\/gmail"},"modified":"2021-09-29T13:23:59","modified_gmt":"2021-09-29T11:23:59","slug":"gmail","status":"publish","type":"page","link":"https:\/\/dicd.tuiasi.ro\/en\/angajati\/e-mail-angajati\/legacy-tuiasi\/gmail\/","title":{"rendered":"GMail"},"content":{"rendered":"<p style=\"margin-bottom: 0in;line-height: 100%\" align=\"left\"><strong>Pas 1<\/strong>. Se acceseaz\u0103 \u201dAd\u0103uga\u021bi un cont\u201e<\/p>\n<p style=\"margin-bottom: 0in;line-height: 100%\" align=\"left\"><a href=\"https:\/\/dicd.tuiasi.ro\/wp-content\/uploads\/2015\/03\/mobile\/03\/31.png\"><img loading=\"lazy\" class=\"aligncenter size-full wp-image-588\" src=\"https:\/\/dicd.tuiasi.ro\/wp-content\/uploads\/2015\/03\/mobile\/31.png\" alt=\"\" width=\"480\" height=\"800\"><\/a><\/p>\n<p style=\"margin-bottom: 0in;line-height: 100%\" align=\"left\"><strong>Pas 2<\/strong>. Se completeaz\u0103 c\u00e2mpul liber cu numele de utilizator<\/p>\n<p style=\"margin-bottom: 0in;line-height: 100%\" align=\"left\"><a href=\"https:\/\/dicd.tuiasi.ro\/wp-content\/uploads\/2015\/03\/mobile\/03\/32.png\"><img loading=\"lazy\" class=\"aligncenter size-full wp-image-588\" src=\"https:\/\/dicd.tuiasi.ro\/wp-content\/uploads\/2015\/03\/mobile\/32.png\" alt=\"newAccount\" width=\"480\" height=\"800\"><\/a><\/p>\n<p style=\"margin-bottom: 0in;line-height: 100%\" align=\"left\"><strong>Pas 3<\/strong>. Se va selecta op\u021biunea IMAP<\/p>\n<p style=\"margin-bottom: 0in;line-height: 100%\" align=\"left\"><a href=\"https:\/\/dicd.tuiasi.ro\/wp-content\/uploads\/2015\/03\/mobile\/34.png\"><img loading=\"lazy\" class=\"aligncenter size-full wp-image-589\" src=\"https:\/\/dicd.tuiasi.ro\/wp-content\/uploads\/2015\/03\/mobile\/34.png\" alt=\"2\" width=\"480\" height=\"800\"><\/a><\/p>\n<p style=\"margin-bottom: 0in;line-height: 100%\" align=\"left\"><strong>Pas 4<\/strong>. Se introduce parola<\/p>\n<p style=\"margin-bottom: 0in;line-height: 100%\" align=\"left\"><a href=\"https:\/\/dicd.tuiasi.ro\/wp-content\/uploads\/2015\/03\/mobile\/35.png\"><img loading=\"lazy\" class=\"aligncenter size-full wp-image-590\" src=\"https:\/\/dicd.tuiasi.ro\/wp-content\/uploads\/2015\/03\/mobile\/35.png\" alt=\"3\" width=\"480\" height=\"800\"><\/a><\/p>\n<p style=\"margin-bottom: 0in;line-height: 100%\" align=\"left\"><strong>Pas 5<\/strong>. Se completeaz\u0103 set\u0103rile referitoare la serverul de primire<\/p>\n<p style=\"margin-bottom: 0in;line-height: 100%\" align=\"left\"><a href=\"https:\/\/dicd.tuiasi.ro\/wp-content\/uploads\/2015\/03\/mobile\/36.png\"><img loading=\"lazy\" class=\"aligncenter size-full wp-image-591\" src=\"https:\/\/dicd.tuiasi.ro\/wp-content\/uploads\/2015\/03\/mobile\/36.png\" alt=\"4\" width=\"480\" height=\"800\"><\/a><\/p>\n<p style=\"margin-bottom: 0in;line-height: 100%\" align=\"left\"><strong>Pas 6<\/strong>. Se completeaz\u0103 set\u0103rile referitoare la serverul de livrare<\/p>\n<p style=\"margin-bottom: 0in;line-height: 100%\" align=\"left\"><a href=\"https:\/\/dicd.tuiasi.ro\/wp-content\/uploads\/2015\/03\/mobile\/37.png\"><img loading=\"lazy\" class=\"aligncenter size-full wp-image-591\" src=\"https:\/\/dicd.tuiasi.ro\/wp-content\/uploads\/2015\/03\/mobile\/37.png\" alt=\"4\" width=\"480\" height=\"800\"><\/a><\/p>\n<p style=\"margin-bottom: 0in;line-height: 100%\" align=\"left\"><strong>Pas 7<\/strong>. Se finalizeaz\u0103 configurarea contului<\/p>\n<p style=\"margin-bottom: 0in;line-height: 100%\" align=\"left\"><a href=\"https:\/\/dicd.tuiasi.ro\/wp-content\/uploads\/2015\/03\/mobile\/38.png\"><img loading=\"lazy\" class=\"aligncenter size-full wp-image-591\" src=\"https:\/\/dicd.tuiasi.ro\/wp-content\/uploads\/2015\/03\/mobile\/38.png\" alt=\"4\" width=\"480\" height=\"800\"><\/a><\/p>\n<p style=\"margin-bottom: 0in;line-height: 100%\" align=\"left\"><a href=\"https:\/\/dicd.tuiasi.ro\/wp-content\/uploads\/2015\/03\/mobile\/39.png\"><img loading=\"lazy\" class=\"aligncenter size-full wp-image-591\" src=\"https:\/\/dicd.tuiasi.ro\/wp-content\/uploads\/2015\/03\/mobile\/39.png\" alt=\"4\" width=\"480\" height=\"800\"><\/a><\/p>","protected":false},"excerpt":{"rendered":"<p>Pas 1. Se acceseaz\u0103 \u201dAd\u0103uga\u021bi un cont\u201e Pas 2. Se completeaz\u0103 c\u00e2mpul liber cu numele de utilizator Pas 3. Se va selecta op\u021biunea IMAP Pas 4. Se introduce parola Pas 5. Se completeaz\u0103 set\u0103rile referitoare la serverul de primire Pas 6. Se completeaz\u0103 set\u0103rile referitoare la serverul de livrare Pas 7. Se finalizeaz\u0103 configurarea contului<\/p>","protected":false},"author":14,"featured_media":0,"parent":8587,"menu_order":1,"comment_status":"closed","ping_status":"closed","template":"","meta":{"advgb_blocks_editor_width":"","advgb_blocks_columns_visual_guide":"","ub_ctt_via":""},"featured_image_urls":{"full":"","thumbnail":"","medium":"","medium_large":"","large":"","1536x1536":"","2048x2048":"","trp-custom-language-flag":"","post-thumbnail":""},"post_excerpt_stackable":"<p>Pas 1. Se acceseaz\u0103 \u201dAd\u0103uga\u021bi un cont\u201e Pas 2. Se completeaz\u0103 c\u00e2mpul liber cu numele de utilizator Pas 3. Se va selecta op\u021biunea IMAP Pas 4. Se introduce parola Pas 5. Se completeaz\u0103 set\u0103rile referitoare la serverul de primire Pas 6. Se completeaz\u0103 set\u0103rile referitoare la serverul de livrare Pas 7. Se finalizeaz\u0103 configurarea contului<\/p>\n","category_list":"","author_info":{"name":"sscd","url":"https:\/\/dicd.tuiasi.ro\/en\/author\/sscd\/"},"comments_num":"0 comments","featured_image_src":null,"coauthors":[],"author_meta":{"author_link":"https:\/\/dicd.tuiasi.ro\/en\/author\/sscd\/","display_name":"sscd"},"relative_dates":{"created":"Posted 11 years ago","modified":"Updated 5 years ago"},"absolute_dates":{"created":"Posted on 24 March 2015","modified":"Updated on 29 September 2021"},"absolute_dates_time":{"created":"Posted on 24 March 2015 00:34","modified":"Updated on 29 September 2021 13:23"},"featured_img_caption":"","_links":{"self":[{"href":"https:\/\/dicd.tuiasi.ro\/en\/wp-json\/wp\/v2\/pages\/666"}],"collection":[{"href":"https:\/\/dicd.tuiasi.ro\/en\/wp-json\/wp\/v2\/pages"}],"about":[{"href":"https:\/\/dicd.tuiasi.ro\/en\/wp-json\/wp\/v2\/types\/page"}],"author":[{"embeddable":true,"href":"https:\/\/dicd.tuiasi.ro\/en\/wp-json\/wp\/v2\/users\/14"}],"replies":[{"embeddable":true,"href":"https:\/\/dicd.tuiasi.ro\/en\/wp-json\/wp\/v2\/comments?post=666"}],"version-history":[{"count":2,"href":"https:\/\/dicd.tuiasi.ro\/en\/wp-json\/wp\/v2\/pages\/666\/revisions"}],"predecessor-version":[{"id":11221,"href":"https:\/\/dicd.tuiasi.ro\/en\/wp-json\/wp\/v2\/pages\/666\/revisions\/11221"}],"up":[{"embeddable":true,"href":"https:\/\/dicd.tuiasi.ro\/en\/wp-json\/wp\/v2\/pages\/8587"}],"wp:attachment":[{"href":"https:\/\/dicd.tuiasi.ro\/en\/wp-json\/wp\/v2\/media?parent=666"}],"curies":[{"name":"wp","href":"https:\/\/api.w.org\/{rel}","templated":true}]}}