{"id":8587,"date":"2021-09-23T10:19:34","date_gmt":"2021-09-23T08:19:34","guid":{"rendered":"https:\/\/dicd.tuiasi.ro\/?page_id=8587"},"modified":"2023-03-15T09:54:54","modified_gmt":"2023-03-15T07:54:54","slug":"legacy-tuiasi","status":"publish","type":"page","link":"https:\/\/dicd.tuiasi.ro\/en\/angajati\/e-mail-angajati\/legacy-tuiasi\/","title":{"rendered":"Legacy (@tuiasi.ro)"},"content":{"rendered":"<p class=\"has-text-color\" style=\"color:#eb0b0b\">Acest tutorial este realizat pentru adresele de e-mail cu domeniul <strong>@tuiasi.ro<\/strong>. \u00cen prezent nu se mai creeaz\u0103 astfel de e-mailuri, deoarece noile adrese personale vor fi de forma <strong>@academic.tuiasi.ro<\/strong>, <strong>@staff.tuiasi.ro<\/strong> and <strong>@student.tuiasi.ro<\/strong>, iar cele de grup vor fi de forma <strong>@groups.tuiasi.ro<\/strong>.<\/p>\n\n\n\n<p>Utilizatorii re\u021belei <strong>TUIASI<\/strong> cu casu\u021bele po\u0219tale pe serverul <strong>TUIASI<\/strong> (mail.tuiasi.ro) au la dispozi\u021bie trei metode pentru conectare:<\/p>\n\n\n\n<ul><li>Prin interfa\u021ba <strong><a rel=\"noreferrer noopener\" href=\"https:\/\/www.webmail.tuiasi.ro\" data-type=\"URL\" data-id=\"https:\/\/www.webmail.tuiasi.ro\" target=\"_blank\">webmail<\/a><\/strong>;<\/li><li>Folosind un client(program) dedicat de po\u0219t\u0103 electronic\u0103 (thunderbird, outlook express, etc.) de pe un calculator personal;<\/li><li>Folosind un echipament mobil (telefon, tablet\u0103) cu acces la internet, prin aplica\u021bia de citit po\u0219ta electronic\u0103 specific\u0103 acelui echipament<\/li><\/ul>\n\n\n\n<p><strong>Nu recomand\u0103m accesarea c\u0103su\u021bei po\u0219tale prin intefa\u021ba webmail de pe echipamente mobile dac\u0103 folosi\u021bi un abonament mobil de date, pentru c\u0103 interfa\u021ba webmail nu este optimizat\u0103 din punct de vedere al traficului de date pentru folosirea pe dispozitive mobile \u0219i v\u0103 poate consuma relativ rapid traficul disponibil. \u00cen cazul accesului printr-o conexiune wireless nu este nici o problem\u0103.<\/strong><\/p>\n\n\n\n<p><strong>SSCD recomand\u0103:<\/strong><\/p>\n\n\n\n<ul><li>conectarea la serverul de mail prin<strong> IMAP<\/strong> (o parte din avantaje sunt prezentate mai jos)<\/li><li>configurarea programului de po\u0219t\u0103 electronic\u0103 (thunderbird, outlook, etc.), daca folosi\u021bi, \u00een a\u0219a fel \u00eenc\u00e2t <strong>s\u0103 lase o copie a mesajelor pe server<\/strong>, pentru ca mesajele primite s\u0103 v\u0103 fie accesibile \u0219i de pe telefonul mobil, webmail, etc.<\/li><\/ul>\n\n\n<div class=\"wp-block-ub-content-toggle\" id=\"ub-content-toggle-9eee009a-be48-407d-96f7-4b8e4634412f\">\n<div id=\"\" class=\"wp-block-ub-content-toggle-accordion\">\n                <div class=\"wp-block-ub-content-toggle-accordion-title-wrap\" aria-expanded=\"false\" aria-controls=\"ub-content-toggle-panel-0-9eee009a-be48-407d-96f7-4b8e4634412f\" tabindex=\"0\">\n                    <p class=\"wp-block-ub-content-toggle-accordion-title ub-content-toggle-title-9eee009a-be48-407d-96f7-4b8e4634412f\">Set\u0103ri pentru un client dedicat de po\u0219t\u0103 electronic\u0103<\/p><div class=\"wp-block-ub-content-toggle-accordion-toggle-wrap right\"><span class=\"wp-block-ub-content-toggle-accordion-state-indicator wp-block-ub-chevron-down\"><\/span>\n                    <\/div><\/div><div role=\"region\" class=\"wp-block-ub-content-toggle-accordion-content-wrap ub-hide\" id=\"ub-content-toggle-panel-0-9eee009a-be48-407d-96f7-4b8e4634412f\">\n<div class=\"wp-block-ub-content-toggle\" id=\"ub-content-toggle-560f2816-ce34-416d-a7bd-208ad955bedb\">\n<div id=\"\" class=\"wp-block-ub-content-toggle-accordion\">\n                <div class=\"wp-block-ub-content-toggle-accordion-title-wrap\" aria-expanded=\"true\" aria-controls=\"ub-content-toggle-panel-0-560f2816-ce34-416d-a7bd-208ad955bedb\" tabindex=\"0\">\n                    <p class=\"wp-block-ub-content-toggle-accordion-title ub-content-toggle-title-560f2816-ce34-416d-a7bd-208ad955bedb\">Incoming server: <strong>mail.tuiasi.ro<\/strong><\/p><div class=\"wp-block-ub-content-toggle-accordion-toggle-wrap right\"><span class=\"wp-block-ub-content-toggle-accordion-state-indicator wp-block-ub-chevron-down open\"><\/span>\n                    <\/div><\/div><div role=\"region\" class=\"wp-block-ub-content-toggle-accordion-content-wrap\" id=\"ub-content-toggle-panel-0-560f2816-ce34-416d-a7bd-208ad955bedb\">\n\n<ul><li>protocol <strong>IMAP<\/strong>, portul <strong>993<\/strong> \u2013 conexiune securizata cu <strong>SSL\/TLS<\/strong><\/li><\/ul>\n\n\n\n<p>or<\/p>\n\n\n\n<ul><li>protocol <strong>POP3<\/strong>, portul <strong>995<\/strong> \u2013 conexiune securizata cu <strong>SSL\/TLS<\/strong><\/li><\/ul>\n\n<\/div><\/div>\n<\/div>\n\n<div class=\"wp-block-ub-content-toggle\" id=\"ub-content-toggle-ac413db8-db6a-42b8-b375-ee08bb4a7955\">\n<div id=\"\" class=\"wp-block-ub-content-toggle-accordion\">\n                <div class=\"wp-block-ub-content-toggle-accordion-title-wrap\" aria-expanded=\"true\" aria-controls=\"ub-content-toggle-panel-0-ac413db8-db6a-42b8-b375-ee08bb4a7955\" tabindex=\"0\">\n                    <p class=\"wp-block-ub-content-toggle-accordion-title ub-content-toggle-title-ac413db8-db6a-42b8-b375-ee08bb4a7955\">Outgoing server: <strong>mail.tuiasi.ro<\/strong><\/p><div class=\"wp-block-ub-content-toggle-accordion-toggle-wrap right\"><span class=\"wp-block-ub-content-toggle-accordion-state-indicator wp-block-ub-chevron-down open\"><\/span>\n                    <\/div><\/div><div role=\"region\" class=\"wp-block-ub-content-toggle-accordion-content-wrap\" id=\"ub-content-toggle-panel-0-ac413db8-db6a-42b8-b375-ee08bb4a7955\">\n\n<ul><li>protocol <strong>SMTP<\/strong>, portul <strong>587<\/strong> \u2013 conexiune securizata cu <strong>STARTTLS<\/strong> or <strong>TLS<\/strong> or <strong>SSL<\/strong> (pt Outlook Express cu <strong><strong>SSL<\/strong><\/strong> iar pentru Outlook 2000+ cu <strong>TLS<\/strong>)<\/li><\/ul>\n\n<\/div><\/div>\n<\/div>\n\n\n<p>Pentru ambele set\u0103ri (incoming\/outgoing) este necesar\u0103 \u0219i autentificarea plain text (normal password) cu <strong>numele de utilizator si parola de acces<\/strong> la casu\u021ba po\u0219tal\u0103. De regul\u0103, programele de po\u0219t\u0103 electronic\u0103 vor folosi \u00een mod automat aceea\u0219i parol\u0103 introdus\u0103 pentru citirea mesajelor (conectarea prin IMAP sau POP3) \u0219i pentru trimiterea mesajelor (conectarea prin SMTP).<\/p>\n\n\n<div class=\"wp-block-ub-content-toggle\" id=\"ub-content-toggle-f735d0b9-a266-45ab-a146-395161f63bfc\">\n<div id=\"\" class=\"wp-block-ub-content-toggle-accordion\">\n                <div class=\"wp-block-ub-content-toggle-accordion-title-wrap\" aria-expanded=\"false\" aria-controls=\"ub-content-toggle-panel-0-f735d0b9-a266-45ab-a146-395161f63bfc\" tabindex=\"0\">\n                    <p class=\"wp-block-ub-content-toggle-accordion-title ub-content-toggle-title-f735d0b9-a266-45ab-a146-395161f63bfc\">IMAP vs POP3<\/p><div class=\"wp-block-ub-content-toggle-accordion-toggle-wrap right\"><span class=\"wp-block-ub-content-toggle-accordion-state-indicator wp-block-ub-chevron-down\"><\/span>\n                    <\/div><\/div><div role=\"region\" class=\"wp-block-ub-content-toggle-accordion-content-wrap ub-hide\" id=\"ub-content-toggle-panel-0-f735d0b9-a266-45ab-a146-395161f63bfc\">\n\n<p>Pentru a alege \u00eentre POP3 \u0219i IMAP sunt c\u00e2teva chestiuni de considerat:<\/p>\n\n\n\n<ul><li><strong>IMAP<\/strong> este un protocol mai nou, permite aplica\u021biilor client s\u0103 caute \u00een mesaje direct pe server (foloseste puterea de procesare a acestuia \u0219i nu necesit\u0103 copierea tuturor mesajelor local). Permite structurarea mesajelor \u00een directoare\/subdirectoare pe server \u0219i sincronizarea acestora pe orice aplica\u021bie de citire a po\u0219tei electronice. Permite etichetarea mesajelor pe server ca fiind citite\/necititite\/importante \u0219i permite primirea de notific\u0103ri de tip PUSH la primirea de mesaje noi prin IMAP IDLE \u2013 \u00een cazul conect\u0103rii cu un echipament mobil.<\/li><li><strong>POP3<\/strong> permite folosirea unui singur director pentru mesaje pe server, iar orice directoare\/subdirectoare create \u00een aplica\u021bia de citire a po\u0219tei r\u0103m\u00e2n locale \u0219i nu vor fi recunoscute la conectarea cu un alt dispozitiv (gen webmail, telefon mobil, sau de la un alt calculator). \u00cen plus, un client POP3 va trebui s\u0103 copie toate mesajele local pentru a putea s\u0103 caute dup\u0103 un anumit mesaj<strong>.<\/strong><\/li><\/ul>\n\n<\/div><\/div>\n<\/div>\n<\/div><\/div>\n<\/div>\n\n<div class=\"wp-block-ub-content-toggle\" id=\"ub-content-toggle-ae2461ff-9741-43c5-ab1c-81a25a43c91c\">\n<div id=\"\" class=\"wp-block-ub-content-toggle-accordion\">\n                <div class=\"wp-block-ub-content-toggle-accordion-title-wrap\" aria-expanded=\"false\" aria-controls=\"ub-content-toggle-panel-0-ae2461ff-9741-43c5-ab1c-81a25a43c91c\" tabindex=\"0\">\n                    <p class=\"wp-block-ub-content-toggle-accordion-title ub-content-toggle-title-ae2461ff-9741-43c5-ab1c-81a25a43c91c\">Configurare diferite programe de po\u0219t\u0103 electronic\u0103<\/p><div class=\"wp-block-ub-content-toggle-accordion-toggle-wrap right\"><span class=\"wp-block-ub-content-toggle-accordion-state-indicator wp-block-ub-chevron-down\"><\/span>\n                    <\/div><\/div><div role=\"region\" class=\"wp-block-ub-content-toggle-accordion-content-wrap ub-hide\" id=\"ub-content-toggle-panel-0-ae2461ff-9741-43c5-ab1c-81a25a43c91c\">\n\n<ul><li><a rel=\"noreferrer noopener\" href=\"https:\/\/dicd.tuiasi.ro\/en\/informatii-utile\/instruc\u021biuni-de-conectare-cu-programe-de-po\u0219t\u0103-electronic\u0103\/clien\u021bi-mobil\/android-mail\/\" target=\"_blank\">Android Mail<\/a><\/li><li><a rel=\"noreferrer noopener\" href=\"https:\/\/dicd.tuiasi.ro\/en\/informatii-utile\/instruc\u021biuni-de-conectare-cu-programe-de-po\u0219t\u0103-electronic\u0103\/clien\u021bi-mobil\/aquamail\/\" target=\"_blank\">AquaMail<\/a><\/li><li><a rel=\"noreferrer noopener\" href=\"https:\/\/dicd.tuiasi.ro\/en\/informatii-utile\/instruc\u021biuni-de-conectare-cu-programe-de-po\u0219t\u0103-electronic\u0103\/clien\u021bi-desktop\/em-client\/\" target=\"_blank\">eM Client<\/a><\/li><li><a rel=\"noreferrer noopener\" href=\"https:\/\/dicd.tuiasi.ro\/en\/informatii-utile\/instruc\u021biuni-de-conectare-cu-programe-de-po\u0219t\u0103-electronic\u0103\/clien\u021bi-mobil\/gmail\/\" target=\"_blank\">GMail<\/a><\/li><li><a rel=\"noreferrer noopener\" href=\"https:\/\/dicd.tuiasi.ro\/en\/informatii-utile\/instruc\u021biuni-de-conectare-cu-programe-de-po\u0219t\u0103-electronic\u0103\/clien\u021bi-mobil\/k-9-mail\/\" target=\"_blank\">K-9 Mail<\/a><\/li><li><a rel=\"noreferrer noopener\" href=\"https:\/\/dicd.tuiasi.ro\/en\/informatii-utile\/instruc\u021biuni-de-conectare-cu-programe-de-po\u0219t\u0103-electronic\u0103\/clien\u021bi-desktop\/mailbird\/\" target=\"_blank\">MailBird<\/a><\/li><li><a rel=\"noreferrer noopener\" href=\"https:\/\/dicd.tuiasi.ro\/en\/informatii-utile\/instruc\u021biuni-de-conectare-cu-programe-de-po\u0219t\u0103-electronic\u0103\/clien\u021bi-desktop\/mozilla-thunderbird\/\" target=\"_blank\">Mozilla Thunderbird<\/a><\/li><li><a rel=\"noreferrer noopener\" href=\"https:\/\/dicd.tuiasi.ro\/en\/informatii-utile\/instruc\u021biuni-de-conectare-cu-programe-de-po\u0219t\u0103-electronic\u0103\/clien\u021bi-desktop\/windows-live-mail-2009\/\" target=\"_blank\">Windows Live Mail<\/a><\/li><\/ul>\n\n<\/div><\/div>\n<\/div>\n\n<div class=\"wp-block-ub-content-toggle\" id=\"ub-content-toggle-5e92edef-130d-4230-b735-0fba737c37a8\">\n<div id=\"\" class=\"wp-block-ub-content-toggle-accordion\">\n                <div class=\"wp-block-ub-content-toggle-accordion-title-wrap\" aria-expanded=\"false\" aria-controls=\"ub-content-toggle-panel-0-5e92edef-130d-4230-b735-0fba737c37a8\" tabindex=\"0\">\n                    <p class=\"wp-block-ub-content-toggle-accordion-title ub-content-toggle-title-5e92edef-130d-4230-b735-0fba737c37a8\">Instruc\u021biuni pentru redirec\u021bionare \u0219i r\u0103spuns automat la mesaje<\/p><div class=\"wp-block-ub-content-toggle-accordion-toggle-wrap right\"><span class=\"wp-block-ub-content-toggle-accordion-state-indicator wp-block-ub-chevron-down\"><\/span>\n                    <\/div><\/div><div role=\"region\" class=\"wp-block-ub-content-toggle-accordion-content-wrap ub-hide\" id=\"ub-content-toggle-panel-0-5e92edef-130d-4230-b735-0fba737c37a8\">\n\n<p>Pentru redirec\u021bionarea automat\u0103 a mesajelor de tip e-mail sau intrare \u00een mod concediu si trimiterea de r\u0103spunsuri automate pe perioada acestuia, pa\u0219ii ce trebuie urma\u021bi sunt urm\u0103torii:<\/p>\n\n\n\n<p><strong>Pas 1<\/strong>. Din interfa\u021ba <a rel=\"noreferrer noopener\" href=\"https:\/\/webmail.tuiasi.ro\" target=\"_blank\"><strong>webmail<\/strong><\/a> alege\u021bi \u201c<strong>Op\u021biuni<\/strong>\u201c (Fig. 1).<\/p>\n\n\n\n<p><strong>Pas 2<\/strong>. Alege\u021bi op\u021biunea \u201c<strong>Auto Response: Reply or Forward<\/strong>\u201c (Fig. 2).<\/p>\n\n\n<div class=\"wp-block-ub-content-toggle\" id=\"ub-content-toggle-61a63c7b-4608-4843-853a-0fa494cac5c8\">\n<div id=\"\" class=\"wp-block-ub-content-toggle-accordion\">\n                <div class=\"wp-block-ub-content-toggle-accordion-title-wrap\" aria-expanded=\"false\" aria-controls=\"ub-content-toggle-panel-0-61a63c7b-4608-4843-853a-0fa494cac5c8\" tabindex=\"0\">\n                    <p class=\"wp-block-ub-content-toggle-accordion-title ub-content-toggle-title-61a63c7b-4608-4843-853a-0fa494cac5c8\"><strong>Pas 3.<\/strong> Redirec\u021bionare mesaje (Fig. 3)<\/p><div class=\"wp-block-ub-content-toggle-accordion-toggle-wrap right\"><span class=\"wp-block-ub-content-toggle-accordion-state-indicator wp-block-ub-chevron-down\"><\/span>\n                    <\/div><\/div><div role=\"region\" class=\"wp-block-ub-content-toggle-accordion-content-wrap ub-hide\" id=\"ub-content-toggle-panel-0-61a63c7b-4608-4843-853a-0fa494cac5c8\">\n\n<ul><li>Bifa\u021bi c\u0103su\u021ba pentru \u201c<strong>Forward<\/strong>\u201c<\/li><li>Completa\u021bi adresa de e-mail c\u0103tre care se va face redirec\u021bionarea mesajelor<\/li><li>Dac\u0103 dori\u021bi ca o copie a fiec\u0103rui mesaj s\u0103 raman\u0103 si pe server, bifa\u021bi c\u0103su\u021ba \u201c<strong>Keep a copy here<\/strong>\u201c<\/li><li>Salva\u021bi modific\u0103rile cu \u201c<strong>Finish<\/strong>\u201c.<\/li><\/ul>\n\n<\/div><\/div>\n<\/div>\n\n<div class=\"wp-block-ub-content-toggle\" id=\"ub-content-toggle-9112fcda-04f6-4926-922f-8b14792028d2\">\n<div id=\"\" class=\"wp-block-ub-content-toggle-accordion\">\n                <div class=\"wp-block-ub-content-toggle-accordion-title-wrap\" aria-expanded=\"false\" aria-controls=\"ub-content-toggle-panel-0-9112fcda-04f6-4926-922f-8b14792028d2\" tabindex=\"0\">\n                    <p class=\"wp-block-ub-content-toggle-accordion-title ub-content-toggle-title-9112fcda-04f6-4926-922f-8b14792028d2\"><strong>Pas 3.<\/strong> Activare mod concediu (Fig. 4)<\/p><div class=\"wp-block-ub-content-toggle-accordion-toggle-wrap right\"><span class=\"wp-block-ub-content-toggle-accordion-state-indicator wp-block-ub-chevron-down\"><\/span>\n                    <\/div><\/div><div role=\"region\" class=\"wp-block-ub-content-toggle-accordion-content-wrap ub-hide\" id=\"ub-content-toggle-panel-0-9112fcda-04f6-4926-922f-8b14792028d2\">\n\n<ul><li>Debifa\u021bi op\u021biunea pentru redirec\u021bionare dac\u0103 este activat\u0103 \u0219i bifa\u021bi op\u021biunea pentru trimiterea de r\u0103spunsuri automate: \u201c<strong>Reply<\/strong>\u201c.<\/li><li>Alege\u021bi un subiect pentru mesajul ce va fi trimis ca r\u0103spuns tuturor celor ce v\u0103 scriu pe durata concediului, sau dac\u0103 lasa\u021bi campul subject gol mesajele vor avea subiectul implicit de forma \u201cRE: &lt;subiectul mesajului original&gt;\u201d<\/li><li>Alegeti un con\u021binut pentru mesajul ce urmeaz\u0103 s\u0103 fie trimis, sau modifica\u021bi mesajul implicit<\/li><li>Dac\u0103 avea\u021bi deja activat modul concediu \u0219i doar face\u021bi modific\u0103ri, ave\u021bi posibilitatea s\u0103 reseta\u021bi baza de date cu destinatarii care au primit un mesaj deja dac\u0103 bifa\u021bi op\u021biunea \u201c<strong>Empty reply cache<\/strong>\u201c<\/li><li>Finaliza\u021bi opera\u021biunea ap\u0103s\u00e2nd \u201c<strong>Finish<\/strong>\u201c<\/li><\/ul>\n\n<\/div><\/div>\n<\/div>\n\n\n<figure class=\"wp-block-gallery columns-3 is-cropped\"><ul class=\"blocks-gallery-grid\"><li class=\"blocks-gallery-item\"><figure><img loading=\"lazy\" width=\"557\" height=\"174\" src=\"https:\/\/dicd.tuiasi.ro\/wp-content\/uploads\/2021\/09\/1-12.png\" alt=\"\" data-id=\"8680\" data-full-url=\"https:\/\/dicd.tuiasi.ro\/wp-content\/uploads\/2021\/09\/1-12.png\" data-link=\"https:\/\/dicd.tuiasi.ro\/angajati\/e-mail-angajati\/legacy-tuiasi\/1-12-2\/\" class=\"wp-image-8680\" srcset=\"https:\/\/dicd.tuiasi.ro\/wp-content\/uploads\/2021\/09\/1-12.png 557w, https:\/\/dicd.tuiasi.ro\/wp-content\/uploads\/2021\/09\/1-12-300x94.png 300w\" sizes=\"(max-width: 557px) 100vw, 557px\" \/><figcaption class=\"blocks-gallery-item__caption\">Fig. 1 Op\u021biuni<\/figcaption><\/figure><\/li><li class=\"blocks-gallery-item\"><figure><img loading=\"lazy\" width=\"793\" height=\"741\" src=\"https:\/\/dicd.tuiasi.ro\/wp-content\/uploads\/2021\/09\/2-12.png\" alt=\"\" data-id=\"8683\" data-full-url=\"https:\/\/dicd.tuiasi.ro\/wp-content\/uploads\/2021\/09\/2-12.png\" data-link=\"https:\/\/dicd.tuiasi.ro\/angajati\/e-mail-angajati\/legacy-tuiasi\/2-12-2\/\" class=\"wp-image-8683\" srcset=\"https:\/\/dicd.tuiasi.ro\/wp-content\/uploads\/2021\/09\/2-12.png 793w, https:\/\/dicd.tuiasi.ro\/wp-content\/uploads\/2021\/09\/2-12-300x280.png 300w, https:\/\/dicd.tuiasi.ro\/wp-content\/uploads\/2021\/09\/2-12-768x718.png 768w\" sizes=\"(max-width: 793px) 100vw, 793px\" \/><figcaption class=\"blocks-gallery-item__caption\">Fig. 2 Auto Response<\/figcaption><\/figure><\/li><li class=\"blocks-gallery-item\"><figure><img loading=\"lazy\" width=\"811\" height=\"897\" src=\"https:\/\/dicd.tuiasi.ro\/wp-content\/uploads\/2021\/09\/3-11.png\" alt=\"\" data-id=\"8686\" data-full-url=\"https:\/\/dicd.tuiasi.ro\/wp-content\/uploads\/2021\/09\/3-11.png\" data-link=\"https:\/\/dicd.tuiasi.ro\/angajati\/e-mail-angajati\/legacy-tuiasi\/3-11-2\/\" class=\"wp-image-8686\" srcset=\"https:\/\/dicd.tuiasi.ro\/wp-content\/uploads\/2021\/09\/3-11.png 811w, https:\/\/dicd.tuiasi.ro\/wp-content\/uploads\/2021\/09\/3-11-271x300.png 271w, https:\/\/dicd.tuiasi.ro\/wp-content\/uploads\/2021\/09\/3-11-768x849.png 768w\" sizes=\"(max-width: 811px) 100vw, 811px\" \/><figcaption class=\"blocks-gallery-item__caption\">Fig. 3 Redirec\u021bionare mesaje<\/figcaption><\/figure><\/li><li class=\"blocks-gallery-item\"><figure><img loading=\"lazy\" width=\"811\" height=\"897\" src=\"https:\/\/dicd.tuiasi.ro\/wp-content\/uploads\/2021\/09\/4-7.png\" alt=\"\" data-id=\"8689\" data-full-url=\"https:\/\/dicd.tuiasi.ro\/wp-content\/uploads\/2021\/09\/4-7.png\" data-link=\"https:\/\/dicd.tuiasi.ro\/angajati\/e-mail-angajati\/legacy-tuiasi\/4-7-2\/\" class=\"wp-image-8689\" srcset=\"https:\/\/dicd.tuiasi.ro\/wp-content\/uploads\/2021\/09\/4-7.png 811w, https:\/\/dicd.tuiasi.ro\/wp-content\/uploads\/2021\/09\/4-7-271x300.png 271w, https:\/\/dicd.tuiasi.ro\/wp-content\/uploads\/2021\/09\/4-7-768x849.png 768w\" sizes=\"(max-width: 811px) 100vw, 811px\" \/><figcaption class=\"blocks-gallery-item__caption\">Fig. 4 Activare mod concediu<\/figcaption><\/figure><\/li><\/ul><\/figure>\n\n<\/div><\/div>\n<\/div>","protected":false},"excerpt":{"rendered":"<p>Acest tutorial este realizat pentru adresele de e-mail cu domeniul @tuiasi.ro. \u00cen prezent nu se mai creeaz\u0103 astfel de e-mailuri, deoarece noile adrese personale vor fi de forma @academic.tuiasi.ro, @staff.tuiasi.ro \u0219i @student.tuiasi.ro, iar cele de grup vor fi de forma @groups.tuiasi.ro. Utilizatorii re\u021belei TUIASI cu casu\u021bele po\u0219tale pe serverul TUIASI (mail.tuiasi.ro) au la dispozi\u021bie trei [&hellip;]<\/p>","protected":false},"author":8,"featured_media":0,"parent":8527,"menu_order":0,"comment_status":"closed","ping_status":"closed","template":"pagina-prezentare.php","meta":{"advgb_blocks_editor_width":"","advgb_blocks_columns_visual_guide":"","ub_ctt_via":""},"featured_image_urls":{"full":"","thumbnail":"","medium":"","medium_large":"","large":"","1536x1536":"","2048x2048":"","trp-custom-language-flag":"","post-thumbnail":""},"post_excerpt_stackable":"<p>Acest tutorial este realizat pentru adresele de e-mail cu domeniul @tuiasi.ro. \u00cen prezent nu se mai creeaz\u0103 astfel de e-mailuri, deoarece noile adrese personale vor fi de forma @academic.tuiasi.ro, @staff.tuiasi.ro \u0219i @student.tuiasi.ro, iar cele de grup vor fi de forma @groups.tuiasi.ro. Utilizatorii re\u021belei TUIASI cu casu\u021bele po\u0219tale pe serverul TUIASI (mail.tuiasi.ro) au la dispozi\u021bie trei metode pentru conectare: Prin interfa\u021ba webmail;Folosind un client(program) dedicat de po\u0219t\u0103 electronic\u0103 (thunderbird, outlook express, etc.) de pe un calculator personal;Folosind un echipament mobil (telefon, tablet\u0103) cu acces la internet, prin aplica\u021bia de citit po\u0219ta electronic\u0103 specific\u0103 acelui echipament Nu recomand\u0103m accesarea c\u0103su\u021bei po\u0219tale prin&hellip;<\/p>\n","category_list":"","author_info":{"name":"Vladut BUTNARU","url":"https:\/\/dicd.tuiasi.ro\/en\/author\/vbutnaru\/"},"comments_num":"0 comments","featured_image_src":null,"coauthors":[],"author_meta":{"author_link":"https:\/\/dicd.tuiasi.ro\/en\/author\/vbutnaru\/","display_name":"Vladut BUTNARU"},"relative_dates":{"created":"Posted 5 years ago","modified":"Updated 3 years ago"},"absolute_dates":{"created":"Posted on 23 September 2021","modified":"Updated on 15 March 2023"},"absolute_dates_time":{"created":"Posted on 23 September 2021 10:19","modified":"Updated on 15 March 2023 09:54"},"featured_img_caption":"","_links":{"self":[{"href":"https:\/\/dicd.tuiasi.ro\/en\/wp-json\/wp\/v2\/pages\/8587"}],"collection":[{"href":"https:\/\/dicd.tuiasi.ro\/en\/wp-json\/wp\/v2\/pages"}],"about":[{"href":"https:\/\/dicd.tuiasi.ro\/en\/wp-json\/wp\/v2\/types\/page"}],"author":[{"embeddable":true,"href":"https:\/\/dicd.tuiasi.ro\/en\/wp-json\/wp\/v2\/users\/8"}],"replies":[{"embeddable":true,"href":"https:\/\/dicd.tuiasi.ro\/en\/wp-json\/wp\/v2\/comments?post=8587"}],"version-history":[{"count":22,"href":"https:\/\/dicd.tuiasi.ro\/en\/wp-json\/wp\/v2\/pages\/8587\/revisions"}],"predecessor-version":[{"id":12188,"href":"https:\/\/dicd.tuiasi.ro\/en\/wp-json\/wp\/v2\/pages\/8587\/revisions\/12188"}],"up":[{"embeddable":true,"href":"https:\/\/dicd.tuiasi.ro\/en\/wp-json\/wp\/v2\/pages\/8527"}],"wp:attachment":[{"href":"https:\/\/dicd.tuiasi.ro\/en\/wp-json\/wp\/v2\/media?parent=8587"}],"curies":[{"name":"wp","href":"https:\/\/api.w.org\/{rel}","templated":true}]}}