{"id":8917,"date":"2021-09-23T15:27:32","date_gmt":"2021-09-23T13:27:32","guid":{"rendered":"https:\/\/dicd.tuiasi.ro\/?page_id=8917"},"modified":"2024-10-09T10:12:23","modified_gmt":"2024-10-09T08:12:23","slug":"conectare-la-retea-prin-cablu","status":"publish","type":"page","link":"https:\/\/dicd.tuiasi.ro\/en\/angajati\/conectare-la-retea-prin-cablu\/","title":{"rendered":"Conectare la retea prin cablu"},"content":{"rendered":"<div class=\"alignfull        wp-block-ugb-cta        ugb-cta ugb-b5302a1 ugb-cta ugb-cta--v2 ugb-cta--design-plain        ugb-main-block ugb-main-block--inner-wide        ugb--has-block-background ugb--has-background-overlay\" style=\"margin-top: 0px !important\">\n    \n    <div class=\"ugb-inner-block ugb-inner-block--wide\">\n        <div class=\"ugb-block-content\">\n            <div class=\"ugb-cta__item\">\n                <h1 class=\"ugb-cta__title\" style=\"font-size:4em !important;\">Conectare la re\u021bea prin cablu<\/h1>\n            <\/div>\n        <\/div>\n    <\/div>\n<\/div>\n\n\n\n<p>Pentru a putea conecta un echipament la re\u021beua Universit\u0103\u021bii, va trebui s\u0103 determina\u021bi adresa MAC a dispozitivului, s\u0103 completa\u021bi \u0219i s\u0103 semna\u021bi <strong>cererea de conectare a resurselor de calcul\/comunica\u0163ie (<a href=\"https:\/\/dicd.tuiasi.ro\/wp-content\/uploads\/2024\/10\/Fisa_de_conectare_a_resurselor_de_calcul.doc\" data-type=\"URL\" data-id=\"https:\/\/dicd.tuiasi.ro\/wp-content\/uploads\/2024\/10\/Fisa_de_conectare_a_resurselor_de_calcul.doc\">.doc<\/a>\/ <a href=\"https:\/\/dicd.tuiasi.ro\/wp-content\/uploads\/2024\/10\/Fisa_de_conectare_a_resurselor_de_calcul.pdf\" data-type=\"URL\" data-id=\"https:\/\/dicd.tuiasi.ro\/wp-content\/uploads\/2024\/10\/Fisa_de_conectare_a_resurselor_de_calcul.pdf\">.pdf<\/a>)<\/strong>. Dup\u0103 completare, trebuie s\u0103 crea\u021bi un <a rel=\"noreferrer noopener\" href=\"https:\/\/www.support.tuiasi.ro\" data-type=\"URL\" data-id=\"https:\/\/www.support.tuiasi.ro\" target=\"_blank\"><strong>tichet<\/strong><\/a> \u00een care s\u0103 ata\u0219a\u021bi cererea. <\/p>\n\n\n\n<p>Dac\u0103 ave\u0163i de declarat mai multe adrese MAC pute\u0163i insera mai multe c\u0103su\u0163e \u00een fi\u015fa de conectare a resurselor de calcul\/comunica\u0163ie.<\/p>\n\n\n\n<div class=\"wp-block-advgb-columns advgb-columns-wrapper container-coloane\" id=\"advgb-cols-86ced0af-c3b7-4fce-ba4e-3d8e45f29378\"><div class=\"advgb-columns-container\"><div class=\"advgb-columns advgb-columns-row advgb-is-mobile advgb-columns-3 layout-13-13-13 mbl-layout-stacked gutter-20 vgutter-10\">\n<div class=\"wp-block-advgb-column advgb-column advgb-is-one-third-tablet advgb-is-full-mobile bg-albastru\" id=\"advgb-col-4492e11f-82ef-4019-aa61-dab1699fd8fc\"><div class=\"advgb-column-inner\" style=\"border-style:none;border-width:10px\">\n<a href=\"\/en\/..\/determinarea-adresei-mac\/\">\n<div class=\"centrat\"><div><img src=\"\/wp-content\/uploads\/2021\/09\/commandwhite.svg\" alt=\"\" class=\"wp-image-4859\"><p>Determinarea adresei MAC<\/p><\/div><\/div>\n<\/a>\n<\/div><\/div>\n\n\n\n<div class=\"wp-block-advgb-column advgb-column advgb-is-one-third-tablet advgb-is-full-mobile\" id=\"advgb-col-5c3636e3-2fd2-4097-8f07-5815c64fa11a\"><div class=\"advgb-column-inner\" style=\"border-style:none;border-width:0\">\n\n\n<p><\/p>\n<\/div><\/div>\n\n\n\n<div class=\"wp-block-advgb-column advgb-column advgb-is-one-third-tablet advgb-is-full-mobile bg-albastru\" id=\"advgb-col-f11a828a-5aa4-45e9-902d-699721fde0e4\"><div class=\"advgb-column-inner\" style=\"border-style:none;border-width:1px\">\n<a href=\"\/en\/..\/verificare-configuratie-pc\/\">\n<div class=\"centrat\"><div><img src=\"\/wp-content\/uploads\/2021\/09\/comwhite.svg\" alt=\"\" class=\"wp-image-4859\"><p>Verificare configura\u021bie PC<\/p><\/div><\/div>\n<\/a>\n<\/div><\/div>\n<\/div><\/div><\/div>\n<style class=\"advgb-styles-renderer\">\n        .ugb-b5302a1 .ugb-cta__title {\n            font-family: -apple-system, BlinkMacSystemFont, 'Segoe UI', Roboto,\n                Helvetica, Arial, sans-serif, 'Apple Color Emoji',\n                'Segoe UI Emoji', 'Segoe UI Symbol' !important;\n            font-size: 80px !important;\n            color: #ffffff;\n        }\n        .ugb-b5302a1.ugb-cta {\n            background-color: #184890;\n            background-image: url(https:\/\/dicd.tuiasi.ro\/wp-content\/uploads\/2021\/05\/exhibition-1659478_1920.jpg);\n        }\n        .ugb-b5302a1.ugb-cta:before {\n            background-color: #184890;\n            opacity: 0.7;\n        }\n        @media screen and (max-width: 1025px) {\n            .ugb-b5302a1 .ugb-cta__title {\n                font-size: 50px !important;\n            }\n        }\n    #advgb-cols-86ced0af-c3b7-4fce-ba4e-3d8e45f29378{}@media screen and (max-width: 1023px) {#advgb-cols-86ced0af-c3b7-4fce-ba4e-3d8e45f29378{}}@media screen and (max-width: 767px) {#advgb-cols-86ced0af-c3b7-4fce-ba4e-3d8e45f29378{}}#advgb-col-4492e11f-82ef-4019-aa61-dab1699fd8fc>.advgb-column-inner{}@media screen and (max-width: 1023px) {#advgb-col-4492e11f-82ef-4019-aa61-dab1699fd8fc>.advgb-column-inner{}}@media screen and (max-width: 767px) {#advgb-col-4492e11f-82ef-4019-aa61-dab1699fd8fc>.advgb-column-inner{}}#advgb-col-5c3636e3-2fd2-4097-8f07-5815c64fa11a>.advgb-column-inner{}@media screen and (max-width: 1023px) {#advgb-col-5c3636e3-2fd2-4097-8f07-5815c64fa11a>.advgb-column-inner{}}@media screen and (max-width: 767px) {#advgb-col-5c3636e3-2fd2-4097-8f07-5815c64fa11a>.advgb-column-inner{}}#advgb-col-f11a828a-5aa4-45e9-902d-699721fde0e4>.advgb-column-inner{}@media screen and (max-width: 1023px) {#advgb-col-f11a828a-5aa4-45e9-902d-699721fde0e4>.advgb-column-inner{}}@media screen and (max-width: 767px) {#advgb-col-f11a828a-5aa4-45e9-902d-699721fde0e4>.advgb-column-inner{}}<\/style>","protected":false},"excerpt":{"rendered":"<p>Conectare la re\u021bea prin cablu Pentru a putea conecta un echipament la re\u021beua Universit\u0103\u021bii, va trebui s\u0103 determina\u021bi adresa MAC a dispozitivului, s\u0103 completa\u021bi \u0219i s\u0103 semna\u021bi cererea de conectare a resurselor de calcul\/comunica\u0163ie (.doc\/ .pdf). Dup\u0103 completare, trebuie s\u0103 crea\u021bi un tichet \u00een care s\u0103 ata\u0219a\u021bi cererea. Dac\u0103 ave\u0163i de declarat mai multe adrese [&hellip;]<\/p>","protected":false},"author":8,"featured_media":0,"parent":7699,"menu_order":0,"comment_status":"closed","ping_status":"closed","template":"pagina-hero.php","meta":{"advgb_blocks_editor_width":"","advgb_blocks_columns_visual_guide":"","ub_ctt_via":""},"featured_image_urls":{"full":"","thumbnail":"","medium":"","medium_large":"","large":"","1536x1536":"","2048x2048":"","trp-custom-language-flag":"","post-thumbnail":""},"post_excerpt_stackable":"<p>Conectare la re\u021bea prin cablu Pentru a putea conecta un echipament la re\u021beua Universit\u0103\u021bii, va trebui s\u0103 determina\u021bi adresa MAC a dispozitivului, s\u0103 completa\u021bi \u0219i s\u0103 semna\u021bi cererea de conectare a resurselor de calcul\/comunica\u0163ie (.doc\/ .pdf). Dup\u0103 completare, trebuie s\u0103 crea\u021bi un tichet \u00een care s\u0103 ata\u0219a\u021bi cererea. Dac\u0103 ave\u0163i de declarat mai multe adrese MAC pute\u0163i insera mai multe c\u0103su\u0163e \u00een fi\u015fa de conectare a resurselor de calcul\/comunica\u0163ie. Determinarea adresei MAC Verificare configura\u021bie PC<\/p>\n","category_list":"","author_info":{"name":"Vladut BUTNARU","url":"https:\/\/dicd.tuiasi.ro\/en\/author\/vbutnaru\/"},"comments_num":"0 comments","featured_image_src":null,"coauthors":[],"author_meta":{"author_link":"https:\/\/dicd.tuiasi.ro\/en\/author\/vbutnaru\/","display_name":"Vladut BUTNARU"},"relative_dates":{"created":"Posted 5 years ago","modified":"Updated 2 years ago"},"absolute_dates":{"created":"Posted on 23 September 2021","modified":"Updated on 9 October 2024"},"absolute_dates_time":{"created":"Posted on 23 September 2021 15:27","modified":"Updated on 9 October 2024 10:12"},"featured_img_caption":"","_links":{"self":[{"href":"https:\/\/dicd.tuiasi.ro\/en\/wp-json\/wp\/v2\/pages\/8917"}],"collection":[{"href":"https:\/\/dicd.tuiasi.ro\/en\/wp-json\/wp\/v2\/pages"}],"about":[{"href":"https:\/\/dicd.tuiasi.ro\/en\/wp-json\/wp\/v2\/types\/page"}],"author":[{"embeddable":true,"href":"https:\/\/dicd.tuiasi.ro\/en\/wp-json\/wp\/v2\/users\/8"}],"replies":[{"embeddable":true,"href":"https:\/\/dicd.tuiasi.ro\/en\/wp-json\/wp\/v2\/comments?post=8917"}],"version-history":[{"count":6,"href":"https:\/\/dicd.tuiasi.ro\/en\/wp-json\/wp\/v2\/pages\/8917\/revisions"}],"predecessor-version":[{"id":12131,"href":"https:\/\/dicd.tuiasi.ro\/en\/wp-json\/wp\/v2\/pages\/8917\/revisions\/12131"}],"up":[{"embeddable":true,"href":"https:\/\/dicd.tuiasi.ro\/en\/wp-json\/wp\/v2\/pages\/7699"}],"wp:attachment":[{"href":"https:\/\/dicd.tuiasi.ro\/en\/wp-json\/wp\/v2\/media?parent=8917"}],"curies":[{"name":"wp","href":"https:\/\/api.w.org\/{rel}","templated":true}]}}