{"id":9970,"date":"2021-09-30T08:44:21","date_gmt":"2021-09-30T06:44:21","guid":{"rendered":"https:\/\/dicd.tuiasi.ro\/?page_id=9970"},"modified":"2026-04-23T17:51:16","modified_gmt":"2026-04-23T15:51:16","slug":"selecteaza-campus","status":"publish","type":"page","link":"https:\/\/dicd.tuiasi.ro\/en\/selecteaza-campus\/","title":{"rendered":"Select suport"},"content":{"rendered":"<div class=\"alignfull        wp-block-ugb-cta        ugb-cta ugb-b5302a1 ugb-cta ugb-cta--v2 ugb-cta--design-plain        ugb-main-block ugb-main-block--inner-wide        ugb--has-block-background ugb--has-background-overlay\" style=\"margin-top: 0px !important\">\n    \n    <div class=\"ugb-inner-block ugb-inner-block--wide\">\n        <div class=\"ugb-block-content\">\n            <div class=\"ugb-cta__item\">\n                <h1 class=\"ugb-cta__title\">Selecteaz\u0103 campusul<\/h1>\n            <\/div>\n        <\/div>\n    <\/div>\n<\/div>\n\n\n\n<p>Pentru probleme legate de internetul din campus (probleme la realizarea conexiunii sau dac\u0103 exist\u0103 alte probleme de natur\u0103 fizica) selecta\u021bi &#8222;<strong>Campus studen\u021besc<\/strong>&#8222;, iar pentru probleme legate de serviciile oferite (cont institu\u021bional, administrare web etc &#8230;) selecta\u021bi &#8222;<strong>Campus academic<\/strong>&#8222;.<\/p>\n\n\n\n<div class=\"wp-block-advgb-columns alignwide advgb-columns-wrapper container-coloane\" id=\"advgb-cols-87ff6f35-2da4-4ed6-96bc-a65e317709b5\"><div class=\"advgb-columns-container\"><div class=\"advgb-columns advgb-columns-row advgb-is-mobile advgb-columns-3 layout-13-13-13 mbl-layout-stacked gutter-20 vgutter-10\">\n<div class=\"wp-block-advgb-column advgb-column advgb-is-one-third-tablet advgb-is-full-mobile bg-albastru\" id=\"advgb-col-28cc4f29-2751-43c4-ad39-c92e9da59061\"><div class=\"advgb-column-inner\" style=\"border-style:none;border-width:10px\">\n<a href=\"https:\/\/support.campus.tuiasi.ro\">\n<div class=\"centrat\"><div><img loading=\"lazy\" width=\"288\" height=\"288\" src=\"\/wp-content\/uploads\/2021\/07\/student.svg\" alt=\"\" class=\"wp-image-4859\" srcset=\"https:\/\/dicd.tuiasi.ro\/wp-content\/uploads\/\/2021\/07\/student.svg 150w, https:\/\/dicd.tuiasi.ro\/wp-content\/uploads\/\/2021\/07\/student.svg 300w, https:\/\/dicd.tuiasi.ro\/wp-content\/uploads\/\/2021\/07\/student.svg 1024w, https:\/\/dicd.tuiasi.ro\/wp-content\/uploads\/\/2021\/07\/student.svg 288w\" sizes=\"(max-width: 288px) 100vw, 288px\" \/><p>Campus Studen\u021besc<\/p><\/div><\/div>\n<\/a>\n<\/div><\/div>\n\n\n\n<div class=\"wp-block-advgb-column advgb-column advgb-is-one-third-tablet advgb-is-full-mobile bg-alb\" id=\"advgb-col-9a65f6de-da78-470c-98c4-7851e4cdcea0\"><div class=\"advgb-column-inner\" style=\"border-style:none;border-width:0\"><\/div><\/div>\n\n\n\n<div class=\"wp-block-advgb-column advgb-column advgb-is-one-third-tablet advgb-is-full-mobile bg-albastru\" id=\"advgb-col-3b2abbc8-4cd6-4f01-84b5-5e5a1ec665df\"><div class=\"advgb-column-inner\" style=\"border-style:none;border-width:1px\">\n<a href=\"https:\/\/www.support.tuiasi.ro\">\n<div class=\"centrat\"><div><img src=\"\/wp-content\/uploads\/2021\/07\/angajat-1.svg\" alt=\"\" class=\"wp-image-4859\"><p>Campus Academic<\/p><\/div><\/div>\n<\/a>\n<\/div><\/div>\n<\/div><\/div><\/div>\n<style class=\"advgb-styles-renderer\">\n        .ugb-b5302a1 .ugb-cta__title {\n            font-family: -apple-system, BlinkMacSystemFont, 'Segoe UI', Roboto,\n                Helvetica, Arial, sans-serif, 'Apple Color Emoji',\n                'Segoe UI Emoji', 'Segoe UI Symbol' !important;\n            font-size: 80px !important;\n            color: #ffffff;\n        }\n        .ugb-b5302a1.ugb-cta {\n            background-color: #184890;\n            background-image: url(https:\/\/dicd.tuiasi.ro\/wp-content\/uploads\/2020\/02\/row-of-books-in-shelf-256541-scaled.jpg);\n        }\n        .ugb-b5302a1.ugb-cta:before {\n            background-color: #184890;\n            opacity: 0.7;\n        }\n        @media screen and (max-width: 1025px) {\n            .ugb-b5302a1 .ugb-cta__title {\n                font-size: 50px !important;\n            }\n        }\n    #advgb-cols-87ff6f35-2da4-4ed6-96bc-a65e317709b5{margin-top:0%;margin-right:0%;margin-left:0%;padding-top:2.5%;padding-right:5%;padding-left:5%;}@media screen and (max-width: 1023px) {#advgb-cols-87ff6f35-2da4-4ed6-96bc-a65e317709b5{}}@media screen and (max-width: 767px) {#advgb-cols-87ff6f35-2da4-4ed6-96bc-a65e317709b5{margin-right:0%;margin-left:0%;padding-right:5px;padding-left:0px;}}#advgb-col-28cc4f29-2751-43c4-ad39-c92e9da59061>.advgb-column-inner{}@media screen and (max-width: 1023px) {#advgb-col-28cc4f29-2751-43c4-ad39-c92e9da59061>.advgb-column-inner{}}@media screen and (max-width: 767px) {#advgb-col-28cc4f29-2751-43c4-ad39-c92e9da59061>.advgb-column-inner{}}#advgb-col-9a65f6de-da78-470c-98c4-7851e4cdcea0>.advgb-column-inner{}@media screen and (max-width: 1023px) {#advgb-col-9a65f6de-da78-470c-98c4-7851e4cdcea0>.advgb-column-inner{}}@media screen and (max-width: 767px) {#advgb-col-9a65f6de-da78-470c-98c4-7851e4cdcea0>.advgb-column-inner{}}#advgb-col-3b2abbc8-4cd6-4f01-84b5-5e5a1ec665df>.advgb-column-inner{}@media screen and (max-width: 1023px) {#advgb-col-3b2abbc8-4cd6-4f01-84b5-5e5a1ec665df>.advgb-column-inner{}}@media screen and (max-width: 767px) {#advgb-col-3b2abbc8-4cd6-4f01-84b5-5e5a1ec665df>.advgb-column-inner{}}<\/style>","protected":false},"excerpt":{"rendered":"<p>Selecteaz\u0103 campusul Pentru probleme legate de internetul din campus (probleme la realizarea conexiunii sau dac\u0103 exist\u0103 alte probleme de natur\u0103 fizica) selecta\u021bi &#8222;Campus studen\u021besc&#8222;, iar pentru probleme legate de serviciile oferite (cont institu\u021bional, administrare web etc &#8230;) selecta\u021bi &#8222;Campus academic&#8222;.<\/p>","protected":false},"author":8,"featured_media":0,"parent":0,"menu_order":0,"comment_status":"closed","ping_status":"closed","template":"pagina-hero.php","meta":{"advgb_blocks_editor_width":"","advgb_blocks_columns_visual_guide":"","ub_ctt_via":""},"featured_image_urls":{"full":"","thumbnail":"","medium":"","medium_large":"","large":"","1536x1536":"","2048x2048":"","trp-custom-language-flag":"","post-thumbnail":""},"post_excerpt_stackable":"<p>Selecteaz\u0103 campusul Pentru probleme legate de internetul din campus (probleme la realizarea conexiunii sau dac\u0103 exist\u0103 alte probleme de natur\u0103 fizica) selecta\u021bi &#8222;Campus studen\u021besc&#8222;, iar pentru probleme legate de serviciile oferite (cont institu\u021bional, administrare web etc &#8230;) selecta\u021bi &#8222;Campus academic&#8222;. Campus Studen\u021besc Campus Academic<\/p>\n","category_list":"","author_info":{"name":"Vladut BUTNARU","url":"https:\/\/dicd.tuiasi.ro\/en\/author\/vbutnaru\/"},"comments_num":"0 comments","featured_image_src":null,"coauthors":[],"author_meta":{"author_link":"https:\/\/dicd.tuiasi.ro\/en\/author\/vbutnaru\/","display_name":"Vladut BUTNARU"},"relative_dates":{"created":"Posted 5 years ago","modified":"Updated 6 days ago"},"absolute_dates":{"created":"Posted on 30 September 2021","modified":"Updated on 23 April 2026"},"absolute_dates_time":{"created":"Posted on 30 September 2021 08:44","modified":"Updated on 23 April 2026 17:51"},"featured_img_caption":"","_links":{"self":[{"href":"https:\/\/dicd.tuiasi.ro\/en\/wp-json\/wp\/v2\/pages\/9970"}],"collection":[{"href":"https:\/\/dicd.tuiasi.ro\/en\/wp-json\/wp\/v2\/pages"}],"about":[{"href":"https:\/\/dicd.tuiasi.ro\/en\/wp-json\/wp\/v2\/types\/page"}],"author":[{"embeddable":true,"href":"https:\/\/dicd.tuiasi.ro\/en\/wp-json\/wp\/v2\/users\/8"}],"replies":[{"embeddable":true,"href":"https:\/\/dicd.tuiasi.ro\/en\/wp-json\/wp\/v2\/comments?post=9970"}],"version-history":[{"count":13,"href":"https:\/\/dicd.tuiasi.ro\/en\/wp-json\/wp\/v2\/pages\/9970\/revisions"}],"predecessor-version":[{"id":13440,"href":"https:\/\/dicd.tuiasi.ro\/en\/wp-json\/wp\/v2\/pages\/9970\/revisions\/13440"}],"wp:attachment":[{"href":"https:\/\/dicd.tuiasi.ro\/en\/wp-json\/wp\/v2\/media?parent=9970"}],"curies":[{"name":"wp","href":"https:\/\/api.w.org\/{rel}","templated":true}]}}