{"id":10180,"date":"2022-02-23T16:15:18","date_gmt":"2022-02-23T14:15:18","guid":{"rendered":"https:\/\/dicd.tuiasi.ro\/?page_id=10180"},"modified":"2022-02-28T14:27:38","modified_gmt":"2022-02-28T12:27:38","slug":"ebsco-host","status":"publish","type":"page","link":"https:\/\/dicd.tuiasi.ro\/ro\/ebsco-host\/","title":{"rendered":"EBSCO Host"},"content":{"rendered":"\n<p>Universitatea Tehnic\u0103 \u201eGheorghe Asachi\u201d din Ia\u0219i pune la dispozi\u021bie acces la platforma <strong>EBSCO Host<\/strong> pe baza contului institu\u0163ional sau automat \u00een cazul \u00een care sunte\u0163i conecta\u0163i la re\u0163eaua campusului studen\u0163esc sau didactic.<\/p>\n\n\n<div class=\"wp-block-ub-content-toggle\" id=\"ub-content-toggle-c95cdbda-dc74-43fd-bc37-52b653b04139\">\n<div id=\"\" class=\"wp-block-ub-content-toggle-accordion\">\n                <div class=\"wp-block-ub-content-toggle-accordion-title-wrap\" aria-expanded=\"false\" aria-controls=\"ub-content-toggle-panel-0-c95cdbda-dc74-43fd-bc37-52b653b04139\" tabindex=\"0\">\n                    <p class=\"wp-block-ub-content-toggle-accordion-title ub-content-toggle-title-c95cdbda-dc74-43fd-bc37-52b653b04139\">Accesare via adres\u0103 IP<\/p><div class=\"wp-block-ub-content-toggle-accordion-toggle-wrap right\"><span class=\"wp-block-ub-content-toggle-accordion-state-indicator wp-block-ub-chevron-down\"><\/span>\n                    <\/div><\/div><div role=\"region\" class=\"wp-block-ub-content-toggle-accordion-content-wrap ub-hide\" id=\"ub-content-toggle-panel-0-c95cdbda-dc74-43fd-bc37-52b653b04139\">\n\n<p>Acces\u0103m <a href=\"http:\/\/search.ebscohost.com\/\" data-type=\"URL\" data-id=\"http:\/\/search.ebscohost.com\/\"><strong>EBSCO Host<\/strong><\/a> \u015fi, dac\u0103 autentificarea a fost realizat\u0103 cu succes, putem observa mesajul din Fig. 1.<\/p>\n\n\n\n<p>\u00cen caz contrar, urma\u0163i instruc\u0163iunile pentru accesarea prin intermediul contului institu\u0163ional.<\/p>\n\n\n\n<figure class=\"wp-block-gallery columns-1 is-cropped\"><ul class=\"blocks-gallery-grid\"><li class=\"blocks-gallery-item\"><figure><img loading=\"lazy\" width=\"1003\" height=\"445\" src=\"https:\/\/dicd.tuiasi.ro\/wp-content\/uploads\/2022\/02\/EBSCO-ip-access.png\" alt=\"\" data-id=\"10507\" data-full-url=\"https:\/\/dicd.tuiasi.ro\/wp-content\/uploads\/2022\/02\/EBSCO-ip-access.png\" data-link=\"https:\/\/dicd.tuiasi.ro\/ebsco-host\/ebsco-ip-access\/\" class=\"wp-image-10507\" srcset=\"https:\/\/dicd.tuiasi.ro\/wp-content\/uploads\/2022\/02\/EBSCO-ip-access.png 1003w, https:\/\/dicd.tuiasi.ro\/wp-content\/uploads\/2022\/02\/EBSCO-ip-access-300x133.png 300w, https:\/\/dicd.tuiasi.ro\/wp-content\/uploads\/2022\/02\/EBSCO-ip-access-768x341.png 768w, https:\/\/dicd.tuiasi.ro\/wp-content\/uploads\/2022\/02\/EBSCO-ip-access-18x8.png 18w\" sizes=\"(max-width: 1003px) 100vw, 1003px\" \/><figcaption class=\"blocks-gallery-item__caption\">Fig. 1<\/figcaption><\/figure><\/li><\/ul><\/figure>\n\n<\/div><\/div>\n<\/div>\n\n<div class=\"wp-block-ub-content-toggle\" id=\"ub-content-toggle-95bf108f-328e-4c21-b971-4e2cfaf89237\">\n<div id=\"\" class=\"wp-block-ub-content-toggle-accordion\">\n                <div class=\"wp-block-ub-content-toggle-accordion-title-wrap\" aria-expanded=\"false\" aria-controls=\"ub-content-toggle-panel-0-95bf108f-328e-4c21-b971-4e2cfaf89237\" tabindex=\"0\">\n                    <p class=\"wp-block-ub-content-toggle-accordion-title ub-content-toggle-title-95bf108f-328e-4c21-b971-4e2cfaf89237\">Accesare via cont institu\u0163ional<\/p><div class=\"wp-block-ub-content-toggle-accordion-toggle-wrap right\"><span class=\"wp-block-ub-content-toggle-accordion-state-indicator wp-block-ub-chevron-down\"><\/span>\n                    <\/div><\/div><div role=\"region\" class=\"wp-block-ub-content-toggle-accordion-content-wrap ub-hide\" id=\"ub-content-toggle-panel-0-95bf108f-328e-4c21-b971-4e2cfaf89237\">\n\n<p><strong>Pasul 1:<\/strong> Vom accesa pagina <a href=\"http:\/\/search.ebscohost.com\/\" data-type=\"URL\" data-id=\"http:\/\/search.ebscohost.com\/\"><strong>EBSCO Host<\/strong><\/a> \u015fi vom alege op\u0163iunea  <strong>\u201eInstitutional Login\u201d<\/strong> (Fig. 2).<\/p>\n\n\n\n<p><strong>Pasul 2:<\/strong> Vom c\u0103uta \u015fi selecta <strong>Technical University<\/strong> <strong>Gheorghe Asachi Iasi<\/strong> (Fig. 3).<\/p>\n\n\n\n<p><strong>Pasul 3: <\/strong>Vom fi redirec\u021biona\u021bi c\u0103tre pagina de administrare a contului institu\u021bional unde va trebui s\u0103 ne autentific\u0103m (Fig. 4).<\/p>\n\n\n\n<figure class=\"wp-block-gallery columns-3 is-cropped\"><ul class=\"blocks-gallery-grid\"><li class=\"blocks-gallery-item\"><figure><img loading=\"lazy\" width=\"561\" height=\"795\" src=\"https:\/\/dicd.tuiasi.ro\/wp-content\/uploads\/2022\/02\/EBSCO-pas1.png\" alt=\"\" data-id=\"10510\" data-full-url=\"https:\/\/dicd.tuiasi.ro\/wp-content\/uploads\/2022\/02\/EBSCO-pas1.png\" data-link=\"https:\/\/dicd.tuiasi.ro\/ebsco-host\/ebsco-pas1\/\" class=\"wp-image-10510\" srcset=\"https:\/\/dicd.tuiasi.ro\/wp-content\/uploads\/2022\/02\/EBSCO-pas1.png 561w, https:\/\/dicd.tuiasi.ro\/wp-content\/uploads\/2022\/02\/EBSCO-pas1-212x300.png 212w, https:\/\/dicd.tuiasi.ro\/wp-content\/uploads\/2022\/02\/EBSCO-pas1-8x12.png 8w\" sizes=\"(max-width: 561px) 100vw, 561px\" \/><figcaption class=\"blocks-gallery-item__caption\">Fig. 2<\/figcaption><\/figure><\/li><li class=\"blocks-gallery-item\"><figure><img loading=\"lazy\" width=\"844\" height=\"746\" src=\"https:\/\/dicd.tuiasi.ro\/wp-content\/uploads\/2022\/02\/EBSCO-pas2.png\" alt=\"\" data-id=\"10513\" data-full-url=\"https:\/\/dicd.tuiasi.ro\/wp-content\/uploads\/2022\/02\/EBSCO-pas2.png\" data-link=\"https:\/\/dicd.tuiasi.ro\/ebsco-host\/ebsco-pas2\/\" class=\"wp-image-10513\" srcset=\"https:\/\/dicd.tuiasi.ro\/wp-content\/uploads\/2022\/02\/EBSCO-pas2.png 844w, https:\/\/dicd.tuiasi.ro\/wp-content\/uploads\/2022\/02\/EBSCO-pas2-300x265.png 300w, https:\/\/dicd.tuiasi.ro\/wp-content\/uploads\/2022\/02\/EBSCO-pas2-768x679.png 768w, https:\/\/dicd.tuiasi.ro\/wp-content\/uploads\/2022\/02\/EBSCO-pas2-14x12.png 14w\" sizes=\"(max-width: 844px) 100vw, 844px\" \/><figcaption class=\"blocks-gallery-item__caption\">Fig. 3<\/figcaption><\/figure><\/li><li class=\"blocks-gallery-item\"><figure><img loading=\"lazy\" width=\"979\" height=\"796\" src=\"https:\/\/dicd.tuiasi.ro\/wp-content\/uploads\/2022\/02\/EBSCO-pas3.png\" alt=\"\" data-id=\"10516\" data-full-url=\"https:\/\/dicd.tuiasi.ro\/wp-content\/uploads\/2022\/02\/EBSCO-pas3.png\" data-link=\"https:\/\/dicd.tuiasi.ro\/ebsco-host\/ebsco-pas3\/\" class=\"wp-image-10516\" srcset=\"https:\/\/dicd.tuiasi.ro\/wp-content\/uploads\/2022\/02\/EBSCO-pas3.png 979w, https:\/\/dicd.tuiasi.ro\/wp-content\/uploads\/2022\/02\/EBSCO-pas3-300x244.png 300w, https:\/\/dicd.tuiasi.ro\/wp-content\/uploads\/2022\/02\/EBSCO-pas3-768x624.png 768w, https:\/\/dicd.tuiasi.ro\/wp-content\/uploads\/2022\/02\/EBSCO-pas3-15x12.png 15w\" sizes=\"(max-width: 979px) 100vw, 979px\" \/><figcaption class=\"blocks-gallery-item__caption\">Fig. 4<\/figcaption><\/figure><\/li><li class=\"blocks-gallery-item\"><figure><img loading=\"lazy\" width=\"1024\" height=\"142\" src=\"https:\/\/dicd.tuiasi.ro\/wp-content\/uploads\/2022\/02\/EBSCO-pas5-1024x142.png\" alt=\"\" data-id=\"10519\" data-full-url=\"https:\/\/dicd.tuiasi.ro\/wp-content\/uploads\/2022\/02\/EBSCO-pas5.png\" data-link=\"https:\/\/dicd.tuiasi.ro\/ebsco-host\/ebsco-pas5\/\" class=\"wp-image-10519\" srcset=\"https:\/\/dicd.tuiasi.ro\/wp-content\/uploads\/2022\/02\/EBSCO-pas5-1024x142.png 1024w, https:\/\/dicd.tuiasi.ro\/wp-content\/uploads\/2022\/02\/EBSCO-pas5-300x42.png 300w, https:\/\/dicd.tuiasi.ro\/wp-content\/uploads\/2022\/02\/EBSCO-pas5-768x106.png 768w, https:\/\/dicd.tuiasi.ro\/wp-content\/uploads\/2022\/02\/EBSCO-pas5-1536x213.png 1536w, https:\/\/dicd.tuiasi.ro\/wp-content\/uploads\/2022\/02\/EBSCO-pas5-18x2.png 18w, https:\/\/dicd.tuiasi.ro\/wp-content\/uploads\/2022\/02\/EBSCO-pas5-1568x217.png 1568w, https:\/\/dicd.tuiasi.ro\/wp-content\/uploads\/2022\/02\/EBSCO-pas5.png 1825w\" sizes=\"(max-width: 1024px) 100vw, 1024px\" \/><figcaption class=\"blocks-gallery-item__caption\">Fig. 5<\/figcaption><\/figure><\/li><\/ul><\/figure>\n\n<\/div><\/div>\n<\/div>","protected":false},"excerpt":{"rendered":"<p>Universitatea Tehnic\u0103 \u201eGheorghe Asachi\u201d din Ia\u0219i pune la dispozi\u021bie acces la platforma EBSCO Host pe baza contului institu\u0163ional sau automat \u00een cazul \u00een care sunte\u0163i conecta\u0163i la re\u0163eaua campusului studen\u0163esc sau didactic.<\/p>\n","protected":false},"author":37,"featured_media":0,"parent":0,"menu_order":0,"comment_status":"closed","ping_status":"closed","template":"","meta":{"advgb_blocks_editor_width":"","advgb_blocks_columns_visual_guide":"","ub_ctt_via":""},"featured_image_urls":{"full":"","thumbnail":"","medium":"","medium_large":"","large":"","1536x1536":"","2048x2048":"","trp-custom-language-flag":"","post-thumbnail":""},"post_excerpt_stackable":"<p>Universitatea Tehnic\u0103 \u201eGheorghe Asachi\u201d din Ia\u0219i pune la dispozi\u021bie acces la platforma EBSCO Host pe baza contului institu\u0163ional sau automat \u00een cazul \u00een care sunte\u0163i conecta\u0163i la re\u0163eaua campusului studen\u0163esc sau didactic. Accesare via adres\u0103 IP Acces\u0103m EBSCO Host \u015fi, dac\u0103 autentificarea a fost realizat\u0103 cu succes, putem observa mesajul din Fig. 1. \u00cen caz contrar, urma\u0163i instruc\u0163iunile pentru accesarea prin intermediul contului institu\u0163ional. Fig. 1 Accesare via cont institu\u0163ional Pasul 1: Vom accesa pagina EBSCO Host \u015fi vom alege op\u0163iunea \u201eInstitutional Login\u201d (Fig. 2). Pasul 2: Vom c\u0103uta \u015fi selecta Technical University Gheorghe Asachi Iasi (Fig. 3). Pasul 3:&hellip;<\/p>\n","category_list":"","author_info":{"name":"Bianca Elena Duduman","url":"https:\/\/dicd.tuiasi.ro\/ro\/author\/bianca\/"},"comments_num":"0 comments","featured_image_src":null,"coauthors":[],"author_meta":{"author_link":"https:\/\/dicd.tuiasi.ro\/ro\/author\/bianca\/","display_name":"Bianca Elena Duduman"},"relative_dates":{"created":"Posted 4 ani ago","modified":"Updated 4 ani ago"},"absolute_dates":{"created":"Posted on 23 februarie 2022","modified":"Updated on 28 februarie 2022"},"absolute_dates_time":{"created":"Posted on 23 februarie 2022 16:15","modified":"Updated on 28 februarie 2022 14:27"},"featured_img_caption":"","_links":{"self":[{"href":"https:\/\/dicd.tuiasi.ro\/ro\/wp-json\/wp\/v2\/pages\/10180"}],"collection":[{"href":"https:\/\/dicd.tuiasi.ro\/ro\/wp-json\/wp\/v2\/pages"}],"about":[{"href":"https:\/\/dicd.tuiasi.ro\/ro\/wp-json\/wp\/v2\/types\/page"}],"author":[{"embeddable":true,"href":"https:\/\/dicd.tuiasi.ro\/ro\/wp-json\/wp\/v2\/users\/37"}],"replies":[{"embeddable":true,"href":"https:\/\/dicd.tuiasi.ro\/ro\/wp-json\/wp\/v2\/comments?post=10180"}],"version-history":[{"count":2,"href":"https:\/\/dicd.tuiasi.ro\/ro\/wp-json\/wp\/v2\/pages\/10180\/revisions"}],"predecessor-version":[{"id":10522,"href":"https:\/\/dicd.tuiasi.ro\/ro\/wp-json\/wp\/v2\/pages\/10180\/revisions\/10522"}],"wp:attachment":[{"href":"https:\/\/dicd.tuiasi.ro\/ro\/wp-json\/wp\/v2\/media?parent=10180"}],"curies":[{"name":"wp","href":"https:\/\/api.w.org\/{rel}","templated":true}]}}