{"id":10186,"date":"2022-02-23T16:17:10","date_gmt":"2022-02-23T14:17:10","guid":{"rendered":"https:\/\/dicd.tuiasi.ro\/?page_id=10186"},"modified":"2022-02-28T14:20:44","modified_gmt":"2022-02-28T12:20:44","slug":"elsevier-ebooks","status":"publish","type":"page","link":"https:\/\/dicd.tuiasi.ro\/ro\/elsevier-ebooks\/","title":{"rendered":"Elsevier Ebooks"},"content":{"rendered":"\n<p>Universitatea Tehnic\u0103 \u201eGheorghe Asachi\u201d din Ia\u0219i pune la dispozi\u021bie acces la platforma <strong>Elsevier Ebooks<\/strong> pe baza contului institu\u0163ional.<\/p>\n\n\n<div class=\"wp-block-ub-content-toggle\" id=\"ub-content-toggle-f1cc3171-6fc7-42a9-97ba-4f979f23f3c0\">\n<div id=\"\" class=\"wp-block-ub-content-toggle-accordion\">\n                <div class=\"wp-block-ub-content-toggle-accordion-title-wrap\" aria-expanded=\"false\" aria-controls=\"ub-content-toggle-panel-0-f1cc3171-6fc7-42a9-97ba-4f979f23f3c0\" tabindex=\"0\">\n                    <p class=\"wp-block-ub-content-toggle-accordion-title ub-content-toggle-title-f1cc3171-6fc7-42a9-97ba-4f979f23f3c0\">Accesare via cont institu\u0163ional<\/p><div class=\"wp-block-ub-content-toggle-accordion-toggle-wrap right\"><span class=\"wp-block-ub-content-toggle-accordion-state-indicator wp-block-ub-chevron-down\"><\/span>\n                    <\/div><\/div><div role=\"region\" class=\"wp-block-ub-content-toggle-accordion-content-wrap ub-hide\" id=\"ub-content-toggle-panel-0-f1cc3171-6fc7-42a9-97ba-4f979f23f3c0\">\n\n<p><strong>Pasul 1:<\/strong> Vom accesa pagina de conectare <a href=\"https:\/\/www.sciencedirect.com\/science\/externallogin\" data-type=\"URL\" data-id=\"https:\/\/www.sciencedirect.com\/science\/externallogin\"><strong>Elsevier<\/strong><\/a> \u015fi vom introduce adresa de email asociat\u0103 contului institu\u0163ional (Fig. 1).<\/p>\n\n\n\n<p><strong>Pasul 2:<\/strong> Pe adresa respectiv\u0103 vom primi un email de confirmare (Fig. 2-3).<\/p>\n\n\n\n<p><strong>Pasul 3:<\/strong> Vom fi redirec\u0163iona\u0163i c\u0103tre un formular pe care \u00eel vom completa cu datele personale pentru a finaliza crearea contului (Fig. 4-5).<\/p>\n\n\n\n<p><strong>Pasul 4: <\/strong>Acces\u0103m pagina <a href=\"https:\/\/www.elsevier.com\/\" data-type=\"URL\" data-id=\"https:\/\/www.elsevier.com\/\"><strong>Elsevier Ebooks<\/strong><\/a> \u015fi ap\u0103s\u0103m pe iconi\u0163a \u201e<strong>View account<\/strong>\u201d (Fig. 6).<\/p>\n\n\n\n<p><strong>Pasul 5:<\/strong> Ne vom autentifica cu contul Elsevier creat anterior (Fig. 7).<\/p>\n\n\n\n<figure class=\"wp-block-gallery columns-3 is-cropped\"><ul class=\"blocks-gallery-grid\"><li class=\"blocks-gallery-item\"><figure><img loading=\"lazy\" width=\"556\" height=\"452\" src=\"https:\/\/dicd.tuiasi.ro\/wp-content\/uploads\/2022\/02\/Science-Direct-pas1-1.png\" alt=\"\" data-id=\"10417\" data-link=\"https:\/\/dicd.tuiasi.ro\/elsevier-ebooks\/science-direct-pas1-1\/\" class=\"wp-image-10417\" srcset=\"https:\/\/dicd.tuiasi.ro\/wp-content\/uploads\/2022\/02\/Science-Direct-pas1-1.png 556w, https:\/\/dicd.tuiasi.ro\/wp-content\/uploads\/2022\/02\/Science-Direct-pas1-1-300x244.png 300w, https:\/\/dicd.tuiasi.ro\/wp-content\/uploads\/2022\/02\/Science-Direct-pas1-1-15x12.png 15w\" sizes=\"(max-width: 556px) 100vw, 556px\" \/><figcaption class=\"blocks-gallery-item__caption\">Fig. 1<\/figcaption><\/figure><\/li><li class=\"blocks-gallery-item\"><figure><img loading=\"lazy\" width=\"583\" height=\"514\" src=\"https:\/\/dicd.tuiasi.ro\/wp-content\/uploads\/2022\/02\/Science-Direct-pas2.png\" alt=\"\" data-id=\"10420\" data-link=\"https:\/\/dicd.tuiasi.ro\/elsevier-ebooks\/science-direct-pas2\/\" class=\"wp-image-10420\" srcset=\"https:\/\/dicd.tuiasi.ro\/wp-content\/uploads\/2022\/02\/Science-Direct-pas2.png 583w, https:\/\/dicd.tuiasi.ro\/wp-content\/uploads\/2022\/02\/Science-Direct-pas2-300x264.png 300w, https:\/\/dicd.tuiasi.ro\/wp-content\/uploads\/2022\/02\/Science-Direct-pas2-14x12.png 14w\" sizes=\"(max-width: 583px) 100vw, 583px\" \/><figcaption class=\"blocks-gallery-item__caption\">Fig. 2<\/figcaption><\/figure><\/li><li class=\"blocks-gallery-item\"><figure><img loading=\"lazy\" width=\"1024\" height=\"547\" src=\"https:\/\/dicd.tuiasi.ro\/wp-content\/uploads\/2022\/02\/Science-Direct-pas3-1024x547.png\" alt=\"\" data-id=\"10423\" data-link=\"https:\/\/dicd.tuiasi.ro\/elsevier-ebooks\/science-direct-pas3\/\" class=\"wp-image-10423\" srcset=\"https:\/\/dicd.tuiasi.ro\/wp-content\/uploads\/2022\/02\/Science-Direct-pas3-1024x547.png 1024w, https:\/\/dicd.tuiasi.ro\/wp-content\/uploads\/2022\/02\/Science-Direct-pas3-300x160.png 300w, https:\/\/dicd.tuiasi.ro\/wp-content\/uploads\/2022\/02\/Science-Direct-pas3-768x410.png 768w, https:\/\/dicd.tuiasi.ro\/wp-content\/uploads\/2022\/02\/Science-Direct-pas3-18x10.png 18w, https:\/\/dicd.tuiasi.ro\/wp-content\/uploads\/2022\/02\/Science-Direct-pas3.png 1075w\" sizes=\"(max-width: 1024px) 100vw, 1024px\" \/><figcaption class=\"blocks-gallery-item__caption\">Fig. 3<\/figcaption><\/figure><\/li><li class=\"blocks-gallery-item\"><figure><img loading=\"lazy\" width=\"515\" height=\"923\" src=\"https:\/\/dicd.tuiasi.ro\/wp-content\/uploads\/2022\/02\/Science-Direct-pas4.png\" alt=\"\" data-id=\"10426\" data-link=\"https:\/\/dicd.tuiasi.ro\/elsevier-ebooks\/science-direct-pas4\/\" class=\"wp-image-10426\" srcset=\"https:\/\/dicd.tuiasi.ro\/wp-content\/uploads\/2022\/02\/Science-Direct-pas4.png 515w, https:\/\/dicd.tuiasi.ro\/wp-content\/uploads\/2022\/02\/Science-Direct-pas4-167x300.png 167w, https:\/\/dicd.tuiasi.ro\/wp-content\/uploads\/2022\/02\/Science-Direct-pas4-7x12.png 7w\" sizes=\"(max-width: 515px) 100vw, 515px\" \/><figcaption class=\"blocks-gallery-item__caption\">Fig. 4<\/figcaption><\/figure><\/li><li class=\"blocks-gallery-item\"><figure><img loading=\"lazy\" width=\"565\" height=\"421\" src=\"https:\/\/dicd.tuiasi.ro\/wp-content\/uploads\/2022\/02\/Science-Direct-pas5.png\" alt=\"\" data-id=\"10429\" data-link=\"https:\/\/dicd.tuiasi.ro\/elsevier-ebooks\/science-direct-pas5\/\" class=\"wp-image-10429\" srcset=\"https:\/\/dicd.tuiasi.ro\/wp-content\/uploads\/2022\/02\/Science-Direct-pas5.png 565w, https:\/\/dicd.tuiasi.ro\/wp-content\/uploads\/2022\/02\/Science-Direct-pas5-300x224.png 300w, https:\/\/dicd.tuiasi.ro\/wp-content\/uploads\/2022\/02\/Science-Direct-pas5-16x12.png 16w\" sizes=\"(max-width: 565px) 100vw, 565px\" \/><figcaption class=\"blocks-gallery-item__caption\">Fig. 5<\/figcaption><\/figure><\/li><li class=\"blocks-gallery-item\"><figure><img loading=\"lazy\" width=\"1024\" height=\"227\" src=\"https:\/\/dicd.tuiasi.ro\/wp-content\/uploads\/2022\/02\/Elsevier-ebooks-pas6-1024x227.png\" alt=\"\" data-id=\"10432\" data-link=\"https:\/\/dicd.tuiasi.ro\/elsevier-ebooks\/elsevier-ebooks-pas6\/\" class=\"wp-image-10432\" srcset=\"https:\/\/dicd.tuiasi.ro\/wp-content\/uploads\/2022\/02\/Elsevier-ebooks-pas6-1024x227.png 1024w, https:\/\/dicd.tuiasi.ro\/wp-content\/uploads\/2022\/02\/Elsevier-ebooks-pas6-300x66.png 300w, https:\/\/dicd.tuiasi.ro\/wp-content\/uploads\/2022\/02\/Elsevier-ebooks-pas6-768x170.png 768w, https:\/\/dicd.tuiasi.ro\/wp-content\/uploads\/2022\/02\/Elsevier-ebooks-pas6-1536x340.png 1536w, https:\/\/dicd.tuiasi.ro\/wp-content\/uploads\/2022\/02\/Elsevier-ebooks-pas6-18x4.png 18w, https:\/\/dicd.tuiasi.ro\/wp-content\/uploads\/2022\/02\/Elsevier-ebooks-pas6-1568x347.png 1568w, https:\/\/dicd.tuiasi.ro\/wp-content\/uploads\/2022\/02\/Elsevier-ebooks-pas6.png 1816w\" sizes=\"(max-width: 1024px) 100vw, 1024px\" \/><figcaption class=\"blocks-gallery-item__caption\">Fig. 6<\/figcaption><\/figure><\/li><li class=\"blocks-gallery-item\"><figure><img loading=\"lazy\" width=\"1024\" height=\"461\" src=\"https:\/\/dicd.tuiasi.ro\/wp-content\/uploads\/2022\/02\/Elsevier-ebooks-pas7-1024x461.png\" alt=\"\" data-id=\"10435\" data-full-url=\"https:\/\/dicd.tuiasi.ro\/wp-content\/uploads\/2022\/02\/Elsevier-ebooks-pas7.png\" data-link=\"https:\/\/dicd.tuiasi.ro\/elsevier-ebooks\/elsevier-ebooks-pas7\/\" class=\"wp-image-10435\" srcset=\"https:\/\/dicd.tuiasi.ro\/wp-content\/uploads\/2022\/02\/Elsevier-ebooks-pas7-1024x461.png 1024w, https:\/\/dicd.tuiasi.ro\/wp-content\/uploads\/2022\/02\/Elsevier-ebooks-pas7-300x135.png 300w, https:\/\/dicd.tuiasi.ro\/wp-content\/uploads\/2022\/02\/Elsevier-ebooks-pas7-768x345.png 768w, https:\/\/dicd.tuiasi.ro\/wp-content\/uploads\/2022\/02\/Elsevier-ebooks-pas7-18x8.png 18w, https:\/\/dicd.tuiasi.ro\/wp-content\/uploads\/2022\/02\/Elsevier-ebooks-pas7.png 1452w\" sizes=\"(max-width: 1024px) 100vw, 1024px\" \/><figcaption class=\"blocks-gallery-item__caption\">Fig. 7<\/figcaption><\/figure><\/li><\/ul><\/figure>\n\n<\/div><\/div>\n<\/div>","protected":false},"excerpt":{"rendered":"<p>Universitatea Tehnic\u0103 \u201eGheorghe Asachi\u201d din Ia\u0219i pune la dispozi\u021bie acces la platforma Elsevier Ebooks pe baza contului institu\u0163ional.<\/p>\n","protected":false},"author":37,"featured_media":0,"parent":0,"menu_order":0,"comment_status":"closed","ping_status":"closed","template":"","meta":{"advgb_blocks_editor_width":"","advgb_blocks_columns_visual_guide":"","ub_ctt_via":""},"featured_image_urls":{"full":"","thumbnail":"","medium":"","medium_large":"","large":"","1536x1536":"","2048x2048":"","trp-custom-language-flag":"","post-thumbnail":""},"post_excerpt_stackable":"<p>Universitatea Tehnic\u0103 \u201eGheorghe Asachi\u201d din Ia\u0219i pune la dispozi\u021bie acces la platforma Elsevier Ebooks pe baza contului institu\u0163ional. Accesare via cont institu\u0163ional Pasul 1: Vom accesa pagina de conectare Elsevier \u015fi vom introduce adresa de email asociat\u0103 contului institu\u0163ional (Fig. 1). Pasul 2: Pe adresa respectiv\u0103 vom primi un email de confirmare (Fig. 2-3). Pasul 3: Vom fi redirec\u0163iona\u0163i c\u0103tre un formular pe care \u00eel vom completa cu datele personale pentru a finaliza crearea contului (Fig. 4-5). Pasul 4: Acces\u0103m pagina Elsevier Ebooks \u015fi ap\u0103s\u0103m pe iconi\u0163a \u201eView account\u201d (Fig. 6). Pasul 5: Ne vom autentifica cu contul Elsevier creat&hellip;<\/p>\n","category_list":"","author_info":{"name":"Bianca Elena Duduman","url":"https:\/\/dicd.tuiasi.ro\/ro\/author\/bianca\/"},"comments_num":"0 comments","featured_image_src":null,"coauthors":[],"author_meta":{"author_link":"https:\/\/dicd.tuiasi.ro\/ro\/author\/bianca\/","display_name":"Bianca Elena Duduman"},"relative_dates":{"created":"Posted 4 ani ago","modified":"Updated 4 ani ago"},"absolute_dates":{"created":"Posted on 23 februarie 2022","modified":"Updated on 28 februarie 2022"},"absolute_dates_time":{"created":"Posted on 23 februarie 2022 16:17","modified":"Updated on 28 februarie 2022 14:20"},"featured_img_caption":"","_links":{"self":[{"href":"https:\/\/dicd.tuiasi.ro\/ro\/wp-json\/wp\/v2\/pages\/10186"}],"collection":[{"href":"https:\/\/dicd.tuiasi.ro\/ro\/wp-json\/wp\/v2\/pages"}],"about":[{"href":"https:\/\/dicd.tuiasi.ro\/ro\/wp-json\/wp\/v2\/types\/page"}],"author":[{"embeddable":true,"href":"https:\/\/dicd.tuiasi.ro\/ro\/wp-json\/wp\/v2\/users\/37"}],"replies":[{"embeddable":true,"href":"https:\/\/dicd.tuiasi.ro\/ro\/wp-json\/wp\/v2\/comments?post=10186"}],"version-history":[{"count":4,"href":"https:\/\/dicd.tuiasi.ro\/ro\/wp-json\/wp\/v2\/pages\/10186\/revisions"}],"predecessor-version":[{"id":10441,"href":"https:\/\/dicd.tuiasi.ro\/ro\/wp-json\/wp\/v2\/pages\/10186\/revisions\/10441"}],"wp:attachment":[{"href":"https:\/\/dicd.tuiasi.ro\/ro\/wp-json\/wp\/v2\/media?parent=10186"}],"curies":[{"name":"wp","href":"https:\/\/api.w.org\/{rel}","templated":true}]}}