{"id":10198,"date":"2022-02-23T16:22:07","date_gmt":"2022-02-23T14:22:07","guid":{"rendered":"https:\/\/dicd.tuiasi.ro\/?page_id=10198"},"modified":"2022-02-28T14:30:39","modified_gmt":"2022-02-28T12:30:39","slug":"elsevier-scopus","status":"publish","type":"page","link":"https:\/\/dicd.tuiasi.ro\/ro\/elsevier-scopus\/","title":{"rendered":"Elsevier Scopus"},"content":{"rendered":"\n<p>Universitatea Tehnic\u0103 \u201eGheorghe Asachi\u201d din Ia\u0219i pune la dispozi\u021bie acces la platforma oferit\u0103 de Elsevier <strong>Scopus<\/strong> pe baza contului institu\u0163ional sau automat \u00een cazul \u00een care sunte\u0163i conecta\u0163i la re\u0163eaua campusului studen\u0163esc sau didactic.<\/p>\n\n\n<div class=\"wp-block-ub-content-toggle\" id=\"ub-content-toggle-7ce3b692-48ca-40e3-97ab-3b6d30f05b7e\">\n<div id=\"\" class=\"wp-block-ub-content-toggle-accordion\">\n                <div class=\"wp-block-ub-content-toggle-accordion-title-wrap\" aria-expanded=\"false\" aria-controls=\"ub-content-toggle-panel-0-7ce3b692-48ca-40e3-97ab-3b6d30f05b7e\" tabindex=\"0\">\n                    <p class=\"wp-block-ub-content-toggle-accordion-title ub-content-toggle-title-7ce3b692-48ca-40e3-97ab-3b6d30f05b7e\">Accesare via adres\u0103 IP<\/p><div class=\"wp-block-ub-content-toggle-accordion-toggle-wrap right\"><span class=\"wp-block-ub-content-toggle-accordion-state-indicator wp-block-ub-chevron-down\"><\/span>\n                    <\/div><\/div><div role=\"region\" class=\"wp-block-ub-content-toggle-accordion-content-wrap ub-hide\" id=\"ub-content-toggle-panel-0-7ce3b692-48ca-40e3-97ab-3b6d30f05b7e\">\n\n<p>Acces\u0103m pagina <a href=\"https:\/\/www.scopus.com\" data-type=\"URL\" data-id=\"https:\/\/www.scopus.com\"><strong>Scopus<\/strong><\/a> \u015fi, dac\u0103 autentificarea a fost realizat\u0103 cu succes, putem observa mesajul din Fig. 1.<\/p>\n\n\n\n<p>\u00cen caz contrar, urma\u0163i instruc\u0163iunile pentru accesarea prin intermediul contului institu\u0163ional.<\/p>\n\n\n\n<figure class=\"wp-block-gallery columns-1 is-cropped\"><ul class=\"blocks-gallery-grid\"><li class=\"blocks-gallery-item\"><figure><img loading=\"lazy\" width=\"1024\" height=\"192\" src=\"https:\/\/dicd.tuiasi.ro\/wp-content\/uploads\/2022\/02\/Scopus-IP-access-1024x192.png\" alt=\"\" data-id=\"10552\" data-full-url=\"https:\/\/dicd.tuiasi.ro\/wp-content\/uploads\/2022\/02\/Scopus-IP-access.png\" data-link=\"https:\/\/dicd.tuiasi.ro\/elsevier-scopus\/scopus-ip-access\/\" class=\"wp-image-10552\" srcset=\"https:\/\/dicd.tuiasi.ro\/wp-content\/uploads\/2022\/02\/Scopus-IP-access-1024x192.png 1024w, https:\/\/dicd.tuiasi.ro\/wp-content\/uploads\/2022\/02\/Scopus-IP-access-300x56.png 300w, https:\/\/dicd.tuiasi.ro\/wp-content\/uploads\/2022\/02\/Scopus-IP-access-768x144.png 768w, https:\/\/dicd.tuiasi.ro\/wp-content\/uploads\/2022\/02\/Scopus-IP-access-1536x288.png 1536w, https:\/\/dicd.tuiasi.ro\/wp-content\/uploads\/2022\/02\/Scopus-IP-access-18x3.png 18w, https:\/\/dicd.tuiasi.ro\/wp-content\/uploads\/2022\/02\/Scopus-IP-access-1568x294.png 1568w, https:\/\/dicd.tuiasi.ro\/wp-content\/uploads\/2022\/02\/Scopus-IP-access.png 1821w\" sizes=\"(max-width: 1024px) 100vw, 1024px\" \/><figcaption class=\"blocks-gallery-item__caption\">Fig. 1<\/figcaption><\/figure><\/li><\/ul><\/figure>\n\n<\/div><\/div>\n<\/div>\n\n<div class=\"wp-block-ub-content-toggle\" id=\"ub-content-toggle-2a8de07e-bfc9-497b-88bf-38ce60633f7a\">\n<div id=\"\" class=\"wp-block-ub-content-toggle-accordion\">\n                <div class=\"wp-block-ub-content-toggle-accordion-title-wrap\" aria-expanded=\"false\" aria-controls=\"ub-content-toggle-panel-0-2a8de07e-bfc9-497b-88bf-38ce60633f7a\" tabindex=\"0\">\n                    <p class=\"wp-block-ub-content-toggle-accordion-title ub-content-toggle-title-2a8de07e-bfc9-497b-88bf-38ce60633f7a\">Accesare via cont institu\u0163ional<\/p><div class=\"wp-block-ub-content-toggle-accordion-toggle-wrap right\"><span class=\"wp-block-ub-content-toggle-accordion-state-indicator wp-block-ub-chevron-down\"><\/span>\n                    <\/div><\/div><div role=\"region\" class=\"wp-block-ub-content-toggle-accordion-content-wrap ub-hide\" id=\"ub-content-toggle-panel-0-2a8de07e-bfc9-497b-88bf-38ce60633f7a\">\n\n<p><strong>Pasul 1:<\/strong> Vom accesa pagina de conectare <a href=\"https:\/\/www.sciencedirect.com\/science\/externallogin\" data-type=\"URL\" data-id=\"https:\/\/www.sciencedirect.com\/science\/externallogin\"><strong>Elsevier<\/strong><\/a> \u015fi vom introduce adresa de email asociat\u0103 contului institu\u0163ional (Fig. 2).<\/p>\n\n\n\n<p><strong>Pasul 2:<\/strong> Pe adresa respectiv\u0103 vom primi un email de confirmare (Fig. 3-4).<\/p>\n\n\n\n<p><strong>Pasul 3:<\/strong> Vom fi redirec\u0163iona\u0163i c\u0103tre un formular pe care \u00eel vom completa cu datele personale pentru a finaliza crearea contului (Fig. 5-6).<\/p>\n\n\n\n<p><strong>Pasul 4: <\/strong>Acces\u0103m pagina <a href=\"https:\/\/www.scopus.com\" data-type=\"URL\" data-id=\"https:\/\/www.scopus.com\"><strong>Scopus<\/strong><\/a> \u015fi ap\u0103s\u0103m pe butonul \u201e<strong>Sign in<\/strong>\u201d (Fig. 7).<\/p>\n\n\n\n<p><strong>Pasul 5:<\/strong> Ne vom autentifica cu contul Elsevier creat anterior (Fig. 8).<\/p>\n\n\n\n<figure class=\"wp-block-gallery columns-3 is-cropped\"><ul class=\"blocks-gallery-grid\"><li class=\"blocks-gallery-item\"><figure><img loading=\"lazy\" width=\"556\" height=\"452\" src=\"https:\/\/dicd.tuiasi.ro\/wp-content\/uploads\/2022\/02\/Science-Direct-pas1-3.png\" alt=\"\" data-id=\"10555\" data-full-url=\"https:\/\/dicd.tuiasi.ro\/wp-content\/uploads\/2022\/02\/Science-Direct-pas1-3.png\" data-link=\"https:\/\/dicd.tuiasi.ro\/elsevier-scopus\/science-direct-pas1-3\/\" class=\"wp-image-10555\" srcset=\"https:\/\/dicd.tuiasi.ro\/wp-content\/uploads\/2022\/02\/Science-Direct-pas1-3.png 556w, https:\/\/dicd.tuiasi.ro\/wp-content\/uploads\/2022\/02\/Science-Direct-pas1-3-300x244.png 300w, https:\/\/dicd.tuiasi.ro\/wp-content\/uploads\/2022\/02\/Science-Direct-pas1-3-15x12.png 15w\" sizes=\"(max-width: 556px) 100vw, 556px\" \/><figcaption class=\"blocks-gallery-item__caption\">Fig. 2<\/figcaption><\/figure><\/li><li class=\"blocks-gallery-item\"><figure><img loading=\"lazy\" width=\"583\" height=\"514\" src=\"https:\/\/dicd.tuiasi.ro\/wp-content\/uploads\/2022\/02\/Science-Direct-pas2-2.png\" alt=\"\" data-id=\"10558\" data-full-url=\"https:\/\/dicd.tuiasi.ro\/wp-content\/uploads\/2022\/02\/Science-Direct-pas2-2.png\" data-link=\"https:\/\/dicd.tuiasi.ro\/elsevier-scopus\/science-direct-pas2-2\/\" class=\"wp-image-10558\" srcset=\"https:\/\/dicd.tuiasi.ro\/wp-content\/uploads\/2022\/02\/Science-Direct-pas2-2.png 583w, https:\/\/dicd.tuiasi.ro\/wp-content\/uploads\/2022\/02\/Science-Direct-pas2-2-300x264.png 300w, https:\/\/dicd.tuiasi.ro\/wp-content\/uploads\/2022\/02\/Science-Direct-pas2-2-14x12.png 14w\" sizes=\"(max-width: 583px) 100vw, 583px\" \/><figcaption class=\"blocks-gallery-item__caption\">Fig. 3<\/figcaption><\/figure><\/li><li class=\"blocks-gallery-item\"><figure><img loading=\"lazy\" width=\"1024\" height=\"547\" src=\"https:\/\/dicd.tuiasi.ro\/wp-content\/uploads\/2022\/02\/Science-Direct-pas3-2-1024x547.png\" alt=\"\" data-id=\"10561\" data-full-url=\"https:\/\/dicd.tuiasi.ro\/wp-content\/uploads\/2022\/02\/Science-Direct-pas3-2.png\" data-link=\"https:\/\/dicd.tuiasi.ro\/elsevier-scopus\/science-direct-pas3-2\/\" class=\"wp-image-10561\" srcset=\"https:\/\/dicd.tuiasi.ro\/wp-content\/uploads\/2022\/02\/Science-Direct-pas3-2-1024x547.png 1024w, https:\/\/dicd.tuiasi.ro\/wp-content\/uploads\/2022\/02\/Science-Direct-pas3-2-300x160.png 300w, https:\/\/dicd.tuiasi.ro\/wp-content\/uploads\/2022\/02\/Science-Direct-pas3-2-768x410.png 768w, https:\/\/dicd.tuiasi.ro\/wp-content\/uploads\/2022\/02\/Science-Direct-pas3-2-18x10.png 18w, https:\/\/dicd.tuiasi.ro\/wp-content\/uploads\/2022\/02\/Science-Direct-pas3-2.png 1075w\" sizes=\"(max-width: 1024px) 100vw, 1024px\" \/><figcaption class=\"blocks-gallery-item__caption\">Fig. 4<\/figcaption><\/figure><\/li><li class=\"blocks-gallery-item\"><figure><img loading=\"lazy\" width=\"515\" height=\"923\" src=\"https:\/\/dicd.tuiasi.ro\/wp-content\/uploads\/2022\/02\/Science-Direct-pas4-2.png\" alt=\"\" data-id=\"10564\" data-full-url=\"https:\/\/dicd.tuiasi.ro\/wp-content\/uploads\/2022\/02\/Science-Direct-pas4-2.png\" data-link=\"https:\/\/dicd.tuiasi.ro\/elsevier-scopus\/science-direct-pas4-2\/\" class=\"wp-image-10564\" srcset=\"https:\/\/dicd.tuiasi.ro\/wp-content\/uploads\/2022\/02\/Science-Direct-pas4-2.png 515w, https:\/\/dicd.tuiasi.ro\/wp-content\/uploads\/2022\/02\/Science-Direct-pas4-2-167x300.png 167w, https:\/\/dicd.tuiasi.ro\/wp-content\/uploads\/2022\/02\/Science-Direct-pas4-2-7x12.png 7w\" sizes=\"(max-width: 515px) 100vw, 515px\" \/><figcaption class=\"blocks-gallery-item__caption\">Fig. 5<\/figcaption><\/figure><\/li><li class=\"blocks-gallery-item\"><figure><img loading=\"lazy\" width=\"565\" height=\"421\" src=\"https:\/\/dicd.tuiasi.ro\/wp-content\/uploads\/2022\/02\/Science-Direct-pas5-2.png\" alt=\"\" data-id=\"10567\" data-full-url=\"https:\/\/dicd.tuiasi.ro\/wp-content\/uploads\/2022\/02\/Science-Direct-pas5-2.png\" data-link=\"https:\/\/dicd.tuiasi.ro\/elsevier-scopus\/science-direct-pas5-2\/\" class=\"wp-image-10567\" srcset=\"https:\/\/dicd.tuiasi.ro\/wp-content\/uploads\/2022\/02\/Science-Direct-pas5-2.png 565w, https:\/\/dicd.tuiasi.ro\/wp-content\/uploads\/2022\/02\/Science-Direct-pas5-2-300x224.png 300w, https:\/\/dicd.tuiasi.ro\/wp-content\/uploads\/2022\/02\/Science-Direct-pas5-2-16x12.png 16w\" sizes=\"(max-width: 565px) 100vw, 565px\" \/><figcaption class=\"blocks-gallery-item__caption\">Fig. 6<\/figcaption><\/figure><\/li><li class=\"blocks-gallery-item\"><figure><img loading=\"lazy\" width=\"1024\" height=\"137\" src=\"https:\/\/dicd.tuiasi.ro\/wp-content\/uploads\/2022\/02\/Scopus-pas6-1024x137.png\" alt=\"\" data-id=\"10570\" data-full-url=\"https:\/\/dicd.tuiasi.ro\/wp-content\/uploads\/2022\/02\/Scopus-pas6.png\" data-link=\"https:\/\/dicd.tuiasi.ro\/elsevier-scopus\/scopus-pas6\/\" class=\"wp-image-10570\" srcset=\"https:\/\/dicd.tuiasi.ro\/wp-content\/uploads\/2022\/02\/Scopus-pas6-1024x137.png 1024w, https:\/\/dicd.tuiasi.ro\/wp-content\/uploads\/2022\/02\/Scopus-pas6-300x40.png 300w, https:\/\/dicd.tuiasi.ro\/wp-content\/uploads\/2022\/02\/Scopus-pas6-768x103.png 768w, https:\/\/dicd.tuiasi.ro\/wp-content\/uploads\/2022\/02\/Scopus-pas6-1536x205.png 1536w, https:\/\/dicd.tuiasi.ro\/wp-content\/uploads\/2022\/02\/Scopus-pas6-18x2.png 18w, https:\/\/dicd.tuiasi.ro\/wp-content\/uploads\/2022\/02\/Scopus-pas6-1568x210.png 1568w, https:\/\/dicd.tuiasi.ro\/wp-content\/uploads\/2022\/02\/Scopus-pas6.png 1825w\" sizes=\"(max-width: 1024px) 100vw, 1024px\" \/><figcaption class=\"blocks-gallery-item__caption\">Fig. 7<\/figcaption><\/figure><\/li><li class=\"blocks-gallery-item\"><figure><img loading=\"lazy\" width=\"580\" height=\"532\" src=\"https:\/\/dicd.tuiasi.ro\/wp-content\/uploads\/2022\/02\/Scopus-pas7.png\" alt=\"\" data-id=\"10573\" data-full-url=\"https:\/\/dicd.tuiasi.ro\/wp-content\/uploads\/2022\/02\/Scopus-pas7.png\" data-link=\"https:\/\/dicd.tuiasi.ro\/elsevier-scopus\/scopus-pas7\/\" class=\"wp-image-10573\" srcset=\"https:\/\/dicd.tuiasi.ro\/wp-content\/uploads\/2022\/02\/Scopus-pas7.png 580w, https:\/\/dicd.tuiasi.ro\/wp-content\/uploads\/2022\/02\/Scopus-pas7-300x275.png 300w, https:\/\/dicd.tuiasi.ro\/wp-content\/uploads\/2022\/02\/Scopus-pas7-13x12.png 13w\" sizes=\"(max-width: 580px) 100vw, 580px\" \/><figcaption class=\"blocks-gallery-item__caption\">Fig. 8<\/figcaption><\/figure><\/li><\/ul><\/figure>\n\n<\/div><\/div>\n<\/div>","protected":false},"excerpt":{"rendered":"<p>Universitatea Tehnic\u0103 \u201eGheorghe Asachi\u201d din Ia\u0219i pune la dispozi\u021bie acces la platforma oferit\u0103 de Elsevier Scopus pe baza contului institu\u0163ional sau automat \u00een cazul \u00een care sunte\u0163i conecta\u0163i la re\u0163eaua campusului studen\u0163esc sau didactic.<\/p>\n","protected":false},"author":37,"featured_media":0,"parent":0,"menu_order":0,"comment_status":"closed","ping_status":"closed","template":"","meta":{"advgb_blocks_editor_width":"","advgb_blocks_columns_visual_guide":"","ub_ctt_via":""},"featured_image_urls":{"full":"","thumbnail":"","medium":"","medium_large":"","large":"","1536x1536":"","2048x2048":"","trp-custom-language-flag":"","post-thumbnail":""},"post_excerpt_stackable":"<p>Universitatea Tehnic\u0103 \u201eGheorghe Asachi\u201d din Ia\u0219i pune la dispozi\u021bie acces la platforma oferit\u0103 de Elsevier Scopus pe baza contului institu\u0163ional sau automat \u00een cazul \u00een care sunte\u0163i conecta\u0163i la re\u0163eaua campusului studen\u0163esc sau didactic. Accesare via adres\u0103 IP Acces\u0103m pagina Scopus \u015fi, dac\u0103 autentificarea a fost realizat\u0103 cu succes, putem observa mesajul din Fig. 1. \u00cen caz contrar, urma\u0163i instruc\u0163iunile pentru accesarea prin intermediul contului institu\u0163ional. Fig. 1 Accesare via cont institu\u0163ional Pasul 1: Vom accesa pagina de conectare Elsevier \u015fi vom introduce adresa de email asociat\u0103 contului institu\u0163ional (Fig. 2). Pasul 2: Pe adresa respectiv\u0103 vom primi un email&hellip;<\/p>\n","category_list":"","author_info":{"name":"Bianca Elena Duduman","url":"https:\/\/dicd.tuiasi.ro\/ro\/author\/bianca\/"},"comments_num":"0 comments","featured_image_src":null,"coauthors":[],"author_meta":{"author_link":"https:\/\/dicd.tuiasi.ro\/ro\/author\/bianca\/","display_name":"Bianca Elena Duduman"},"relative_dates":{"created":"Posted 4 ani ago","modified":"Updated 4 ani ago"},"absolute_dates":{"created":"Posted on 23 februarie 2022","modified":"Updated on 28 februarie 2022"},"absolute_dates_time":{"created":"Posted on 23 februarie 2022 16:22","modified":"Updated on 28 februarie 2022 14:30"},"featured_img_caption":"","_links":{"self":[{"href":"https:\/\/dicd.tuiasi.ro\/ro\/wp-json\/wp\/v2\/pages\/10198"}],"collection":[{"href":"https:\/\/dicd.tuiasi.ro\/ro\/wp-json\/wp\/v2\/pages"}],"about":[{"href":"https:\/\/dicd.tuiasi.ro\/ro\/wp-json\/wp\/v2\/types\/page"}],"author":[{"embeddable":true,"href":"https:\/\/dicd.tuiasi.ro\/ro\/wp-json\/wp\/v2\/users\/37"}],"replies":[{"embeddable":true,"href":"https:\/\/dicd.tuiasi.ro\/ro\/wp-json\/wp\/v2\/comments?post=10198"}],"version-history":[{"count":2,"href":"https:\/\/dicd.tuiasi.ro\/ro\/wp-json\/wp\/v2\/pages\/10198\/revisions"}],"predecessor-version":[{"id":10576,"href":"https:\/\/dicd.tuiasi.ro\/ro\/wp-json\/wp\/v2\/pages\/10198\/revisions\/10576"}],"wp:attachment":[{"href":"https:\/\/dicd.tuiasi.ro\/ro\/wp-json\/wp\/v2\/media?parent=10198"}],"curies":[{"name":"wp","href":"https:\/\/api.w.org\/{rel}","templated":true}]}}