{"id":10282,"date":"2022-02-25T09:02:42","date_gmt":"2022-02-25T07:02:42","guid":{"rendered":"https:\/\/dicd.tuiasi.ro\/?page_id=10282"},"modified":"2022-04-28T15:12:26","modified_gmt":"2022-04-28T13:12:26","slug":"journal-citation-reports","status":"publish","type":"page","link":"https:\/\/dicd.tuiasi.ro\/ro\/journal-citation-reports\/","title":{"rendered":"Journal Citation Reports"},"content":{"rendered":"\n<p>Universitatea Tehnic\u0103 \u201eGheorghe Asachi\u201d din Ia\u0219i pune la dispozi\u021bie acces la platforma oferit\u0103 de Clarivate <strong>Journal Citation Reports<\/strong> pe baza contului institu\u0163ional sau automat \u00een cazul \u00een care sunte\u0163i conecta\u0163i la re\u0163eaua campusului studen\u0163esc sau didactic.<\/p>\n\n\n<div class=\"wp-block-ub-content-toggle\" id=\"ub-content-toggle-33be551a-ee89-4c1e-a7c1-4e517fc1d50c\">\n<div id=\"\" class=\"wp-block-ub-content-toggle-accordion\">\n                <div class=\"wp-block-ub-content-toggle-accordion-title-wrap\" aria-expanded=\"false\" aria-controls=\"ub-content-toggle-panel-0-33be551a-ee89-4c1e-a7c1-4e517fc1d50c\" tabindex=\"0\">\n                    <p class=\"wp-block-ub-content-toggle-accordion-title ub-content-toggle-title-33be551a-ee89-4c1e-a7c1-4e517fc1d50c\">Accesare prin adres\u0103 IP<\/p><div class=\"wp-block-ub-content-toggle-accordion-toggle-wrap right\"><span class=\"wp-block-ub-content-toggle-accordion-state-indicator wp-block-ub-chevron-down\"><\/span>\n                    <\/div><\/div><div role=\"region\" class=\"wp-block-ub-content-toggle-accordion-content-wrap ub-hide\" id=\"ub-content-toggle-panel-0-33be551a-ee89-4c1e-a7c1-4e517fc1d50c\">\n\n<p>Acces\u0103m <a href=\"https:\/\/jcr.clarivate.com\" data-type=\"URL\" data-id=\"https:\/\/jcr.clarivate.com\"><strong>Journal Citation Reports<\/strong><\/a> \u015fi, dac\u0103 autentificarea a fost realizat\u0103 cu succes, vom fi \u00eent\u00e2mpina\u0163i de pagina principal\u0103 a website-ului (Fig. 1).<\/p>\n\n\n\n<p>\u00cen cazul \u00een care se cere autentificarea, urma\u0163i instruc\u0163iunile pentru accesarea prin intermediul contului institu\u0163ional.<\/p>\n\n\n\n<figure class=\"wp-block-gallery columns-1 is-cropped\"><ul class=\"blocks-gallery-grid\"><li class=\"blocks-gallery-item\"><figure><img loading=\"lazy\" width=\"1024\" height=\"287\" src=\"https:\/\/dicd.tuiasi.ro\/wp-content\/uploads\/2022\/02\/jcr-ip-1024x287.png\" alt=\"\" data-id=\"10285\" data-full-url=\"https:\/\/dicd.tuiasi.ro\/wp-content\/uploads\/2022\/02\/jcr-ip.png\" data-link=\"https:\/\/dicd.tuiasi.ro\/?attachment_id=10285\" class=\"wp-image-10285\" srcset=\"https:\/\/dicd.tuiasi.ro\/wp-content\/uploads\/2022\/02\/jcr-ip-1024x287.png 1024w, https:\/\/dicd.tuiasi.ro\/wp-content\/uploads\/2022\/02\/jcr-ip-300x84.png 300w, https:\/\/dicd.tuiasi.ro\/wp-content\/uploads\/2022\/02\/jcr-ip-768x215.png 768w, https:\/\/dicd.tuiasi.ro\/wp-content\/uploads\/2022\/02\/jcr-ip-1536x431.png 1536w, https:\/\/dicd.tuiasi.ro\/wp-content\/uploads\/2022\/02\/jcr-ip-18x5.png 18w, https:\/\/dicd.tuiasi.ro\/wp-content\/uploads\/2022\/02\/jcr-ip-1568x440.png 1568w, https:\/\/dicd.tuiasi.ro\/wp-content\/uploads\/2022\/02\/jcr-ip.png 1736w\" sizes=\"(max-width: 1024px) 100vw, 1024px\" \/><figcaption class=\"blocks-gallery-item__caption\">Fig. 1<\/figcaption><\/figure><\/li><\/ul><\/figure>\n\n<\/div><\/div>\n<\/div>\n\n<div class=\"wp-block-ub-content-toggle\" id=\"ub-content-toggle-44493df6-41d1-404b-b0fb-6b215c675dd0\">\n<div id=\"\" class=\"wp-block-ub-content-toggle-accordion\">\n                <div class=\"wp-block-ub-content-toggle-accordion-title-wrap\" aria-expanded=\"false\" aria-controls=\"ub-content-toggle-panel-0-44493df6-41d1-404b-b0fb-6b215c675dd0\" tabindex=\"0\">\n                    <p class=\"wp-block-ub-content-toggle-accordion-title ub-content-toggle-title-44493df6-41d1-404b-b0fb-6b215c675dd0\">Accesare prin cont institu\u0163ional<\/p><div class=\"wp-block-ub-content-toggle-accordion-toggle-wrap right\"><span class=\"wp-block-ub-content-toggle-accordion-state-indicator wp-block-ub-chevron-down\"><\/span>\n                    <\/div><\/div><div role=\"region\" class=\"wp-block-ub-content-toggle-accordion-content-wrap ub-hide\" id=\"ub-content-toggle-panel-0-44493df6-41d1-404b-b0fb-6b215c675dd0\">\n\n<p><strong>Pasul 1:<\/strong> Vom accesa pagina <a href=\"https:\/\/access.clarivate.com\/register?app=jcr\" data-type=\"URL\"><strong>Journal Citation Reports<\/strong><\/a> \u015fi ne vom \u00eenregistra folosind email-ul asociat contului institu\u0163ional. (Fig. 2).<\/p>\n\n\n\n<p><strong>Pasul 2:<\/strong> Vom primi un email de confirmare la adresa introdus\u0103 precedent.<\/p>\n\n\n\n<p><strong>Pasul 3: <\/strong>Acum ne putem <a href=\"https:\/\/access.clarivate.com\/login?app=jcr\"><strong>autentifica<\/strong><\/a> cu creden\u0163ialele alese de la pasul 1.<\/p>\n\n\n\n<figure class=\"wp-block-gallery columns-1 is-cropped\"><ul class=\"blocks-gallery-grid\"><li class=\"blocks-gallery-item\"><figure><img loading=\"lazy\" width=\"639\" height=\"762\" src=\"https:\/\/dicd.tuiasi.ro\/wp-content\/uploads\/2022\/04\/jcrrrr1.png\" alt=\"\" data-id=\"10963\" data-full-url=\"https:\/\/dicd.tuiasi.ro\/wp-content\/uploads\/2022\/04\/jcrrrr1.png\" data-link=\"https:\/\/dicd.tuiasi.ro\/journal-citation-reports\/jcrrrr1\/\" class=\"wp-image-10963\" srcset=\"https:\/\/dicd.tuiasi.ro\/wp-content\/uploads\/2022\/04\/jcrrrr1.png 639w, https:\/\/dicd.tuiasi.ro\/wp-content\/uploads\/2022\/04\/jcrrrr1-252x300.png 252w, https:\/\/dicd.tuiasi.ro\/wp-content\/uploads\/2022\/04\/jcrrrr1-10x12.png 10w\" sizes=\"(max-width: 639px) 100vw, 639px\" \/><figcaption class=\"blocks-gallery-item__caption\">Fig. 2<\/figcaption><\/figure><\/li><\/ul><\/figure>\n\n<\/div><\/div>\n<\/div>","protected":false},"excerpt":{"rendered":"<p>Universitatea Tehnic\u0103 \u201eGheorghe Asachi\u201d din Ia\u0219i pune la dispozi\u021bie acces la platforma oferit\u0103 de Clarivate Journal Citation Reports pe baza contului institu\u0163ional sau automat \u00een cazul \u00een care sunte\u0163i conecta\u0163i la re\u0163eaua campusului studen\u0163esc sau didactic.<\/p>\n","protected":false},"author":37,"featured_media":0,"parent":0,"menu_order":0,"comment_status":"closed","ping_status":"closed","template":"","meta":{"advgb_blocks_editor_width":"","advgb_blocks_columns_visual_guide":"","ub_ctt_via":""},"featured_image_urls":{"full":"","thumbnail":"","medium":"","medium_large":"","large":"","1536x1536":"","2048x2048":"","trp-custom-language-flag":"","post-thumbnail":""},"post_excerpt_stackable":"<p>Universitatea Tehnic\u0103 \u201eGheorghe Asachi\u201d din Ia\u0219i pune la dispozi\u021bie acces la platforma oferit\u0103 de Clarivate Journal Citation Reports pe baza contului institu\u0163ional sau automat \u00een cazul \u00een care sunte\u0163i conecta\u0163i la re\u0163eaua campusului studen\u0163esc sau didactic. Accesare prin adres\u0103 IP Acces\u0103m Journal Citation Reports \u015fi, dac\u0103 autentificarea a fost realizat\u0103 cu succes, vom fi \u00eent\u00e2mpina\u0163i de pagina principal\u0103 a website-ului (Fig. 1). \u00cen cazul \u00een care se cere autentificarea, urma\u0163i instruc\u0163iunile pentru accesarea prin intermediul contului institu\u0163ional. Fig. 1 Accesare prin cont institu\u0163ional Pasul 1: Vom accesa pagina Journal Citation Reports \u015fi ne vom \u00eenregistra folosind email-ul asociat contului institu\u0163ional.&hellip;<\/p>\n","category_list":"","author_info":{"name":"Bianca Elena Duduman","url":"https:\/\/dicd.tuiasi.ro\/ro\/author\/bianca\/"},"comments_num":"0 comments","featured_image_src":null,"coauthors":[],"author_meta":{"author_link":"https:\/\/dicd.tuiasi.ro\/ro\/author\/bianca\/","display_name":"Bianca Elena Duduman"},"relative_dates":{"created":"Posted 4 ani ago","modified":"Updated 4 ani ago"},"absolute_dates":{"created":"Posted on 25 februarie 2022","modified":"Updated on 28 aprilie 2022"},"absolute_dates_time":{"created":"Posted on 25 februarie 2022 09:02","modified":"Updated on 28 aprilie 2022 15:12"},"featured_img_caption":"","_links":{"self":[{"href":"https:\/\/dicd.tuiasi.ro\/ro\/wp-json\/wp\/v2\/pages\/10282"}],"collection":[{"href":"https:\/\/dicd.tuiasi.ro\/ro\/wp-json\/wp\/v2\/pages"}],"about":[{"href":"https:\/\/dicd.tuiasi.ro\/ro\/wp-json\/wp\/v2\/types\/page"}],"author":[{"embeddable":true,"href":"https:\/\/dicd.tuiasi.ro\/ro\/wp-json\/wp\/v2\/users\/37"}],"replies":[{"embeddable":true,"href":"https:\/\/dicd.tuiasi.ro\/ro\/wp-json\/wp\/v2\/comments?post=10282"}],"version-history":[{"count":4,"href":"https:\/\/dicd.tuiasi.ro\/ro\/wp-json\/wp\/v2\/pages\/10282\/revisions"}],"predecessor-version":[{"id":10969,"href":"https:\/\/dicd.tuiasi.ro\/ro\/wp-json\/wp\/v2\/pages\/10282\/revisions\/10969"}],"wp:attachment":[{"href":"https:\/\/dicd.tuiasi.ro\/ro\/wp-json\/wp\/v2\/media?parent=10282"}],"curies":[{"name":"wp","href":"https:\/\/api.w.org\/{rel}","templated":true}]}}