{"id":10777,"date":"2022-03-23T15:31:35","date_gmt":"2022-03-23T13:31:35","guid":{"rendered":"https:\/\/dicd.tuiasi.ro\/?page_id=10777"},"modified":"2023-02-23T10:11:03","modified_gmt":"2023-02-23T08:11:03","slug":"wiley-online-library","status":"publish","type":"page","link":"https:\/\/dicd.tuiasi.ro\/ro\/wiley-online-library\/","title":{"rendered":"Wiley Online Library"},"content":{"rendered":"\n<p>Universitatea Tehnic\u0103 \u201eGheorghe Asachi\u201d din Ia\u0219i are acces, prin consor\u0163iul Anelis Plus, la platforma oferit\u0103 de <strong>Wiley Online Library<\/strong>, automat \u00een cazul \u00een care sunte\u0163i conecta\u0163i la re\u0163eaua campusului studen\u0163esc sau didactic.<\/p>\n\n\n<div class=\"wp-block-ub-content-toggle\" id=\"ub-content-toggle-4faa26d9-102f-45d4-8b32-dbabd646dc2f\">\n<div id=\"\" class=\"wp-block-ub-content-toggle-accordion\">\n                <div class=\"wp-block-ub-content-toggle-accordion-title-wrap\" aria-expanded=\"false\" aria-controls=\"ub-content-toggle-panel-0-4faa26d9-102f-45d4-8b32-dbabd646dc2f\" tabindex=\"0\">\n                    <p class=\"wp-block-ub-content-toggle-accordion-title ub-content-toggle-title-4faa26d9-102f-45d4-8b32-dbabd646dc2f\">Accesare via adres\u0103 IP<\/p><div class=\"wp-block-ub-content-toggle-accordion-toggle-wrap right\"><span class=\"wp-block-ub-content-toggle-accordion-state-indicator wp-block-ub-chevron-down\"><\/span>\n                    <\/div><\/div><div role=\"region\" class=\"wp-block-ub-content-toggle-accordion-content-wrap ub-hide\" id=\"ub-content-toggle-panel-0-4faa26d9-102f-45d4-8b32-dbabd646dc2f\">\n\n<p>Acces\u0103m <a href=\"https:\/\/onlinelibrary.wiley.com\/\" data-type=\"URL\"><strong>Wiley Online Library<\/strong><\/a> \u015fi, dac\u0103 autentificarea a fost realizat\u0103 cu succes, putem observa mesajul din Fig. 1.<\/p>\n\n\n\n<figure class=\"wp-block-gallery columns-1 is-cropped\"><ul class=\"blocks-gallery-grid\"><li class=\"blocks-gallery-item\"><figure><img loading=\"lazy\" width=\"1000\" height=\"479\" src=\"https:\/\/dicd.tuiasi.ro\/wp-content\/uploads\/2022\/03\/imageedit_2_5404134998.png\" alt=\"\" data-id=\"10783\" data-full-url=\"https:\/\/dicd.tuiasi.ro\/wp-content\/uploads\/2022\/03\/imageedit_2_5404134998.png\" data-link=\"https:\/\/dicd.tuiasi.ro\/?attachment_id=10783\" class=\"wp-image-10783\" srcset=\"https:\/\/dicd.tuiasi.ro\/wp-content\/uploads\/2022\/03\/imageedit_2_5404134998.png 1000w, https:\/\/dicd.tuiasi.ro\/wp-content\/uploads\/2022\/03\/imageedit_2_5404134998-300x144.png 300w, https:\/\/dicd.tuiasi.ro\/wp-content\/uploads\/2022\/03\/imageedit_2_5404134998-768x368.png 768w, https:\/\/dicd.tuiasi.ro\/wp-content\/uploads\/2022\/03\/imageedit_2_5404134998-18x9.png 18w\" sizes=\"(max-width: 1000px) 100vw, 1000px\" \/><figcaption class=\"blocks-gallery-item__caption\">Fig. 1<\/figcaption><\/figure><\/li><\/ul><\/figure>\n\n<\/div><\/div>\n\n<div id=\"\" class=\"wp-block-ub-content-toggle-accordion\">\n                <div class=\"wp-block-ub-content-toggle-accordion-title-wrap\" aria-expanded=\"false\" aria-controls=\"ub-content-toggle-panel-1-4faa26d9-102f-45d4-8b32-dbabd646dc2f\" tabindex=\"0\">\n                    <p class=\"wp-block-ub-content-toggle-accordion-title ub-content-toggle-title-4faa26d9-102f-45d4-8b32-dbabd646dc2f\">Accesare via cont institu\u0163ional<\/p><div class=\"wp-block-ub-content-toggle-accordion-toggle-wrap right\"><span class=\"wp-block-ub-content-toggle-accordion-state-indicator wp-block-ub-chevron-down\"><\/span>\n                    <\/div><\/div><div role=\"region\" class=\"wp-block-ub-content-toggle-accordion-content-wrap ub-hide\" id=\"ub-content-toggle-panel-1-4faa26d9-102f-45d4-8b32-dbabd646dc2f\">\n\n<p><strong>Pasul 1:<\/strong> Vom accesa pagina <a rel=\"noreferrer noopener\" href=\"https:\/\/onlinelibrary.wiley.com\/\" target=\"_blank\">Wiley Online Library<\/a> \u015fi vom ap\u0103sa pe \u201e<strong>Login \/ Register<\/strong>\u201d (Fig. 2).<\/p>\n\n\n\n<p><strong>Pasul 2:<\/strong> Vom alege op\u0163iunea  <strong>\u201eINSTITUTIONAL LOGIN\u201d<\/strong> (Fig. 3).<\/p>\n\n\n\n<p><strong>Pasul 3:<\/strong> Vom c\u0103uta \u015fi selecta <strong>Gheorghe Asachi Technical University of Iasi &#8211; TUIASI<\/strong> (Fig. 4).<\/p>\n\n\n\n<p><strong>Pasul 4: <\/strong>Ne vom autentifica pe pagina de administrare a contului institu\u021bional, dup\u0103 care vom fi redirec\u021biona\u021bi c\u0103tre pagina principal\u0103 <strong>Wiley Online Library<\/strong> (Fig. 5-6).<\/p>\n\n\n\n<figure class=\"wp-block-gallery columns-3 is-cropped\"><ul class=\"blocks-gallery-grid\"><li class=\"blocks-gallery-item\"><figure><img loading=\"lazy\" width=\"1146\" height=\"438\" src=\"https:\/\/dicd.tuiasi.ro\/wp-content\/uploads\/2023\/02\/1-1024x391.png\" alt=\"\" data-id=\"11151\" data-full-url=\"https:\/\/dicd.tuiasi.ro\/wp-content\/uploads\/2023\/02\/1.png\" data-link=\"https:\/\/dicd.tuiasi.ro\/wiley-online-library\/1-38\/\" class=\"wp-image-11151\" srcset=\"https:\/\/dicd.tuiasi.ro\/wp-content\/uploads\/2023\/02\/1-1024x391.png 1024w, https:\/\/dicd.tuiasi.ro\/wp-content\/uploads\/2023\/02\/1-300x115.png 300w, https:\/\/dicd.tuiasi.ro\/wp-content\/uploads\/2023\/02\/1-768x294.png 768w, https:\/\/dicd.tuiasi.ro\/wp-content\/uploads\/2023\/02\/1-18x7.png 18w, https:\/\/dicd.tuiasi.ro\/wp-content\/uploads\/2023\/02\/1.png 1146w\" sizes=\"(max-width: 1146px) 100vw, 1146px\" \/><figcaption class=\"blocks-gallery-item__caption\">Fig. 2<\/figcaption><\/figure><\/li><li class=\"blocks-gallery-item\"><figure><img loading=\"lazy\" width=\"1024\" height=\"455\" src=\"https:\/\/dicd.tuiasi.ro\/wp-content\/uploads\/2023\/02\/2-1024x455.png\" alt=\"\" data-id=\"11154\" data-full-url=\"https:\/\/dicd.tuiasi.ro\/wp-content\/uploads\/2023\/02\/2.png\" data-link=\"https:\/\/dicd.tuiasi.ro\/wiley-online-library\/2-31\/\" class=\"wp-image-11154\" srcset=\"https:\/\/dicd.tuiasi.ro\/wp-content\/uploads\/2023\/02\/2-1024x455.png 1024w, https:\/\/dicd.tuiasi.ro\/wp-content\/uploads\/2023\/02\/2-300x133.png 300w, https:\/\/dicd.tuiasi.ro\/wp-content\/uploads\/2023\/02\/2-768x341.png 768w, https:\/\/dicd.tuiasi.ro\/wp-content\/uploads\/2023\/02\/2-18x8.png 18w, https:\/\/dicd.tuiasi.ro\/wp-content\/uploads\/2023\/02\/2.png 1163w\" sizes=\"(max-width: 1024px) 100vw, 1024px\" \/><figcaption class=\"blocks-gallery-item__caption\">Fig. 3<\/figcaption><\/figure><\/li><li class=\"blocks-gallery-item\"><figure><img loading=\"lazy\" width=\"1024\" height=\"588\" src=\"https:\/\/dicd.tuiasi.ro\/wp-content\/uploads\/2023\/02\/3-1024x588.png\" alt=\"\" data-id=\"11157\" data-full-url=\"https:\/\/dicd.tuiasi.ro\/wp-content\/uploads\/2023\/02\/3.png\" data-link=\"https:\/\/dicd.tuiasi.ro\/wiley-online-library\/3-21\/\" class=\"wp-image-11157\" srcset=\"https:\/\/dicd.tuiasi.ro\/wp-content\/uploads\/2023\/02\/3-1024x588.png 1024w, https:\/\/dicd.tuiasi.ro\/wp-content\/uploads\/2023\/02\/3-300x172.png 300w, https:\/\/dicd.tuiasi.ro\/wp-content\/uploads\/2023\/02\/3-768x441.png 768w, https:\/\/dicd.tuiasi.ro\/wp-content\/uploads\/2023\/02\/3-18x10.png 18w, https:\/\/dicd.tuiasi.ro\/wp-content\/uploads\/2023\/02\/3.png 1166w\" sizes=\"(max-width: 1024px) 100vw, 1024px\" \/><figcaption class=\"blocks-gallery-item__caption\">Fig. 4<\/figcaption><\/figure><\/li><li class=\"blocks-gallery-item\"><figure><img loading=\"lazy\" width=\"1024\" height=\"588\" src=\"https:\/\/dicd.tuiasi.ro\/wp-content\/uploads\/2023\/02\/4-1024x588.png\" alt=\"\" data-id=\"11160\" data-full-url=\"https:\/\/dicd.tuiasi.ro\/wp-content\/uploads\/2023\/02\/4.png\" data-link=\"https:\/\/dicd.tuiasi.ro\/wiley-online-library\/4-16\/\" class=\"wp-image-11160\" srcset=\"https:\/\/dicd.tuiasi.ro\/wp-content\/uploads\/2023\/02\/4-1024x588.png 1024w, https:\/\/dicd.tuiasi.ro\/wp-content\/uploads\/2023\/02\/4-300x172.png 300w, https:\/\/dicd.tuiasi.ro\/wp-content\/uploads\/2023\/02\/4-768x441.png 768w, https:\/\/dicd.tuiasi.ro\/wp-content\/uploads\/2023\/02\/4-18x10.png 18w, https:\/\/dicd.tuiasi.ro\/wp-content\/uploads\/2023\/02\/4.png 1166w\" sizes=\"(max-width: 1024px) 100vw, 1024px\" \/><figcaption class=\"blocks-gallery-item__caption\">Fig. 5<\/figcaption><\/figure><\/li><li class=\"blocks-gallery-item\"><figure><img loading=\"lazy\" width=\"1024\" height=\"397\" src=\"https:\/\/dicd.tuiasi.ro\/wp-content\/uploads\/2023\/02\/5-1024x397.png\" alt=\"\" data-id=\"11163\" data-full-url=\"https:\/\/dicd.tuiasi.ro\/wp-content\/uploads\/2023\/02\/5.png\" data-link=\"https:\/\/dicd.tuiasi.ro\/wiley-online-library\/5-13\/\" class=\"wp-image-11163\" srcset=\"https:\/\/dicd.tuiasi.ro\/wp-content\/uploads\/2023\/02\/5-1024x397.png 1024w, https:\/\/dicd.tuiasi.ro\/wp-content\/uploads\/2023\/02\/5-300x116.png 300w, https:\/\/dicd.tuiasi.ro\/wp-content\/uploads\/2023\/02\/5-768x298.png 768w, https:\/\/dicd.tuiasi.ro\/wp-content\/uploads\/2023\/02\/5-18x7.png 18w, https:\/\/dicd.tuiasi.ro\/wp-content\/uploads\/2023\/02\/5.png 1172w\" sizes=\"(max-width: 1024px) 100vw, 1024px\" \/><figcaption class=\"blocks-gallery-item__caption\">Fig. 6<\/figcaption><\/figure><\/li><\/ul><\/figure>\n\n<\/div><\/div>\n<\/div>\n\n\n<p><\/p>\n","protected":false},"excerpt":{"rendered":"<p>Universitatea Tehnic\u0103 \u201eGheorghe Asachi\u201d din Ia\u0219i are acces, prin consor\u0163iul Anelis Plus, la platforma oferit\u0103 de Wiley Online Library, automat \u00een cazul \u00een care sunte\u0163i conecta\u0163i la re\u0163eaua campusului studen\u0163esc sau didactic.<\/p>\n","protected":false},"author":37,"featured_media":0,"parent":0,"menu_order":0,"comment_status":"closed","ping_status":"closed","template":"","meta":{"advgb_blocks_editor_width":"","advgb_blocks_columns_visual_guide":"","ub_ctt_via":""},"featured_image_urls":{"full":"","thumbnail":"","medium":"","medium_large":"","large":"","1536x1536":"","2048x2048":"","trp-custom-language-flag":"","post-thumbnail":""},"post_excerpt_stackable":"<p>Universitatea Tehnic\u0103 \u201eGheorghe Asachi\u201d din Ia\u0219i are acces, prin consor\u0163iul Anelis Plus, la platforma oferit\u0103 de Wiley Online Library, automat \u00een cazul \u00een care sunte\u0163i conecta\u0163i la re\u0163eaua campusului studen\u0163esc sau didactic. Accesare via adres\u0103 IP Acces\u0103m Wiley Online Library \u015fi, dac\u0103 autentificarea a fost realizat\u0103 cu succes, putem observa mesajul din Fig. 1. Fig. 1 Accesare via cont institu\u0163ional Pasul 1: Vom accesa pagina Wiley Online Library \u015fi vom ap\u0103sa pe \u201eLogin \/ Register\u201d (Fig. 2). Pasul 2: Vom alege op\u0163iunea \u201eINSTITUTIONAL LOGIN\u201d (Fig. 3). Pasul 3: Vom c\u0103uta \u015fi selecta Gheorghe Asachi Technical University of Iasi &#8211; TUIASI&hellip;<\/p>\n","category_list":"","author_info":{"name":"Bianca Elena Duduman","url":"https:\/\/dicd.tuiasi.ro\/ro\/author\/bianca\/"},"comments_num":"0 comments","featured_image_src":null,"coauthors":[],"author_meta":{"author_link":"https:\/\/dicd.tuiasi.ro\/ro\/author\/bianca\/","display_name":"Bianca Elena Duduman"},"relative_dates":{"created":"Posted 4 ani ago","modified":"Updated 3 ani ago"},"absolute_dates":{"created":"Posted on 23 martie 2022","modified":"Updated on 23 februarie 2023"},"absolute_dates_time":{"created":"Posted on 23 martie 2022 15:31","modified":"Updated on 23 februarie 2023 10:11"},"featured_img_caption":"","_links":{"self":[{"href":"https:\/\/dicd.tuiasi.ro\/ro\/wp-json\/wp\/v2\/pages\/10777"}],"collection":[{"href":"https:\/\/dicd.tuiasi.ro\/ro\/wp-json\/wp\/v2\/pages"}],"about":[{"href":"https:\/\/dicd.tuiasi.ro\/ro\/wp-json\/wp\/v2\/types\/page"}],"author":[{"embeddable":true,"href":"https:\/\/dicd.tuiasi.ro\/ro\/wp-json\/wp\/v2\/users\/37"}],"replies":[{"embeddable":true,"href":"https:\/\/dicd.tuiasi.ro\/ro\/wp-json\/wp\/v2\/comments?post=10777"}],"version-history":[{"count":2,"href":"https:\/\/dicd.tuiasi.ro\/ro\/wp-json\/wp\/v2\/pages\/10777\/revisions"}],"predecessor-version":[{"id":11166,"href":"https:\/\/dicd.tuiasi.ro\/ro\/wp-json\/wp\/v2\/pages\/10777\/revisions\/11166"}],"wp:attachment":[{"href":"https:\/\/dicd.tuiasi.ro\/ro\/wp-json\/wp\/v2\/media?parent=10777"}],"curies":[{"name":"wp","href":"https:\/\/api.w.org\/{rel}","templated":true}]}}