{"id":12701,"date":"2025-08-05T07:05:16","date_gmt":"2025-08-05T05:05:16","guid":{"rendered":"https:\/\/dicd.tuiasi.ro\/?page_id=12701"},"modified":"2025-08-26T11:41:54","modified_gmt":"2025-08-26T09:41:54","slug":"migrare-conturi-de-email","status":"publish","type":"page","link":"https:\/\/dicd.tuiasi.ro\/ro\/angajati\/e-mail-angajati\/migrare-conturi-de-email\/","title":{"rendered":"Migrare conturi de email de pe solu\u021bia veche"},"content":{"rendered":"\n<p>Vechea solu\u021bie de po\u0219t\u0103 electronic\u0103 (mail.tuiasi.ro), accesibil\u0103 prin intermediul platformei webmail.tuiasi.ro, a fost realizat\u0103 pe baza unor unelte open-source disponibile la acel moment. O parte semnificativ\u0103 dintre aceste componente nu au mai putut fi actualizate de peste 5 ani, ceea ce face imposibil\u0103 asigurarea unui nivel adecvat de securitate cibernetic\u0103 pentru utilizatori.<br><br>Totodat\u0103, \u00een urma raportului primit \u00een data de 20.06.2025 din partea Directoratului Na\u021bional de Securitate Cibernetic\u0103, se constat\u0103 c\u0103 o mare parte a conturilor compromise din domeniul tuiasi.ro sunt gazduite pe aceast\u0103 platform\u0103 dep\u0103\u0219it\u0103 tehnic \u0219i moral.<br><br>Direc\u021bia Informatizare \u0219i Comunica\u021bii Digitale lucreaz\u0103 activ la o solu\u021bie de migrarea a adreselor de pe veche platform\u0103, urm\u00e2nd ca activitatea de coresponden\u021b\u0103 electronic\u0103 la nivelul universit\u0103\u021bii s\u0103 se desf\u0103\u0219oare exclusiv prin intermediul noii infrastructuri de e-mail g\u0103zduite \u00een platforma GOOGLE \u0219i securizate corespunz\u0103tor, care utilizeaz\u0103 urm\u0103toarele subdomenii:<\/p>\n\n\n\n<ul><li>@staff.tuiasi.ro<\/li><li>@academic.tuiasi.ro<\/li><li>@student.tuiasi.ro<\/li><li>@groups.tuiasi.ro<\/li><li>@guest.tuiasi.ro<\/li><\/ul>\n\n\n\n<h3><strong>\u00centreb\u0103ri frecvente:<\/strong><\/h3>\n\n\n<div class=\"wp-block-ub-content-toggle\" id=\"ub-content-toggle-7ddfc6e3-cd36-406a-a148-76ecf9c8c60c\">\n<div id=\"\" class=\"wp-block-ub-content-toggle-accordion\">\n                <div class=\"wp-block-ub-content-toggle-accordion-title-wrap\" aria-expanded=\"false\" aria-controls=\"ub-content-toggle-panel-0-7ddfc6e3-cd36-406a-a148-76ecf9c8c60c\" tabindex=\"0\">\n                    <p class=\"wp-block-ub-content-toggle-accordion-title ub-content-toggle-title-7ddfc6e3-cd36-406a-a148-76ecf9c8c60c\">Ce adrese trebuie s\u0103 introduc \u00een formular?<\/p><div class=\"wp-block-ub-content-toggle-accordion-toggle-wrap right\"><span class=\"wp-block-ub-content-toggle-accordion-state-indicator wp-block-ub-chevron-down\"><\/span>\n                    <\/div><\/div><div role=\"region\" class=\"wp-block-ub-content-toggle-accordion-content-wrap ub-hide\" id=\"ub-content-toggle-panel-0-7ddfc6e3-cd36-406a-a148-76ecf9c8c60c\">\n\n<p>\u00cen formularul ap\u0103rut la autentificarea \u00een contul institu\u021bional trebuie s\u0103 introduce\u021bi toate adresele de email pe care dori\u021bi s\u0103 le p\u0103stra\u021bi dup\u0103 \u00eenchiderea vechii solu\u021bii. Mesajele trimise pe aceste adrese vor ajunge pe adresa institu\u021bional\u0103.<\/p>\n\n\n\n<p><strong>Aten\u021bie!<\/strong><br>Este necesar s\u0103 introduce\u021bi at\u00e2t contul folosit la autentificarea pe webmail.tuiasi.ro c\u00e2t \u0219i adrese de tip alias asociate.<br><span style=\"text-decoration: underline;\">De exemplu:<\/span><br>      &#8211; contul folosit pentru a accesa webmail.tuiasi.ro: <strong>ipopa@tuiasi.ro<\/strong><br>      &#8211; adresele de tip alias folosite pentru a primi mesaje: <strong>ioan.popa@tuiasi.ro<\/strong> \u0219i<strong> ioan.p@cs.tuiasi.ro<\/strong><br><span style=\"text-decoration: underline;\">Rezult\u0103<\/span> c\u0103 \u00een formular vom completa adresele (Fig. 1): <br>       &#8211; <strong>ipopa@tuiasi.ro<\/strong><br><strong>      &#8211; ioan.popa@tuiasi.ro<\/strong><br><strong>      &#8211; ioan.p@cs.tuiasi.ro<\/strong><\/p>\n\n\n\n<figure class=\"wp-block-image size-full\"><img loading=\"lazy\" width=\"547\" height=\"820\" src=\"https:\/\/dicd.tuiasi.ro\/wp-content\/uploads\/2025\/08\/ex-Declarare-formular.png\" alt=\"\" class=\"wp-image-12744\" srcset=\"https:\/\/dicd.tuiasi.ro\/wp-content\/uploads\/2025\/08\/ex-Declarare-formular.png 547w, https:\/\/dicd.tuiasi.ro\/wp-content\/uploads\/2025\/08\/ex-Declarare-formular-200x300.png 200w, https:\/\/dicd.tuiasi.ro\/wp-content\/uploads\/2025\/08\/ex-Declarare-formular-8x12.png 8w\" sizes=\"(max-width: 547px) 100vw, 547px\" \/><figcaption>Fig. 1<\/figcaption><\/figure>\n\n<\/div><\/div>\n<\/div>\n\n<div class=\"wp-block-ub-content-toggle\" id=\"ub-content-toggle-7008376f-d339-4e1c-b91d-1cab8be25e7d\">\n<div id=\"\" class=\"wp-block-ub-content-toggle-accordion\">\n                <div class=\"wp-block-ub-content-toggle-accordion-title-wrap\" aria-expanded=\"false\" aria-controls=\"ub-content-toggle-panel-0-7008376f-d339-4e1c-b91d-1cab8be25e7d\" tabindex=\"0\">\n                    <p class=\"wp-block-ub-content-toggle-accordion-title ub-content-toggle-title-7008376f-d339-4e1c-b91d-1cab8be25e7d\">Ce se \u00eent\u00e2mpl\u0103 cu adresele partajate de mai multe persoane?<\/p><div class=\"wp-block-ub-content-toggle-accordion-toggle-wrap right\"><span class=\"wp-block-ub-content-toggle-accordion-state-indicator wp-block-ub-chevron-down\"><\/span>\n                    <\/div><\/div><div role=\"region\" class=\"wp-block-ub-content-toggle-accordion-content-wrap ub-hide\" id=\"ub-content-toggle-panel-0-7008376f-d339-4e1c-b91d-1cab8be25e7d\">\n\n<p>\u00cen situa\u021bia \u00een care un cont este partajat (mai multe persoane folosesc acela\u0219i nume de utilizator \u0219i parol\u0103 pentru autentificare) migrarea se poate face \u00eentr-o adres\u0103 de grup (@groups.tuiasi.ro) urm\u00e2nd pa\u0219ii de <a rel=\"noreferrer noopener\" href=\"https:\/\/dicd.tuiasi.ro\/ro\/angajati\/adrese-de-grup\/\" data-type=\"URL\" data-id=\"https:\/\/dicd.tuiasi.ro\/ro\/angajati\/adrese-de-grup\/\" target=\"_blank\">aici<\/a>.<br>Pentru o adres\u0103 care are deja creat\u0103 forma cu groups \u0219i care se dore\u0219te a fi migrat\u0103 v\u0103 rug\u0103m s\u0103 face\u021bi un <a href=\"https:\/\/support.tuiasi.ro\" data-type=\"URL\" data-id=\"https:\/\/support.tuiasi.ro\" target=\"_blank\" rel=\"noreferrer noopener\">tichet<\/a>.<\/p>\n\n<\/div><\/div>\n<\/div>\n\n<div class=\"wp-block-ub-content-toggle\" id=\"ub-content-toggle-67e35e7c-1e98-4650-a8dd-04cfc1be2d4d\">\n<div id=\"\" class=\"wp-block-ub-content-toggle-accordion\">\n                <div class=\"wp-block-ub-content-toggle-accordion-title-wrap\" aria-expanded=\"false\" aria-controls=\"ub-content-toggle-panel-0-67e35e7c-1e98-4650-a8dd-04cfc1be2d4d\" tabindex=\"0\">\n                    <p class=\"wp-block-ub-content-toggle-accordion-title ub-content-toggle-title-67e35e7c-1e98-4650-a8dd-04cfc1be2d4d\">Ce se \u00eent\u00e2mpl\u0103 dac\u0103 nu completez formularul p\u00e2n\u0103 la data de 05 septembrie 2025? <\/p><div class=\"wp-block-ub-content-toggle-accordion-toggle-wrap right\"><span class=\"wp-block-ub-content-toggle-accordion-state-indicator wp-block-ub-chevron-down\"><\/span>\n                    <\/div><\/div><div role=\"region\" class=\"wp-block-ub-content-toggle-accordion-content-wrap ub-hide\" id=\"ub-content-toggle-panel-0-67e35e7c-1e98-4650-a8dd-04cfc1be2d4d\">\n\n<p>Dup\u0103 data de 05 septembrie butonul de am\u00e2nare nu va mai putea fi utilizat, motiv pentru care nu v\u0103 ve\u021bi putea conecta \u00een contul institu\u021bional f\u0103r\u0103 completarea formularului.<\/p>\n\n<\/div><\/div>\n<\/div>\n\n<div class=\"wp-block-ub-content-toggle\" id=\"ub-content-toggle-9c50125a-1a57-44be-96c2-b5b0d6d0c74d\">\n<div id=\"\" class=\"wp-block-ub-content-toggle-accordion\">\n                <div class=\"wp-block-ub-content-toggle-accordion-title-wrap\" aria-expanded=\"false\" aria-controls=\"ub-content-toggle-panel-0-9c50125a-1a57-44be-96c2-b5b0d6d0c74d\" tabindex=\"0\">\n                    <p class=\"wp-block-ub-content-toggle-accordion-title ub-content-toggle-title-9c50125a-1a57-44be-96c2-b5b0d6d0c74d\">Am omis una sau mai multe adrese. Cum procedez?<\/p><div class=\"wp-block-ub-content-toggle-accordion-toggle-wrap right\"><span class=\"wp-block-ub-content-toggle-accordion-state-indicator wp-block-ub-chevron-down\"><\/span>\n                    <\/div><\/div><div role=\"region\" class=\"wp-block-ub-content-toggle-accordion-content-wrap ub-hide\" id=\"ub-content-toggle-panel-0-9c50125a-1a57-44be-96c2-b5b0d6d0c74d\">\n\n<p>\u00cen situa\u021bia \u00een care este necesar s\u0103 actualiza\u021bi lista de adrese transmis\u0103 trebuie s\u0103 deschide\u021bi un <a rel=\"noreferrer noopener\" href=\"https:\/\/support.tuiasi.ro\" data-type=\"URL\" data-id=\"https:\/\/support.tuiasi.ro\" target=\"_blank\">tic<\/a><a href=\"https:\/\/support.tuiasi.ro\" data-type=\"URL\" data-id=\"https:\/\/support.tuiasi.ro\" target=\"_blank\" rel=\"noreferrer noopener\">h<\/a><a rel=\"noreferrer noopener\" href=\"https:\/\/support.tuiasi.ro\" data-type=\"URL\" data-id=\"https:\/\/support.tuiasi.ro\" target=\"_blank\">et<\/a>.<\/p>\n\n<\/div><\/div>\n<\/div>\n\n<div class=\"wp-block-ub-content-toggle\" id=\"ub-content-toggle-ffbfb8fc-78ba-4e53-b87a-ea505530e16a\">\n<div id=\"\" class=\"wp-block-ub-content-toggle-accordion\">\n                <div class=\"wp-block-ub-content-toggle-accordion-title-wrap\" aria-expanded=\"false\" aria-controls=\"ub-content-toggle-panel-0-ffbfb8fc-78ba-4e53-b87a-ea505530e16a\" tabindex=\"0\">\n                    <p class=\"wp-block-ub-content-toggle-accordion-title ub-content-toggle-title-ffbfb8fc-78ba-4e53-b87a-ea505530e16a\">Din ce moment mesajele primite pe adresele din vechea solu\u021bie vor ajunge \u00een contul institu\u021bional?<\/p><div class=\"wp-block-ub-content-toggle-accordion-toggle-wrap right\"><span class=\"wp-block-ub-content-toggle-accordion-state-indicator wp-block-ub-chevron-down\"><\/span>\n                    <\/div><\/div><div role=\"region\" class=\"wp-block-ub-content-toggle-accordion-content-wrap ub-hide\" id=\"ub-content-toggle-panel-0-ffbfb8fc-78ba-4e53-b87a-ea505530e16a\">\n\n<p>Dupa preluarea datelor, acestea vor fi validate \u0219i preg\u0103tite pentru migrare. <br>Data migr\u0103rii (momentul din care ve\u021bi \u00eencepe s\u0103 primi\u021bi mesajele \u00een contul institu\u021bional) va fi anun\u021bat\u0103 ulterior aici \u0219i printr-un email pe adresa contului institu\u021bional.<\/p>\n\n<\/div><\/div>\n<\/div>\n\n<div class=\"wp-block-ub-content-toggle\" id=\"ub-content-toggle-42665c6d-16b4-4257-94e0-818c0fc56a25\">\n<div id=\"\" class=\"wp-block-ub-content-toggle-accordion\">\n                <div class=\"wp-block-ub-content-toggle-accordion-title-wrap\" aria-expanded=\"false\" aria-controls=\"ub-content-toggle-panel-0-42665c6d-16b4-4257-94e0-818c0fc56a25\" tabindex=\"0\">\n                    <p class=\"wp-block-ub-content-toggle-accordion-title ub-content-toggle-title-42665c6d-16b4-4257-94e0-818c0fc56a25\">Ce se \u00eent\u00e2mpl\u0103 cu mesajele existente \u00een vechea c\u0103su\u021b\u0103 po\u0219tal\u0103?<\/p><div class=\"wp-block-ub-content-toggle-accordion-toggle-wrap right\"><span class=\"wp-block-ub-content-toggle-accordion-state-indicator wp-block-ub-chevron-down\"><\/span>\n                    <\/div><\/div><div role=\"region\" class=\"wp-block-ub-content-toggle-accordion-content-wrap ub-hide\" id=\"ub-content-toggle-panel-0-42665c6d-16b4-4257-94e0-818c0fc56a25\">\n\n<p>Mesajele primite p\u00e2n\u0103 la data migr\u0103rii vor putea fi transferate de c\u0103tre fiecare utilizator urm\u00e2nd pa\u0219ii din ghidul pus la dispozi\u021bie de c\u0103tre DICD (disponibil \u00een cur\u00e2nd).<\/p>\n\n<\/div><\/div>\n<\/div>\n\n\n<h4><strong>Pentru orice alte nel\u0103muri sau \u00eentreb\u0103ri suplimentare v\u0103 rug\u0103m s\u0103 deshide\u021bi un <a href=\"https:\/\/support.tuiasi.ro\" data-type=\"URL\" data-id=\"https:\/\/support.tuiasi.ro\" target=\"_blank\" rel=\"noreferrer noopener\">tichet<\/a>.<\/strong><\/h4>\n","protected":false},"excerpt":{"rendered":"<p>Vechea solu\u021bie de po\u0219t\u0103 electronic\u0103 (mail.tuiasi.ro), accesibil\u0103 prin intermediul platformei webmail.tuiasi.ro, a fost realizat\u0103 pe baza unor unelte open-source disponibile la acel moment. O parte semnificativ\u0103 dintre aceste componente nu au mai putut fi actualizate de peste 5 ani, ceea ce face imposibil\u0103 asigurarea unui nivel adecvat de securitate cibernetic\u0103 pentru utilizatori. Totodat\u0103, \u00een urma [&hellip;]<\/p>\n","protected":false},"author":11,"featured_media":0,"parent":8527,"menu_order":0,"comment_status":"closed","ping_status":"closed","template":"pagina-prezentare.php","meta":{"advgb_blocks_editor_width":"","advgb_blocks_columns_visual_guide":"","ub_ctt_via":""},"featured_image_urls":{"full":"","thumbnail":"","medium":"","medium_large":"","large":"","1536x1536":"","2048x2048":"","trp-custom-language-flag":"","post-thumbnail":""},"post_excerpt_stackable":"<p>Vechea solu\u021bie de po\u0219t\u0103 electronic\u0103 (mail.tuiasi.ro), accesibil\u0103 prin intermediul platformei webmail.tuiasi.ro, a fost realizat\u0103 pe baza unor unelte open-source disponibile la acel moment. O parte semnificativ\u0103 dintre aceste componente nu au mai putut fi actualizate de peste 5 ani, ceea ce face imposibil\u0103 asigurarea unui nivel adecvat de securitate cibernetic\u0103 pentru utilizatori.Totodat\u0103, \u00een urma raportului primit \u00een data de 20.06.2025 din partea Directoratului Na\u021bional de Securitate Cibernetic\u0103, se constat\u0103 c\u0103 o mare parte a conturilor compromise din domeniul tuiasi.ro sunt gazduite pe aceast\u0103 platform\u0103 dep\u0103\u0219it\u0103 tehnic \u0219i moral.Direc\u021bia Informatizare \u0219i Comunica\u021bii Digitale lucreaz\u0103 activ la o solu\u021bie de migrarea a&hellip;<\/p>\n","category_list":"","author_info":{"name":"Gheorghita BUTNARU","url":"https:\/\/dicd.tuiasi.ro\/ro\/author\/gbutnaru\/"},"comments_num":"0 comments","featured_image_src":null,"coauthors":[],"author_meta":{"author_link":"https:\/\/dicd.tuiasi.ro\/ro\/author\/gbutnaru\/","display_name":"Gheorghita BUTNARU"},"relative_dates":{"created":"Posted 8 luni ago","modified":"Updated 7 luni ago"},"absolute_dates":{"created":"Posted on 5 august 2025","modified":"Updated on 26 august 2025"},"absolute_dates_time":{"created":"Posted on 5 august 2025 07:05","modified":"Updated on 26 august 2025 11:41"},"featured_img_caption":"","_links":{"self":[{"href":"https:\/\/dicd.tuiasi.ro\/ro\/wp-json\/wp\/v2\/pages\/12701"}],"collection":[{"href":"https:\/\/dicd.tuiasi.ro\/ro\/wp-json\/wp\/v2\/pages"}],"about":[{"href":"https:\/\/dicd.tuiasi.ro\/ro\/wp-json\/wp\/v2\/types\/page"}],"author":[{"embeddable":true,"href":"https:\/\/dicd.tuiasi.ro\/ro\/wp-json\/wp\/v2\/users\/11"}],"replies":[{"embeddable":true,"href":"https:\/\/dicd.tuiasi.ro\/ro\/wp-json\/wp\/v2\/comments?post=12701"}],"version-history":[{"count":14,"href":"https:\/\/dicd.tuiasi.ro\/ro\/wp-json\/wp\/v2\/pages\/12701\/revisions"}],"predecessor-version":[{"id":12752,"href":"https:\/\/dicd.tuiasi.ro\/ro\/wp-json\/wp\/v2\/pages\/12701\/revisions\/12752"}],"up":[{"embeddable":true,"href":"https:\/\/dicd.tuiasi.ro\/ro\/wp-json\/wp\/v2\/pages\/8527"}],"wp:attachment":[{"href":"https:\/\/dicd.tuiasi.ro\/ro\/wp-json\/wp\/v2\/media?parent=12701"}],"curies":[{"name":"wp","href":"https:\/\/api.w.org\/{rel}","templated":true}]}}