{"id":13093,"date":"2026-03-10T11:07:15","date_gmt":"2026-03-10T09:07:15","guid":{"rendered":"https:\/\/dicd.tuiasi.ro\/?page_id=13093"},"modified":"2026-03-11T12:07:49","modified_gmt":"2026-03-11T10:07:49","slug":"utilizare-passkey-prin-nfc-pe-android","status":"publish","type":"page","link":"https:\/\/dicd.tuiasi.ro\/ro\/angajati\/utilizare-passkey-prin-nfc-pe-android\/","title":{"rendered":"Utilizare passkey prin NFC &#8211; Android"},"content":{"rendered":"\n<p>Pentru a putea utiliza cheia de securitate YubiKey prin intermediul NFC pe telefoanele ce ruleaz\u0103 Android este necesar s\u0103 desc\u0103rca\u021bi \u0219i s\u0103 configura\u021bi aplica\u021bia mobil\u0103 FIDO Bridge &#8211; Authnkey conform cu instruc\u021biunile din sec\u021biunea de mai jos.<\/p>\n\n\n<div class=\"wp-block-ub-content-toggle\" id=\"ub-content-toggle-45d15faa-59a9-4c08-aa11-9ed81a24a5c3\">\n<div id=\"\" class=\"wp-block-ub-content-toggle-accordion\">\n                <div class=\"wp-block-ub-content-toggle-accordion-title-wrap\" aria-expanded=\"false\" aria-controls=\"ub-content-toggle-panel-0-45d15faa-59a9-4c08-aa11-9ed81a24a5c3\" tabindex=\"0\">\n                    <p class=\"wp-block-ub-content-toggle-accordion-title ub-content-toggle-title-45d15faa-59a9-4c08-aa11-9ed81a24a5c3\">FIDO Bridge &#8211; Authnkey<\/p><div class=\"wp-block-ub-content-toggle-accordion-toggle-wrap right\"><span class=\"wp-block-ub-content-toggle-accordion-state-indicator wp-block-ub-chevron-down\"><\/span>\n                    <\/div><\/div><div role=\"region\" class=\"wp-block-ub-content-toggle-accordion-content-wrap ub-hide\" id=\"ub-content-toggle-panel-0-45d15faa-59a9-4c08-aa11-9ed81a24a5c3\">\n\n<p><strong>Pasul 1: <\/strong>Se descarc\u0103 pe telefonul mobil aplica\u021bia <strong><a href=\"https:\/\/play.google.com\/store\/apps\/details?id=com.token2.fidobridge&amp;pcampaignid=web_share\" data-type=\"URL\" data-id=\"https:\/\/play.google.com\/store\/apps\/details?id=com.token2.fidobridge&amp;pcampaignid=web_share\">FIDO Bridge &#8211; Authnkey<\/a> <\/strong>din magazinul play. (Fig. 1)<\/p>\n\n\n\n<p><strong>Pasul 2: <\/strong>Se deschide aplica\u021bia instalat\u0103 \u0219i se apas\u0103 pe butonul &#8222;Activeaz\u0103&#8221; din partea de sus. (Fig. 2)<\/p>\n\n\n\n<p><strong>Pasul 3: <\/strong>\u00cen meniul afi\u0219at activa\u021bi op\u021biunea &#8222;FIDO Bridge&#8221; prin ap\u0103sarea pe butonul de comutare din dreapta. (Fig. 3)<\/p>\n\n\n\n<p><strong>Pasul 4: <\/strong>Dup\u0103 acestea de mai sus, pute\u021bi testa func\u021bionalitatea prin accesarea de pe telefon a paginii <a href=\"https:\/\/sso.tuiasi.ro\">https:\/\/sso.tuiasi.ro<\/a> \u00eentr-un motor de c\u0103utare. Ap\u0103sa\u021bi pe &#8222;Autentificare \u00een contul TUIASI&#8221; \u0219i introduce\u021bi numele de utilizator (adresa institu\u021bional\u0103 p\u00e2n\u0103 la @), dup\u0103 care ap\u0103sa\u021bi pe butonul de conectare. (Fig. 4)<\/p>\n\n\n\n<p><strong>Pasul 5: <\/strong>Vi se va afi\u0219a o fereastr\u0103 \u00een care trebui s\u0103 ap\u0103sa\u021bi pe utilizarea cheii de securitate cu <strong>FIDO Bridge<\/strong>. (Fig. 5) Dup\u0103 aceasta trebuie s\u0103 introduce\u021bi PIN-ul cheii de securitate YubiKey. (Fig. 5) \u00cen continuare vi se cere s\u0103 apropia\u021bi cheia de spatele telefonului (Fig. 6) (de regul\u0103, \u00een partea superioar\u0103 sau central). <\/p>\n\n\n\n<figure class=\"wp-block-gallery columns-3 is-cropped\"><ul class=\"blocks-gallery-grid\"><li class=\"blocks-gallery-item\"><figure><img loading=\"lazy\" width=\"473\" height=\"1024\" src=\"https:\/\/dicd.tuiasi.ro\/wp-content\/uploads\/2026\/03\/1111-1-473x1024.jpeg\" alt=\"\" data-id=\"13140\" data-full-url=\"https:\/\/dicd.tuiasi.ro\/wp-content\/uploads\/2026\/03\/1111-1.jpeg\" data-link=\"https:\/\/dicd.tuiasi.ro\/?attachment_id=13140\" class=\"wp-image-13140\" srcset=\"https:\/\/dicd.tuiasi.ro\/wp-content\/uploads\/2026\/03\/1111-1-473x1024.jpeg 473w, https:\/\/dicd.tuiasi.ro\/wp-content\/uploads\/2026\/03\/1111-1-138x300.jpeg 138w, https:\/\/dicd.tuiasi.ro\/wp-content\/uploads\/2026\/03\/1111-1-768x1664.jpeg 768w, https:\/\/dicd.tuiasi.ro\/wp-content\/uploads\/2026\/03\/1111-1-709x1536.jpeg 709w, https:\/\/dicd.tuiasi.ro\/wp-content\/uploads\/2026\/03\/1111-1-6x12.jpeg 6w, https:\/\/dicd.tuiasi.ro\/wp-content\/uploads\/2026\/03\/1111-1.jpeg 945w\" sizes=\"(max-width: 473px) 100vw, 473px\" \/><figcaption class=\"blocks-gallery-item__caption\">Fig. 1<\/figcaption><\/figure><\/li><li class=\"blocks-gallery-item\"><figure><img loading=\"lazy\" width=\"473\" height=\"1024\" src=\"https:\/\/dicd.tuiasi.ro\/wp-content\/uploads\/2026\/03\/1112-1-473x1024.jpeg\" alt=\"\" data-id=\"13138\" data-full-url=\"https:\/\/dicd.tuiasi.ro\/wp-content\/uploads\/2026\/03\/1112-1.jpeg\" data-link=\"https:\/\/dicd.tuiasi.ro\/?attachment_id=13138\" class=\"wp-image-13138\" srcset=\"https:\/\/dicd.tuiasi.ro\/wp-content\/uploads\/2026\/03\/1112-1-473x1024.jpeg 473w, https:\/\/dicd.tuiasi.ro\/wp-content\/uploads\/2026\/03\/1112-1-138x300.jpeg 138w, https:\/\/dicd.tuiasi.ro\/wp-content\/uploads\/2026\/03\/1112-1-768x1664.jpeg 768w, https:\/\/dicd.tuiasi.ro\/wp-content\/uploads\/2026\/03\/1112-1-709x1536.jpeg 709w, https:\/\/dicd.tuiasi.ro\/wp-content\/uploads\/2026\/03\/1112-1-6x12.jpeg 6w, https:\/\/dicd.tuiasi.ro\/wp-content\/uploads\/2026\/03\/1112-1.jpeg 945w\" sizes=\"(max-width: 473px) 100vw, 473px\" \/><figcaption class=\"blocks-gallery-item__caption\">Fig. 2<\/figcaption><\/figure><\/li><li class=\"blocks-gallery-item\"><figure><img loading=\"lazy\" width=\"473\" height=\"1024\" src=\"https:\/\/dicd.tuiasi.ro\/wp-content\/uploads\/2026\/03\/1113-1-473x1024.jpeg\" alt=\"\" data-id=\"13135\" data-full-url=\"https:\/\/dicd.tuiasi.ro\/wp-content\/uploads\/2026\/03\/1113-1.jpeg\" data-link=\"https:\/\/dicd.tuiasi.ro\/?attachment_id=13135\" class=\"wp-image-13135\" srcset=\"https:\/\/dicd.tuiasi.ro\/wp-content\/uploads\/2026\/03\/1113-1-473x1024.jpeg 473w, https:\/\/dicd.tuiasi.ro\/wp-content\/uploads\/2026\/03\/1113-1-138x300.jpeg 138w, https:\/\/dicd.tuiasi.ro\/wp-content\/uploads\/2026\/03\/1113-1-768x1664.jpeg 768w, https:\/\/dicd.tuiasi.ro\/wp-content\/uploads\/2026\/03\/1113-1-709x1536.jpeg 709w, https:\/\/dicd.tuiasi.ro\/wp-content\/uploads\/2026\/03\/1113-1-6x12.jpeg 6w, https:\/\/dicd.tuiasi.ro\/wp-content\/uploads\/2026\/03\/1113-1.jpeg 945w\" sizes=\"(max-width: 473px) 100vw, 473px\" \/><figcaption class=\"blocks-gallery-item__caption\">Fig. 3<\/figcaption><\/figure><\/li><li class=\"blocks-gallery-item\"><figure><img loading=\"lazy\" width=\"473\" height=\"1024\" src=\"https:\/\/dicd.tuiasi.ro\/wp-content\/uploads\/2026\/03\/1114-1-473x1024.jpeg\" alt=\"\" data-id=\"13132\" data-full-url=\"https:\/\/dicd.tuiasi.ro\/wp-content\/uploads\/2026\/03\/1114-1.jpeg\" data-link=\"https:\/\/dicd.tuiasi.ro\/?attachment_id=13132\" class=\"wp-image-13132\" srcset=\"https:\/\/dicd.tuiasi.ro\/wp-content\/uploads\/2026\/03\/1114-1-473x1024.jpeg 473w, https:\/\/dicd.tuiasi.ro\/wp-content\/uploads\/2026\/03\/1114-1-138x300.jpeg 138w, https:\/\/dicd.tuiasi.ro\/wp-content\/uploads\/2026\/03\/1114-1-768x1664.jpeg 768w, https:\/\/dicd.tuiasi.ro\/wp-content\/uploads\/2026\/03\/1114-1-709x1536.jpeg 709w, https:\/\/dicd.tuiasi.ro\/wp-content\/uploads\/2026\/03\/1114-1-6x12.jpeg 6w, https:\/\/dicd.tuiasi.ro\/wp-content\/uploads\/2026\/03\/1114-1.jpeg 945w\" sizes=\"(max-width: 473px) 100vw, 473px\" \/><figcaption class=\"blocks-gallery-item__caption\">Fig. 4<\/figcaption><\/figure><\/li><li class=\"blocks-gallery-item\"><figure><img loading=\"lazy\" width=\"473\" height=\"1024\" src=\"https:\/\/dicd.tuiasi.ro\/wp-content\/uploads\/2026\/03\/1115-1-473x1024.jpeg\" alt=\"\" data-id=\"13127\" data-full-url=\"https:\/\/dicd.tuiasi.ro\/wp-content\/uploads\/2026\/03\/1115-1.jpeg\" data-link=\"https:\/\/dicd.tuiasi.ro\/?attachment_id=13127\" class=\"wp-image-13127\" srcset=\"https:\/\/dicd.tuiasi.ro\/wp-content\/uploads\/2026\/03\/1115-1-473x1024.jpeg 473w, https:\/\/dicd.tuiasi.ro\/wp-content\/uploads\/2026\/03\/1115-1-138x300.jpeg 138w, https:\/\/dicd.tuiasi.ro\/wp-content\/uploads\/2026\/03\/1115-1-768x1664.jpeg 768w, https:\/\/dicd.tuiasi.ro\/wp-content\/uploads\/2026\/03\/1115-1-709x1536.jpeg 709w, https:\/\/dicd.tuiasi.ro\/wp-content\/uploads\/2026\/03\/1115-1-6x12.jpeg 6w, https:\/\/dicd.tuiasi.ro\/wp-content\/uploads\/2026\/03\/1115-1.jpeg 945w\" sizes=\"(max-width: 473px) 100vw, 473px\" \/><figcaption class=\"blocks-gallery-item__caption\">Fig. 5<\/figcaption><\/figure><\/li><li class=\"blocks-gallery-item\"><figure><img loading=\"lazy\" width=\"473\" height=\"1024\" src=\"https:\/\/dicd.tuiasi.ro\/wp-content\/uploads\/2026\/03\/1116-1-473x1024.jpeg\" alt=\"\" data-id=\"13131\" data-full-url=\"https:\/\/dicd.tuiasi.ro\/wp-content\/uploads\/2026\/03\/1116-1.jpeg\" data-link=\"https:\/\/dicd.tuiasi.ro\/?attachment_id=13131\" class=\"wp-image-13131\" srcset=\"https:\/\/dicd.tuiasi.ro\/wp-content\/uploads\/2026\/03\/1116-1-473x1024.jpeg 473w, https:\/\/dicd.tuiasi.ro\/wp-content\/uploads\/2026\/03\/1116-1-138x300.jpeg 138w, https:\/\/dicd.tuiasi.ro\/wp-content\/uploads\/2026\/03\/1116-1-768x1664.jpeg 768w, https:\/\/dicd.tuiasi.ro\/wp-content\/uploads\/2026\/03\/1116-1-709x1536.jpeg 709w, https:\/\/dicd.tuiasi.ro\/wp-content\/uploads\/2026\/03\/1116-1-6x12.jpeg 6w, https:\/\/dicd.tuiasi.ro\/wp-content\/uploads\/2026\/03\/1116-1.jpeg 945w\" sizes=\"(max-width: 473px) 100vw, 473px\" \/><figcaption class=\"blocks-gallery-item__caption\">Fig. 6<\/figcaption><\/figure><\/li><li class=\"blocks-gallery-item\"><figure><img loading=\"lazy\" width=\"473\" height=\"1024\" src=\"https:\/\/dicd.tuiasi.ro\/wp-content\/uploads\/2026\/03\/1117-1-473x1024.jpeg\" alt=\"\" data-id=\"13129\" data-full-url=\"https:\/\/dicd.tuiasi.ro\/wp-content\/uploads\/2026\/03\/1117-1.jpeg\" data-link=\"https:\/\/dicd.tuiasi.ro\/?attachment_id=13129\" class=\"wp-image-13129\" srcset=\"https:\/\/dicd.tuiasi.ro\/wp-content\/uploads\/2026\/03\/1117-1-473x1024.jpeg 473w, https:\/\/dicd.tuiasi.ro\/wp-content\/uploads\/2026\/03\/1117-1-138x300.jpeg 138w, https:\/\/dicd.tuiasi.ro\/wp-content\/uploads\/2026\/03\/1117-1-768x1664.jpeg 768w, https:\/\/dicd.tuiasi.ro\/wp-content\/uploads\/2026\/03\/1117-1-709x1536.jpeg 709w, https:\/\/dicd.tuiasi.ro\/wp-content\/uploads\/2026\/03\/1117-1-6x12.jpeg 6w, https:\/\/dicd.tuiasi.ro\/wp-content\/uploads\/2026\/03\/1117-1.jpeg 945w\" sizes=\"(max-width: 473px) 100vw, 473px\" \/><figcaption class=\"blocks-gallery-item__caption\">Fig. 7<\/figcaption><\/figure><\/li><\/ul><\/figure>\n\n<\/div><\/div>\n<\/div>","protected":false},"excerpt":{"rendered":"<p>Pentru a putea utiliza cheia de securitate YubiKey prin intermediul NFC pe telefoanele ce ruleaz\u0103 Android este necesar s\u0103 desc\u0103rca\u021bi \u0219i s\u0103 configura\u021bi aplica\u021bia mobil\u0103 FIDO Bridge &#8211; Authnkey conform cu instruc\u021biunile din sec\u021biunea de mai jos.<\/p>\n","protected":false},"author":11,"featured_media":0,"parent":7699,"menu_order":0,"comment_status":"closed","ping_status":"closed","template":"","meta":{"advgb_blocks_editor_width":"","advgb_blocks_columns_visual_guide":"","ub_ctt_via":""},"featured_image_urls":{"full":"","thumbnail":"","medium":"","medium_large":"","large":"","1536x1536":"","2048x2048":"","trp-custom-language-flag":"","post-thumbnail":""},"post_excerpt_stackable":"<p>Pentru a putea utiliza cheia de securitate YubiKey prin intermediul NFC pe telefoanele ce ruleaz\u0103 Android este necesar s\u0103 desc\u0103rca\u021bi \u0219i s\u0103 configura\u021bi aplica\u021bia mobil\u0103 FIDO Bridge &#8211; Authnkey conform cu instruc\u021biunile din sec\u021biunea de mai jos. FIDO Bridge &#8211; Authnkey Pasul 1: Se descarc\u0103 pe telefonul mobil aplica\u021bia FIDO Bridge &#8211; Authnkey din magazinul play. (Fig. 1) Pasul 2: Se deschide aplica\u021bia instalat\u0103 \u0219i se apas\u0103 pe butonul &#8222;Activeaz\u0103&#8221; din partea de sus. (Fig. 2) Pasul 3: \u00cen meniul afi\u0219at activa\u021bi op\u021biunea &#8222;FIDO Bridge&#8221; prin ap\u0103sarea pe butonul de comutare din dreapta. (Fig. 3) Pasul 4: Dup\u0103 acestea de&hellip;<\/p>\n","category_list":"","author_info":{"name":"Gheorghita BUTNARU","url":"https:\/\/dicd.tuiasi.ro\/ro\/author\/gbutnaru\/"},"comments_num":"0 comments","featured_image_src":null,"coauthors":[],"author_meta":{"author_link":"https:\/\/dicd.tuiasi.ro\/ro\/author\/gbutnaru\/","display_name":"Gheorghita BUTNARU"},"relative_dates":{"created":"Posted o lun\u0103 ago","modified":"Updated o lun\u0103 ago"},"absolute_dates":{"created":"Posted on 10 martie 2026","modified":"Updated on 11 martie 2026"},"absolute_dates_time":{"created":"Posted on 10 martie 2026 11:07","modified":"Updated on 11 martie 2026 12:07"},"featured_img_caption":"","_links":{"self":[{"href":"https:\/\/dicd.tuiasi.ro\/ro\/wp-json\/wp\/v2\/pages\/13093"}],"collection":[{"href":"https:\/\/dicd.tuiasi.ro\/ro\/wp-json\/wp\/v2\/pages"}],"about":[{"href":"https:\/\/dicd.tuiasi.ro\/ro\/wp-json\/wp\/v2\/types\/page"}],"author":[{"embeddable":true,"href":"https:\/\/dicd.tuiasi.ro\/ro\/wp-json\/wp\/v2\/users\/11"}],"replies":[{"embeddable":true,"href":"https:\/\/dicd.tuiasi.ro\/ro\/wp-json\/wp\/v2\/comments?post=13093"}],"version-history":[{"count":8,"href":"https:\/\/dicd.tuiasi.ro\/ro\/wp-json\/wp\/v2\/pages\/13093\/revisions"}],"predecessor-version":[{"id":13176,"href":"https:\/\/dicd.tuiasi.ro\/ro\/wp-json\/wp\/v2\/pages\/13093\/revisions\/13176"}],"up":[{"embeddable":true,"href":"https:\/\/dicd.tuiasi.ro\/ro\/wp-json\/wp\/v2\/pages\/7699"}],"wp:attachment":[{"href":"https:\/\/dicd.tuiasi.ro\/ro\/wp-json\/wp\/v2\/media?parent=13093"}],"curies":[{"name":"wp","href":"https:\/\/api.w.org\/{rel}","templated":true}]}}