{"id":2252,"date":"2014-07-16T23:06:02","date_gmt":"2014-07-16T20:06:02","guid":{"rendered":"http:\/\/sscd.dicd.tuiasi.ro\/mozilla-thunderbird"},"modified":"2021-09-29T13:25:25","modified_gmt":"2021-09-29T11:25:25","slug":"mozilla-thunderbird","status":"publish","type":"page","link":"https:\/\/dicd.tuiasi.ro\/ro\/angajati\/e-mail-angajati\/legacy-tuiasi\/mozilla-thunderbird\/","title":{"rendered":"Mozilla Thunderbird"},"content":{"rendered":"<p><strong>Pas 1<\/strong>. Se alege op\u021biunea de conectare la un cont de E-mail<br \/>\n<a href=\"https:\/\/dicd.tuiasi.ro\/wp-content\/uploads\/2014\/07\/thunderbird1-1.jpeg\"><img loading=\"lazy\" class=\"aligncenter size-full wp-image-283\" src=\"https:\/\/dicd.tuiasi.ro\/wp-content\/uploads\/2014\/07\/thunderbird1-1.jpeg\" alt=\"thunderbird1\" width=\"681\" height=\"382\"><\/a><br \/>\n<strong>Pas 2<\/strong>. Se alege op\u021biunea de a se folosi contul de e-mail existent.<a href=\"https:\/\/dicd.tuiasi.ro\/wp-content\/uploads\/2014\/07\/thunderbird2-1.jpeg\"><img loading=\"lazy\" class=\"aligncenter size-full wp-image-284\" src=\"https:\/\/dicd.tuiasi.ro\/wp-content\/uploads\/2014\/07\/thunderbird2-1.jpeg\" alt=\"thunderbird2\" width=\"847\" height=\"723\"><\/a><br \/>\n<strong>Pas 3<\/strong>. Se introduc numele, adresa de e-mail si parola \u0219i se apas\u0103 &#8222;<strong>Continue<\/strong>&#8222;.<a href=\"https:\/\/dicd.tuiasi.ro\/wp-content\/uploads\/2014\/07\/thunderbird3-1.jpeg\"><img loading=\"lazy\" class=\"aligncenter size-full wp-image-285\" src=\"https:\/\/dicd.tuiasi.ro\/wp-content\/uploads\/2014\/07\/thunderbird3-1.jpeg\" alt=\"thunderbird3\" width=\"781\" height=\"713\"><\/a><\/p>\n<p>Urm\u0103toarele set\u0103ri sunt pentru conectarea prin<strong> IMAP:<\/strong><\/p>\n<p><strong>Pas 4<\/strong>. Se introduce numele de utilizator \u00een casu\u021ba &#8222;<strong>Username<\/strong>&#8221; \u0219i restul datelor de conectare conform cu poza urm\u0103toare \u0219i se testeaza configura\u021bia ap\u0103s\u00e2nd butonul &#8222;Test&#8221; sau &#8222;Re-test&#8221;.<a href=\"https:\/\/dicd.tuiasi.ro\/wp-content\/uploads\/2014\/07\/thunderbird4-imap-1.jpeg\"><img loading=\"lazy\" class=\"aligncenter size-full wp-image-286\" src=\"https:\/\/dicd.tuiasi.ro\/wp-content\/uploads\/2014\/07\/thunderbird4-imap-1.jpeg\" alt=\"thunderbird4-imap\" width=\"838\" height=\"655\"><\/a><\/p>\n<p><strong>Pas 5<\/strong>. Se apas\u0103 butonul &#8222;<strong>Done<\/strong>&#8221; dac\u0103 e activat (\u00een cazul \u00een care testarea configura\u021biei s-a \u00eencheiat cu succes). Altfel, se verific\u0103 configura\u021bia \u0219i se repet\u0103 pasul 4.<\/p>\n<p><a href=\"https:\/\/dicd.tuiasi.ro\/wp-content\/uploads\/2014\/07\/thunderbird5-imap-1.jpeg\"><img loading=\"lazy\" class=\"aligncenter size-full wp-image-287\" src=\"https:\/\/dicd.tuiasi.ro\/wp-content\/uploads\/2014\/07\/thunderbird5-imap-1.jpeg\" alt=\"thunderbird5-imap\" width=\"824\" height=\"649\"><\/a><\/p>\n<p>&nbsp;<\/p>\n<p>Alternativ, se poate configura conectarea prin protocolul POP3, unde difera pu\u021bin pa\u0219ii 4 \u0219i 5 (Alegerea protocolului si portul de comunica\u021bie &#8211; 995 \u00een loc de 993)<\/p>\n<p><strong>Pas 4.<\/strong> <a href=\"https:\/\/dicd.tuiasi.ro\/wp-content\/uploads\/2014\/07\/thunderbird4-pop3-1.jpeg\"><img loading=\"lazy\" class=\"aligncenter size-full wp-image-290\" src=\"https:\/\/dicd.tuiasi.ro\/wp-content\/uploads\/2014\/07\/thunderbird4-pop3-1.jpeg\" alt=\"thunderbird4-pop3\" width=\"838\" height=\"647\"><\/a> <strong>Pas 5.<\/strong> <a href=\"https:\/\/dicd.tuiasi.ro\/wp-content\/uploads\/2014\/07\/thunderbird5-pop3-1.jpeg\"><img loading=\"lazy\" class=\"aligncenter size-full wp-image-291\" src=\"https:\/\/dicd.tuiasi.ro\/wp-content\/uploads\/2014\/07\/thunderbird5-pop3-1.jpeg\" alt=\"thunderbird5-pop3\" width=\"829\" height=\"651\"><\/a><\/p>\n","protected":false},"excerpt":{"rendered":"<p>Pas 1. Se alege op\u021biunea de conectare la un cont de E-mail Pas 2. Se alege op\u021biunea de a se folosi contul de e-mail existent. Pas 3. Se introduc numele, adresa de e-mail si parola \u0219i se apas\u0103 &#8222;Continue&#8222;. Urm\u0103toarele set\u0103ri sunt pentru conectarea prin IMAP: Pas 4. Se introduce numele de utilizator \u00een casu\u021ba [&hellip;]<\/p>\n","protected":false},"author":14,"featured_media":0,"parent":8587,"menu_order":2,"comment_status":"closed","ping_status":"closed","template":"","meta":{"advgb_blocks_editor_width":"","advgb_blocks_columns_visual_guide":"","ub_ctt_via":""},"featured_image_urls":{"full":"","thumbnail":"","medium":"","medium_large":"","large":"","1536x1536":"","2048x2048":"","trp-custom-language-flag":"","post-thumbnail":""},"post_excerpt_stackable":"<p>Pas 1. Se alege op\u021biunea de conectare la un cont de E-mail Pas 2. Se alege op\u021biunea de a se folosi contul de e-mail existent. Pas 3. Se introduc numele, adresa de e-mail si parola \u0219i se apas\u0103 &#8222;Continue&#8222;. Urm\u0103toarele set\u0103ri sunt pentru conectarea prin IMAP: Pas 4. Se introduce numele de utilizator \u00een casu\u021ba &#8222;Username&#8221; \u0219i restul datelor de conectare conform cu poza urm\u0103toare \u0219i se testeaza configura\u021bia ap\u0103s\u00e2nd butonul &#8222;Test&#8221; sau &#8222;Re-test&#8221;. Pas 5. Se apas\u0103 butonul &#8222;Done&#8221; dac\u0103 e activat (\u00een cazul \u00een care testarea configura\u021biei s-a \u00eencheiat cu succes). Altfel, se verific\u0103 configura\u021bia \u0219i se repet\u0103&hellip;<\/p>\n","category_list":"","author_info":{"name":"sscd","url":"https:\/\/dicd.tuiasi.ro\/ro\/author\/sscd\/"},"comments_num":"0 comments","featured_image_src":null,"coauthors":[],"author_meta":{"author_link":"https:\/\/dicd.tuiasi.ro\/ro\/author\/sscd\/","display_name":"sscd"},"relative_dates":{"created":"Posted 12 ani ago","modified":"Updated 5 ani ago"},"absolute_dates":{"created":"Posted on 16 iulie 2014","modified":"Updated on 29 septembrie 2021"},"absolute_dates_time":{"created":"Posted on 16 iulie 2014 23:06","modified":"Updated on 29 septembrie 2021 13:25"},"featured_img_caption":"","_links":{"self":[{"href":"https:\/\/dicd.tuiasi.ro\/ro\/wp-json\/wp\/v2\/pages\/2252"}],"collection":[{"href":"https:\/\/dicd.tuiasi.ro\/ro\/wp-json\/wp\/v2\/pages"}],"about":[{"href":"https:\/\/dicd.tuiasi.ro\/ro\/wp-json\/wp\/v2\/types\/page"}],"author":[{"embeddable":true,"href":"https:\/\/dicd.tuiasi.ro\/ro\/wp-json\/wp\/v2\/users\/14"}],"replies":[{"embeddable":true,"href":"https:\/\/dicd.tuiasi.ro\/ro\/wp-json\/wp\/v2\/comments?post=2252"}],"version-history":[{"count":2,"href":"https:\/\/dicd.tuiasi.ro\/ro\/wp-json\/wp\/v2\/pages\/2252\/revisions"}],"predecessor-version":[{"id":11611,"href":"https:\/\/dicd.tuiasi.ro\/ro\/wp-json\/wp\/v2\/pages\/2252\/revisions\/11611"}],"up":[{"embeddable":true,"href":"https:\/\/dicd.tuiasi.ro\/ro\/wp-json\/wp\/v2\/pages\/8587"}],"wp:attachment":[{"href":"https:\/\/dicd.tuiasi.ro\/ro\/wp-json\/wp\/v2\/media?parent=2252"}],"curies":[{"name":"wp","href":"https:\/\/api.w.org\/{rel}","templated":true}]}}