{"id":2267,"date":"2015-03-24T00:15:40","date_gmt":"2015-03-23T22:15:40","guid":{"rendered":"http:\/\/sscd.dicd.tuiasi.ro\/android-mail"},"modified":"2023-05-16T15:09:50","modified_gmt":"2023-05-16T13:09:50","slug":"android-mail","status":"publish","type":"page","link":"https:\/\/dicd.tuiasi.ro\/ro\/angajati\/e-mail-angajati\/legacy-tuiasi\/android-mail\/","title":{"rendered":"Android Mail"},"content":{"rendered":"<p style=\"margin-bottom: 0in; line-height: 100%;\" align=\"left\"><strong>Pas 1a<\/strong>. Se acceseaz\u0103 \u201eConfigurare cont\u201d, urm\u00e2nd a se introduce numele de cont \u0219i parola<\/p>\n<p style=\"margin-bottom: 0in; line-height: 100%;\" align=\"left\"><a href=\"https:\/\/dicd.tuiasi.ro\/wp-content\/uploads\/2015\/03\/mobile\/10.png\"><img loading=\"lazy\" class=\"aligncenter wp-image-588 size-full\" src=\"https:\/\/dicd.tuiasi.ro\/wp-content\/uploads\/2015\/03\/mobile\/10.png\" alt=\"\" width=\"480\" height=\"800\" \/><\/a><\/p>\n<p style=\"margin-bottom: 0in; line-height: 100%;\" align=\"left\"><strong>Pas 1b<\/strong>. Dac\u0103 exist\u0103 deja alte conturi configurate, accesa\u021bi meniul, aleg\u00e2nd op\u021biunea <strong>Set\u0103ri<\/strong><\/p>\n<p style=\"margin-bottom: 0in; line-height: 100%;\" align=\"left\"><a href=\"https:\/\/dicd.tuiasi.ro\/wp-content\/uploads\/2015\/03\/mobile\/a2.png\"><img loading=\"lazy\" class=\"aligncenter wp-image-588 size-full\" src=\"https:\/\/dicd.tuiasi.ro\/wp-content\/uploads\/2015\/03\/mobile\/a2.png\" alt=\"\" width=\"480\" height=\"800\" \/><\/a><\/p>\n<p style=\"margin-bottom: 0in; line-height: 100%;\" align=\"left\">Selecta\u021bi apoi op\u021biunea pentru ad\u0103ugarea unui nou cont<\/p>\n<p style=\"margin-bottom: 0in; line-height: 100%;\" align=\"left\"><a href=\"https:\/\/dicd.tuiasi.ro\/wp-content\/uploads\/2015\/03\/mobile\/03\/a3.png\"><img loading=\"lazy\" class=\"aligncenter size-full wp-image-588\" src=\"https:\/\/dicd.tuiasi.ro\/wp-content\/uploads\/2015\/03\/mobile\/a3.png\" alt=\"\" width=\"480\" height=\"800\" \/><\/a><\/p>\n<p style=\"margin-bottom: 0in; line-height: 100%;\" align=\"left\"><strong>Pas 2<\/strong>. Se alege op\u021biunea IMAP<\/p>\n<p style=\"margin-bottom: 0in; line-height: 100%;\" align=\"left\"><a href=\"https:\/\/dicd.tuiasi.ro\/wp-content\/uploads\/2015\/03\/mobile\/11.png\"><img loading=\"lazy\" class=\"aligncenter wp-image-588 size-full\" src=\"https:\/\/dicd.tuiasi.ro\/wp-content\/uploads\/2015\/03\/mobile\/11.png\" alt=\"newAccount\" width=\"480\" height=\"800\" \/><\/a><\/p>\n<p style=\"margin-bottom: 0in; line-height: 100%;\" align=\"left\"><strong>Pas 3<\/strong>. Se completeaz\u0103 datele referitoare la serverul de primire<\/p>\n<p style=\"margin-bottom: 0in; line-height: 100%;\" align=\"left\"><a href=\"https:\/\/dicd.tuiasi.ro\/wp-content\/uploads\/2015\/03\/mobile\/12.png\"><img loading=\"lazy\" class=\"aligncenter size-full wp-image-589\" src=\"https:\/\/dicd.tuiasi.ro\/wp-content\/uploads\/2015\/03\/mobile\/12.png\" alt=\"2\" width=\"480\" height=\"800\" \/><\/a><\/p>\n<p style=\"margin-bottom: 0in; line-height: 100%;\" align=\"left\"><strong>Pas 4<\/strong>. Se completeaz\u0103 datele referitoare la serverul de expediere<\/p>\n<p style=\"margin-bottom: 0in; line-height: 100%;\" align=\"left\"><a href=\"https:\/\/dicd.tuiasi.ro\/wp-content\/uploads\/2015\/03\/mobile\/13.png\"><img loading=\"lazy\" class=\"aligncenter size-full wp-image-590\" src=\"https:\/\/dicd.tuiasi.ro\/wp-content\/uploads\/2015\/03\/mobile\/13.png\" alt=\"3\" width=\"480\" height=\"800\" \/><\/a><\/p>\n<p style=\"margin-bottom: 0in; line-height: 100%;\" align=\"left\"><strong>Pas 5<\/strong>. Se finalizeaz\u0103 configurarea contului<\/p>\n<p style=\"margin-bottom: 0in; line-height: 100%;\" align=\"left\"><a href=\"https:\/\/dicd.tuiasi.ro\/wp-content\/uploads\/2015\/03\/mobile\/14.png\"><img loading=\"lazy\" class=\"aligncenter size-full wp-image-591\" src=\"https:\/\/dicd.tuiasi.ro\/wp-content\/uploads\/2015\/03\/mobile\/14.png\" alt=\"4\" width=\"480\" height=\"800\" \/><\/a><\/p>\n<p style=\"margin-bottom: 0in; line-height: 100%;\" align=\"left\"><a href=\"https:\/\/dicd.tuiasi.ro\/wp-content\/uploads\/2015\/03\/mobile\/15.png\"><img loading=\"lazy\" class=\"aligncenter size-full wp-image-591\" src=\"https:\/\/dicd.tuiasi.ro\/wp-content\/uploads\/2015\/03\/mobile\/15.png\" alt=\"4\" width=\"480\" height=\"800\" \/><\/a><\/p>\n","protected":false},"excerpt":{"rendered":"<p>Pas 1a. Se acceseaz\u0103 \u201eConfigurare cont\u201d, urm\u00e2nd a se introduce numele de cont \u0219i parola Pas 1b. Dac\u0103 exist\u0103 deja alte conturi configurate, accesa\u021bi meniul, aleg\u00e2nd op\u021biunea Set\u0103ri Selecta\u021bi apoi op\u021biunea pentru ad\u0103ugarea unui nou cont Pas 2. Se alege op\u021biunea IMAP Pas 3. Se completeaz\u0103 datele referitoare la serverul de primire Pas 4. Se [&hellip;]<\/p>\n","protected":false},"author":14,"featured_media":0,"parent":8587,"menu_order":2,"comment_status":"closed","ping_status":"closed","template":"","meta":{"advgb_blocks_editor_width":"","advgb_blocks_columns_visual_guide":"","ub_ctt_via":""},"featured_image_urls":{"full":"","thumbnail":"","medium":"","medium_large":"","large":"","1536x1536":"","2048x2048":"","trp-custom-language-flag":"","post-thumbnail":""},"post_excerpt_stackable":"<p>Pas 1a. Se acceseaz\u0103 \u201eConfigurare cont\u201d, urm\u00e2nd a se introduce numele de cont \u0219i parola Pas 1b. Dac\u0103 exist\u0103 deja alte conturi configurate, accesa\u021bi meniul, aleg\u00e2nd op\u021biunea Set\u0103ri Selecta\u021bi apoi op\u021biunea pentru ad\u0103ugarea unui nou cont Pas 2. Se alege op\u021biunea IMAP Pas 3. Se completeaz\u0103 datele referitoare la serverul de primire Pas 4. Se completeaz\u0103 datele referitoare la serverul de expediere Pas 5. Se finalizeaz\u0103 configurarea contului<\/p>\n","category_list":"","author_info":{"name":"sscd","url":"https:\/\/dicd.tuiasi.ro\/ro\/author\/sscd\/"},"comments_num":"0 comments","featured_image_src":null,"coauthors":[],"author_meta":{"author_link":"https:\/\/dicd.tuiasi.ro\/ro\/author\/sscd\/","display_name":"sscd"},"relative_dates":{"created":"Posted 11 ani ago","modified":"Updated 3 ani ago"},"absolute_dates":{"created":"Posted on 24 martie 2015","modified":"Updated on 16 mai 2023"},"absolute_dates_time":{"created":"Posted on 24 martie 2015 00:15","modified":"Updated on 16 mai 2023 15:09"},"featured_img_caption":"","_links":{"self":[{"href":"https:\/\/dicd.tuiasi.ro\/ro\/wp-json\/wp\/v2\/pages\/2267"}],"collection":[{"href":"https:\/\/dicd.tuiasi.ro\/ro\/wp-json\/wp\/v2\/pages"}],"about":[{"href":"https:\/\/dicd.tuiasi.ro\/ro\/wp-json\/wp\/v2\/types\/page"}],"author":[{"embeddable":true,"href":"https:\/\/dicd.tuiasi.ro\/ro\/wp-json\/wp\/v2\/users\/14"}],"replies":[{"embeddable":true,"href":"https:\/\/dicd.tuiasi.ro\/ro\/wp-json\/wp\/v2\/comments?post=2267"}],"version-history":[{"count":3,"href":"https:\/\/dicd.tuiasi.ro\/ro\/wp-json\/wp\/v2\/pages\/2267\/revisions"}],"predecessor-version":[{"id":11230,"href":"https:\/\/dicd.tuiasi.ro\/ro\/wp-json\/wp\/v2\/pages\/2267\/revisions\/11230"}],"up":[{"embeddable":true,"href":"https:\/\/dicd.tuiasi.ro\/ro\/wp-json\/wp\/v2\/pages\/8587"}],"wp:attachment":[{"href":"https:\/\/dicd.tuiasi.ro\/ro\/wp-json\/wp\/v2\/media?parent=2267"}],"curies":[{"name":"wp","href":"https:\/\/api.w.org\/{rel}","templated":true}]}}