{"id":2270,"date":"2015-03-24T00:26:26","date_gmt":"2015-03-23T22:26:26","guid":{"rendered":"http:\/\/sscd.dicd.tuiasi.ro\/k-9-mail"},"modified":"2021-09-29T13:24:45","modified_gmt":"2021-09-29T11:24:45","slug":"k-9-mail","status":"publish","type":"page","link":"https:\/\/dicd.tuiasi.ro\/ro\/angajati\/e-mail-angajati\/legacy-tuiasi\/k-9-mail\/","title":{"rendered":"K-9 Mail"},"content":{"rendered":"<p style=\"margin-bottom: 0in;line-height: 100%\" align=\"left\"><strong>Pas 1a<\/strong>. Se acceseaz\u0103 \u201eSet up a new account\u201d, urm\u00e2nd a se introduce numele de cont \u0219i parola<\/p>\n<p style=\"margin-bottom: 0in;line-height: 100%\" align=\"left\"><a href=\"https:\/\/dicd.tuiasi.ro\/wp-content\/uploads\/2015\/03\/mobile\/03\/21.png\"><img loading=\"lazy\" class=\"aligncenter size-full wp-image-588\" src=\"https:\/\/dicd.tuiasi.ro\/wp-content\/uploads\/2015\/03\/mobile\/21.png\" alt=\"\" width=\"480\" height=\"800\"><\/a><\/p>\n<p style=\"margin-bottom: 0in;line-height: 100%\" align=\"left\"><strong>Pas 1b<\/strong>. Dac\u0103 exist\u0103 deja alte conturi configurate, ap\u0103sa\u021bi butonul pentru ad\u0103ugarea unui nou cont<\/p>\n<p style=\"margin-bottom: 0in;line-height: 100%\" align=\"left\"><a href=\"https:\/\/dicd.tuiasi.ro\/wp-content\/uploads\/2015\/03\/mobile\/03\/k2.png\"><img loading=\"lazy\" class=\"aligncenter size-full wp-image-588\" src=\"https:\/\/dicd.tuiasi.ro\/wp-content\/uploads\/2015\/03\/mobile\/k2.png\" alt=\"\" width=\"480\" height=\"800\"><\/a><\/p>\n<p style=\"margin-bottom: 0in;line-height: 100%\" align=\"left\"><strong>Pas 2<\/strong>. Se alege op\u021biunea IMAP<\/p>\n<p style=\"margin-bottom: 0in;line-height: 100%\" align=\"left\"><a href=\"https:\/\/dicd.tuiasi.ro\/wp-content\/uploads\/2015\/03\/mobile\/03\/22.png\"><img loading=\"lazy\" class=\"aligncenter size-full wp-image-588\" src=\"https:\/\/dicd.tuiasi.ro\/wp-content\/uploads\/2015\/03\/mobile\/22.png\" alt=\"newAccount\" width=\"480\" height=\"800\"><\/a><\/p>\n<p style=\"margin-bottom: 0in;line-height: 100%\" align=\"left\"><strong>Pas 3<\/strong>. Se completeaz\u0103 datele referitoare la serverul de primire<\/p>\n<p style=\"margin-bottom: 0in;line-height: 100%\" align=\"left\"><a href=\"https:\/\/dicd.tuiasi.ro\/wp-content\/uploads\/2015\/03\/mobile\/23.png\"><img loading=\"lazy\" class=\"aligncenter size-full wp-image-589\" src=\"https:\/\/dicd.tuiasi.ro\/wp-content\/uploads\/2015\/03\/mobile\/23.png\" alt=\"2\" width=\"480\" height=\"800\"><\/a><\/p>\n<p style=\"margin-bottom: 0in;line-height: 100%\" align=\"left\"><strong>Pas 4<\/strong>. Se completeaz\u0103 datele referitoare la serverul de expediere<\/p>\n<p style=\"margin-bottom: 0in;line-height: 100%\" align=\"left\"><a href=\"https:\/\/dicd.tuiasi.ro\/wp-content\/uploads\/2015\/03\/mobile\/24.png\"><img loading=\"lazy\" class=\"aligncenter size-full wp-image-590\" src=\"https:\/\/dicd.tuiasi.ro\/wp-content\/uploads\/2015\/03\/mobile\/24.png\" alt=\"3\" width=\"480\" height=\"800\"><\/a><\/p>\n<p style=\"margin-bottom: 0in;line-height: 100%\" align=\"left\"><strong>Pas 5<\/strong>. Se finalizeaz\u0103 configurarea contului<\/p>\n<p style=\"margin-bottom: 0in;line-height: 100%\" align=\"left\"><a href=\"https:\/\/dicd.tuiasi.ro\/wp-content\/uploads\/2015\/03\/mobile\/25.png\"><img loading=\"lazy\" class=\"aligncenter size-full wp-image-591\" src=\"https:\/\/dicd.tuiasi.ro\/wp-content\/uploads\/2015\/03\/mobile\/25.png\" alt=\"4\" width=\"480\" height=\"800\"><\/a><\/p>\n","protected":false},"excerpt":{"rendered":"<p>Pas 1a. Se acceseaz\u0103 \u201eSet up a new account\u201d, urm\u00e2nd a se introduce numele de cont \u0219i parola Pas 1b. Dac\u0103 exist\u0103 deja alte conturi configurate, ap\u0103sa\u021bi butonul pentru ad\u0103ugarea unui nou cont Pas 2. Se alege op\u021biunea IMAP Pas 3. Se completeaz\u0103 datele referitoare la serverul de primire Pas 4. Se completeaz\u0103 datele referitoare [&hellip;]<\/p>\n","protected":false},"author":14,"featured_media":0,"parent":8587,"menu_order":4,"comment_status":"closed","ping_status":"closed","template":"","meta":{"advgb_blocks_editor_width":"","advgb_blocks_columns_visual_guide":"","ub_ctt_via":""},"featured_image_urls":{"full":"","thumbnail":"","medium":"","medium_large":"","large":"","1536x1536":"","2048x2048":"","trp-custom-language-flag":"","post-thumbnail":""},"post_excerpt_stackable":"<p>Pas 1a. Se acceseaz\u0103 \u201eSet up a new account\u201d, urm\u00e2nd a se introduce numele de cont \u0219i parola Pas 1b. Dac\u0103 exist\u0103 deja alte conturi configurate, ap\u0103sa\u021bi butonul pentru ad\u0103ugarea unui nou cont Pas 2. Se alege op\u021biunea IMAP Pas 3. Se completeaz\u0103 datele referitoare la serverul de primire Pas 4. Se completeaz\u0103 datele referitoare la serverul de expediere Pas 5. Se finalizeaz\u0103 configurarea contului<\/p>\n","category_list":"","author_info":{"name":"sscd","url":"https:\/\/dicd.tuiasi.ro\/ro\/author\/sscd\/"},"comments_num":"0 comments","featured_image_src":null,"coauthors":[],"author_meta":{"author_link":"https:\/\/dicd.tuiasi.ro\/ro\/author\/sscd\/","display_name":"sscd"},"relative_dates":{"created":"Posted 11 ani ago","modified":"Updated 5 ani ago"},"absolute_dates":{"created":"Posted on 24 martie 2015","modified":"Updated on 29 septembrie 2021"},"absolute_dates_time":{"created":"Posted on 24 martie 2015 00:26","modified":"Updated on 29 septembrie 2021 13:24"},"featured_img_caption":"","_links":{"self":[{"href":"https:\/\/dicd.tuiasi.ro\/ro\/wp-json\/wp\/v2\/pages\/2270"}],"collection":[{"href":"https:\/\/dicd.tuiasi.ro\/ro\/wp-json\/wp\/v2\/pages"}],"about":[{"href":"https:\/\/dicd.tuiasi.ro\/ro\/wp-json\/wp\/v2\/types\/page"}],"author":[{"embeddable":true,"href":"https:\/\/dicd.tuiasi.ro\/ro\/wp-json\/wp\/v2\/users\/14"}],"replies":[{"embeddable":true,"href":"https:\/\/dicd.tuiasi.ro\/ro\/wp-json\/wp\/v2\/comments?post=2270"}],"version-history":[{"count":1,"href":"https:\/\/dicd.tuiasi.ro\/ro\/wp-json\/wp\/v2\/pages\/2270\/revisions"}],"predecessor-version":[{"id":9820,"href":"https:\/\/dicd.tuiasi.ro\/ro\/wp-json\/wp\/v2\/pages\/2270\/revisions\/9820"}],"up":[{"embeddable":true,"href":"https:\/\/dicd.tuiasi.ro\/ro\/wp-json\/wp\/v2\/pages\/8587"}],"wp:attachment":[{"href":"https:\/\/dicd.tuiasi.ro\/ro\/wp-json\/wp\/v2\/media?parent=2270"}],"curies":[{"name":"wp","href":"https:\/\/api.w.org\/{rel}","templated":true}]}}