{"id":4217,"date":"2021-07-02T10:44:55","date_gmt":"2021-07-02T08:44:55","guid":{"rendered":"https:\/\/dicd.tuiasi.ro\/?page_id=4217"},"modified":"2026-02-24T11:26:42","modified_gmt":"2026-02-24T09:26:42","slug":"windows","status":"publish","type":"page","link":"https:\/\/dicd.tuiasi.ro\/ro\/windows\/","title":{"rendered":"Windows"},"content":{"rendered":"\n<p>Universitatea Tehnic\u0103 \u201eGheorghe Asachi\u201d din Ia\u0219i pune la dispozi\u021bie sistemul de operare Windows licen\u021biat \u00een mod gratuit pentru studen\u021bi \u0219i angaja\u021bi. Pentru a ob\u021bine o astfel de licen\u021b\u0103 trebuie s\u0103 urma\u021bi urm\u0103toarele instruc\u021biuni:<\/p>\n\n\n<div class=\"wp-block-ub-content-toggle\" id=\"ub-content-toggle-176a83c4-974e-4a5f-a2e2-a45d7b25f200\">\n<div id=\"\" class=\"wp-block-ub-content-toggle-accordion\">\n                <div class=\"wp-block-ub-content-toggle-accordion-title-wrap\" aria-expanded=\"false\" aria-controls=\"ub-content-toggle-panel-0-176a83c4-974e-4a5f-a2e2-a45d7b25f200\" tabindex=\"0\">\n                    <p class=\"wp-block-ub-content-toggle-accordion-title ub-content-toggle-title-176a83c4-974e-4a5f-a2e2-a45d7b25f200\">Ob\u021binere licen\u021b\u0103<\/p><div class=\"wp-block-ub-content-toggle-accordion-toggle-wrap right\"><span class=\"wp-block-ub-content-toggle-accordion-state-indicator wp-block-ub-chevron-down\"><\/span>\n                    <\/div><\/div><div role=\"region\" class=\"wp-block-ub-content-toggle-accordion-content-wrap ub-hide\" id=\"ub-content-toggle-panel-0-176a83c4-974e-4a5f-a2e2-a45d7b25f200\">\n\n<p><strong>Pasul 1: <\/strong>Acces\u0103m pagina <a rel=\"noreferrer noopener\" href=\"https:\/\/azure.microsoft.com\/en-gb\/free\/students\" data-type=\"URL\" data-id=\"https:\/\/azure.microsoft.com\/en-gb\/free\/students\" target=\"_blank\"><strong>Azure For Education<\/strong><\/a> \u0219i ap\u0103s\u0103m pe butonul &#8222;<strong>Start free<\/strong>&#8221; (Fig. 1).<\/p>\n\n\n\n<p><strong>Pasul 2: <\/strong>Introducem adresa institu\u021bional\u0103 \u0219i ap\u0103s\u0103m pe &#8222;<strong>Next<\/strong>&#8221; (Fig. 2). Vom fi redirec\u021biona\u021bi c\u0103tre pagina de administrare a contului institu\u021bional unde va trebui s\u0103 ne autentific\u0103m.<\/p>\n\n\n\n<p><strong>Pasul 3: <\/strong>Va trebui s\u0103 introducem numele, prenumele, data na\u0219terii, \u021bara \u0219i s\u0103 select\u0103m universitatea pentru verificare (<strong><em>Gheorghe Asachi Technical University of Ia\u0219i (Ia\u0219i)<\/em><\/strong>). (Fig. 3).<\/p>\n\n\n\n<p><strong>Pasul 4:<\/strong> \u00cen sec\u021biunea <strong>Learning resources <\/strong>categoria <strong>Software<\/strong> reg\u0103sim programele \u0219i sistemele de operare disponibile pentru instalare. \u00cen bara de c\u0103utare tast\u00e2nd \u201cwindows 10\u201d se afi\u0219eaz\u0103 versiunile de Windows disponibile (Fig. 4).<\/p>\n\n\n\n<p><strong>Pasul 5:<\/strong> Select\u0103m versiunea dorit\u0103 \u0219i ap\u0103s\u0103m pe butonul &#8222;<strong>View Key<\/strong>&#8221; pentru a ob\u021bine cheia. Pentru a desc\u0103rca imaginea cu windows ap\u0103s\u0103m pe butonul &#8222;<strong>Download<\/strong>&#8221; (Fig. 4).<\/p>\n\n\n\n<figure class=\"wp-block-gallery columns-3 is-cropped\"><ul class=\"blocks-gallery-grid\"><li class=\"blocks-gallery-item\"><figure><img loading=\"lazy\" width=\"1024\" height=\"689\" src=\"https:\/\/dicd.tuiasi.ro\/wp-content\/uploads\/2021\/09\/1-1-1024x689.png\" alt=\"\" data-id=\"6868\" data-link=\"https:\/\/dicd.tuiasi.ro\/windows\/1-1-3\/\" class=\"wp-image-6868\" srcset=\"https:\/\/dicd.tuiasi.ro\/wp-content\/uploads\/2021\/09\/1-1-1024x689.png 1024w, https:\/\/dicd.tuiasi.ro\/wp-content\/uploads\/2021\/09\/1-1-300x202.png 300w, https:\/\/dicd.tuiasi.ro\/wp-content\/uploads\/2021\/09\/1-1-768x517.png 768w, https:\/\/dicd.tuiasi.ro\/wp-content\/uploads\/2021\/09\/1-1.png 1316w\" sizes=\"(max-width: 1024px) 100vw, 1024px\" \/><figcaption class=\"blocks-gallery-item__caption\">Fig. 1 Sign in<\/figcaption><\/figure><\/li><li class=\"blocks-gallery-item\"><figure><img loading=\"lazy\" width=\"440\" height=\"338\" src=\"https:\/\/dicd.tuiasi.ro\/wp-content\/uploads\/2021\/09\/2-1.png\" alt=\"\" data-id=\"6871\" data-link=\"https:\/\/dicd.tuiasi.ro\/windows\/2-1-3\/\" class=\"wp-image-6871\" srcset=\"https:\/\/dicd.tuiasi.ro\/wp-content\/uploads\/2021\/09\/2-1.png 440w, https:\/\/dicd.tuiasi.ro\/wp-content\/uploads\/2021\/09\/2-1-300x230.png 300w\" sizes=\"(max-width: 440px) 100vw, 440px\" \/><figcaption class=\"blocks-gallery-item__caption\">Fig. 2 Autentificare<\/figcaption><\/figure><\/li><li class=\"blocks-gallery-item\"><figure><img loading=\"lazy\" width=\"758\" height=\"718\" src=\"https:\/\/dicd.tuiasi.ro\/wp-content\/uploads\/2026\/02\/Screenshot-from-2026-02-24-10-58-17.png\" alt=\"\" data-id=\"12954\" data-full-url=\"https:\/\/dicd.tuiasi.ro\/wp-content\/uploads\/2026\/02\/Screenshot-from-2026-02-24-10-58-17.png\" data-link=\"https:\/\/dicd.tuiasi.ro\/windows\/screenshot-from-2026-02-24-10-58-17\/\" class=\"wp-image-12954\" srcset=\"https:\/\/dicd.tuiasi.ro\/wp-content\/uploads\/2026\/02\/Screenshot-from-2026-02-24-10-58-17.png 758w, https:\/\/dicd.tuiasi.ro\/wp-content\/uploads\/2026\/02\/Screenshot-from-2026-02-24-10-58-17-300x284.png 300w, https:\/\/dicd.tuiasi.ro\/wp-content\/uploads\/2026\/02\/Screenshot-from-2026-02-24-10-58-17-13x12.png 13w\" sizes=\"(max-width: 758px) 100vw, 758px\" \/><figcaption class=\"blocks-gallery-item__caption\">Fig. 3 Completare date<\/figcaption><\/figure><\/li><li class=\"blocks-gallery-item\"><figure><img loading=\"lazy\" width=\"1024\" height=\"531\" src=\"https:\/\/dicd.tuiasi.ro\/wp-content\/uploads\/2021\/09\/4-6-1024x531.png\" alt=\"\" data-id=\"7384\" data-link=\"https:\/\/dicd.tuiasi.ro\/windows\/4-6-2\/\" class=\"wp-image-7384\" srcset=\"https:\/\/dicd.tuiasi.ro\/wp-content\/uploads\/2021\/09\/4-6-1024x531.png 1024w, https:\/\/dicd.tuiasi.ro\/wp-content\/uploads\/2021\/09\/4-6-300x156.png 300w, https:\/\/dicd.tuiasi.ro\/wp-content\/uploads\/2021\/09\/4-6-768x398.png 768w, https:\/\/dicd.tuiasi.ro\/wp-content\/uploads\/2021\/09\/4-6-1536x797.png 1536w, https:\/\/dicd.tuiasi.ro\/wp-content\/uploads\/2021\/09\/4-6-1568x813.png 1568w, https:\/\/dicd.tuiasi.ro\/wp-content\/uploads\/2021\/09\/4-6.png 1916w\" sizes=\"(max-width: 1024px) 100vw, 1024px\" \/><figcaption class=\"blocks-gallery-item__caption\">Fig. 4 Ob\u021binere licen\u021b\u0103<\/figcaption><\/figure><\/li><\/ul><\/figure>\n\n<\/div><\/div>\n<\/div>","protected":false},"excerpt":{"rendered":"<p>Universitatea Tehnic\u0103 \u201eGheorghe Asachi\u201d din Ia\u0219i pune la dispozi\u021bie sistemul de operare Windows licen\u021biat \u00een mod gratuit pentru studen\u021bi \u0219i angaja\u021bi. Pentru a ob\u021bine o astfel de licen\u021b\u0103 trebuie s\u0103 urma\u021bi urm\u0103toarele instruc\u021biuni:<\/p>\n","protected":false},"author":11,"featured_media":0,"parent":0,"menu_order":0,"comment_status":"closed","ping_status":"closed","template":"","meta":{"advgb_blocks_editor_width":"","advgb_blocks_columns_visual_guide":"","ub_ctt_via":""},"featured_image_urls":{"full":"","thumbnail":"","medium":"","medium_large":"","large":"","1536x1536":"","2048x2048":"","trp-custom-language-flag":"","post-thumbnail":""},"post_excerpt_stackable":"<p>Universitatea Tehnic\u0103 \u201eGheorghe Asachi\u201d din Ia\u0219i pune la dispozi\u021bie sistemul de operare Windows licen\u021biat \u00een mod gratuit pentru studen\u021bi \u0219i angaja\u021bi. Pentru a ob\u021bine o astfel de licen\u021b\u0103 trebuie s\u0103 urma\u021bi urm\u0103toarele instruc\u021biuni: Ob\u021binere licen\u021b\u0103 Pasul 1: Acces\u0103m pagina Azure For Education \u0219i ap\u0103s\u0103m pe butonul &#8222;Start free&#8221; (Fig. 1). Pasul 2: Introducem adresa institu\u021bional\u0103 \u0219i ap\u0103s\u0103m pe &#8222;Next&#8221; (Fig. 2). Vom fi redirec\u021biona\u021bi c\u0103tre pagina de administrare a contului institu\u021bional unde va trebui s\u0103 ne autentific\u0103m. Pasul 3: Va trebui s\u0103 introducem numele, prenumele, data na\u0219terii, \u021bara \u0219i s\u0103 select\u0103m universitatea pentru verificare (Gheorghe Asachi Technical University of Ia\u0219i&hellip;<\/p>\n","category_list":"","author_info":{"name":"Gheorghita BUTNARU","url":"https:\/\/dicd.tuiasi.ro\/ro\/author\/gbutnaru\/"},"comments_num":"0 comments","featured_image_src":null,"coauthors":[],"author_meta":{"author_link":"https:\/\/dicd.tuiasi.ro\/ro\/author\/gbutnaru\/","display_name":"Gheorghita BUTNARU"},"relative_dates":{"created":"Posted 5 ani ago","modified":"Updated 2 luni ago"},"absolute_dates":{"created":"Posted on 2 iulie 2021","modified":"Updated on 24 februarie 2026"},"absolute_dates_time":{"created":"Posted on 2 iulie 2021 10:44","modified":"Updated on 24 februarie 2026 11:26"},"featured_img_caption":"","_links":{"self":[{"href":"https:\/\/dicd.tuiasi.ro\/ro\/wp-json\/wp\/v2\/pages\/4217"}],"collection":[{"href":"https:\/\/dicd.tuiasi.ro\/ro\/wp-json\/wp\/v2\/pages"}],"about":[{"href":"https:\/\/dicd.tuiasi.ro\/ro\/wp-json\/wp\/v2\/types\/page"}],"author":[{"embeddable":true,"href":"https:\/\/dicd.tuiasi.ro\/ro\/wp-json\/wp\/v2\/users\/11"}],"replies":[{"embeddable":true,"href":"https:\/\/dicd.tuiasi.ro\/ro\/wp-json\/wp\/v2\/comments?post=4217"}],"version-history":[{"count":23,"href":"https:\/\/dicd.tuiasi.ro\/ro\/wp-json\/wp\/v2\/pages\/4217\/revisions"}],"predecessor-version":[{"id":12956,"href":"https:\/\/dicd.tuiasi.ro\/ro\/wp-json\/wp\/v2\/pages\/4217\/revisions\/12956"}],"wp:attachment":[{"href":"https:\/\/dicd.tuiasi.ro\/ro\/wp-json\/wp\/v2\/media?parent=4217"}],"curies":[{"name":"wp","href":"https:\/\/api.w.org\/{rel}","templated":true}]}}