{"id":4223,"date":"2021-07-02T10:46:09","date_gmt":"2021-07-02T08:46:09","guid":{"rendered":"https:\/\/dicd.tuiasi.ro\/?page_id=4223"},"modified":"2023-09-07T19:16:36","modified_gmt":"2023-09-07T17:16:36","slug":"matlab","status":"publish","type":"page","link":"https:\/\/dicd.tuiasi.ro\/ro\/matlab\/","title":{"rendered":"MatLab"},"content":{"rendered":"\n<p>Universitatea Tehnic\u0103 \u201eGheorghe Asachi\u201d din Ia\u0219i pune la dispozi\u021bie programul MatLab gratuit pentru studen\u021bi \u0219i angaja\u021bi. Pentru desc\u0103rcare trebuie s\u0103 urma\u021bi instruc\u021biunile de mai jos.<\/p>\n\n\n\n<p>\u00cen cazul instal\u0103rii MatLab \u00een laboratoare este necesar\u0103 deschiderea unui <a rel=\"noreferrer noopener\" href=\"https:\/\/suport.tuiasi.ro\/\" data-type=\"URL\" data-id=\"https:\/\/suport.tuiasi.ro\/\" target=\"_blank\">tichet<\/a>.<\/p>\n\n\n<div class=\"wp-block-ub-content-toggle\" id=\"ub-content-toggle-96a8dd57-a06d-4b73-9af1-54669b10fe49\">\n<div id=\"\" class=\"wp-block-ub-content-toggle-accordion\">\n                <div class=\"wp-block-ub-content-toggle-accordion-title-wrap\" aria-expanded=\"false\" aria-controls=\"ub-content-toggle-panel-0-96a8dd57-a06d-4b73-9af1-54669b10fe49\" tabindex=\"0\">\n                    <p class=\"wp-block-ub-content-toggle-accordion-title ub-content-toggle-title-96a8dd57-a06d-4b73-9af1-54669b10fe49\">Ata\u0219are licen\u021b\u0103 la contul MathWorks<\/p><div class=\"wp-block-ub-content-toggle-accordion-toggle-wrap right\"><span class=\"wp-block-ub-content-toggle-accordion-state-indicator wp-block-ub-chevron-down\"><\/span>\n                    <\/div><\/div><div role=\"region\" class=\"wp-block-ub-content-toggle-accordion-content-wrap ub-hide\" id=\"ub-content-toggle-panel-0-96a8dd57-a06d-4b73-9af1-54669b10fe49\">\n\n<p><strong>Pasul 1: <\/strong>Acces\u0103m pagina <strong><a rel=\"noreferrer noopener\" href=\"http:\/\/matlab.tuiasi.ro\" data-type=\"URL\" data-id=\"http:\/\/matlab.tuiasi.ro\" target=\"_blank\">MathWorks<\/a><\/strong> dedicat\u0103 pentru Universitatea Tehnic\u0103 \u201eGheorghe Asachi\u201d din Ia\u0219i (Fig. 1 &#8211; matlab.tuiasi.ro).<\/p>\n\n\n\n<p><strong>Pasul 2:<\/strong> Apas\u0103m pe butonul &#8222;<strong>Sign in to get started<\/strong>&#8221; (Fig. 2) pentru a fi direc\u021biona\u021bi c\u0103tre pagina de administrare a contului institu\u021bional. Dup\u0103 autentificare vom fi redirec\u021biona\u021bi c\u0103tre pagina MathWorks.<\/p>\n\n\n\n<p><strong>Pasul 3:<\/strong> Trebuie s\u0103 ne autentific\u0103m cu un cont MathWorks. \u00cen cazul \u00een care nu avem deja un cont, putem s\u0103 ne \u00eenregistr\u0103m ap\u0103s\u00e2nd pe butonul &#8222;<strong>Create one!<\/strong>&#8221; (Fig. 3).<\/p>\n\n\n\n<p class=\"has-text-color\" style=\"color:#eb0b0b\"><strong>Contul institu\u021bional este diferit de contul MathWorks<\/strong>. <strong>Pute\u021bi s\u0103 va crea\u021bi un cont MathWorks pe baza adresei institu\u021bionale.<\/strong><\/p>\n\n\n\n<figure class=\"wp-block-gallery columns-3 is-cropped\"><ul class=\"blocks-gallery-grid\"><li class=\"blocks-gallery-item\"><figure><img loading=\"lazy\" width=\"1024\" height=\"836\" src=\"https:\/\/dicd.tuiasi.ro\/wp-content\/uploads\/2021\/10\/1-1024x836.png\" alt=\"\" data-id=\"10063\" data-link=\"https:\/\/dicd.tuiasi.ro\/matlab\/1-36\/\" class=\"wp-image-10063\" srcset=\"https:\/\/dicd.tuiasi.ro\/wp-content\/uploads\/2021\/10\/1-1024x836.png 1024w, https:\/\/dicd.tuiasi.ro\/wp-content\/uploads\/2021\/10\/1-300x245.png 300w, https:\/\/dicd.tuiasi.ro\/wp-content\/uploads\/2021\/10\/1-768x627.png 768w, https:\/\/dicd.tuiasi.ro\/wp-content\/uploads\/2021\/10\/1-15x12.png 15w, https:\/\/dicd.tuiasi.ro\/wp-content\/uploads\/2021\/10\/1.png 1215w\" sizes=\"(max-width: 1024px) 100vw, 1024px\" \/><figcaption class=\"blocks-gallery-item__caption\">Fig. 1 MathWorks Asachi<\/figcaption><\/figure><\/li><li class=\"blocks-gallery-item\"><figure><img loading=\"lazy\" width=\"1024\" height=\"836\" src=\"https:\/\/dicd.tuiasi.ro\/wp-content\/uploads\/2021\/10\/2-1024x836.png\" alt=\"\" data-id=\"10066\" data-link=\"https:\/\/dicd.tuiasi.ro\/matlab\/2-29\/\" class=\"wp-image-10066\" srcset=\"https:\/\/dicd.tuiasi.ro\/wp-content\/uploads\/2021\/10\/2-1024x836.png 1024w, https:\/\/dicd.tuiasi.ro\/wp-content\/uploads\/2021\/10\/2-300x245.png 300w, https:\/\/dicd.tuiasi.ro\/wp-content\/uploads\/2021\/10\/2-768x627.png 768w, https:\/\/dicd.tuiasi.ro\/wp-content\/uploads\/2021\/10\/2-15x12.png 15w, https:\/\/dicd.tuiasi.ro\/wp-content\/uploads\/2021\/10\/2.png 1215w\" sizes=\"(max-width: 1024px) 100vw, 1024px\" \/><figcaption class=\"blocks-gallery-item__caption\">Fig. 2 Sign in to get started<\/figcaption><\/figure><\/li><li class=\"blocks-gallery-item\"><figure><img loading=\"lazy\" width=\"1024\" height=\"754\" src=\"https:\/\/dicd.tuiasi.ro\/wp-content\/uploads\/2021\/10\/4-1-1024x754.png\" alt=\"\" data-id=\"10075\" data-full-url=\"https:\/\/dicd.tuiasi.ro\/wp-content\/uploads\/2021\/10\/4-1.png\" data-link=\"https:\/\/dicd.tuiasi.ro\/matlab\/4-1-4\/\" class=\"wp-image-10075\" srcset=\"https:\/\/dicd.tuiasi.ro\/wp-content\/uploads\/2021\/10\/4-1-1024x754.png 1024w, https:\/\/dicd.tuiasi.ro\/wp-content\/uploads\/2021\/10\/4-1-300x221.png 300w, https:\/\/dicd.tuiasi.ro\/wp-content\/uploads\/2021\/10\/4-1-768x566.png 768w, https:\/\/dicd.tuiasi.ro\/wp-content\/uploads\/2021\/10\/4-1-16x12.png 16w, https:\/\/dicd.tuiasi.ro\/wp-content\/uploads\/2021\/10\/4-1.png 1093w\" sizes=\"(max-width: 1024px) 100vw, 1024px\" \/><figcaption class=\"blocks-gallery-item__caption\">Fig. 3 Create one!<\/figcaption><\/figure><\/li><\/ul><\/figure>\n\n<\/div><\/div>\n\n<div id=\"\" class=\"wp-block-ub-content-toggle-accordion\">\n                <div class=\"wp-block-ub-content-toggle-accordion-title-wrap\" aria-expanded=\"false\" aria-controls=\"ub-content-toggle-panel-1-96a8dd57-a06d-4b73-9af1-54669b10fe49\" tabindex=\"0\">\n                    <p class=\"wp-block-ub-content-toggle-accordion-title ub-content-toggle-title-96a8dd57-a06d-4b73-9af1-54669b10fe49\">MatLab Online<\/p><div class=\"wp-block-ub-content-toggle-accordion-toggle-wrap right\"><span class=\"wp-block-ub-content-toggle-accordion-state-indicator wp-block-ub-chevron-down\"><\/span>\n                    <\/div><\/div><div role=\"region\" class=\"wp-block-ub-content-toggle-accordion-content-wrap ub-hide\" id=\"ub-content-toggle-panel-1-96a8dd57-a06d-4b73-9af1-54669b10fe49\">\n\n<p><strong>Pasul 1: <\/strong>Acces\u0103m pagina <strong><a rel=\"noreferrer noopener\" href=\"https:\/\/matlab.mathworks.com\/\" data-type=\"URL\" data-id=\"https:\/\/matlab.mathworks.com\/\" target=\"_blank\">MathWorks<\/a><\/strong> dedicat\u0103 pentru utilizarea programului MatLab Online.<\/p>\n\n\n\n<p><strong>Pasul 2:<\/strong> Apas\u0103m pe butonul &#8222;<strong>Sign in<\/strong>&#8221; (Fig. 4) pentru a fi direc\u021biona\u021bi c\u0103tre pagina de conectare (Fig. 5). Va trebui s\u0103 introducem datele de conectare ale contului c\u0103ruia i-am ata\u0219at licen\u021ba urm\u00e2nd pa\u0219ii de la sec\u021biunea &#8222;Ata\u0219are licen\u021b\u0103 la contul MathWorks&#8221;.<\/p>\n\n\n\n<p><strong>Pasul 3<\/strong>: Pentru a deschide MatLab online va trebui s\u0103 ap\u0103s\u0103m pe butonul &#8222;Open MATLAB Online&#8221; (Fig. 6).<\/p>\n\n\n\n<figure class=\"wp-block-gallery columns-3 is-cropped\"><ul class=\"blocks-gallery-grid\"><li class=\"blocks-gallery-item\"><figure><img loading=\"lazy\" width=\"1024\" height=\"623\" src=\"https:\/\/dicd.tuiasi.ro\/wp-content\/uploads\/2021\/10\/15-1024x623.png\" alt=\"\" data-id=\"10054\" data-full-url=\"https:\/\/dicd.tuiasi.ro\/wp-content\/uploads\/2021\/10\/15.png\" data-link=\"https:\/\/dicd.tuiasi.ro\/matlab\/15-2\/\" class=\"wp-image-10054\" srcset=\"https:\/\/dicd.tuiasi.ro\/wp-content\/uploads\/2021\/10\/15-1024x623.png 1024w, https:\/\/dicd.tuiasi.ro\/wp-content\/uploads\/2021\/10\/15-300x182.png 300w, https:\/\/dicd.tuiasi.ro\/wp-content\/uploads\/2021\/10\/15-768x467.png 768w, https:\/\/dicd.tuiasi.ro\/wp-content\/uploads\/2021\/10\/15-18x12.png 18w, https:\/\/dicd.tuiasi.ro\/wp-content\/uploads\/2021\/10\/15.png 1505w\" sizes=\"(max-width: 1024px) 100vw, 1024px\" \/><figcaption class=\"blocks-gallery-item__caption\">Fig. 4 Sign in<\/figcaption><\/figure><\/li><li class=\"blocks-gallery-item\"><figure><img loading=\"lazy\" width=\"1024\" height=\"674\" src=\"https:\/\/dicd.tuiasi.ro\/wp-content\/uploads\/2021\/10\/16-1024x674.png\" alt=\"\" data-id=\"10057\" data-full-url=\"https:\/\/dicd.tuiasi.ro\/wp-content\/uploads\/2021\/10\/16.png\" data-link=\"https:\/\/dicd.tuiasi.ro\/matlab\/16-3\/\" class=\"wp-image-10057\" srcset=\"https:\/\/dicd.tuiasi.ro\/wp-content\/uploads\/2021\/10\/16-1024x674.png 1024w, https:\/\/dicd.tuiasi.ro\/wp-content\/uploads\/2021\/10\/16-300x197.png 300w, https:\/\/dicd.tuiasi.ro\/wp-content\/uploads\/2021\/10\/16-768x505.png 768w, https:\/\/dicd.tuiasi.ro\/wp-content\/uploads\/2021\/10\/16-18x12.png 18w, https:\/\/dicd.tuiasi.ro\/wp-content\/uploads\/2021\/10\/16.png 1248w\" sizes=\"(max-width: 1024px) 100vw, 1024px\" \/><figcaption class=\"blocks-gallery-item__caption\">Fig. 5 Autentificare<\/figcaption><\/figure><\/li><li class=\"blocks-gallery-item\"><figure><img loading=\"lazy\" width=\"1024\" height=\"533\" src=\"https:\/\/dicd.tuiasi.ro\/wp-content\/uploads\/2021\/10\/17-1024x533.png\" alt=\"\" data-id=\"10060\" data-full-url=\"https:\/\/dicd.tuiasi.ro\/wp-content\/uploads\/2021\/10\/17.png\" data-link=\"https:\/\/dicd.tuiasi.ro\/matlab\/17-2\/\" class=\"wp-image-10060\" srcset=\"https:\/\/dicd.tuiasi.ro\/wp-content\/uploads\/2021\/10\/17-1024x533.png 1024w, https:\/\/dicd.tuiasi.ro\/wp-content\/uploads\/2021\/10\/17-300x156.png 300w, https:\/\/dicd.tuiasi.ro\/wp-content\/uploads\/2021\/10\/17-768x400.png 768w, https:\/\/dicd.tuiasi.ro\/wp-content\/uploads\/2021\/10\/17-1536x800.png 1536w, https:\/\/dicd.tuiasi.ro\/wp-content\/uploads\/2021\/10\/17-18x9.png 18w, https:\/\/dicd.tuiasi.ro\/wp-content\/uploads\/2021\/10\/17-1568x816.png 1568w, https:\/\/dicd.tuiasi.ro\/wp-content\/uploads\/2021\/10\/17.png 1913w\" sizes=\"(max-width: 1024px) 100vw, 1024px\" \/><figcaption class=\"blocks-gallery-item__caption\">Fig. 6 Open MatLab Online<\/figcaption><\/figure><\/li><\/ul><\/figure>\n\n<\/div><\/div>\n\n<div id=\"\" class=\"wp-block-ub-content-toggle-accordion\">\n                <div class=\"wp-block-ub-content-toggle-accordion-title-wrap\" aria-expanded=\"false\" aria-controls=\"ub-content-toggle-panel-2-96a8dd57-a06d-4b73-9af1-54669b10fe49\" tabindex=\"0\">\n                    <p class=\"wp-block-ub-content-toggle-accordion-title ub-content-toggle-title-96a8dd57-a06d-4b73-9af1-54669b10fe49\">Desc\u0103rcare MatLab<\/p><div class=\"wp-block-ub-content-toggle-accordion-toggle-wrap right\"><span class=\"wp-block-ub-content-toggle-accordion-state-indicator wp-block-ub-chevron-down\"><\/span>\n                    <\/div><\/div><div role=\"region\" class=\"wp-block-ub-content-toggle-accordion-content-wrap ub-hide\" id=\"ub-content-toggle-panel-2-96a8dd57-a06d-4b73-9af1-54669b10fe49\">\n\n<p><strong>Pasul 1: <\/strong>Acces\u0103m pagina <strong><a rel=\"noreferrer noopener\" href=\"https:\/\/www.mathworks.com\/downloads\/\" data-type=\"URL\" data-id=\"https:\/\/www.mathworks.com\/downloads\/\" target=\"_blank\">MathWorks<\/a><\/strong>.<\/p>\n\n\n\n<p><strong>Pasul 2:<\/strong> Introducem datele de autentificare ale contului MathWorks (Fig. 7). Contul este cel c\u0103ruia i-am ata\u0219at licen\u021ba urm\u00e2nd pa\u0219ii de la sec\u021biunea &#8222;Ata\u0219are licen\u021b\u0103 la contul MathWorks&#8221;.<\/p>\n\n\n\n<p><strong>Pasul 3:<\/strong> Alegem sistemul de operare dorit \u0219i apas\u0103m pe butonul &#8222;<strong>Download<\/strong>&#8221; (Fig. 8).<\/p>\n\n\n\n<figure class=\"wp-block-gallery columns-2 is-cropped\"><ul class=\"blocks-gallery-grid\"><li class=\"blocks-gallery-item\"><figure><img loading=\"lazy\" width=\"1024\" height=\"674\" src=\"https:\/\/dicd.tuiasi.ro\/wp-content\/uploads\/2021\/10\/18-1024x674.png\" alt=\"\" data-id=\"10078\" data-link=\"https:\/\/dicd.tuiasi.ro\/matlab\/attachment\/18\/\" class=\"wp-image-10078\" srcset=\"https:\/\/dicd.tuiasi.ro\/wp-content\/uploads\/2021\/10\/18-1024x674.png 1024w, https:\/\/dicd.tuiasi.ro\/wp-content\/uploads\/2021\/10\/18-300x197.png 300w, https:\/\/dicd.tuiasi.ro\/wp-content\/uploads\/2021\/10\/18-768x505.png 768w, https:\/\/dicd.tuiasi.ro\/wp-content\/uploads\/2021\/10\/18-18x12.png 18w, https:\/\/dicd.tuiasi.ro\/wp-content\/uploads\/2021\/10\/18.png 1248w\" sizes=\"(max-width: 1024px) 100vw, 1024px\" \/><figcaption class=\"blocks-gallery-item__caption\">Fig. 7 Autentificare<\/figcaption><\/figure><\/li><li class=\"blocks-gallery-item\"><figure><img loading=\"lazy\" width=\"1586\" height=\"877\" src=\"https:\/\/dicd.tuiasi.ro\/wp-content\/uploads\/2021\/10\/19.png\" alt=\"\" data-id=\"10081\" data-full-url=\"https:\/\/dicd.tuiasi.ro\/wp-content\/uploads\/2021\/10\/19.png\" data-link=\"https:\/\/dicd.tuiasi.ro\/matlab\/attachment\/19\/\" class=\"wp-image-10081\" srcset=\"https:\/\/dicd.tuiasi.ro\/wp-content\/uploads\/2021\/10\/19.png 1586w, https:\/\/dicd.tuiasi.ro\/wp-content\/uploads\/2021\/10\/19-768x425.png 768w, https:\/\/dicd.tuiasi.ro\/wp-content\/uploads\/2021\/10\/19-1536x849.png 1536w, https:\/\/dicd.tuiasi.ro\/wp-content\/uploads\/2021\/10\/19-18x10.png 18w, https:\/\/dicd.tuiasi.ro\/wp-content\/uploads\/2021\/10\/19-1568x867.png 1568w\" sizes=\"(max-width: 1586px) 100vw, 1586px\" \/><figcaption class=\"blocks-gallery-item__caption\">Fig. 8 Desc\u0103rcare MatLab<\/figcaption><\/figure><\/li><\/ul><\/figure>\n\n<\/div><\/div>\n<\/div>\n\n<div class=\"wp-block-ub-content-toggle\" id=\"ub-content-toggle-bbf2dae4-f9ef-4c2a-b399-6332108d57cf\">\n<div id=\"\" class=\"wp-block-ub-content-toggle-accordion\">\n                <div class=\"wp-block-ub-content-toggle-accordion-title-wrap\" aria-expanded=\"false\" aria-controls=\"ub-content-toggle-panel-0-bbf2dae4-f9ef-4c2a-b399-6332108d57cf\" tabindex=\"0\">\n                    <p class=\"wp-block-ub-content-toggle-accordion-title ub-content-toggle-title-bbf2dae4-f9ef-4c2a-b399-6332108d57cf\">Instalare<\/p><div class=\"wp-block-ub-content-toggle-accordion-toggle-wrap right\"><span class=\"wp-block-ub-content-toggle-accordion-state-indicator wp-block-ub-chevron-down\"><\/span>\n                    <\/div><\/div><div role=\"region\" class=\"wp-block-ub-content-toggle-accordion-content-wrap ub-hide\" id=\"ub-content-toggle-panel-0-bbf2dae4-f9ef-4c2a-b399-6332108d57cf\">\n\n<p><strong>Pasul 1: <\/strong>Deschidem executabilul desc\u0103rcat \u0219i a\u0219tept\u0103m extragerea fi\u0219ierelor (Fig. 9).<\/p>\n\n\n\n<p><strong>Pasul 2: <\/strong>Ne autentific\u0103m cu contul MathWorks pe care l-am folosit s\u0103 desc\u0103rc\u0103m executabilul (Fig. 10).<\/p>\n\n\n\n<p><strong>Pasul 3: <\/strong>Ap\u0103s\u0103m pe butonul &#8222;<strong>Next<\/strong>&#8221; dup\u0103 ce am acceptat termenii \u0219i condi\u021biile (Fig. 11).<\/p>\n\n\n\n<p><strong>Pasul 4:<\/strong> Putem p\u0103stra op\u021biunile implicite ap\u0103s\u00e2nd butonul &#8222;<strong>Next<\/strong>&#8221; din cadrul urm\u0103toarelor ferestre de instalare.<\/p>\n\n\n\n<figure class=\"wp-block-gallery columns-3 is-cropped\"><ul class=\"blocks-gallery-grid\"><li class=\"blocks-gallery-item\"><figure><img loading=\"lazy\" width=\"345\" height=\"213\" src=\"https:\/\/dicd.tuiasi.ro\/wp-content\/uploads\/2021\/09\/6.png\" alt=\"\" data-id=\"6847\" data-full-url=\"https:\/\/dicd.tuiasi.ro\/wp-content\/uploads\/2021\/09\/6.png\" data-link=\"https:\/\/dicd.tuiasi.ro\/matlab\/6-6\/\" class=\"wp-image-6847\" srcset=\"https:\/\/dicd.tuiasi.ro\/wp-content\/uploads\/2021\/09\/6.png 345w, https:\/\/dicd.tuiasi.ro\/wp-content\/uploads\/2021\/09\/6-300x185.png 300w\" sizes=\"(max-width: 345px) 100vw, 345px\" \/><figcaption class=\"blocks-gallery-item__caption\">Fig. 9 Dezarhivare<\/figcaption><\/figure><\/li><li class=\"blocks-gallery-item\"><figure><img loading=\"lazy\" width=\"845\" height=\"654\" src=\"https:\/\/dicd.tuiasi.ro\/wp-content\/uploads\/2021\/09\/7.png\" alt=\"\" data-id=\"6850\" data-full-url=\"https:\/\/dicd.tuiasi.ro\/wp-content\/uploads\/2021\/09\/7.png\" data-link=\"https:\/\/dicd.tuiasi.ro\/matlab\/7-7\/\" class=\"wp-image-6850\" srcset=\"https:\/\/dicd.tuiasi.ro\/wp-content\/uploads\/2021\/09\/7.png 845w, https:\/\/dicd.tuiasi.ro\/wp-content\/uploads\/2021\/09\/7-300x232.png 300w, https:\/\/dicd.tuiasi.ro\/wp-content\/uploads\/2021\/09\/7-768x594.png 768w\" sizes=\"(max-width: 845px) 100vw, 845px\" \/><figcaption class=\"blocks-gallery-item__caption\">Fig. 10 Autentificare<\/figcaption><\/figure><\/li><li class=\"blocks-gallery-item\"><figure><img loading=\"lazy\" width=\"846\" height=\"653\" src=\"https:\/\/dicd.tuiasi.ro\/wp-content\/uploads\/2021\/09\/8.png\" alt=\"\" data-id=\"6853\" data-full-url=\"https:\/\/dicd.tuiasi.ro\/wp-content\/uploads\/2021\/09\/8.png\" data-link=\"https:\/\/dicd.tuiasi.ro\/matlab\/8-5\/\" class=\"wp-image-6853\" srcset=\"https:\/\/dicd.tuiasi.ro\/wp-content\/uploads\/2021\/09\/8.png 846w, https:\/\/dicd.tuiasi.ro\/wp-content\/uploads\/2021\/09\/8-300x232.png 300w, https:\/\/dicd.tuiasi.ro\/wp-content\/uploads\/2021\/09\/8-768x593.png 768w\" sizes=\"(max-width: 846px) 100vw, 846px\" \/><figcaption class=\"blocks-gallery-item__caption\">Fig. 11 Termeni \u0219i condi\u021bii<\/figcaption><\/figure><\/li><\/ul><\/figure>\n\n<\/div><\/div>\n<\/div>","protected":false},"excerpt":{"rendered":"<p>Universitatea Tehnic\u0103 \u201eGheorghe Asachi\u201d din Ia\u0219i pune la dispozi\u021bie programul MatLab gratuit pentru studen\u021bi \u0219i angaja\u021bi. Pentru desc\u0103rcare trebuie s\u0103 urma\u021bi instruc\u021biunile de mai jos. \u00cen cazul instal\u0103rii MatLab \u00een laboratoare este necesar\u0103 deschiderea unui tichet.<\/p>\n","protected":false},"author":11,"featured_media":0,"parent":0,"menu_order":0,"comment_status":"closed","ping_status":"closed","template":"","meta":{"advgb_blocks_editor_width":"","advgb_blocks_columns_visual_guide":"","ub_ctt_via":""},"featured_image_urls":{"full":"","thumbnail":"","medium":"","medium_large":"","large":"","1536x1536":"","2048x2048":"","trp-custom-language-flag":"","post-thumbnail":""},"post_excerpt_stackable":"<p>Universitatea Tehnic\u0103 \u201eGheorghe Asachi\u201d din Ia\u0219i pune la dispozi\u021bie programul MatLab gratuit pentru studen\u021bi \u0219i angaja\u021bi. Pentru desc\u0103rcare trebuie s\u0103 urma\u021bi instruc\u021biunile de mai jos. \u00cen cazul instal\u0103rii MatLab \u00een laboratoare este necesar\u0103 deschiderea unui tichet. Ata\u0219are licen\u021b\u0103 la contul MathWorks Pasul 1: Acces\u0103m pagina MathWorks dedicat\u0103 pentru Universitatea Tehnic\u0103 \u201eGheorghe Asachi\u201d din Ia\u0219i (Fig. 1 &#8211; matlab.tuiasi.ro). Pasul 2: Apas\u0103m pe butonul &#8222;Sign in to get started&#8221; (Fig. 2) pentru a fi direc\u021biona\u021bi c\u0103tre pagina de administrare a contului institu\u021bional. Dup\u0103 autentificare vom fi redirec\u021biona\u021bi c\u0103tre pagina MathWorks. Pasul 3: Trebuie s\u0103 ne autentific\u0103m cu un cont MathWorks. \u00cen&hellip;<\/p>\n","category_list":"","author_info":{"name":"Gheorghita BUTNARU","url":"https:\/\/dicd.tuiasi.ro\/ro\/author\/gbutnaru\/"},"comments_num":"0 comments","featured_image_src":null,"coauthors":[],"author_meta":{"author_link":"https:\/\/dicd.tuiasi.ro\/ro\/author\/gbutnaru\/","display_name":"Gheorghita BUTNARU"},"relative_dates":{"created":"Posted 5 ani ago","modified":"Updated 3 ani ago"},"absolute_dates":{"created":"Posted on 2 iulie 2021","modified":"Updated on 7 septembrie 2023"},"absolute_dates_time":{"created":"Posted on 2 iulie 2021 10:46","modified":"Updated on 7 septembrie 2023 19:16"},"featured_img_caption":"","_links":{"self":[{"href":"https:\/\/dicd.tuiasi.ro\/ro\/wp-json\/wp\/v2\/pages\/4223"}],"collection":[{"href":"https:\/\/dicd.tuiasi.ro\/ro\/wp-json\/wp\/v2\/pages"}],"about":[{"href":"https:\/\/dicd.tuiasi.ro\/ro\/wp-json\/wp\/v2\/types\/page"}],"author":[{"embeddable":true,"href":"https:\/\/dicd.tuiasi.ro\/ro\/wp-json\/wp\/v2\/users\/11"}],"replies":[{"embeddable":true,"href":"https:\/\/dicd.tuiasi.ro\/ro\/wp-json\/wp\/v2\/comments?post=4223"}],"version-history":[{"count":10,"href":"https:\/\/dicd.tuiasi.ro\/ro\/wp-json\/wp\/v2\/pages\/4223\/revisions"}],"predecessor-version":[{"id":11478,"href":"https:\/\/dicd.tuiasi.ro\/ro\/wp-json\/wp\/v2\/pages\/4223\/revisions\/11478"}],"wp:attachment":[{"href":"https:\/\/dicd.tuiasi.ro\/ro\/wp-json\/wp\/v2\/media?parent=4223"}],"curies":[{"name":"wp","href":"https:\/\/api.w.org\/{rel}","templated":true}]}}