{"id":4238,"date":"2021-07-02T10:52:26","date_gmt":"2021-07-02T08:52:26","guid":{"rendered":"https:\/\/dicd.tuiasi.ro\/?page_id=4238"},"modified":"2021-09-27T10:19:24","modified_gmt":"2021-09-27T08:19:24","slug":"microsoft-office","status":"publish","type":"page","link":"https:\/\/dicd.tuiasi.ro\/ro\/microsoft-office\/","title":{"rendered":"Microsoft Office"},"content":{"rendered":"\n<p>Universitatea Tehnic\u0103 \u201eGheorghe Asachi\u201d din Ia\u0219i pune la dispozi\u021bie pachetul Microsoft Office licen\u021biat \u00een mod gratuit pentru studen\u021bi. Pentru a ob\u021bine o astfel de licen\u021b\u0103 trebuie s\u0103 urma\u021bi urm\u0103toarele instruc\u021biuni:<\/p>\n\n\n<div class=\"wp-block-ub-content-toggle\" id=\"ub-content-toggle-60fe9d27-9405-4564-a9f1-5b516bbbe189\">\n<div id=\"\" class=\"wp-block-ub-content-toggle-accordion\">\n                <div class=\"wp-block-ub-content-toggle-accordion-title-wrap\" aria-expanded=\"false\" aria-controls=\"ub-content-toggle-panel-0-60fe9d27-9405-4564-a9f1-5b516bbbe189\" tabindex=\"0\">\n                    <p class=\"wp-block-ub-content-toggle-accordion-title ub-content-toggle-title-60fe9d27-9405-4564-a9f1-5b516bbbe189\">Desc\u0103rcare \u0219i instalare<\/p><div class=\"wp-block-ub-content-toggle-accordion-toggle-wrap right\"><span class=\"wp-block-ub-content-toggle-accordion-state-indicator wp-block-ub-chevron-down\"><\/span>\n                    <\/div><\/div><div role=\"region\" class=\"wp-block-ub-content-toggle-accordion-content-wrap ub-hide\" id=\"ub-content-toggle-panel-0-60fe9d27-9405-4564-a9f1-5b516bbbe189\">\n\n<p><strong>Pasul 1:<\/strong> Acces\u0103m <strong><a rel=\"noreferrer noopener\" href=\"http:\/\/portal.office.com\" data-type=\"URL\" data-id=\"portal.office.com\" target=\"_blank\">portalul office<\/a><\/strong> unde va trebui s\u0103 ne conect\u0103m cu contul institu\u021bional.<\/p>\n\n\n\n<p><strong>Pasul 2:<\/strong> Ap\u0103s\u0103m pe butonul &#8222;<strong>Install Office<\/strong>&#8222;. Va ap\u0103rea o lista de unde vom putea selecta &#8222;<strong>Office 365 apps<\/strong>&#8221; (Fig. 1).<\/p>\n\n\n\n<p><strong>Pasul 3:<\/strong> Deschidem executabilul desc\u0103rcat \u0219i astept\u0103m ca instalarea s\u0103 se finalizeze (Fig. 2).<\/p>\n\n\n\n<p><strong>Pasul 4:<\/strong> Dac\u0103 instalarea a fost realizat\u0103 cu succes va ap\u0103rea un mesaj prestabilit \u0219i vom putea ap\u0103sa pe butonul &#8222;<strong>Close<\/strong>&#8221; (Fig. 3).<\/p>\n\n\n\n<figure class=\"wp-block-gallery columns-3 is-cropped\"><ul class=\"blocks-gallery-grid\"><li class=\"blocks-gallery-item\"><figure><img loading=\"lazy\" width=\"1024\" height=\"501\" src=\"https:\/\/dicd.tuiasi.ro\/wp-content\/uploads\/2021\/09\/1-9-1024x501.png\" alt=\"\" data-id=\"7093\" data-full-url=\"https:\/\/dicd.tuiasi.ro\/wp-content\/uploads\/2021\/09\/1-9.png\" data-link=\"https:\/\/dicd.tuiasi.ro\/microsoft-office\/1-9-2\/\" class=\"wp-image-7093\" srcset=\"https:\/\/dicd.tuiasi.ro\/wp-content\/uploads\/2021\/09\/1-9-1024x501.png 1024w, https:\/\/dicd.tuiasi.ro\/wp-content\/uploads\/2021\/09\/1-9-300x147.png 300w, https:\/\/dicd.tuiasi.ro\/wp-content\/uploads\/2021\/09\/1-9-768x376.png 768w, https:\/\/dicd.tuiasi.ro\/wp-content\/uploads\/2021\/09\/1-9-1536x751.png 1536w, https:\/\/dicd.tuiasi.ro\/wp-content\/uploads\/2021\/09\/1-9-1568x767.png 1568w, https:\/\/dicd.tuiasi.ro\/wp-content\/uploads\/2021\/09\/1-9.png 1918w\" sizes=\"(max-width: 1024px) 100vw, 1024px\" \/><figcaption class=\"blocks-gallery-item__caption\">Fig. 1 Desc\u0103rcare Office<\/figcaption><\/figure><\/li><li class=\"blocks-gallery-item\"><figure><img loading=\"lazy\" width=\"778\" height=\"499\" src=\"https:\/\/dicd.tuiasi.ro\/wp-content\/uploads\/2021\/09\/2-9.png\" alt=\"\" data-id=\"7096\" data-full-url=\"https:\/\/dicd.tuiasi.ro\/wp-content\/uploads\/2021\/09\/2-9.png\" data-link=\"https:\/\/dicd.tuiasi.ro\/microsoft-office\/2-9-2\/\" class=\"wp-image-7096\" srcset=\"https:\/\/dicd.tuiasi.ro\/wp-content\/uploads\/2021\/09\/2-9.png 778w, https:\/\/dicd.tuiasi.ro\/wp-content\/uploads\/2021\/09\/2-9-300x192.png 300w, https:\/\/dicd.tuiasi.ro\/wp-content\/uploads\/2021\/09\/2-9-768x493.png 768w\" sizes=\"(max-width: 778px) 100vw, 778px\" \/><figcaption class=\"blocks-gallery-item__caption\">Fig. 2 Instalare<\/figcaption><\/figure><\/li><li class=\"blocks-gallery-item\"><figure><img loading=\"lazy\" width=\"777\" height=\"500\" src=\"https:\/\/dicd.tuiasi.ro\/wp-content\/uploads\/2021\/09\/3-8.png\" alt=\"\" data-id=\"7099\" data-full-url=\"https:\/\/dicd.tuiasi.ro\/wp-content\/uploads\/2021\/09\/3-8.png\" data-link=\"https:\/\/dicd.tuiasi.ro\/microsoft-office\/3-8-2\/\" class=\"wp-image-7099\" srcset=\"https:\/\/dicd.tuiasi.ro\/wp-content\/uploads\/2021\/09\/3-8.png 777w, https:\/\/dicd.tuiasi.ro\/wp-content\/uploads\/2021\/09\/3-8-300x193.png 300w, https:\/\/dicd.tuiasi.ro\/wp-content\/uploads\/2021\/09\/3-8-768x494.png 768w\" sizes=\"(max-width: 777px) 100vw, 777px\" \/><figcaption class=\"blocks-gallery-item__caption\">Fig. 3 Finalizare<\/figcaption><\/figure><\/li><\/ul><\/figure>\n\n<\/div><\/div>\n<\/div>","protected":false},"excerpt":{"rendered":"<p>Universitatea Tehnic\u0103 \u201eGheorghe Asachi\u201d din Ia\u0219i pune la dispozi\u021bie pachetul Microsoft Office licen\u021biat \u00een mod gratuit pentru studen\u021bi. Pentru a ob\u021bine o astfel de licen\u021b\u0103 trebuie s\u0103 urma\u021bi urm\u0103toarele instruc\u021biuni:<\/p>\n","protected":false},"author":11,"featured_media":0,"parent":0,"menu_order":0,"comment_status":"closed","ping_status":"closed","template":"","meta":{"advgb_blocks_editor_width":"","advgb_blocks_columns_visual_guide":"","ub_ctt_via":""},"featured_image_urls":{"full":"","thumbnail":"","medium":"","medium_large":"","large":"","1536x1536":"","2048x2048":"","trp-custom-language-flag":"","post-thumbnail":""},"post_excerpt_stackable":"<p>Universitatea Tehnic\u0103 \u201eGheorghe Asachi\u201d din Ia\u0219i pune la dispozi\u021bie pachetul Microsoft Office licen\u021biat \u00een mod gratuit pentru studen\u021bi. Pentru a ob\u021bine o astfel de licen\u021b\u0103 trebuie s\u0103 urma\u021bi urm\u0103toarele instruc\u021biuni: Desc\u0103rcare \u0219i instalare Pasul 1: Acces\u0103m portalul office unde va trebui s\u0103 ne conect\u0103m cu contul institu\u021bional. Pasul 2: Ap\u0103s\u0103m pe butonul &#8222;Install Office&#8222;. Va ap\u0103rea o lista de unde vom putea selecta &#8222;Office 365 apps&#8221; (Fig. 1). Pasul 3: Deschidem executabilul desc\u0103rcat \u0219i astept\u0103m ca instalarea s\u0103 se finalizeze (Fig. 2). Pasul 4: Dac\u0103 instalarea a fost realizat\u0103 cu succes va ap\u0103rea un mesaj prestabilit \u0219i vom putea ap\u0103sa&hellip;<\/p>\n","category_list":"","author_info":{"name":"Gheorghita BUTNARU","url":"https:\/\/dicd.tuiasi.ro\/ro\/author\/gbutnaru\/"},"comments_num":"0 comments","featured_image_src":null,"coauthors":[],"author_meta":{"author_link":"https:\/\/dicd.tuiasi.ro\/ro\/author\/gbutnaru\/","display_name":"Gheorghita BUTNARU"},"relative_dates":{"created":"Posted 5 ani ago","modified":"Updated 5 ani ago"},"absolute_dates":{"created":"Posted on 2 iulie 2021","modified":"Updated on 27 septembrie 2021"},"absolute_dates_time":{"created":"Posted on 2 iulie 2021 10:52","modified":"Updated on 27 septembrie 2021 10:19"},"featured_img_caption":"","_links":{"self":[{"href":"https:\/\/dicd.tuiasi.ro\/ro\/wp-json\/wp\/v2\/pages\/4238"}],"collection":[{"href":"https:\/\/dicd.tuiasi.ro\/ro\/wp-json\/wp\/v2\/pages"}],"about":[{"href":"https:\/\/dicd.tuiasi.ro\/ro\/wp-json\/wp\/v2\/types\/page"}],"author":[{"embeddable":true,"href":"https:\/\/dicd.tuiasi.ro\/ro\/wp-json\/wp\/v2\/users\/11"}],"replies":[{"embeddable":true,"href":"https:\/\/dicd.tuiasi.ro\/ro\/wp-json\/wp\/v2\/comments?post=4238"}],"version-history":[{"count":15,"href":"https:\/\/dicd.tuiasi.ro\/ro\/wp-json\/wp\/v2\/pages\/4238\/revisions"}],"predecessor-version":[{"id":9247,"href":"https:\/\/dicd.tuiasi.ro\/ro\/wp-json\/wp\/v2\/pages\/4238\/revisions\/9247"}],"wp:attachment":[{"href":"https:\/\/dicd.tuiasi.ro\/ro\/wp-json\/wp\/v2\/media?parent=4238"}],"curies":[{"name":"wp","href":"https:\/\/api.w.org\/{rel}","templated":true}]}}