{"id":4244,"date":"2021-07-02T10:55:05","date_gmt":"2021-07-02T08:55:05","guid":{"rendered":"https:\/\/dicd.tuiasi.ro\/?page_id=4244"},"modified":"2026-04-17T12:28:40","modified_gmt":"2026-04-17T10:28:40","slug":"microsoft-teams","status":"publish","type":"page","link":"https:\/\/dicd.tuiasi.ro\/ro\/microsoft-teams\/","title":{"rendered":"Microsoft Teams"},"content":{"rendered":"<div class=\"wp-block-ub-content-toggle\" id=\"ub-content-toggle-828f012b-bf3d-4bc8-b5a7-633e9bb26eac\">\n<div id=\"\" class=\"wp-block-ub-content-toggle-accordion\">\n                <div class=\"wp-block-ub-content-toggle-accordion-title-wrap\" aria-expanded=\"false\" aria-controls=\"ub-content-toggle-panel-0-828f012b-bf3d-4bc8-b5a7-633e9bb26eac\" tabindex=\"0\">\n                    <p class=\"wp-block-ub-content-toggle-accordion-title ub-content-toggle-title-828f012b-bf3d-4bc8-b5a7-633e9bb26eac\">Desc\u0103rcare \u0219i instalare<\/p><div class=\"wp-block-ub-content-toggle-accordion-toggle-wrap right\"><span class=\"wp-block-ub-content-toggle-accordion-state-indicator wp-block-ub-chevron-down\"><\/span>\n                    <\/div><\/div><div role=\"region\" class=\"wp-block-ub-content-toggle-accordion-content-wrap ub-hide\" id=\"ub-content-toggle-panel-0-828f012b-bf3d-4bc8-b5a7-633e9bb26eac\">\n<div class=\"wp-block-ub-content-toggle\" id=\"ub-content-toggle-c9b8606d-5933-4a3c-9fe8-be58cb89890f\">\n<div id=\"\" class=\"wp-block-ub-content-toggle-accordion\">\n                <div class=\"wp-block-ub-content-toggle-accordion-title-wrap\" aria-expanded=\"false\" aria-controls=\"ub-content-toggle-panel-0-c9b8606d-5933-4a3c-9fe8-be58cb89890f\" tabindex=\"0\">\n                    <p class=\"wp-block-ub-content-toggle-accordion-title ub-content-toggle-title-c9b8606d-5933-4a3c-9fe8-be58cb89890f\">Windows<\/p><div class=\"wp-block-ub-content-toggle-accordion-toggle-wrap right\"><span class=\"wp-block-ub-content-toggle-accordion-state-indicator wp-block-ub-chevron-down\"><\/span>\n                    <\/div><\/div><div role=\"region\" class=\"wp-block-ub-content-toggle-accordion-content-wrap ub-hide\" id=\"ub-content-toggle-panel-0-c9b8606d-5933-4a3c-9fe8-be58cb89890f\">\n\n<p><strong>Pasul 1: <\/strong>Desc\u0103rc\u0103m aplica\u021bia Microsoft Teams de pe pagina oficial\u0103 <strong><a rel=\"noreferrer noopener\" href=\"https:\/\/www.microsoft.com\/en-us\/microsoft-teams\/download-app\" data-type=\"URL\" data-id=\"https:\/\/www.microsoft.com\/en-us\/microsoft-teams\/download-app\" target=\"_blank\">Microsoft<\/a><\/strong> (Fig. 1).<\/p>\n\n\n\n<p><strong>Pasul 2:<\/strong> Deschidem executabilul \u0219i ap\u0103s\u0103m pe butonul &#8222;<strong>Get Started<\/strong>&#8221; (Fig. 2).<\/p>\n\n\n\n<p><strong>Pasul 3:<\/strong> Introducem adresa contului institu\u021bional (Fig.3).<\/p>\n\n\n\n<figure class=\"wp-block-gallery columns-3 is-cropped\"><ul class=\"blocks-gallery-grid\"><li class=\"blocks-gallery-item\"><figure><img loading=\"lazy\" width=\"1024\" height=\"538\" src=\"https:\/\/dicd.tuiasi.ro\/wp-content\/uploads\/2021\/09\/1-2-1024x538.png\" alt=\"\" data-id=\"6982\" data-full-url=\"https:\/\/dicd.tuiasi.ro\/wp-content\/uploads\/2021\/09\/1-2.png\" data-link=\"https:\/\/dicd.tuiasi.ro\/microsoft-teams\/1-2-3\/\" class=\"wp-image-6982\" srcset=\"https:\/\/dicd.tuiasi.ro\/wp-content\/uploads\/2021\/09\/1-2-1024x538.png 1024w, https:\/\/dicd.tuiasi.ro\/wp-content\/uploads\/2021\/09\/1-2-300x158.png 300w, https:\/\/dicd.tuiasi.ro\/wp-content\/uploads\/2021\/09\/1-2-768x404.png 768w, https:\/\/dicd.tuiasi.ro\/wp-content\/uploads\/2021\/09\/1-2-1536x807.png 1536w, https:\/\/dicd.tuiasi.ro\/wp-content\/uploads\/2021\/09\/1-2-1568x824.png 1568w, https:\/\/dicd.tuiasi.ro\/wp-content\/uploads\/2021\/09\/1-2.png 1703w\" sizes=\"(max-width: 1024px) 100vw, 1024px\" \/><figcaption class=\"blocks-gallery-item__caption\">Fig. 1 Desc\u0103rcare aplica\u021bie<\/figcaption><\/figure><\/li><li class=\"blocks-gallery-item\"><figure><img loading=\"lazy\" width=\"652\" height=\"634\" src=\"https:\/\/dicd.tuiasi.ro\/wp-content\/uploads\/2021\/09\/2-2.png\" alt=\"\" data-id=\"6985\" data-full-url=\"https:\/\/dicd.tuiasi.ro\/wp-content\/uploads\/2021\/09\/2-2.png\" data-link=\"https:\/\/dicd.tuiasi.ro\/microsoft-teams\/2-2-4\/\" class=\"wp-image-6985\" srcset=\"https:\/\/dicd.tuiasi.ro\/wp-content\/uploads\/2021\/09\/2-2.png 652w, https:\/\/dicd.tuiasi.ro\/wp-content\/uploads\/2021\/09\/2-2-300x292.png 300w\" sizes=\"(max-width: 652px) 100vw, 652px\" \/><figcaption class=\"blocks-gallery-item__caption\">Fig.2 Get Started<\/figcaption><\/figure><\/li><li class=\"blocks-gallery-item\"><figure><img loading=\"lazy\" width=\"650\" height=\"629\" src=\"https:\/\/dicd.tuiasi.ro\/wp-content\/uploads\/2021\/09\/3-2.png\" alt=\"\" data-id=\"6988\" data-full-url=\"https:\/\/dicd.tuiasi.ro\/wp-content\/uploads\/2021\/09\/3-2.png\" data-link=\"https:\/\/dicd.tuiasi.ro\/microsoft-teams\/3-2-3\/\" class=\"wp-image-6988\" srcset=\"https:\/\/dicd.tuiasi.ro\/wp-content\/uploads\/2021\/09\/3-2.png 650w, https:\/\/dicd.tuiasi.ro\/wp-content\/uploads\/2021\/09\/3-2-300x290.png 300w\" sizes=\"(max-width: 650px) 100vw, 650px\" \/><figcaption class=\"blocks-gallery-item__caption\">Fig. 3 Autentificare<\/figcaption><\/figure><\/li><\/ul><\/figure>\n\n<\/div><\/div>\n<\/div>\n\n<div class=\"wp-block-ub-content-toggle\" id=\"ub-content-toggle-7524dad2-bb39-463e-8b40-b95bc699065f\">\n<div id=\"\" class=\"wp-block-ub-content-toggle-accordion\">\n                <div class=\"wp-block-ub-content-toggle-accordion-title-wrap\" aria-expanded=\"false\" aria-controls=\"ub-content-toggle-panel-0-7524dad2-bb39-463e-8b40-b95bc699065f\" tabindex=\"0\">\n                    <p class=\"wp-block-ub-content-toggle-accordion-title ub-content-toggle-title-7524dad2-bb39-463e-8b40-b95bc699065f\">macOS<\/p><div class=\"wp-block-ub-content-toggle-accordion-toggle-wrap right\"><span class=\"wp-block-ub-content-toggle-accordion-state-indicator wp-block-ub-chevron-down\"><\/span>\n                    <\/div><\/div><div role=\"region\" class=\"wp-block-ub-content-toggle-accordion-content-wrap ub-hide\" id=\"ub-content-toggle-panel-0-7524dad2-bb39-463e-8b40-b95bc699065f\">\n\n<p><strong>Pasul 1: <\/strong>Desc\u0103rc\u0103m aplica\u021bia Microsoft Teams de pe pagina oficial\u0103 <strong><a rel=\"noreferrer noopener\" href=\"https:\/\/www.microsoft.com\/en-us\/microsoft-teams\/download-app\" target=\"_blank\">Microsoft<\/a><\/strong> (Fig. 4).<\/p>\n\n\n\n<p><strong>Pasul 2<\/strong>: Deschidem executabilul \u0219i ap\u0103s\u0103m pe butonul &#8222;<strong>Continue<\/strong>&#8221; (Fig. 5).<\/p>\n\n\n\n<p><strong>Pasul 3<\/strong>: Pornim instalarea ap\u0103s\u00e2nd pe butonul &#8222;<strong>Install<\/strong>&#8221; (Fig. 6).<\/p>\n\n\n\n<figure class=\"wp-block-gallery columns-3 is-cropped\"><ul class=\"blocks-gallery-grid\"><li class=\"blocks-gallery-item\"><figure><img loading=\"lazy\" width=\"874\" height=\"604\" src=\"https:\/\/dicd.tuiasi.ro\/wp-content\/uploads\/2021\/09\/1-3.png\" alt=\"\" data-id=\"6991\" data-full-url=\"https:\/\/dicd.tuiasi.ro\/wp-content\/uploads\/2021\/09\/1-3.png\" data-link=\"https:\/\/dicd.tuiasi.ro\/microsoft-teams\/1-3-3\/\" class=\"wp-image-6991\" srcset=\"https:\/\/dicd.tuiasi.ro\/wp-content\/uploads\/2021\/09\/1-3.png 874w, https:\/\/dicd.tuiasi.ro\/wp-content\/uploads\/2021\/09\/1-3-300x207.png 300w, https:\/\/dicd.tuiasi.ro\/wp-content\/uploads\/2021\/09\/1-3-768x531.png 768w\" sizes=\"(max-width: 874px) 100vw, 874px\" \/><figcaption class=\"blocks-gallery-item__caption\">Fig4. Desc\u0103rcare aplica\u021bie<\/figcaption><\/figure><\/li><li class=\"blocks-gallery-item\"><figure><img loading=\"lazy\" width=\"617\" height=\"437\" src=\"https:\/\/dicd.tuiasi.ro\/wp-content\/uploads\/2021\/09\/2-3.png\" alt=\"\" data-id=\"6994\" data-full-url=\"https:\/\/dicd.tuiasi.ro\/wp-content\/uploads\/2021\/09\/2-3.png\" data-link=\"https:\/\/dicd.tuiasi.ro\/microsoft-teams\/2-3-3\/\" class=\"wp-image-6994\" srcset=\"https:\/\/dicd.tuiasi.ro\/wp-content\/uploads\/2021\/09\/2-3.png 617w, https:\/\/dicd.tuiasi.ro\/wp-content\/uploads\/2021\/09\/2-3-300x212.png 300w\" sizes=\"(max-width: 617px) 100vw, 617px\" \/><figcaption class=\"blocks-gallery-item__caption\">Fig. 5 Continue<\/figcaption><\/figure><\/li><li class=\"blocks-gallery-item\"><figure><img loading=\"lazy\" width=\"615\" height=\"434\" src=\"https:\/\/dicd.tuiasi.ro\/wp-content\/uploads\/2021\/09\/3-3.png\" alt=\"\" data-id=\"6997\" data-full-url=\"https:\/\/dicd.tuiasi.ro\/wp-content\/uploads\/2021\/09\/3-3.png\" data-link=\"https:\/\/dicd.tuiasi.ro\/microsoft-teams\/3-3-3\/\" class=\"wp-image-6997\" srcset=\"https:\/\/dicd.tuiasi.ro\/wp-content\/uploads\/2021\/09\/3-3.png 615w, https:\/\/dicd.tuiasi.ro\/wp-content\/uploads\/2021\/09\/3-3-300x212.png 300w\" sizes=\"(max-width: 615px) 100vw, 615px\" \/><figcaption class=\"blocks-gallery-item__caption\">Fig. 6 Install<\/figcaption><\/figure><\/li><li class=\"blocks-gallery-item\"><figure><img loading=\"lazy\" width=\"617\" height=\"440\" src=\"https:\/\/dicd.tuiasi.ro\/wp-content\/uploads\/2021\/09\/4-2.png\" alt=\"\" data-id=\"7000\" data-full-url=\"https:\/\/dicd.tuiasi.ro\/wp-content\/uploads\/2021\/09\/4-2.png\" data-link=\"https:\/\/dicd.tuiasi.ro\/microsoft-teams\/4-2-3\/\" class=\"wp-image-7000\" srcset=\"https:\/\/dicd.tuiasi.ro\/wp-content\/uploads\/2021\/09\/4-2.png 617w, https:\/\/dicd.tuiasi.ro\/wp-content\/uploads\/2021\/09\/4-2-300x214.png 300w\" sizes=\"(max-width: 617px) 100vw, 617px\" \/><figcaption class=\"blocks-gallery-item__caption\">Fig. 7 Instalare finalizat\u0103 cu succes<\/figcaption><\/figure><\/li><\/ul><\/figure>\n\n<\/div><\/div>\n<\/div>\n\n<div class=\"wp-block-ub-content-toggle\" id=\"ub-content-toggle-569574d7-a78c-45fd-b14b-b7c9788fa89e\">\n<div id=\"\" class=\"wp-block-ub-content-toggle-accordion\">\n                <div class=\"wp-block-ub-content-toggle-accordion-title-wrap\" aria-expanded=\"false\" aria-controls=\"ub-content-toggle-panel-0-569574d7-a78c-45fd-b14b-b7c9788fa89e\" tabindex=\"0\">\n                    <p class=\"wp-block-ub-content-toggle-accordion-title ub-content-toggle-title-569574d7-a78c-45fd-b14b-b7c9788fa89e\">Android<\/p><div class=\"wp-block-ub-content-toggle-accordion-toggle-wrap right\"><span class=\"wp-block-ub-content-toggle-accordion-state-indicator wp-block-ub-chevron-down\"><\/span>\n                    <\/div><\/div><div role=\"region\" class=\"wp-block-ub-content-toggle-accordion-content-wrap ub-hide\" id=\"ub-content-toggle-panel-0-569574d7-a78c-45fd-b14b-b7c9788fa89e\">\n\n<p><strong>Pasul 1: <\/strong>Deschidem aplica\u021bia &#8222;<strong>Play Store<\/strong>&#8221; \u0219i c\u0103ut\u0103m &#8222;<strong>Microsoft Teams<\/strong>&#8221; \u00een bara de c\u0103utare. Instal\u0103m aplica\u021bia ap\u0103s\u00e2nd butonul &#8222;<strong>Install<\/strong>&#8221; (Fig. 8).<\/p>\n\n\n\n<p><strong>Pasul 2:<\/strong> Introducem adresa contului institu\u021bional (Fig. 9).<\/p>\n\n\n\n<figure class=\"wp-block-gallery columns-2 is-cropped\"><ul class=\"blocks-gallery-grid\"><li class=\"blocks-gallery-item\"><figure><img loading=\"lazy\" width=\"512\" height=\"1024\" src=\"https:\/\/dicd.tuiasi.ro\/wp-content\/uploads\/2021\/09\/1-4-512x1024.png\" alt=\"\" data-id=\"7009\" data-full-url=\"https:\/\/dicd.tuiasi.ro\/wp-content\/uploads\/2021\/09\/1-4.png\" data-link=\"https:\/\/dicd.tuiasi.ro\/microsoft-teams\/1-4-3\/\" class=\"wp-image-7009\" srcset=\"https:\/\/dicd.tuiasi.ro\/wp-content\/uploads\/2021\/09\/1-4-512x1024.png 512w, https:\/\/dicd.tuiasi.ro\/wp-content\/uploads\/2021\/09\/1-4-150x300.png 150w, https:\/\/dicd.tuiasi.ro\/wp-content\/uploads\/2021\/09\/1-4-768x1536.png 768w, https:\/\/dicd.tuiasi.ro\/wp-content\/uploads\/2021\/09\/1-4-1024x2048.png 1024w, https:\/\/dicd.tuiasi.ro\/wp-content\/uploads\/2021\/09\/1-4.png 1080w\" sizes=\"(max-width: 512px) 100vw, 512px\" \/><figcaption class=\"blocks-gallery-item__caption\">Fig. 8 Play Store<\/figcaption><\/figure><\/li><li class=\"blocks-gallery-item\"><figure><img loading=\"lazy\" width=\"512\" height=\"1024\" src=\"https:\/\/dicd.tuiasi.ro\/wp-content\/uploads\/2021\/09\/2-4-512x1024.png\" alt=\"\" data-id=\"7012\" data-full-url=\"https:\/\/dicd.tuiasi.ro\/wp-content\/uploads\/2021\/09\/2-4.png\" data-link=\"https:\/\/dicd.tuiasi.ro\/microsoft-teams\/2-4-3\/\" class=\"wp-image-7012\" srcset=\"https:\/\/dicd.tuiasi.ro\/wp-content\/uploads\/2021\/09\/2-4-512x1024.png 512w, https:\/\/dicd.tuiasi.ro\/wp-content\/uploads\/2021\/09\/2-4-150x300.png 150w, https:\/\/dicd.tuiasi.ro\/wp-content\/uploads\/2021\/09\/2-4-768x1536.png 768w, https:\/\/dicd.tuiasi.ro\/wp-content\/uploads\/2021\/09\/2-4-1024x2048.png 1024w, https:\/\/dicd.tuiasi.ro\/wp-content\/uploads\/2021\/09\/2-4.png 1080w\" sizes=\"(max-width: 512px) 100vw, 512px\" \/><figcaption class=\"blocks-gallery-item__caption\">Fig. 9 Autentificare<\/figcaption><\/figure><\/li><\/ul><\/figure>\n\n<\/div><\/div>\n<\/div>\n\n<div class=\"wp-block-ub-content-toggle\" id=\"ub-content-toggle-d32d0b0a-12e6-4fc2-be7c-9da24636e68a\">\n<div id=\"\" class=\"wp-block-ub-content-toggle-accordion\">\n                <div class=\"wp-block-ub-content-toggle-accordion-title-wrap\" aria-expanded=\"false\" aria-controls=\"ub-content-toggle-panel-0-d32d0b0a-12e6-4fc2-be7c-9da24636e68a\" tabindex=\"0\">\n                    <p class=\"wp-block-ub-content-toggle-accordion-title ub-content-toggle-title-d32d0b0a-12e6-4fc2-be7c-9da24636e68a\">iOS<\/p><div class=\"wp-block-ub-content-toggle-accordion-toggle-wrap right\"><span class=\"wp-block-ub-content-toggle-accordion-state-indicator wp-block-ub-chevron-down\"><\/span>\n                    <\/div><\/div><div role=\"region\" class=\"wp-block-ub-content-toggle-accordion-content-wrap ub-hide\" id=\"ub-content-toggle-panel-0-d32d0b0a-12e6-4fc2-be7c-9da24636e68a\">\n\n<p><strong><strong>Pasul 1: <\/strong><\/strong>Deschidem aplica\u021bia &#8222;<strong>App Store<\/strong>&#8221; \u0219i c\u0103ut\u0103m &#8222;<strong>Microsoft Teams<\/strong>&#8221; \u00een bara de c\u0103utare. Instal\u0103m aplica\u021bia ap\u0103s\u00e2nd butonul &#8222;<strong>Install<\/strong>&#8221; (Fig. 10).<\/p>\n\n\n\n<p><strong><strong>Pasul 2:<\/strong> <\/strong>Introducem adresa contului institu\u021bional (Fig. 11).<\/p>\n\n\n\n<figure class=\"wp-block-gallery columns-2 is-cropped\"><ul class=\"blocks-gallery-grid\"><li class=\"blocks-gallery-item\"><figure><img loading=\"lazy\" width=\"472\" height=\"1024\" src=\"https:\/\/dicd.tuiasi.ro\/wp-content\/uploads\/2026\/04\/8569D518-1551-490B-AC1C-C1672E48287D-1-472x1024.png\" alt=\"\" data-id=\"13427\" data-full-url=\"https:\/\/dicd.tuiasi.ro\/wp-content\/uploads\/2026\/04\/8569D518-1551-490B-AC1C-C1672E48287D-1.png\" data-link=\"https:\/\/dicd.tuiasi.ro\/microsoft-teams\/8569d518-1551-490b-ac1c-c1672e48287d-1\/\" class=\"wp-image-13427\" srcset=\"https:\/\/dicd.tuiasi.ro\/wp-content\/uploads\/2026\/04\/8569D518-1551-490B-AC1C-C1672E48287D-1-472x1024.png 472w, https:\/\/dicd.tuiasi.ro\/wp-content\/uploads\/2026\/04\/8569D518-1551-490B-AC1C-C1672E48287D-1-138x300.png 138w, https:\/\/dicd.tuiasi.ro\/wp-content\/uploads\/2026\/04\/8569D518-1551-490B-AC1C-C1672E48287D-1-768x1665.png 768w, https:\/\/dicd.tuiasi.ro\/wp-content\/uploads\/2026\/04\/8569D518-1551-490B-AC1C-C1672E48287D-1-709x1536.png 709w, https:\/\/dicd.tuiasi.ro\/wp-content\/uploads\/2026\/04\/8569D518-1551-490B-AC1C-C1672E48287D-1-945x2048.png 945w, https:\/\/dicd.tuiasi.ro\/wp-content\/uploads\/2026\/04\/8569D518-1551-490B-AC1C-C1672E48287D-1-6x12.png 6w, https:\/\/dicd.tuiasi.ro\/wp-content\/uploads\/2026\/04\/8569D518-1551-490B-AC1C-C1672E48287D-1.png 1179w\" sizes=\"(max-width: 472px) 100vw, 472px\" \/><figcaption class=\"blocks-gallery-item__caption\">Fig. 10<\/figcaption><\/figure><\/li><li class=\"blocks-gallery-item\"><figure><img loading=\"lazy\" width=\"472\" height=\"1024\" src=\"https:\/\/dicd.tuiasi.ro\/wp-content\/uploads\/2026\/04\/C933C7C3-3BED-4A22-B042-B0B28DE60A58-1-472x1024.png\" alt=\"\" data-id=\"13429\" data-full-url=\"https:\/\/dicd.tuiasi.ro\/wp-content\/uploads\/2026\/04\/C933C7C3-3BED-4A22-B042-B0B28DE60A58-1.png\" data-link=\"https:\/\/dicd.tuiasi.ro\/microsoft-teams\/c933c7c3-3bed-4a22-b042-b0b28de60a58-1\/\" class=\"wp-image-13429\" srcset=\"https:\/\/dicd.tuiasi.ro\/wp-content\/uploads\/2026\/04\/C933C7C3-3BED-4A22-B042-B0B28DE60A58-1-472x1024.png 472w, https:\/\/dicd.tuiasi.ro\/wp-content\/uploads\/2026\/04\/C933C7C3-3BED-4A22-B042-B0B28DE60A58-1-138x300.png 138w, https:\/\/dicd.tuiasi.ro\/wp-content\/uploads\/2026\/04\/C933C7C3-3BED-4A22-B042-B0B28DE60A58-1-768x1665.png 768w, https:\/\/dicd.tuiasi.ro\/wp-content\/uploads\/2026\/04\/C933C7C3-3BED-4A22-B042-B0B28DE60A58-1-709x1536.png 709w, https:\/\/dicd.tuiasi.ro\/wp-content\/uploads\/2026\/04\/C933C7C3-3BED-4A22-B042-B0B28DE60A58-1-945x2048.png 945w, https:\/\/dicd.tuiasi.ro\/wp-content\/uploads\/2026\/04\/C933C7C3-3BED-4A22-B042-B0B28DE60A58-1-6x12.png 6w, https:\/\/dicd.tuiasi.ro\/wp-content\/uploads\/2026\/04\/C933C7C3-3BED-4A22-B042-B0B28DE60A58-1.png 1179w\" sizes=\"(max-width: 472px) 100vw, 472px\" \/><figcaption class=\"blocks-gallery-item__caption\">Fig. 11<\/figcaption><\/figure><\/li><\/ul><\/figure>\n\n<\/div><\/div>\n<\/div>\n\n<div class=\"wp-block-ub-content-toggle\" id=\"ub-content-toggle-c18713f5-a039-4bb9-a331-8d5afc8cd569\">\n<div id=\"\" class=\"wp-block-ub-content-toggle-accordion\">\n                <div class=\"wp-block-ub-content-toggle-accordion-title-wrap\" aria-expanded=\"false\" aria-controls=\"ub-content-toggle-panel-0-c18713f5-a039-4bb9-a331-8d5afc8cd569\" tabindex=\"0\">\n                    <p class=\"wp-block-ub-content-toggle-accordion-title ub-content-toggle-title-c18713f5-a039-4bb9-a331-8d5afc8cd569\">Linux<\/p><div class=\"wp-block-ub-content-toggle-accordion-toggle-wrap right\"><span class=\"wp-block-ub-content-toggle-accordion-state-indicator wp-block-ub-chevron-down\"><\/span>\n                    <\/div><\/div><div role=\"region\" class=\"wp-block-ub-content-toggle-accordion-content-wrap ub-hide\" id=\"ub-content-toggle-panel-0-c18713f5-a039-4bb9-a331-8d5afc8cd569\">\n\n<p><strong>Pasul 1:<\/strong> Deschidem aplica\u021bia &#8222;<strong>Software<\/strong>&#8221; \u0219i deschidem bara de c\u0103utare (Fig. 12).<\/p>\n\n\n\n<p><strong>Pasul 2<\/strong>: C\u0103utam aplica\u021bia &#8222;<strong>Microsoft Teams<\/strong>&#8221; (Fig. 13).<\/p>\n\n\n\n<p><strong>Pasul 3:<\/strong> Ap\u0103s\u0103m pe butonul &#8222;<strong>Install<\/strong>&#8221; pentru a porni instalarea (Fig. 14).<\/p>\n\n\n\n<figure class=\"wp-block-gallery columns-3 is-cropped\"><ul class=\"blocks-gallery-grid\"><li class=\"blocks-gallery-item\"><figure><img loading=\"lazy\" width=\"1024\" height=\"723\" src=\"https:\/\/dicd.tuiasi.ro\/wp-content\/uploads\/2021\/09\/1-5-1024x723.png\" alt=\"\" data-id=\"7015\" data-full-url=\"https:\/\/dicd.tuiasi.ro\/wp-content\/uploads\/2021\/09\/1-5.png\" data-link=\"https:\/\/dicd.tuiasi.ro\/microsoft-teams\/1-5-3\/\" class=\"wp-image-7015\" srcset=\"https:\/\/dicd.tuiasi.ro\/wp-content\/uploads\/2021\/09\/1-5-1024x723.png 1024w, https:\/\/dicd.tuiasi.ro\/wp-content\/uploads\/2021\/09\/1-5-300x212.png 300w, https:\/\/dicd.tuiasi.ro\/wp-content\/uploads\/2021\/09\/1-5-768x542.png 768w, https:\/\/dicd.tuiasi.ro\/wp-content\/uploads\/2021\/09\/1-5.png 1195w\" sizes=\"(max-width: 1024px) 100vw, 1024px\" \/><figcaption class=\"blocks-gallery-item__caption\">Fig. 12 Bara de c\u0103utare<\/figcaption><\/figure><\/li><li class=\"blocks-gallery-item\"><figure><img loading=\"lazy\" width=\"1024\" height=\"721\" src=\"https:\/\/dicd.tuiasi.ro\/wp-content\/uploads\/2021\/09\/2-5-1024x721.png\" alt=\"\" data-id=\"7018\" data-full-url=\"https:\/\/dicd.tuiasi.ro\/wp-content\/uploads\/2021\/09\/2-5.png\" data-link=\"https:\/\/dicd.tuiasi.ro\/microsoft-teams\/2-5-3\/\" class=\"wp-image-7018\" srcset=\"https:\/\/dicd.tuiasi.ro\/wp-content\/uploads\/2021\/09\/2-5-1024x721.png 1024w, https:\/\/dicd.tuiasi.ro\/wp-content\/uploads\/2021\/09\/2-5-300x211.png 300w, https:\/\/dicd.tuiasi.ro\/wp-content\/uploads\/2021\/09\/2-5-768x541.png 768w, https:\/\/dicd.tuiasi.ro\/wp-content\/uploads\/2021\/09\/2-5.png 1191w\" sizes=\"(max-width: 1024px) 100vw, 1024px\" \/><figcaption class=\"blocks-gallery-item__caption\">Fig. 13 Microsoft Teams app<\/figcaption><\/figure><\/li><li class=\"blocks-gallery-item\"><figure><img loading=\"lazy\" width=\"1024\" height=\"720\" src=\"https:\/\/dicd.tuiasi.ro\/wp-content\/uploads\/2021\/09\/3-4-1024x720.png\" alt=\"\" data-id=\"7021\" data-full-url=\"https:\/\/dicd.tuiasi.ro\/wp-content\/uploads\/2021\/09\/3-4.png\" data-link=\"https:\/\/dicd.tuiasi.ro\/microsoft-teams\/3-4-3\/\" class=\"wp-image-7021\" srcset=\"https:\/\/dicd.tuiasi.ro\/wp-content\/uploads\/2021\/09\/3-4-1024x720.png 1024w, https:\/\/dicd.tuiasi.ro\/wp-content\/uploads\/2021\/09\/3-4-300x211.png 300w, https:\/\/dicd.tuiasi.ro\/wp-content\/uploads\/2021\/09\/3-4-768x540.png 768w, https:\/\/dicd.tuiasi.ro\/wp-content\/uploads\/2021\/09\/3-4.png 1197w\" sizes=\"(max-width: 1024px) 100vw, 1024px\" \/><figcaption class=\"blocks-gallery-item__caption\">Fig. 14 Install<\/figcaption><\/figure><\/li><\/ul><\/figure>\n\n<\/div><\/div>\n<\/div>\n<\/div><\/div>\n<\/div>","protected":false},"excerpt":{"rendered":"","protected":false},"author":11,"featured_media":0,"parent":0,"menu_order":0,"comment_status":"closed","ping_status":"closed","template":"","meta":{"advgb_blocks_editor_width":"","advgb_blocks_columns_visual_guide":"","ub_ctt_via":""},"featured_image_urls":{"full":"","thumbnail":"","medium":"","medium_large":"","large":"","1536x1536":"","2048x2048":"","trp-custom-language-flag":"","post-thumbnail":""},"post_excerpt_stackable":"<p>Desc\u0103rcare \u0219i instalare Windows Pasul 1: Desc\u0103rc\u0103m aplica\u021bia Microsoft Teams de pe pagina oficial\u0103 Microsoft (Fig. 1). Pasul 2: Deschidem executabilul \u0219i ap\u0103s\u0103m pe butonul &#8222;Get Started&#8221; (Fig. 2). Pasul 3: Introducem adresa contului institu\u021bional (Fig.3). Fig. 1 Desc\u0103rcare aplica\u021bieFig.2 Get StartedFig. 3 Autentificare macOS Pasul 1: Desc\u0103rc\u0103m aplica\u021bia Microsoft Teams de pe pagina oficial\u0103 Microsoft (Fig. 4). Pasul 2: Deschidem executabilul \u0219i ap\u0103s\u0103m pe butonul &#8222;Continue&#8221; (Fig. 5). Pasul 3: Pornim instalarea ap\u0103s\u00e2nd pe butonul &#8222;Install&#8221; (Fig. 6). Fig4. Desc\u0103rcare aplica\u021bieFig. 5 ContinueFig. 6 InstallFig. 7 Instalare finalizat\u0103 cu succes Android Pasul 1: Deschidem aplica\u021bia &#8222;Play Store&#8221; \u0219i c\u0103ut\u0103m&hellip;<\/p>\n","category_list":"","author_info":{"name":"Gheorghita BUTNARU","url":"https:\/\/dicd.tuiasi.ro\/ro\/author\/gbutnaru\/"},"comments_num":"0 comments","featured_image_src":null,"coauthors":[],"author_meta":{"author_link":"https:\/\/dicd.tuiasi.ro\/ro\/author\/gbutnaru\/","display_name":"Gheorghita BUTNARU"},"relative_dates":{"created":"Posted 5 ani ago","modified":"Updated 2 s\u0103pt\u0103m\u00e2ni ago"},"absolute_dates":{"created":"Posted on 2 iulie 2021","modified":"Updated on 17 aprilie 2026"},"absolute_dates_time":{"created":"Posted on 2 iulie 2021 10:55","modified":"Updated on 17 aprilie 2026 12:28"},"featured_img_caption":"","_links":{"self":[{"href":"https:\/\/dicd.tuiasi.ro\/ro\/wp-json\/wp\/v2\/pages\/4244"}],"collection":[{"href":"https:\/\/dicd.tuiasi.ro\/ro\/wp-json\/wp\/v2\/pages"}],"about":[{"href":"https:\/\/dicd.tuiasi.ro\/ro\/wp-json\/wp\/v2\/types\/page"}],"author":[{"embeddable":true,"href":"https:\/\/dicd.tuiasi.ro\/ro\/wp-json\/wp\/v2\/users\/11"}],"replies":[{"embeddable":true,"href":"https:\/\/dicd.tuiasi.ro\/ro\/wp-json\/wp\/v2\/comments?post=4244"}],"version-history":[{"count":9,"href":"https:\/\/dicd.tuiasi.ro\/ro\/wp-json\/wp\/v2\/pages\/4244\/revisions"}],"predecessor-version":[{"id":13433,"href":"https:\/\/dicd.tuiasi.ro\/ro\/wp-json\/wp\/v2\/pages\/4244\/revisions\/13433"}],"wp:attachment":[{"href":"https:\/\/dicd.tuiasi.ro\/ro\/wp-json\/wp\/v2\/media?parent=4244"}],"curies":[{"name":"wp","href":"https:\/\/api.w.org\/{rel}","templated":true}]}}