{"id":4262,"date":"2021-07-02T10:58:40","date_gmt":"2021-07-02T08:58:40","guid":{"rendered":"https:\/\/dicd.tuiasi.ro\/?page_id=4262"},"modified":"2025-03-04T10:52:46","modified_gmt":"2025-03-04T08:52:46","slug":"github","status":"publish","type":"page","link":"https:\/\/dicd.tuiasi.ro\/ro\/studenti\/github\/","title":{"rendered":"GitHub"},"content":{"rendered":"\n<p>Studen\u021bii de la Universitatea Tehnic\u0103 \u201eGheorghe Asachi\u201d din Ia\u0219i pot beneficia de pachetul educa\u021bional oferit de c\u0103tre <strong>GitHub<\/strong>. Studen\u021bii \u00eenrola\u021bi nu primesc numai <strong>GitHub Pro gratuit<\/strong> ci \u0219i multe alte beneficii printre care se num\u0103r\u0103: <\/p>\n\n\n\n<ul><li>Acces gratuit la <strong>Github<\/strong> <strong>Copilot Individual<\/strong>.<\/li><li><strong>200$ <\/strong>pe platforma <strong>DigitalOcean<\/strong> pentru noii utilizatori.<\/li><li>Abonament gratuit pentru <strong>JetBrains<\/strong>.<\/li><li>Plan gratuit <strong>Arduino Cloud<\/strong> timp de 6 luni \u0219i <strong>reduceri la hardware-ul selectat<\/strong>.<\/li><li>Un an gratuit de <strong>\u00eenregistrare a unui domeniu<\/strong>, un an gratuit de securitate avansat\u0103 (<strong>SSL<\/strong>, protec\u021bie a confiden\u021bialit\u0103\u021bii \u0219i multe altele).<\/li><\/ul>\n\n\n\n<p>Lista complet\u0103 poate fi g\u0103sit\u0103 pe <strong><a href=\"https:\/\/education.github.com\/pack\" data-type=\"URL\" data-id=\"https:\/\/education.github.com\/pack\" target=\"_blank\" rel=\"noreferrer noopener\">site-ul oficial<\/a><\/strong>. Pachetul con\u021bine beneficii \u00een valoare de peste <strong>100 de mii de dolari<\/strong>, acesta cresc\u00e2nd constant datorit\u0103 partenerilor.<\/p>\n\n\n<div class=\"wp-block-ub-content-toggle\" id=\"ub-content-toggle-18750e8b-8617-4447-8cd7-1fa763828cac\">\n<div id=\"\" class=\"wp-block-ub-content-toggle-accordion\">\n                <div class=\"wp-block-ub-content-toggle-accordion-title-wrap\" aria-expanded=\"false\" aria-controls=\"ub-content-toggle-panel-0-18750e8b-8617-4447-8cd7-1fa763828cac\" tabindex=\"0\">\n                    <p class=\"wp-block-ub-content-toggle-accordion-title ub-content-toggle-title-18750e8b-8617-4447-8cd7-1fa763828cac\">Accesare pachet<\/p><div class=\"wp-block-ub-content-toggle-accordion-toggle-wrap right\"><span class=\"wp-block-ub-content-toggle-accordion-state-indicator wp-block-ub-chevron-down\"><\/span>\n                    <\/div><\/div><div role=\"region\" class=\"wp-block-ub-content-toggle-accordion-content-wrap ub-hide\" id=\"ub-content-toggle-panel-0-18750e8b-8617-4447-8cd7-1fa763828cac\">\n\n<p><strong>Pasul 1:<\/strong> Apas\u0103m pe butonul &#8222;<strong>Get your pack<\/strong>&#8221; de pe <a href=\"https:\/\/education.github.com\/pack\" data-type=\"URL\" data-id=\"https:\/\/education.github.com\/pack\" target=\"_blank\" rel=\"noreferrer noopener\"><strong>pagina oficial\u0103<\/strong><\/a> (Fig. 1).<\/p>\n\n\n\n<p><strong>Pasul 2:<\/strong> Din sec\u021biunea &#8222;<strong>Individuals<\/strong>&#8221; select\u0103m &#8222;<strong>Get student benefits<\/strong>&#8221; (Fig. 2).<\/p>\n\n\n\n<p><strong>Pasul 3:<\/strong> Trebuie s\u0103 ne conect\u0103m la contul de GitHub (Fig. 3). \u00cen cazul \u00een care nu avem un cont de GitHub cu aceasta adresa trebuie s\u0103 ap\u0103s\u0103m pe butonul &#8222;<strong>Create an account<\/strong>&#8221; (Fig. 4).<\/p>\n\n\n\n<p><strong>Pasul 4:<\/strong> Trebuie s\u0103 ne asigur\u0103m c\u0103 avem ata\u0219at\u0103 adresa de student acestui cont cu care ne-am autentificat (Fig. 5).<\/p>\n\n\n\n<p><strong>Pasul 5:<\/strong> \u00cen c\u00e2mpul &#8222;<strong>How do you plan to use GitHub<\/strong>?&#8221; trebuie s\u0103 complet\u0103m scopul \u00een care vom folosi GitHub (Fig. 6).<\/p>\n\n\n\n<p><strong>Pasul 6: <\/strong>Dup\u0103 ce am completat, un email de confirmare va fi trimis automat pe adresa de email declarat\u0103 \u00een formular.<\/p>\n\n\n\n<figure class=\"wp-block-gallery columns-3 is-cropped\"><ul class=\"blocks-gallery-grid\"><li class=\"blocks-gallery-item\"><figure><img loading=\"lazy\" width=\"1024\" height=\"301\" src=\"https:\/\/dicd.tuiasi.ro\/wp-content\/uploads\/2021\/09\/1-10-1024x301.png\" alt=\"\" data-id=\"7117\" data-link=\"https:\/\/dicd.tuiasi.ro\/studenti\/github\/1-10-2\/\" class=\"wp-image-7117\" srcset=\"https:\/\/dicd.tuiasi.ro\/wp-content\/uploads\/2021\/09\/1-10-1024x301.png 1024w, https:\/\/dicd.tuiasi.ro\/wp-content\/uploads\/2021\/09\/1-10-300x88.png 300w, https:\/\/dicd.tuiasi.ro\/wp-content\/uploads\/2021\/09\/1-10-768x226.png 768w, https:\/\/dicd.tuiasi.ro\/wp-content\/uploads\/2021\/09\/1-10-1536x452.png 1536w, https:\/\/dicd.tuiasi.ro\/wp-content\/uploads\/2021\/09\/1-10-1568x462.png 1568w, https:\/\/dicd.tuiasi.ro\/wp-content\/uploads\/2021\/09\/1-10.png 1906w\" sizes=\"(max-width: 1024px) 100vw, 1024px\" \/><figcaption class=\"blocks-gallery-item__caption\">Fig. 1 Get your pack<\/figcaption><\/figure><\/li><li class=\"blocks-gallery-item\"><figure><img loading=\"lazy\" width=\"1024\" height=\"502\" src=\"https:\/\/dicd.tuiasi.ro\/wp-content\/uploads\/2021\/09\/2-10-1024x502.png\" alt=\"\" data-id=\"7120\" data-link=\"https:\/\/dicd.tuiasi.ro\/studenti\/github\/2-10-2\/\" class=\"wp-image-7120\" srcset=\"https:\/\/dicd.tuiasi.ro\/wp-content\/uploads\/2021\/09\/2-10-1024x502.png 1024w, https:\/\/dicd.tuiasi.ro\/wp-content\/uploads\/2021\/09\/2-10-300x147.png 300w, https:\/\/dicd.tuiasi.ro\/wp-content\/uploads\/2021\/09\/2-10-768x377.png 768w, https:\/\/dicd.tuiasi.ro\/wp-content\/uploads\/2021\/09\/2-10-1536x753.png 1536w, https:\/\/dicd.tuiasi.ro\/wp-content\/uploads\/2021\/09\/2-10-1568x769.png 1568w, https:\/\/dicd.tuiasi.ro\/wp-content\/uploads\/2021\/09\/2-10.png 1907w\" sizes=\"(max-width: 1024px) 100vw, 1024px\" \/><figcaption class=\"blocks-gallery-item__caption\">Fig. 2 Get student benefits<\/figcaption><\/figure><\/li><li class=\"blocks-gallery-item\"><figure><img loading=\"lazy\" width=\"1024\" height=\"323\" src=\"https:\/\/dicd.tuiasi.ro\/wp-content\/uploads\/2021\/09\/3-9.png\" alt=\"\" data-id=\"7123\" data-link=\"https:\/\/dicd.tuiasi.ro\/studenti\/github\/3-9-2\/\" class=\"wp-image-7123\" srcset=\"https:\/\/dicd.tuiasi.ro\/wp-content\/uploads\/2021\/09\/3-9.png 1024w, https:\/\/dicd.tuiasi.ro\/wp-content\/uploads\/2021\/09\/3-9-300x95.png 300w, https:\/\/dicd.tuiasi.ro\/wp-content\/uploads\/2021\/09\/3-9-768x242.png 768w\" sizes=\"(max-width: 1024px) 100vw, 1024px\" \/><figcaption class=\"blocks-gallery-item__caption\">Fig. 3 Autentificare<\/figcaption><\/figure><\/li><li class=\"blocks-gallery-item\"><figure><img loading=\"lazy\" width=\"1024\" height=\"323\" src=\"https:\/\/dicd.tuiasi.ro\/wp-content\/uploads\/2021\/09\/4-5.png\" alt=\"\" data-id=\"7126\" data-link=\"https:\/\/dicd.tuiasi.ro\/studenti\/github\/4-5-2\/\" class=\"wp-image-7126\" srcset=\"https:\/\/dicd.tuiasi.ro\/wp-content\/uploads\/2021\/09\/4-5.png 1024w, https:\/\/dicd.tuiasi.ro\/wp-content\/uploads\/2021\/09\/4-5-300x95.png 300w, https:\/\/dicd.tuiasi.ro\/wp-content\/uploads\/2021\/09\/4-5-768x242.png 768w\" sizes=\"(max-width: 1024px) 100vw, 1024px\" \/><figcaption class=\"blocks-gallery-item__caption\">Fig. 4 Create an account<\/figcaption><\/figure><\/li><li class=\"blocks-gallery-item\"><figure><img loading=\"lazy\" width=\"362\" height=\"349\" src=\"https:\/\/dicd.tuiasi.ro\/wp-content\/uploads\/2021\/09\/5-2.png\" alt=\"\" data-id=\"7129\" data-link=\"https:\/\/dicd.tuiasi.ro\/studenti\/github\/5-2-3\/\" class=\"wp-image-7129\" srcset=\"https:\/\/dicd.tuiasi.ro\/wp-content\/uploads\/2021\/09\/5-2.png 362w, https:\/\/dicd.tuiasi.ro\/wp-content\/uploads\/2021\/09\/5-2-300x289.png 300w\" sizes=\"(max-width: 362px) 100vw, 362px\" \/><figcaption class=\"blocks-gallery-item__caption\">Fig. 5 Ad\u0103ugare adresa de e-mail<\/figcaption><\/figure><\/li><li class=\"blocks-gallery-item\"><figure><img loading=\"lazy\" width=\"379\" height=\"349\" src=\"https:\/\/dicd.tuiasi.ro\/wp-content\/uploads\/2021\/09\/6-1.png\" alt=\"\" data-id=\"7132\" data-link=\"https:\/\/dicd.tuiasi.ro\/studenti\/github\/6-1-3\/\" class=\"wp-image-7132\" srcset=\"https:\/\/dicd.tuiasi.ro\/wp-content\/uploads\/2021\/09\/6-1.png 379w, https:\/\/dicd.tuiasi.ro\/wp-content\/uploads\/2021\/09\/6-1-300x276.png 300w\" sizes=\"(max-width: 379px) 100vw, 379px\" \/><figcaption class=\"blocks-gallery-item__caption\">Fig. 6 Scopul acces\u0103rii<\/figcaption><\/figure><\/li><li class=\"blocks-gallery-item\"><figure><img loading=\"lazy\" width=\"1024\" height=\"221\" src=\"https:\/\/dicd.tuiasi.ro\/wp-content\/uploads\/2021\/09\/7-1-1024x221.png\" alt=\"\" data-id=\"7135\" data-full-url=\"https:\/\/dicd.tuiasi.ro\/wp-content\/uploads\/2021\/09\/7-1.png\" data-link=\"https:\/\/dicd.tuiasi.ro\/studenti\/github\/7-1-3\/\" class=\"wp-image-7135\" srcset=\"https:\/\/dicd.tuiasi.ro\/wp-content\/uploads\/2021\/09\/7-1-1024x221.png 1024w, https:\/\/dicd.tuiasi.ro\/wp-content\/uploads\/2021\/09\/7-1-300x65.png 300w, https:\/\/dicd.tuiasi.ro\/wp-content\/uploads\/2021\/09\/7-1-768x166.png 768w, https:\/\/dicd.tuiasi.ro\/wp-content\/uploads\/2021\/09\/7-1-1536x332.png 1536w, https:\/\/dicd.tuiasi.ro\/wp-content\/uploads\/2021\/09\/7-1-1568x339.png 1568w, https:\/\/dicd.tuiasi.ro\/wp-content\/uploads\/2021\/09\/7-1.png 1914w\" sizes=\"(max-width: 1024px) 100vw, 1024px\" \/><figcaption class=\"blocks-gallery-item__caption\">Fig. 7 Confirmare<\/figcaption><\/figure><\/li><\/ul><\/figure>\n\n\n\n<p><\/p>\n\n<\/div><\/div>\n<\/div>\n\n\n<p><\/p>\n","protected":false},"excerpt":{"rendered":"<p>Studen\u021bii de la Universitatea Tehnic\u0103 \u201eGheorghe Asachi\u201d din Ia\u0219i pot beneficia de pachetul educa\u021bional oferit de c\u0103tre GitHub. Studen\u021bii \u00eenrola\u021bi nu primesc numai GitHub Pro gratuit ci \u0219i multe alte beneficii printre care se num\u0103r\u0103: Acces gratuit la Github Copilot Individual. 200$ pe platforma DigitalOcean pentru noii utilizatori. Abonament gratuit pentru JetBrains. Plan gratuit Arduino [&hellip;]<\/p>\n","protected":false},"author":11,"featured_media":0,"parent":6898,"menu_order":0,"comment_status":"closed","ping_status":"closed","template":"","meta":{"advgb_blocks_editor_width":"","advgb_blocks_columns_visual_guide":"","ub_ctt_via":""},"featured_image_urls":{"full":"","thumbnail":"","medium":"","medium_large":"","large":"","1536x1536":"","2048x2048":"","trp-custom-language-flag":"","post-thumbnail":""},"post_excerpt_stackable":"<p>Studen\u021bii de la Universitatea Tehnic\u0103 \u201eGheorghe Asachi\u201d din Ia\u0219i pot beneficia de pachetul educa\u021bional oferit de c\u0103tre GitHub. Studen\u021bii \u00eenrola\u021bi nu primesc numai GitHub Pro gratuit ci \u0219i multe alte beneficii printre care se num\u0103r\u0103: Acces gratuit la Github Copilot Individual.200$ pe platforma DigitalOcean pentru noii utilizatori.Abonament gratuit pentru JetBrains.Plan gratuit Arduino Cloud timp de 6 luni \u0219i reduceri la hardware-ul selectat.Un an gratuit de \u00eenregistrare a unui domeniu, un an gratuit de securitate avansat\u0103 (SSL, protec\u021bie a confiden\u021bialit\u0103\u021bii \u0219i multe altele). Lista complet\u0103 poate fi g\u0103sit\u0103 pe site-ul oficial. Pachetul con\u021bine beneficii \u00een valoare de peste 100 de mii&hellip;<\/p>\n","category_list":"","author_info":{"name":"Gheorghita BUTNARU","url":"https:\/\/dicd.tuiasi.ro\/ro\/author\/gbutnaru\/"},"comments_num":"0 comments","featured_image_src":null,"coauthors":[],"author_meta":{"author_link":"https:\/\/dicd.tuiasi.ro\/ro\/author\/gbutnaru\/","display_name":"Gheorghita BUTNARU"},"relative_dates":{"created":"Posted 5 ani ago","modified":"Updated 1 an ago"},"absolute_dates":{"created":"Posted on 2 iulie 2021","modified":"Updated on 4 martie 2025"},"absolute_dates_time":{"created":"Posted on 2 iulie 2021 10:58","modified":"Updated on 4 martie 2025 10:52"},"featured_img_caption":"","_links":{"self":[{"href":"https:\/\/dicd.tuiasi.ro\/ro\/wp-json\/wp\/v2\/pages\/4262"}],"collection":[{"href":"https:\/\/dicd.tuiasi.ro\/ro\/wp-json\/wp\/v2\/pages"}],"about":[{"href":"https:\/\/dicd.tuiasi.ro\/ro\/wp-json\/wp\/v2\/types\/page"}],"author":[{"embeddable":true,"href":"https:\/\/dicd.tuiasi.ro\/ro\/wp-json\/wp\/v2\/users\/11"}],"replies":[{"embeddable":true,"href":"https:\/\/dicd.tuiasi.ro\/ro\/wp-json\/wp\/v2\/comments?post=4262"}],"version-history":[{"count":10,"href":"https:\/\/dicd.tuiasi.ro\/ro\/wp-json\/wp\/v2\/pages\/4262\/revisions"}],"predecessor-version":[{"id":12262,"href":"https:\/\/dicd.tuiasi.ro\/ro\/wp-json\/wp\/v2\/pages\/4262\/revisions\/12262"}],"up":[{"embeddable":true,"href":"https:\/\/dicd.tuiasi.ro\/ro\/wp-json\/wp\/v2\/pages\/6898"}],"wp:attachment":[{"href":"https:\/\/dicd.tuiasi.ro\/ro\/wp-json\/wp\/v2\/media?parent=4262"}],"curies":[{"name":"wp","href":"https:\/\/api.w.org\/{rel}","templated":true}]}}