{"id":4280,"date":"2021-07-02T11:02:14","date_gmt":"2021-07-02T09:02:14","guid":{"rendered":"https:\/\/dicd.tuiasi.ro\/?page_id=4280"},"modified":"2021-09-22T17:04:59","modified_gmt":"2021-09-22T15:04:59","slug":"politici-si-proceduri","status":"publish","type":"page","link":"https:\/\/dicd.tuiasi.ro\/ro\/politici-si-proceduri\/","title":{"rendered":"Politici \u0219i proceduri"},"content":{"rendered":"<div class=\"wp-block-ub-content-toggle\" id=\"ub-content-toggle-0afda1c9-54bf-4fc1-a4f8-84817e1785a0\">\n<div id=\"\" class=\"wp-block-ub-content-toggle-accordion\">\n                <div class=\"wp-block-ub-content-toggle-accordion-title-wrap\" aria-expanded=\"false\" aria-controls=\"ub-content-toggle-panel-0-0afda1c9-54bf-4fc1-a4f8-84817e1785a0\" tabindex=\"0\">\n                    <p class=\"wp-block-ub-content-toggle-accordion-title ub-content-toggle-title-0afda1c9-54bf-4fc1-a4f8-84817e1785a0\">Regulamentul de utilizare a re\u021belei TUIA\u0218I<\/p><div class=\"wp-block-ub-content-toggle-accordion-toggle-wrap right\"><span class=\"wp-block-ub-content-toggle-accordion-state-indicator wp-block-ub-chevron-down\"><\/span>\n                    <\/div><\/div><div role=\"region\" class=\"wp-block-ub-content-toggle-accordion-content-wrap ub-hide\" id=\"ub-content-toggle-panel-0-0afda1c9-54bf-4fc1-a4f8-84817e1785a0\">\n\n<div class=\"wp-block-file\"><object class=\"wp-block-file__embed\" data=\"https:\/\/dicd.tuiasi.ro\/wp-content\/uploads\/2021\/09\/Regulamentul-de-utilizare-a-retelei-TUIASI.pdf\" type=\"application\/pdf\" style=\"width:100%;height:600px\" aria-label=\"PDF embed\"><\/object><a href=\"https:\/\/dicd.tuiasi.ro\/wp-content\/uploads\/2021\/09\/Regulamentul-de-utilizare-a-retelei-TUIASI.pdf\" class=\"wp-block-file__button\" download>Descarc\u0103<\/a><\/div>\n\n<\/div><\/div>\n<\/div>\n\n<div class=\"wp-block-ub-content-toggle\" id=\"ub-content-toggle-9accabf0-e5e0-4e98-8773-41d878b8b983\">\n<div id=\"\" class=\"wp-block-ub-content-toggle-accordion\">\n                <div class=\"wp-block-ub-content-toggle-accordion-title-wrap\" aria-expanded=\"false\" aria-controls=\"ub-content-toggle-panel-0-9accabf0-e5e0-4e98-8773-41d878b8b983\" tabindex=\"0\">\n                    <p class=\"wp-block-ub-content-toggle-accordion-title ub-content-toggle-title-9accabf0-e5e0-4e98-8773-41d878b8b983\">Regulamentul Compartimentului de Management a Informatiz\u0103rii<\/p><div class=\"wp-block-ub-content-toggle-accordion-toggle-wrap right\"><span class=\"wp-block-ub-content-toggle-accordion-state-indicator wp-block-ub-chevron-down\"><\/span>\n                    <\/div><\/div><div role=\"region\" class=\"wp-block-ub-content-toggle-accordion-content-wrap ub-hide\" id=\"ub-content-toggle-panel-0-9accabf0-e5e0-4e98-8773-41d878b8b983\">\n\n<div class=\"wp-block-file\"><object class=\"wp-block-file__embed\" data=\"https:\/\/dicd.tuiasi.ro\/wp-content\/uploads\/2021\/09\/Regulamentul-Compartimentului-de-Management-a-Informatizarii.pdf\" type=\"application\/pdf\" style=\"width:100%;height:600px\" aria-label=\"PDF embed\"><\/object><a href=\"https:\/\/dicd.tuiasi.ro\/wp-content\/uploads\/2021\/09\/Regulamentul-Compartimentului-de-Management-a-Informatizarii.pdf\" class=\"wp-block-file__button\" download>Descarc\u0103<\/a><\/div>\n\n<\/div><\/div>\n<\/div>\n\n<div class=\"wp-block-ub-content-toggle\" id=\"ub-content-toggle-9fb39364-f5c1-4fc3-aaee-971c5b3a88db\">\n<div id=\"\" class=\"wp-block-ub-content-toggle-accordion\">\n                <div class=\"wp-block-ub-content-toggle-accordion-title-wrap\" aria-expanded=\"false\" aria-controls=\"ub-content-toggle-panel-0-9fb39364-f5c1-4fc3-aaee-971c5b3a88db\" tabindex=\"0\">\n                    <p class=\"wp-block-ub-content-toggle-accordion-title ub-content-toggle-title-9fb39364-f5c1-4fc3-aaee-971c5b3a88db\">Regulament de Func\u0163ionare al Infrastructurii de Comunica\u0163ii de Date RoEduNet<\/p><div class=\"wp-block-ub-content-toggle-accordion-toggle-wrap right\"><span class=\"wp-block-ub-content-toggle-accordion-state-indicator wp-block-ub-chevron-down\"><\/span>\n                    <\/div><\/div><div role=\"region\" class=\"wp-block-ub-content-toggle-accordion-content-wrap ub-hide\" id=\"ub-content-toggle-panel-0-9fb39364-f5c1-4fc3-aaee-971c5b3a88db\">\n\n<div class=\"wp-block-file\"><object class=\"wp-block-file__embed\" data=\"https:\/\/dicd.tuiasi.ro\/wp-content\/uploads\/2021\/09\/Regulament-de-functionare-al-infrastructurii-de-Comunicatii-de-Date-RoEduNet.pdf\" type=\"application\/pdf\" style=\"width:100%;height:600px\" aria-label=\"PDF embed\"><\/object><a href=\"https:\/\/dicd.tuiasi.ro\/wp-content\/uploads\/2021\/09\/Regulament-de-functionare-al-infrastructurii-de-Comunicatii-de-Date-RoEduNet.pdf\" class=\"wp-block-file__button\" download>Descarc\u0103<\/a><\/div>\n\n<\/div><\/div>\n<\/div>","protected":false},"excerpt":{"rendered":"","protected":false},"author":11,"featured_media":0,"parent":0,"menu_order":0,"comment_status":"closed","ping_status":"closed","template":"","meta":{"advgb_blocks_editor_width":"","advgb_blocks_columns_visual_guide":"","ub_ctt_via":""},"featured_image_urls":{"full":"","thumbnail":"","medium":"","medium_large":"","large":"","1536x1536":"","2048x2048":"","trp-custom-language-flag":"","post-thumbnail":""},"post_excerpt_stackable":"<p>Regulamentul de utilizare a re\u021belei TUIA\u0218I Descarc\u0103 Regulamentul Compartimentului de Management a Informatiz\u0103rii Descarc\u0103 Regulament de Func\u0163ionare al Infrastructurii de Comunica\u0163ii de Date RoEduNet Descarc\u0103<\/p>\n","category_list":"","author_info":{"name":"Gheorghita BUTNARU","url":"https:\/\/dicd.tuiasi.ro\/ro\/author\/gbutnaru\/"},"comments_num":"0 comments","featured_image_src":null,"coauthors":[],"author_meta":{"author_link":"https:\/\/dicd.tuiasi.ro\/ro\/author\/gbutnaru\/","display_name":"Gheorghita BUTNARU"},"relative_dates":{"created":"Posted 5 ani ago","modified":"Updated 5 ani ago"},"absolute_dates":{"created":"Posted on 2 iulie 2021","modified":"Updated on 22 septembrie 2021"},"absolute_dates_time":{"created":"Posted on 2 iulie 2021 11:02","modified":"Updated on 22 septembrie 2021 17:04"},"featured_img_caption":"","_links":{"self":[{"href":"https:\/\/dicd.tuiasi.ro\/ro\/wp-json\/wp\/v2\/pages\/4280"}],"collection":[{"href":"https:\/\/dicd.tuiasi.ro\/ro\/wp-json\/wp\/v2\/pages"}],"about":[{"href":"https:\/\/dicd.tuiasi.ro\/ro\/wp-json\/wp\/v2\/types\/page"}],"author":[{"embeddable":true,"href":"https:\/\/dicd.tuiasi.ro\/ro\/wp-json\/wp\/v2\/users\/11"}],"replies":[{"embeddable":true,"href":"https:\/\/dicd.tuiasi.ro\/ro\/wp-json\/wp\/v2\/comments?post=4280"}],"version-history":[{"count":8,"href":"https:\/\/dicd.tuiasi.ro\/ro\/wp-json\/wp\/v2\/pages\/4280\/revisions"}],"predecessor-version":[{"id":7933,"href":"https:\/\/dicd.tuiasi.ro\/ro\/wp-json\/wp\/v2\/pages\/4280\/revisions\/7933"}],"wp:attachment":[{"href":"https:\/\/dicd.tuiasi.ro\/ro\/wp-json\/wp\/v2\/media?parent=4280"}],"curies":[{"name":"wp","href":"https:\/\/api.w.org\/{rel}","templated":true}]}}