{"id":5186,"date":"2021-07-16T11:55:52","date_gmt":"2021-07-16T09:55:52","guid":{"rendered":"https:\/\/dicd.tuiasi.ro\/?page_id=5186"},"modified":"2021-07-16T14:45:36","modified_gmt":"2021-07-16T12:45:36","slug":"verificare-configuratie-pc","status":"publish","type":"page","link":"https:\/\/dicd.tuiasi.ro\/ro\/angajati\/conectare-la-retea-prin-cablu-old\/verificare-configuratie-pc\/","title":{"rendered":"Verificare configura\u021bie PC"},"content":{"rendered":"\n<hr class=\"wp-block-separator\"\/>\n\n\n\n<p>Mai jos ve\u021bi g\u0103si instruc\u021biunile pe care trebuie s\u0103 le urma\u021bi \u00eenainte de a completa <strong>cererea de conectare a resurselor de calcul\/comunica\u0163ie<\/strong>. Ace\u0219ti pa\u0219i sunt importan\u021bi pentru realizarea cu succes a conexiunii la internet.<\/p>\n\n\n<div class=\"wp-block-ub-content-toggle\" id=\"ub-content-toggle-78051b7e-f654-43c8-9fe2-fac0be607a74\">\n<div id=\"\" class=\"wp-block-ub-content-toggle-accordion\">\n                <div class=\"wp-block-ub-content-toggle-accordion-title-wrap\" aria-expanded=\"false\" aria-controls=\"ub-content-toggle-panel-0-78051b7e-f654-43c8-9fe2-fac0be607a74\" tabindex=\"0\">\n                    <p class=\"wp-block-ub-content-toggle-accordion-title ub-content-toggle-title-78051b7e-f654-43c8-9fe2-fac0be607a74\">Windows<\/p><div class=\"wp-block-ub-content-toggle-accordion-toggle-wrap right\"><span class=\"wp-block-ub-content-toggle-accordion-state-indicator wp-block-ub-chevron-down\"><\/span>\n                    <\/div><\/div><div role=\"region\" class=\"wp-block-ub-content-toggle-accordion-content-wrap ub-hide\" id=\"ub-content-toggle-panel-0-78051b7e-f654-43c8-9fe2-fac0be607a74\">\n\n<p><strong>Pasul 1:<\/strong> Folosind butonul din dreapta al mouse-ului, se acceseaz\u0103 <strong>&#8222;Open Network &amp; Internet settings&#8221;<\/strong>; pictograma este reprezentat\u0103, sugestiv, de un calculator conectat la re\u021bea (Fig. 1).<\/p>\n\n\n\n<p><strong>Pasul 2:<\/strong> Acces\u0103m &#8222;<strong>Ethernet<\/strong>&#8221; din meniul din partea st\u00e2ng\u0103, iar apoi select\u0103m op\u021biunea &#8222;<strong>Change adapter options<\/strong>&#8221; (Fig. 2).<\/p>\n\n\n\n<p><strong>Pasul 3:<\/strong> Se acceseaz\u0103, printr-un click-dreapta varianta &#8222;<strong>Properties<\/strong>&#8221; propriet\u0103\u021bile <strong>pl\u0103cii de re\u021bea prin cablu (Ethernet \/ Local Area Connection \u2013 LAN)<\/strong> (Fig. 3).<\/p>\n\n\n\n<p><strong>Pasul 4:<\/strong> Se va selecta op\u021biunea <strong>Protocol Internet Version 4<\/strong> \u0219i se va intra la propriet\u0103\u021bi (Fig. 4).<\/p>\n\n\n\n<p><strong>Pasul 5:<\/strong> Se vor bifa c\u0103su\u021bele corespunz\u0103toare set\u0103rilor de ob\u021binere automat\u0103 a adresei IP, respectiv a adreselor serverelor de nume de domenii; se apas\u0103 <strong>OK<\/strong> (Fig. 5).<\/p>\n\n\n\n<p><strong>Pasul 6:<\/strong> Se dezactiveaz\u0103 placa de re\u021bea prin cablu printr-un click dreapta pe pictograma corespunz\u0103toare \u0219i selectarea op\u021biunii <strong>Disable<\/strong> (Fig. 6).<\/p>\n\n\n\n<p><strong>Pasul 7:<\/strong> Se repet\u0103 ac\u021biunea pentru op\u021biunea <strong>Enable<\/strong> pentru reactivarea pl\u0103cii cu noua configurare. (Fig. 7).<\/p>\n\n\n\n<figure class=\"wp-block-gallery columns-3 is-cropped\"><ul class=\"blocks-gallery-grid\"><li class=\"blocks-gallery-item\"><figure><img loading=\"lazy\" width=\"453\" height=\"178\" src=\"https:\/\/dicd.tuiasi.ro\/wp-content\/uploads\/2021\/07\/1-27.png\" alt=\"\" data-id=\"5204\" data-link=\"https:\/\/dicd.tuiasi.ro\/angajati\/conectare-la-retea-prin-fir\/verificare-configuratie-pc\/1-27\/\" class=\"wp-image-5204\" srcset=\"https:\/\/dicd.tuiasi.ro\/wp-content\/uploads\/2021\/07\/1-27.png 453w, https:\/\/dicd.tuiasi.ro\/wp-content\/uploads\/2021\/07\/1-27-300x118.png 300w\" sizes=\"(max-width: 453px) 100vw, 453px\" \/><figcaption class=\"blocks-gallery-item__caption\">Fig. 1 Open Network &amp; Internet settings<\/figcaption><\/figure><\/li><li class=\"blocks-gallery-item\"><figure><img loading=\"lazy\" width=\"985\" height=\"723\" src=\"https:\/\/dicd.tuiasi.ro\/wp-content\/uploads\/2021\/07\/2-18.png\" alt=\"\" data-id=\"5207\" data-link=\"https:\/\/dicd.tuiasi.ro\/angajati\/conectare-la-retea-prin-fir\/verificare-configuratie-pc\/2-18\/\" class=\"wp-image-5207\" srcset=\"https:\/\/dicd.tuiasi.ro\/wp-content\/uploads\/2021\/07\/2-18.png 985w, https:\/\/dicd.tuiasi.ro\/wp-content\/uploads\/2021\/07\/2-18-300x220.png 300w, https:\/\/dicd.tuiasi.ro\/wp-content\/uploads\/2021\/07\/2-18-768x564.png 768w\" sizes=\"(max-width: 985px) 100vw, 985px\" \/><figcaption class=\"blocks-gallery-item__caption\">Fig. 2 Change adapter options<\/figcaption><\/figure><\/li><li class=\"blocks-gallery-item\"><figure><img loading=\"lazy\" width=\"750\" height=\"632\" src=\"https:\/\/dicd.tuiasi.ro\/wp-content\/uploads\/2021\/07\/3-11.png\" alt=\"\" data-id=\"5210\" data-link=\"https:\/\/dicd.tuiasi.ro\/angajati\/conectare-la-retea-prin-fir\/verificare-configuratie-pc\/3-11\/\" class=\"wp-image-5210\" srcset=\"https:\/\/dicd.tuiasi.ro\/wp-content\/uploads\/2021\/07\/3-11.png 750w, https:\/\/dicd.tuiasi.ro\/wp-content\/uploads\/2021\/07\/3-11-300x253.png 300w\" sizes=\"(max-width: 750px) 100vw, 750px\" \/><figcaption class=\"blocks-gallery-item__caption\">fig. 3 Accesarea propriet\u0103\u021bilor<\/figcaption><\/figure><\/li><li class=\"blocks-gallery-item\"><figure><img loading=\"lazy\" width=\"361\" height=\"464\" src=\"https:\/\/dicd.tuiasi.ro\/wp-content\/uploads\/2021\/07\/4-7.png\" alt=\"\" data-id=\"5213\" data-link=\"https:\/\/dicd.tuiasi.ro\/angajati\/conectare-la-retea-prin-fir\/verificare-configuratie-pc\/4-7\/\" class=\"wp-image-5213\" srcset=\"https:\/\/dicd.tuiasi.ro\/wp-content\/uploads\/2021\/07\/4-7.png 361w, https:\/\/dicd.tuiasi.ro\/wp-content\/uploads\/2021\/07\/4-7-233x300.png 233w\" sizes=\"(max-width: 361px) 100vw, 361px\" \/><figcaption class=\"blocks-gallery-item__caption\">Fig. 4 IPv4<\/figcaption><\/figure><\/li><li class=\"blocks-gallery-item\"><figure><img loading=\"lazy\" width=\"397\" height=\"453\" src=\"https:\/\/dicd.tuiasi.ro\/wp-content\/uploads\/2021\/07\/5-7.png\" alt=\"\" data-id=\"5222\" data-full-url=\"https:\/\/dicd.tuiasi.ro\/wp-content\/uploads\/2021\/07\/5-7.png\" data-link=\"https:\/\/dicd.tuiasi.ro\/angajati\/conectare-la-retea-prin-fir\/verificare-configuratie-pc\/5-7\/\" class=\"wp-image-5222\" srcset=\"https:\/\/dicd.tuiasi.ro\/wp-content\/uploads\/2021\/07\/5-7.png 397w, https:\/\/dicd.tuiasi.ro\/wp-content\/uploads\/2021\/07\/5-7-263x300.png 263w\" sizes=\"(max-width: 397px) 100vw, 397px\" \/><figcaption class=\"blocks-gallery-item__caption\">Fig. 5 Automatically IP and DNS<\/figcaption><\/figure><\/li><li class=\"blocks-gallery-item\"><figure><img loading=\"lazy\" width=\"578\" height=\"634\" src=\"https:\/\/dicd.tuiasi.ro\/wp-content\/uploads\/2021\/07\/6-4.png\" alt=\"\" data-id=\"5216\" data-link=\"https:\/\/dicd.tuiasi.ro\/angajati\/conectare-la-retea-prin-fir\/verificare-configuratie-pc\/6-4\/\" class=\"wp-image-5216\" srcset=\"https:\/\/dicd.tuiasi.ro\/wp-content\/uploads\/2021\/07\/6-4.png 578w, https:\/\/dicd.tuiasi.ro\/wp-content\/uploads\/2021\/07\/6-4-274x300.png 274w\" sizes=\"(max-width: 578px) 100vw, 578px\" \/><figcaption class=\"blocks-gallery-item__caption\">Fig. 6 Disable<\/figcaption><\/figure><\/li><li class=\"blocks-gallery-item\"><figure><img loading=\"lazy\" width=\"568\" height=\"634\" src=\"https:\/\/dicd.tuiasi.ro\/wp-content\/uploads\/2021\/07\/7-5.png\" alt=\"\" data-id=\"5219\" data-link=\"https:\/\/dicd.tuiasi.ro\/angajati\/conectare-la-retea-prin-fir\/verificare-configuratie-pc\/7-5\/\" class=\"wp-image-5219\" srcset=\"https:\/\/dicd.tuiasi.ro\/wp-content\/uploads\/2021\/07\/7-5.png 568w, https:\/\/dicd.tuiasi.ro\/wp-content\/uploads\/2021\/07\/7-5-269x300.png 269w\" sizes=\"(max-width: 568px) 100vw, 568px\" \/><figcaption class=\"blocks-gallery-item__caption\">Fig. 7 Enable<\/figcaption><\/figure><\/li><\/ul><\/figure>\n\n<\/div><\/div>\n<\/div>\n\n<div class=\"wp-block-ub-content-toggle\" id=\"ub-content-toggle-cc8bcd1d-8715-40b7-9c65-2edb583d95ba\">\n<div id=\"\" class=\"wp-block-ub-content-toggle-accordion\">\n                <div class=\"wp-block-ub-content-toggle-accordion-title-wrap\" aria-expanded=\"false\" aria-controls=\"ub-content-toggle-panel-0-cc8bcd1d-8715-40b7-9c65-2edb583d95ba\" tabindex=\"0\">\n                    <p class=\"wp-block-ub-content-toggle-accordion-title ub-content-toggle-title-cc8bcd1d-8715-40b7-9c65-2edb583d95ba\">macOS<\/p><div class=\"wp-block-ub-content-toggle-accordion-toggle-wrap right\"><span class=\"wp-block-ub-content-toggle-accordion-state-indicator wp-block-ub-chevron-down\"><\/span>\n                    <\/div><\/div><div role=\"region\" class=\"wp-block-ub-content-toggle-accordion-content-wrap ub-hide\" id=\"ub-content-toggle-panel-0-cc8bcd1d-8715-40b7-9c65-2edb583d95ba\">\n\n<p><strong>Pasul 1:<\/strong> Deschidem <strong>Apple menu<\/strong> > <strong>System Preferences<\/strong> (Fig. 8).<\/p>\n\n\n\n<p><strong>Pasul 2:<\/strong> Select\u0103m categoria \u201e<strong>Network<\/strong>\u201d (Fig. 9).<\/p>\n\n\n\n<p><strong>Pasul 3:<\/strong> Select\u0103m conexiunea \u201e<strong>Ethernet<\/strong>\u201d, \u0219i ne asigur\u0103m c\u0103 \u00een c\u00e2mpul &#8222;<strong>Configure IPv4<\/strong>&#8221; avem selectat &#8222;<strong>Using DHCP<\/strong>&#8222;. La final ap\u0103s\u0103m butonul &#8222;<strong>Apply<\/strong>&#8221; (Fig. 10).<\/p>\n\n\n\n<figure class=\"wp-block-gallery columns-3 is-cropped\"><ul class=\"blocks-gallery-grid\"><li class=\"blocks-gallery-item\"><figure><img loading=\"lazy\" width=\"1022\" height=\"772\" src=\"https:\/\/dicd.tuiasi.ro\/wp-content\/uploads\/2021\/07\/1-28.png\" alt=\"\" data-id=\"5246\" data-full-url=\"https:\/\/dicd.tuiasi.ro\/wp-content\/uploads\/2021\/07\/1-28.png\" data-link=\"https:\/\/dicd.tuiasi.ro\/angajati\/conectare-la-retea-prin-fir\/verificare-configuratie-pc\/1-28\/\" class=\"wp-image-5246\" srcset=\"https:\/\/dicd.tuiasi.ro\/wp-content\/uploads\/2021\/07\/1-28.png 1022w, https:\/\/dicd.tuiasi.ro\/wp-content\/uploads\/2021\/07\/1-28-300x227.png 300w, https:\/\/dicd.tuiasi.ro\/wp-content\/uploads\/2021\/07\/1-28-768x580.png 768w\" sizes=\"(max-width: 1022px) 100vw, 1022px\" \/><figcaption class=\"blocks-gallery-item__caption\">Fig. 8: System Preferences\u2026<\/figcaption><\/figure><\/li><li class=\"blocks-gallery-item\"><figure><img loading=\"lazy\" width=\"669\" height=\"583\" src=\"https:\/\/dicd.tuiasi.ro\/wp-content\/uploads\/2021\/07\/2-19.png\" alt=\"\" data-id=\"5249\" data-full-url=\"https:\/\/dicd.tuiasi.ro\/wp-content\/uploads\/2021\/07\/2-19.png\" data-link=\"https:\/\/dicd.tuiasi.ro\/angajati\/conectare-la-retea-prin-fir\/verificare-configuratie-pc\/2-19\/\" class=\"wp-image-5249\" srcset=\"https:\/\/dicd.tuiasi.ro\/wp-content\/uploads\/2021\/07\/2-19.png 669w, https:\/\/dicd.tuiasi.ro\/wp-content\/uploads\/2021\/07\/2-19-300x261.png 300w\" sizes=\"(max-width: 669px) 100vw, 669px\" \/><figcaption class=\"blocks-gallery-item__caption\">Fig. 9: Selectare categorie Network<\/figcaption><\/figure><\/li><li class=\"blocks-gallery-item\"><figure><img loading=\"lazy\" width=\"666\" height=\"566\" src=\"https:\/\/dicd.tuiasi.ro\/wp-content\/uploads\/2021\/07\/3-12.png\" alt=\"\" data-id=\"5252\" data-full-url=\"https:\/\/dicd.tuiasi.ro\/wp-content\/uploads\/2021\/07\/3-12.png\" data-link=\"https:\/\/dicd.tuiasi.ro\/angajati\/conectare-la-retea-prin-fir\/verificare-configuratie-pc\/3-12\/\" class=\"wp-image-5252\" srcset=\"https:\/\/dicd.tuiasi.ro\/wp-content\/uploads\/2021\/07\/3-12.png 666w, https:\/\/dicd.tuiasi.ro\/wp-content\/uploads\/2021\/07\/3-12-300x255.png 300w\" sizes=\"(max-width: 666px) 100vw, 666px\" \/><figcaption class=\"blocks-gallery-item__caption\">Fig. 10 Using DHCP<\/figcaption><\/figure><\/li><\/ul><\/figure>\n\n<\/div><\/div>\n<\/div>\n\n<div class=\"wp-block-ub-content-toggle\" id=\"ub-content-toggle-e845bd84-cc79-4849-b694-9e13c53eb256\">\n<div id=\"\" class=\"wp-block-ub-content-toggle-accordion\">\n                <div class=\"wp-block-ub-content-toggle-accordion-title-wrap\" aria-expanded=\"false\" aria-controls=\"ub-content-toggle-panel-0-e845bd84-cc79-4849-b694-9e13c53eb256\" tabindex=\"0\">\n                    <p class=\"wp-block-ub-content-toggle-accordion-title ub-content-toggle-title-e845bd84-cc79-4849-b694-9e13c53eb256\">Linux<\/p><div class=\"wp-block-ub-content-toggle-accordion-toggle-wrap right\"><span class=\"wp-block-ub-content-toggle-accordion-state-indicator wp-block-ub-chevron-down\"><\/span>\n                    <\/div><\/div><div role=\"region\" class=\"wp-block-ub-content-toggle-accordion-content-wrap ub-hide\" id=\"ub-content-toggle-panel-0-e845bd84-cc79-4849-b694-9e13c53eb256\">\n\n<p><strong>Pasul 1:<\/strong> Deschidem set\u0103rile sistemului de operare \u0219i \u00een meniul din st\u00e2nga acces\u0103m intrarea &#8222;<strong>Network<\/strong>&#8222;. (Fig. 11)<\/p>\n\n\n\n<p><strong>Pasul 2:<\/strong> \u00cen dreptul conexiunii &#8222;<strong>Wired<\/strong>&#8221; ap\u0103s\u0103m pe butonul ce deschide set\u0103rile (Fig .12).<\/p>\n\n\n\n<p><strong>Pasul 3:<\/strong> \u00cen meniul <strong>IPv4<\/strong> trebuie s\u0103 bif\u0103m &#8222;<strong>Automatic (DHCP)<\/strong>&#8221; (Fig. 12).<\/p>\n\n\n\n<figure class=\"wp-block-gallery columns-2 is-cropped\"><ul class=\"blocks-gallery-grid\"><li class=\"blocks-gallery-item\"><figure><img loading=\"lazy\" width=\"977\" height=\"813\" src=\"https:\/\/dicd.tuiasi.ro\/wp-content\/uploads\/2021\/07\/1-29.png\" alt=\"\" data-id=\"5261\" data-full-url=\"https:\/\/dicd.tuiasi.ro\/wp-content\/uploads\/2021\/07\/1-29.png\" data-link=\"https:\/\/dicd.tuiasi.ro\/angajati\/conectare-la-retea-prin-fir\/verificare-configuratie-pc\/1-29\/\" class=\"wp-image-5261\" srcset=\"https:\/\/dicd.tuiasi.ro\/wp-content\/uploads\/2021\/07\/1-29.png 977w, https:\/\/dicd.tuiasi.ro\/wp-content\/uploads\/2021\/07\/1-29-300x250.png 300w, https:\/\/dicd.tuiasi.ro\/wp-content\/uploads\/2021\/07\/1-29-768x639.png 768w\" sizes=\"(max-width: 977px) 100vw, 977px\" \/><figcaption class=\"blocks-gallery-item__caption\">Fig. 11 Set\u0103ri Network<\/figcaption><\/figure><\/li><li class=\"blocks-gallery-item\"><figure><img loading=\"lazy\" width=\"975\" height=\"817\" src=\"https:\/\/dicd.tuiasi.ro\/wp-content\/uploads\/2021\/07\/2-20.png\" alt=\"\" data-id=\"5264\" data-full-url=\"https:\/\/dicd.tuiasi.ro\/wp-content\/uploads\/2021\/07\/2-20.png\" data-link=\"https:\/\/dicd.tuiasi.ro\/angajati\/conectare-la-retea-prin-fir\/verificare-configuratie-pc\/2-20\/\" class=\"wp-image-5264\" srcset=\"https:\/\/dicd.tuiasi.ro\/wp-content\/uploads\/2021\/07\/2-20.png 975w, https:\/\/dicd.tuiasi.ro\/wp-content\/uploads\/2021\/07\/2-20-300x251.png 300w, https:\/\/dicd.tuiasi.ro\/wp-content\/uploads\/2021\/07\/2-20-768x644.png 768w\" sizes=\"(max-width: 975px) 100vw, 975px\" \/><figcaption class=\"blocks-gallery-item__caption\">Fig. 12 Automatic (DHCP)<\/figcaption><\/figure><\/li><\/ul><\/figure>\n\n<\/div><\/div>\n<\/div>\n\n\n<p><\/p>\n","protected":false},"excerpt":{"rendered":"<p>Mai jos ve\u021bi g\u0103si instruc\u021biunile pe care trebuie s\u0103 le urma\u021bi \u00eenainte de a completa cererea de conectare a resurselor de calcul\/comunica\u0163ie. Ace\u0219ti pa\u0219i sunt importan\u021bi pentru realizarea cu succes a conexiunii la internet.<\/p>\n","protected":false},"author":8,"featured_media":0,"parent":4964,"menu_order":0,"comment_status":"closed","ping_status":"closed","template":"pagina-prezentare.php","meta":{"advgb_blocks_editor_width":"","advgb_blocks_columns_visual_guide":"","ub_ctt_via":""},"featured_image_urls":{"full":"","thumbnail":"","medium":"","medium_large":"","large":"","1536x1536":"","2048x2048":"","trp-custom-language-flag":"","post-thumbnail":""},"post_excerpt_stackable":"<p>Mai jos ve\u021bi g\u0103si instruc\u021biunile pe care trebuie s\u0103 le urma\u021bi \u00eenainte de a completa cererea de conectare a resurselor de calcul\/comunica\u0163ie. Ace\u0219ti pa\u0219i sunt importan\u021bi pentru realizarea cu succes a conexiunii la internet. Windows Pasul 1: Folosind butonul din dreapta al mouse-ului, se acceseaz\u0103 &#8222;Open Network &amp; Internet settings&#8221;; pictograma este reprezentat\u0103, sugestiv, de un calculator conectat la re\u021bea (Fig. 1). Pasul 2: Acces\u0103m &#8222;Ethernet&#8221; din meniul din partea st\u00e2ng\u0103, iar apoi select\u0103m op\u021biunea &#8222;Change adapter options&#8221; (Fig. 2). Pasul 3: Se acceseaz\u0103, printr-un click-dreapta varianta &#8222;Properties&#8221; propriet\u0103\u021bile pl\u0103cii de re\u021bea prin cablu (Ethernet \/ Local Area Connection \u2013&hellip;<\/p>\n","category_list":"","author_info":{"name":"Vladut BUTNARU","url":"https:\/\/dicd.tuiasi.ro\/ro\/author\/vbutnaru\/"},"comments_num":"0 comments","featured_image_src":null,"coauthors":[],"author_meta":{"author_link":"https:\/\/dicd.tuiasi.ro\/ro\/author\/vbutnaru\/","display_name":"Vladut BUTNARU"},"relative_dates":{"created":"Posted 5 ani ago","modified":"Updated 5 ani ago"},"absolute_dates":{"created":"Posted on 16 iulie 2021","modified":"Updated on 16 iulie 2021"},"absolute_dates_time":{"created":"Posted on 16 iulie 2021 11:55","modified":"Updated on 16 iulie 2021 14:45"},"featured_img_caption":"","_links":{"self":[{"href":"https:\/\/dicd.tuiasi.ro\/ro\/wp-json\/wp\/v2\/pages\/5186"}],"collection":[{"href":"https:\/\/dicd.tuiasi.ro\/ro\/wp-json\/wp\/v2\/pages"}],"about":[{"href":"https:\/\/dicd.tuiasi.ro\/ro\/wp-json\/wp\/v2\/types\/page"}],"author":[{"embeddable":true,"href":"https:\/\/dicd.tuiasi.ro\/ro\/wp-json\/wp\/v2\/users\/8"}],"replies":[{"embeddable":true,"href":"https:\/\/dicd.tuiasi.ro\/ro\/wp-json\/wp\/v2\/comments?post=5186"}],"version-history":[{"count":6,"href":"https:\/\/dicd.tuiasi.ro\/ro\/wp-json\/wp\/v2\/pages\/5186\/revisions"}],"predecessor-version":[{"id":5270,"href":"https:\/\/dicd.tuiasi.ro\/ro\/wp-json\/wp\/v2\/pages\/5186\/revisions\/5270"}],"up":[{"embeddable":true,"href":"https:\/\/dicd.tuiasi.ro\/ro\/wp-json\/wp\/v2\/pages\/4964"}],"wp:attachment":[{"href":"https:\/\/dicd.tuiasi.ro\/ro\/wp-json\/wp\/v2\/media?parent=5186"}],"curies":[{"name":"wp","href":"https:\/\/api.w.org\/{rel}","templated":true}]}}