{"id":5273,"date":"2021-07-16T14:49:55","date_gmt":"2021-07-16T12:49:55","guid":{"rendered":"https:\/\/dicd.tuiasi.ro\/?page_id=5273"},"modified":"2021-12-03T10:40:11","modified_gmt":"2021-12-03T08:40:11","slug":"inregistrare-domenii","status":"publish","type":"page","link":"https:\/\/dicd.tuiasi.ro\/ro\/angajati\/inregistrare-domenii\/","title":{"rendered":"\u00cenregistrare domenii"},"content":{"rendered":"\n<hr class=\"wp-block-separator\"\/>\n\n\n\n<p>Mai jos ve\u021bi g\u0103si instruc\u021biunile pe care trebuie s\u0103 le urma\u021bi pentru a putea \u00eenregistra un domeniu. Ace\u0219ti pa\u0219i sunt importan\u021bi dac\u0103 vre\u021bi s\u0103 g\u0103zdui\u021bi un site \u00een cadrul Universit\u0103\u021bii.<\/p>\n\n\n<div class=\"wp-block-ub-content-toggle\" id=\"ub-content-toggle-6708ab6a-d2f0-443b-b376-65e6023f02aa\">\n<div id=\"\" class=\"wp-block-ub-content-toggle-accordion\">\n                <div class=\"wp-block-ub-content-toggle-accordion-title-wrap\" aria-expanded=\"false\" aria-controls=\"ub-content-toggle-panel-0-6708ab6a-d2f0-443b-b376-65e6023f02aa\" tabindex=\"0\">\n                    <p class=\"wp-block-ub-content-toggle-accordion-title ub-content-toggle-title-6708ab6a-d2f0-443b-b376-65e6023f02aa\">\u00cenregistrare domeniu<\/p><div class=\"wp-block-ub-content-toggle-accordion-toggle-wrap right\"><span class=\"wp-block-ub-content-toggle-accordion-state-indicator wp-block-ub-chevron-down\"><\/span>\n                    <\/div><\/div><div role=\"region\" class=\"wp-block-ub-content-toggle-accordion-content-wrap ub-hide\" id=\"ub-content-toggle-panel-0-6708ab6a-d2f0-443b-b376-65e6023f02aa\">\n\n<p><strong>Pasul 1:<\/strong> Trebuie s\u0103 completa\u021bi \u0219i s\u0103 semna\u021bi cererea de administrator Web (<a href=\"https:\/\/dicd.tuiasi.ro\/wp-content\/uploads\/2021\/07\/fisa_administrator_web.doc\"><strong>.doc<\/strong><\/a> \/ <a href=\"https:\/\/dicd.tuiasi.ro\/wp-content\/uploads\/2021\/07\/fisa_administrator_web.pdf\" target=\"_blank\" rel=\"noreferrer noopener\"><strong>.pdf<\/strong><\/a>).<\/p>\n\n\n\n<p><strong>Pasul 2:<\/strong> Depune\u021bi un tichet la adresa <a href=\"http:\/\/www.support.tuiasi.ro\" target=\"_blank\" rel=\"noreferrer noopener\"><strong>www.support.tuiasi.ro<\/strong><\/a> \u00een care trebuie s\u0103 specifica\u021bi: <\/p>\n\n\n\n<ul><li>dac\u0103 mai ave\u021bi alte site-uri \u00een administrare \u0219i numele unui site;<\/li><li>dac\u0103 site-ul care urmeaz\u0103 s\u0103 fie creat este de tip personal sau pentru un proiect. \u00cen cazul \u00een care este pentru un proiect trebuie specificat dac\u0103 este implicat\u0103 o singur\u0103 facultate sau dac\u0103 particip\u0103 mai multe facult\u0103\u021bi din cadrul Universit\u0103\u021bii;<\/li><li>numele pe care-l va avea site-ul;<\/li><li>dac\u0103 va fi nevoie de o baz\u0103 de date.<\/li><\/ul>\n\n<\/div><\/div>\n<\/div>\n\n\n<p><\/p>\n","protected":false},"excerpt":{"rendered":"<p>Mai jos ve\u021bi g\u0103si instruc\u021biunile pe care trebuie s\u0103 le urma\u021bi pentru a putea \u00eenregistra un domeniu. Ace\u0219ti pa\u0219i sunt importan\u021bi dac\u0103 vre\u021bi s\u0103 g\u0103zdui\u021bi un site \u00een cadrul Universit\u0103\u021bii.<\/p>\n","protected":false},"author":8,"featured_media":0,"parent":7699,"menu_order":0,"comment_status":"closed","ping_status":"closed","template":"pagina-prezentare.php","meta":{"advgb_blocks_editor_width":"","advgb_blocks_columns_visual_guide":"","ub_ctt_via":""},"featured_image_urls":{"full":"","thumbnail":"","medium":"","medium_large":"","large":"","1536x1536":"","2048x2048":"","trp-custom-language-flag":"","post-thumbnail":""},"post_excerpt_stackable":"<p>Mai jos ve\u021bi g\u0103si instruc\u021biunile pe care trebuie s\u0103 le urma\u021bi pentru a putea \u00eenregistra un domeniu. Ace\u0219ti pa\u0219i sunt importan\u021bi dac\u0103 vre\u021bi s\u0103 g\u0103zdui\u021bi un site \u00een cadrul Universit\u0103\u021bii. \u00cenregistrare domeniu Pasul 1: Trebuie s\u0103 completa\u021bi \u0219i s\u0103 semna\u021bi cererea de administrator Web (.doc \/ .pdf). Pasul 2: Depune\u021bi un tichet la adresa www.support.tuiasi.ro \u00een care trebuie s\u0103 specifica\u021bi: dac\u0103 mai ave\u021bi alte site-uri \u00een administrare \u0219i numele unui site;dac\u0103 site-ul care urmeaz\u0103 s\u0103 fie creat este de tip personal sau pentru un proiect. \u00cen cazul \u00een care este pentru un proiect trebuie specificat dac\u0103 este implicat\u0103 o singur\u0103&hellip;<\/p>\n","category_list":"","author_info":{"name":"Vladut BUTNARU","url":"https:\/\/dicd.tuiasi.ro\/ro\/author\/vbutnaru\/"},"comments_num":"0 comments","featured_image_src":null,"coauthors":[],"author_meta":{"author_link":"https:\/\/dicd.tuiasi.ro\/ro\/author\/vbutnaru\/","display_name":"Vladut BUTNARU"},"relative_dates":{"created":"Posted 5 ani ago","modified":"Updated 4 ani ago"},"absolute_dates":{"created":"Posted on 16 iulie 2021","modified":"Updated on 3 decembrie 2021"},"absolute_dates_time":{"created":"Posted on 16 iulie 2021 14:49","modified":"Updated on 3 decembrie 2021 10:40"},"featured_img_caption":"","_links":{"self":[{"href":"https:\/\/dicd.tuiasi.ro\/ro\/wp-json\/wp\/v2\/pages\/5273"}],"collection":[{"href":"https:\/\/dicd.tuiasi.ro\/ro\/wp-json\/wp\/v2\/pages"}],"about":[{"href":"https:\/\/dicd.tuiasi.ro\/ro\/wp-json\/wp\/v2\/types\/page"}],"author":[{"embeddable":true,"href":"https:\/\/dicd.tuiasi.ro\/ro\/wp-json\/wp\/v2\/users\/8"}],"replies":[{"embeddable":true,"href":"https:\/\/dicd.tuiasi.ro\/ro\/wp-json\/wp\/v2\/comments?post=5273"}],"version-history":[{"count":12,"href":"https:\/\/dicd.tuiasi.ro\/ro\/wp-json\/wp\/v2\/pages\/5273\/revisions"}],"predecessor-version":[{"id":10138,"href":"https:\/\/dicd.tuiasi.ro\/ro\/wp-json\/wp\/v2\/pages\/5273\/revisions\/10138"}],"up":[{"embeddable":true,"href":"https:\/\/dicd.tuiasi.ro\/ro\/wp-json\/wp\/v2\/pages\/7699"}],"wp:attachment":[{"href":"https:\/\/dicd.tuiasi.ro\/ro\/wp-json\/wp\/v2\/media?parent=5273"}],"curies":[{"name":"wp","href":"https:\/\/api.w.org\/{rel}","templated":true}]}}