{"id":5333,"date":"2021-07-19T09:23:31","date_gmt":"2021-07-19T07:23:31","guid":{"rendered":"https:\/\/dicd.tuiasi.ro\/?page_id=5333"},"modified":"2021-09-22T13:27:30","modified_gmt":"2021-09-22T11:27:30","slug":"serviciu-baze-de-date","status":"publish","type":"page","link":"https:\/\/dicd.tuiasi.ro\/ro\/angajati\/serviciu-baze-de-date\/","title":{"rendered":"Serviciu baze de date"},"content":{"rendered":"\n<hr class=\"wp-block-separator\"\/>\n\n\n\n<p>Persoanele care au rela\u021bie contractuala cu Universitatea pot cere accesul la o baz\u0103 de date. Mai jos ve\u021bi g\u0103si instruc\u021biunile necesare pentru crearea \u0219i accesarea unei baze de date. Ace\u0219ti pa\u0219i sunt importan\u021bi dac\u0103 vre\u021bi s\u0103 g\u0103zdui\u021bi un site \u00een cadrul Universit\u0103\u021bii.<\/p>\n\n\n<div class=\"wp-block-ub-content-toggle\" id=\"ub-content-toggle-a0a7e74a-44dc-415c-992d-45d7cf164b32\">\n<div id=\"\" class=\"wp-block-ub-content-toggle-accordion\">\n                <div class=\"wp-block-ub-content-toggle-accordion-title-wrap\" aria-expanded=\"false\" aria-controls=\"ub-content-toggle-panel-0-a0a7e74a-44dc-415c-992d-45d7cf164b32\" tabindex=\"0\">\n                    <p class=\"wp-block-ub-content-toggle-accordion-title ub-content-toggle-title-a0a7e74a-44dc-415c-992d-45d7cf164b32\">Ob\u021binerea unei baze de date<\/p><div class=\"wp-block-ub-content-toggle-accordion-toggle-wrap right\"><span class=\"wp-block-ub-content-toggle-accordion-state-indicator wp-block-ub-chevron-down\"><\/span>\n                    <\/div><\/div><div role=\"region\" class=\"wp-block-ub-content-toggle-accordion-content-wrap ub-hide\" id=\"ub-content-toggle-panel-0-a0a7e74a-44dc-415c-992d-45d7cf164b32\">\n\n<p><strong>Pasul 1:<\/strong> Deschidem un tichet la adresa <strong><a href=\"http:\/\/www.support.tuiasi.ro\">www.support.tuiasi.ro<\/a><\/strong> \u00een care trebuie s\u0103 specific\u0103m c\u0103 dorim crearea unei baze de date. \u00cen tichet trebuie s\u0103 men\u021bion\u0103m: <\/p>\n\n\n\n<ul><li>motivul pentru care este necesar\u0103;<\/li><li>dac\u0103 mai avem alte baze de date \u00een administrare.<\/li><\/ul>\n\n<\/div><\/div>\n\n<div id=\"\" class=\"wp-block-ub-content-toggle-accordion\">\n                <div class=\"wp-block-ub-content-toggle-accordion-title-wrap\" aria-expanded=\"false\" aria-controls=\"ub-content-toggle-panel-1-a0a7e74a-44dc-415c-992d-45d7cf164b32\" tabindex=\"0\">\n                    <p class=\"wp-block-ub-content-toggle-accordion-title ub-content-toggle-title-a0a7e74a-44dc-415c-992d-45d7cf164b32\">Accesarea via phpMyAdmin<\/p><div class=\"wp-block-ub-content-toggle-accordion-toggle-wrap right\"><span class=\"wp-block-ub-content-toggle-accordion-state-indicator wp-block-ub-chevron-down\"><\/span>\n                    <\/div><\/div><div role=\"region\" class=\"wp-block-ub-content-toggle-accordion-content-wrap ub-hide\" id=\"ub-content-toggle-panel-1-a0a7e74a-44dc-415c-992d-45d7cf164b32\">\n\n<p>Accesul la pagina phpMyAdmin poate fi realizat numai dac\u0103 sunte\u021bi conectat la re\u021beaua Universit\u0103\u021bii sau prin intermediul <a rel=\"noreferrer noopener\" href=\"https:\/\/dicd.tuiasi.ro\/angajati\/lucru-de-la-distanta\/\" target=\"_blank\"><strong>VPN-ului<\/strong><\/a>. <\/p>\n\n\n\n<p><strong>Pasul 1:<\/strong> Deschidem un browser \u0219i acces\u0103m pagina <strong><a href=\"http:\/\/www.pma.tuiasi.ro\">www.pma.tuiasi.ro<\/a><\/strong>.<\/p>\n\n\n\n<p><strong>Pasul 2:<\/strong> \u00cen c\u00e2mpul &#8222;<strong>Username<\/strong>&#8221; va trebui s\u0103 introducem numele de utilizator care administreaz\u0103 baza de date, iar \u00een c\u00e2mpul &#8222;<strong>Password<\/strong>&#8221; introducem parola aferent\u0103 contului (Fig. 1). Numele \u0219i parola le putem ob\u021bine ca r\u0103spuns la tichetul creat anterior sau, \u00een cazul administr\u0103rii unui site, \u00een fisierul prestabilit din folderul r\u0103d\u0103cin\u0103 al administratorului site-ului.<\/p>\n\n\n\n<p><strong>Pasul 3<\/strong>: Dac\u0103 autentificarea a avut loc cu succes, \u00een meniul din st\u00e2nga vom g\u0103si numele bazei de date (Fig. 2).<\/p>\n\n\n\n<figure class=\"wp-block-gallery columns-2 is-cropped\"><ul class=\"blocks-gallery-grid\"><li class=\"blocks-gallery-item\"><figure><img loading=\"lazy\" width=\"541\" height=\"605\" src=\"https:\/\/dicd.tuiasi.ro\/wp-content\/uploads\/2021\/07\/1-33.png\" alt=\"\" data-id=\"5939\" data-link=\"https:\/\/dicd.tuiasi.ro\/angajati\/serviciu-baze-de-date\/1-33\/\" class=\"wp-image-5939\" srcset=\"https:\/\/dicd.tuiasi.ro\/wp-content\/uploads\/2021\/07\/1-33.png 541w, https:\/\/dicd.tuiasi.ro\/wp-content\/uploads\/2021\/07\/1-33-268x300.png 268w\" sizes=\"(max-width: 541px) 100vw, 541px\" \/><figcaption class=\"blocks-gallery-item__caption\">Fig. 1 Conectare phpMyAdmin<\/figcaption><\/figure><\/li><li class=\"blocks-gallery-item\"><figure><img loading=\"lazy\" width=\"1024\" height=\"581\" src=\"https:\/\/dicd.tuiasi.ro\/wp-content\/uploads\/2021\/07\/2-25-1024x581.png\" alt=\"\" data-id=\"5954\" data-full-url=\"https:\/\/dicd.tuiasi.ro\/wp-content\/uploads\/2021\/07\/2-25.png\" data-link=\"https:\/\/dicd.tuiasi.ro\/angajati\/serviciu-baze-de-date\/2-25\/\" class=\"wp-image-5954\" srcset=\"https:\/\/dicd.tuiasi.ro\/wp-content\/uploads\/2021\/07\/2-25-1024x581.png 1024w, https:\/\/dicd.tuiasi.ro\/wp-content\/uploads\/2021\/07\/2-25-300x170.png 300w, https:\/\/dicd.tuiasi.ro\/wp-content\/uploads\/2021\/07\/2-25-768x436.png 768w, https:\/\/dicd.tuiasi.ro\/wp-content\/uploads\/2021\/07\/2-25.png 1253w\" sizes=\"(max-width: 1024px) 100vw, 1024px\" \/><figcaption class=\"blocks-gallery-item__caption\">Fig. 2 Panou de administrare<\/figcaption><\/figure><\/li><\/ul><\/figure>\n\n<\/div><\/div>\n<\/div>","protected":false},"excerpt":{"rendered":"<p>Persoanele care au rela\u021bie contractuala cu Universitatea pot cere accesul la o baz\u0103 de date. Mai jos ve\u021bi g\u0103si instruc\u021biunile necesare pentru crearea \u0219i accesarea unei baze de date. Ace\u0219ti pa\u0219i sunt importan\u021bi dac\u0103 vre\u021bi s\u0103 g\u0103zdui\u021bi un site \u00een cadrul Universit\u0103\u021bii.<\/p>\n","protected":false},"author":8,"featured_media":0,"parent":7699,"menu_order":0,"comment_status":"closed","ping_status":"closed","template":"pagina-prezentare.php","meta":{"advgb_blocks_editor_width":"","advgb_blocks_columns_visual_guide":"","ub_ctt_via":""},"featured_image_urls":{"full":"","thumbnail":"","medium":"","medium_large":"","large":"","1536x1536":"","2048x2048":"","trp-custom-language-flag":"","post-thumbnail":""},"post_excerpt_stackable":"<p>Persoanele care au rela\u021bie contractuala cu Universitatea pot cere accesul la o baz\u0103 de date. Mai jos ve\u021bi g\u0103si instruc\u021biunile necesare pentru crearea \u0219i accesarea unei baze de date. Ace\u0219ti pa\u0219i sunt importan\u021bi dac\u0103 vre\u021bi s\u0103 g\u0103zdui\u021bi un site \u00een cadrul Universit\u0103\u021bii. Ob\u021binerea unei baze de date Pasul 1: Deschidem un tichet la adresa www.support.tuiasi.ro \u00een care trebuie s\u0103 specific\u0103m c\u0103 dorim crearea unei baze de date. \u00cen tichet trebuie s\u0103 men\u021bion\u0103m: motivul pentru care este necesar\u0103;dac\u0103 mai avem alte baze de date \u00een administrare. Accesarea via phpMyAdmin Accesul la pagina phpMyAdmin poate fi realizat numai dac\u0103 sunte\u021bi conectat la&hellip;<\/p>\n","category_list":"","author_info":{"name":"Vladut BUTNARU","url":"https:\/\/dicd.tuiasi.ro\/ro\/author\/vbutnaru\/"},"comments_num":"0 comments","featured_image_src":null,"coauthors":[],"author_meta":{"author_link":"https:\/\/dicd.tuiasi.ro\/ro\/author\/vbutnaru\/","display_name":"Vladut BUTNARU"},"relative_dates":{"created":"Posted 5 ani ago","modified":"Updated 5 ani ago"},"absolute_dates":{"created":"Posted on 19 iulie 2021","modified":"Updated on 22 septembrie 2021"},"absolute_dates_time":{"created":"Posted on 19 iulie 2021 09:23","modified":"Updated on 22 septembrie 2021 13:27"},"featured_img_caption":"","_links":{"self":[{"href":"https:\/\/dicd.tuiasi.ro\/ro\/wp-json\/wp\/v2\/pages\/5333"}],"collection":[{"href":"https:\/\/dicd.tuiasi.ro\/ro\/wp-json\/wp\/v2\/pages"}],"about":[{"href":"https:\/\/dicd.tuiasi.ro\/ro\/wp-json\/wp\/v2\/types\/page"}],"author":[{"embeddable":true,"href":"https:\/\/dicd.tuiasi.ro\/ro\/wp-json\/wp\/v2\/users\/8"}],"replies":[{"embeddable":true,"href":"https:\/\/dicd.tuiasi.ro\/ro\/wp-json\/wp\/v2\/comments?post=5333"}],"version-history":[{"count":11,"href":"https:\/\/dicd.tuiasi.ro\/ro\/wp-json\/wp\/v2\/pages\/5333\/revisions"}],"predecessor-version":[{"id":7729,"href":"https:\/\/dicd.tuiasi.ro\/ro\/wp-json\/wp\/v2\/pages\/5333\/revisions\/7729"}],"up":[{"embeddable":true,"href":"https:\/\/dicd.tuiasi.ro\/ro\/wp-json\/wp\/v2\/pages\/7699"}],"wp:attachment":[{"href":"https:\/\/dicd.tuiasi.ro\/ro\/wp-json\/wp\/v2\/media?parent=5333"}],"curies":[{"name":"wp","href":"https:\/\/api.w.org\/{rel}","templated":true}]}}