{"id":7957,"date":"2021-09-22T17:19:58","date_gmt":"2021-09-22T15:19:58","guid":{"rendered":"https:\/\/dicd.tuiasi.ro\/?page_id=7957"},"modified":"2026-02-27T12:16:52","modified_gmt":"2026-02-27T10:16:52","slug":"manuale-de-utilizare-aplicatii","status":"publish","type":"page","link":"https:\/\/dicd.tuiasi.ro\/ro\/manuale-de-utilizare-aplicatii\/","title":{"rendered":"Manuale de utilizare aplica\u021bii"},"content":{"rendered":"<div class=\"wp-block-ub-content-toggle\" id=\"ub-content-toggle-75560473-244c-43ca-b048-e5f3f9fbbca5\">\n<div id=\"\" class=\"wp-block-ub-content-toggle-accordion\">\n                <div class=\"wp-block-ub-content-toggle-accordion-title-wrap\" aria-expanded=\"false\" aria-controls=\"ub-content-toggle-panel-0-75560473-244c-43ca-b048-e5f3f9fbbca5\" tabindex=\"0\">\n                    <p class=\"wp-block-ub-content-toggle-accordion-title ub-content-toggle-title-75560473-244c-43ca-b048-e5f3f9fbbca5\">Training infrastructur\u0103 inteligent\u0103 de predare &#8211; proiect ELearn4ALL<\/p><div class=\"wp-block-ub-content-toggle-accordion-toggle-wrap right\"><span class=\"wp-block-ub-content-toggle-accordion-state-indicator wp-block-ub-chevron-down\"><\/span>\n                    <\/div><\/div><div role=\"region\" class=\"wp-block-ub-content-toggle-accordion-content-wrap ub-hide\" id=\"ub-content-toggle-panel-0-75560473-244c-43ca-b048-e5f3f9fbbca5\">\n<div class=\"wp-block-ub-content-toggle\" id=\"ub-content-toggle-b68b6252-6f30-468b-9f96-52c8d96af6b6\">\n<div id=\"\" class=\"wp-block-ub-content-toggle-accordion\">\n                <div class=\"wp-block-ub-content-toggle-accordion-title-wrap\" aria-expanded=\"true\" aria-controls=\"ub-content-toggle-panel-0-b68b6252-6f30-468b-9f96-52c8d96af6b6\" tabindex=\"0\">\n                    <p class=\"wp-block-ub-content-toggle-accordion-title ub-content-toggle-title-b68b6252-6f30-468b-9f96-52c8d96af6b6\">Tutorial utilizare tabl\u0103 interactiv\u0103 Promethean ActivPanel Titanium <\/p><div class=\"wp-block-ub-content-toggle-accordion-toggle-wrap right\"><span class=\"wp-block-ub-content-toggle-accordion-state-indicator wp-block-ub-chevron-down open\"><\/span>\n                    <\/div><\/div><div role=\"region\" class=\"wp-block-ub-content-toggle-accordion-content-wrap\" id=\"ub-content-toggle-panel-0-b68b6252-6f30-468b-9f96-52c8d96af6b6\">\n\n<figure class=\"wp-block-embed is-type-video is-provider-youtube wp-block-embed-youtube wp-embed-aspect-16-9 wp-has-aspect-ratio\"><div class=\"wp-block-embed__wrapper\">\n<iframe loading=\"lazy\" title=\"ActivPanel Titanium\" width=\"640\" height=\"360\" src=\"https:\/\/www.youtube.com\/embed\/videoseries?list=PLTTWdUcy0p-5uxc0woHPkvJnkEJRaZJxq\" frameborder=\"0\" allow=\"accelerometer; autoplay; clipboard-write; encrypted-media; gyroscope; picture-in-picture; web-share\" referrerpolicy=\"strict-origin-when-cross-origin\" allowfullscreen><\/iframe>\n<\/div><figcaption>Playlist tutoriale de utilizare<\/figcaption><\/figure>\n\n<\/div><\/div>\n<\/div>\n\n<div class=\"wp-block-ub-content-toggle\" id=\"ub-content-toggle-f7fa1119-9159-471a-ba76-ec84c329351d\">\n<div id=\"\" class=\"wp-block-ub-content-toggle-accordion\">\n                <div class=\"wp-block-ub-content-toggle-accordion-title-wrap\" aria-expanded=\"false\" aria-controls=\"ub-content-toggle-panel-0-f7fa1119-9159-471a-ba76-ec84c329351d\" tabindex=\"0\">\n                    <p class=\"wp-block-ub-content-toggle-accordion-title ub-content-toggle-title-f7fa1119-9159-471a-ba76-ec84c329351d\">Tutorial utilizare camer\u0103 videoconferin\u021b\u0103 Logitech ConferenceCam Connect<\/p><div class=\"wp-block-ub-content-toggle-accordion-toggle-wrap right\"><span class=\"wp-block-ub-content-toggle-accordion-state-indicator wp-block-ub-chevron-down\"><\/span>\n                    <\/div><\/div><div role=\"region\" class=\"wp-block-ub-content-toggle-accordion-content-wrap ub-hide\" id=\"ub-content-toggle-panel-0-f7fa1119-9159-471a-ba76-ec84c329351d\">\n\n<figure class=\"wp-block-embed is-type-video is-provider-youtube wp-block-embed-youtube wp-embed-aspect-16-9 wp-has-aspect-ratio\"><div class=\"wp-block-embed__wrapper\">\n<iframe loading=\"lazy\" title=\"How To Set Up Logitech ConferenceCam Connect\" width=\"640\" height=\"360\" src=\"https:\/\/www.youtube.com\/embed\/zrSKkN_rylM?feature=oembed\" frameborder=\"0\" allow=\"accelerometer; autoplay; clipboard-write; encrypted-media; gyroscope; picture-in-picture; web-share\" referrerpolicy=\"strict-origin-when-cross-origin\" allowfullscreen><\/iframe>\n<\/div><\/figure>\n\n<\/div><\/div>\n<\/div>\n\n<div class=\"wp-block-ub-content-toggle\" id=\"ub-content-toggle-119f4049-2a44-4aae-8d4d-95782df0c6d1\">\n<div id=\"\" class=\"wp-block-ub-content-toggle-accordion\">\n                <div class=\"wp-block-ub-content-toggle-accordion-title-wrap\" aria-expanded=\"false\" aria-controls=\"ub-content-toggle-panel-0-119f4049-2a44-4aae-8d4d-95782df0c6d1\" tabindex=\"0\">\n                    <p class=\"wp-block-ub-content-toggle-accordion-title ub-content-toggle-title-119f4049-2a44-4aae-8d4d-95782df0c6d1\">Instruire utilizare tabl\u0103 interactiv\u0103 Promethean ActivPanel Titanium<\/p><div class=\"wp-block-ub-content-toggle-accordion-toggle-wrap right\"><span class=\"wp-block-ub-content-toggle-accordion-state-indicator wp-block-ub-chevron-down\"><\/span>\n                    <\/div><\/div><div role=\"region\" class=\"wp-block-ub-content-toggle-accordion-content-wrap ub-hide\" id=\"ub-content-toggle-panel-0-119f4049-2a44-4aae-8d4d-95782df0c6d1\">\n\n<figure class=\"wp-block-embed is-type-video is-provider-youtube wp-block-embed-youtube wp-embed-aspect-16-9 wp-has-aspect-ratio\"><div class=\"wp-block-embed__wrapper\">\n<iframe loading=\"lazy\" title=\"Instruire utilizare infrastructur\u0103 inteligent\u0103 de predare - proiect ELearn4ALL (partea 1)\" width=\"640\" height=\"360\" src=\"https:\/\/www.youtube.com\/embed\/6bRfx1yXLPo?feature=oembed\" frameborder=\"0\" allow=\"accelerometer; autoplay; clipboard-write; encrypted-media; gyroscope; picture-in-picture; web-share\" referrerpolicy=\"strict-origin-when-cross-origin\" allowfullscreen><\/iframe>\n<\/div><figcaption>Partea 1<\/figcaption><\/figure>\n\n\n\n<figure class=\"wp-block-embed is-type-video is-provider-youtube wp-block-embed-youtube wp-embed-aspect-16-9 wp-has-aspect-ratio\"><div class=\"wp-block-embed__wrapper\">\n<iframe loading=\"lazy\" title=\"Instruire utilizare infrastructur\u0103 inteligent\u0103 de predare - proiect ELearn4ALL (partea 2)\" width=\"640\" height=\"360\" src=\"https:\/\/www.youtube.com\/embed\/fAeRP_OLS1g?feature=oembed\" frameborder=\"0\" allow=\"accelerometer; autoplay; clipboard-write; encrypted-media; gyroscope; picture-in-picture; web-share\" referrerpolicy=\"strict-origin-when-cross-origin\" allowfullscreen><\/iframe>\n<\/div><figcaption>Partea 2<\/figcaption><\/figure>\n\n<\/div><\/div>\n<\/div>\n<\/div><\/div>\n<\/div>\n\n<div class=\"wp-block-ub-content-toggle\" id=\"ub-content-toggle-6d149aff-b442-43ba-81f2-a199eedb1290\">\n<div id=\"\" class=\"wp-block-ub-content-toggle-accordion\">\n                <div class=\"wp-block-ub-content-toggle-accordion-title-wrap\" aria-expanded=\"false\" aria-controls=\"ub-content-toggle-panel-0-6d149aff-b442-43ba-81f2-a199eedb1290\" tabindex=\"0\">\n                    <p class=\"wp-block-ub-content-toggle-accordion-title ub-content-toggle-title-6d149aff-b442-43ba-81f2-a199eedb1290\">Manual utilizare Matlab \u00een JupyterHub<\/p><div class=\"wp-block-ub-content-toggle-accordion-toggle-wrap right\"><span class=\"wp-block-ub-content-toggle-accordion-state-indicator wp-block-ub-chevron-down\"><\/span>\n                    <\/div><\/div><div role=\"region\" class=\"wp-block-ub-content-toggle-accordion-content-wrap ub-hide\" id=\"ub-content-toggle-panel-0-6d149aff-b442-43ba-81f2-a199eedb1290\">\n\n<div class=\"wp-block-file\"><object class=\"wp-block-file__embed\" data=\"https:\/\/dicd.tuiasi.ro\/wp-content\/uploads\/2026\/02\/Ghid-utilizare-Matlab-in-JupyterHub.pdf\" type=\"application\/pdf\" style=\"width:100%;height:600px\" aria-label=\"\u00cenglobare pentru Ghid-utilizare-Matlab-in-JupyterHub.\"><\/object><a href=\"https:\/\/dicd.tuiasi.ro\/wp-content\/uploads\/2026\/02\/Ghid-utilizare-Matlab-in-JupyterHub.pdf\">Ghid-utilizare-Matlab-in-JupyterHub<\/a><a href=\"https:\/\/dicd.tuiasi.ro\/wp-content\/uploads\/2026\/02\/Ghid-utilizare-Matlab-in-JupyterHub.pdf\" class=\"wp-block-file__button\" download>Descarc\u0103<\/a><\/div>\n\n<\/div><\/div>\n<\/div>\n\n<div class=\"wp-block-ub-content-toggle\" id=\"ub-content-toggle-fbaeeddb-ef6d-4bb4-a3ed-ad7186fba629\">\n<div id=\"\" class=\"wp-block-ub-content-toggle-accordion\">\n                <div class=\"wp-block-ub-content-toggle-accordion-title-wrap\" aria-expanded=\"false\" aria-controls=\"ub-content-toggle-panel-0-fbaeeddb-ef6d-4bb4-a3ed-ad7186fba629\" tabindex=\"0\">\n                    <p class=\"wp-block-ub-content-toggle-accordion-title ub-content-toggle-title-fbaeeddb-ef6d-4bb4-a3ed-ad7186fba629\">Manual utilizare aplica\u021bii Google<\/p><div class=\"wp-block-ub-content-toggle-accordion-toggle-wrap right\"><span class=\"wp-block-ub-content-toggle-accordion-state-indicator wp-block-ub-chevron-down\"><\/span>\n                    <\/div><\/div><div role=\"region\" class=\"wp-block-ub-content-toggle-accordion-content-wrap ub-hide\" id=\"ub-content-toggle-panel-0-fbaeeddb-ef6d-4bb4-a3ed-ad7186fba629\">\n\n<div class=\"wp-block-file\"><object class=\"wp-block-file__embed\" data=\"https:\/\/dicd.tuiasi.ro\/wp-content\/uploads\/2020\/06\/ghid-utilizare-google-v5.pdf\" type=\"application\/pdf\" style=\"width:100%;height:600px\" aria-label=\"PDF embed\"><\/object><a href=\"https:\/\/dicd.tuiasi.ro\/wp-content\/uploads\/2020\/06\/ghid-utilizare-google-v5.pdf\" class=\"wp-block-file__button\" download>Descarc\u0103<\/a><\/div>\n\n<\/div><\/div>\n<\/div>\n\n<div class=\"wp-block-ub-content-toggle\" id=\"ub-content-toggle-3672f4ff-2da1-4b7f-bee1-c3d0ec410f2c\">\n<div id=\"\" class=\"wp-block-ub-content-toggle-accordion\">\n                <div class=\"wp-block-ub-content-toggle-accordion-title-wrap\" aria-expanded=\"false\" aria-controls=\"ub-content-toggle-panel-0-3672f4ff-2da1-4b7f-bee1-c3d0ec410f2c\" tabindex=\"0\">\n                    <p class=\"wp-block-ub-content-toggle-accordion-title ub-content-toggle-title-3672f4ff-2da1-4b7f-bee1-c3d0ec410f2c\">Manual utilizare Microsoft Teams<\/p><div class=\"wp-block-ub-content-toggle-accordion-toggle-wrap right\"><span class=\"wp-block-ub-content-toggle-accordion-state-indicator wp-block-ub-chevron-down\"><\/span>\n                    <\/div><\/div><div role=\"region\" class=\"wp-block-ub-content-toggle-accordion-content-wrap ub-hide\" id=\"ub-content-toggle-panel-0-3672f4ff-2da1-4b7f-bee1-c3d0ec410f2c\">\n\n<div class=\"wp-block-file\"><object class=\"wp-block-file__embed\" data=\"https:\/\/dicd.tuiasi.ro\/wp-content\/uploads\/2020\/06\/ghid-utilizare-microsoft-teams-v5.pdf\" type=\"application\/pdf\" style=\"width:100%;height:600px\" aria-label=\"PDF embed\"><\/object><a href=\"https:\/\/dicd.tuiasi.ro\/wp-content\/uploads\/2020\/06\/ghid-utilizare-microsoft-teams-v5.pdf\" class=\"wp-block-file__button\" download>Descarc\u0103<\/a><\/div>\n\n<\/div><\/div>\n<\/div>\n\n<div class=\"wp-block-ub-content-toggle\" id=\"ub-content-toggle-236b9438-122a-408e-992b-9b1e5e585eeb\">\n<div id=\"\" class=\"wp-block-ub-content-toggle-accordion\">\n                <div class=\"wp-block-ub-content-toggle-accordion-title-wrap\" aria-expanded=\"false\" aria-controls=\"ub-content-toggle-panel-0-236b9438-122a-408e-992b-9b1e5e585eeb\" tabindex=\"0\">\n                    <p class=\"wp-block-ub-content-toggle-accordion-title ub-content-toggle-title-236b9438-122a-408e-992b-9b1e5e585eeb\">Manual utilizare Moodle<\/p><div class=\"wp-block-ub-content-toggle-accordion-toggle-wrap right\"><span class=\"wp-block-ub-content-toggle-accordion-state-indicator wp-block-ub-chevron-down\"><\/span>\n                    <\/div><\/div><div role=\"region\" class=\"wp-block-ub-content-toggle-accordion-content-wrap ub-hide\" id=\"ub-content-toggle-panel-0-236b9438-122a-408e-992b-9b1e5e585eeb\">\n\n<div class=\"wp-block-file\"><object class=\"wp-block-file__embed\" data=\"https:\/\/dicd.tuiasi.ro\/wp-content\/uploads\/2021\/09\/Platforma-Educationala-TUIASI-Manual-de-utilizare-v1.2.pdf\" type=\"application\/pdf\" style=\"width:100%;height:600px\" aria-label=\"PDF embed\"><\/object><a href=\"https:\/\/dicd.tuiasi.ro\/wp-content\/uploads\/2021\/09\/Platforma-Educationala-TUIASI-Manual-de-utilizare-v1.2.pdf\" class=\"wp-block-file__button\" download>Descarc\u0103<\/a><\/div>\n\n<\/div><\/div>\n<\/div>","protected":false},"excerpt":{"rendered":"","protected":false},"author":8,"featured_media":0,"parent":0,"menu_order":0,"comment_status":"closed","ping_status":"closed","template":"","meta":{"advgb_blocks_editor_width":"","advgb_blocks_columns_visual_guide":"","ub_ctt_via":""},"featured_image_urls":{"full":"","thumbnail":"","medium":"","medium_large":"","large":"","1536x1536":"","2048x2048":"","trp-custom-language-flag":"","post-thumbnail":""},"post_excerpt_stackable":"<p>Training infrastructur\u0103 inteligent\u0103 de predare &#8211; proiect ELearn4ALL Tutorial utilizare tabl\u0103 interactiv\u0103 Promethean ActivPanel Titanium Playlist tutoriale de utilizare Tutorial utilizare camer\u0103 videoconferin\u021b\u0103 Logitech ConferenceCam Connect Instruire utilizare tabl\u0103 interactiv\u0103 Promethean ActivPanel Titanium Partea 1 Partea 2 Manual utilizare Matlab \u00een JupyterHub Ghid-utilizare-Matlab-in-JupyterHubDescarc\u0103 Manual utilizare aplica\u021bii Google Descarc\u0103 Manual utilizare Microsoft Teams Descarc\u0103 Manual utilizare Moodle Descarc\u0103<\/p>\n","category_list":"","author_info":{"name":"Vladut BUTNARU","url":"https:\/\/dicd.tuiasi.ro\/ro\/author\/vbutnaru\/"},"comments_num":"0 comments","featured_image_src":null,"coauthors":[],"author_meta":{"author_link":"https:\/\/dicd.tuiasi.ro\/ro\/author\/vbutnaru\/","display_name":"Vladut BUTNARU"},"relative_dates":{"created":"Posted 5 ani ago","modified":"Updated 2 luni ago"},"absolute_dates":{"created":"Posted on 22 septembrie 2021","modified":"Updated on 27 februarie 2026"},"absolute_dates_time":{"created":"Posted on 22 septembrie 2021 17:19","modified":"Updated on 27 februarie 2026 12:16"},"featured_img_caption":"","_links":{"self":[{"href":"https:\/\/dicd.tuiasi.ro\/ro\/wp-json\/wp\/v2\/pages\/7957"}],"collection":[{"href":"https:\/\/dicd.tuiasi.ro\/ro\/wp-json\/wp\/v2\/pages"}],"about":[{"href":"https:\/\/dicd.tuiasi.ro\/ro\/wp-json\/wp\/v2\/types\/page"}],"author":[{"embeddable":true,"href":"https:\/\/dicd.tuiasi.ro\/ro\/wp-json\/wp\/v2\/users\/8"}],"replies":[{"embeddable":true,"href":"https:\/\/dicd.tuiasi.ro\/ro\/wp-json\/wp\/v2\/comments?post=7957"}],"version-history":[{"count":13,"href":"https:\/\/dicd.tuiasi.ro\/ro\/wp-json\/wp\/v2\/pages\/7957\/revisions"}],"predecessor-version":[{"id":12963,"href":"https:\/\/dicd.tuiasi.ro\/ro\/wp-json\/wp\/v2\/pages\/7957\/revisions\/12963"}],"wp:attachment":[{"href":"https:\/\/dicd.tuiasi.ro\/ro\/wp-json\/wp\/v2\/media?parent=7957"}],"curies":[{"name":"wp","href":"https:\/\/api.w.org\/{rel}","templated":true}]}}