{"id":8716,"date":"2021-09-23T12:11:28","date_gmt":"2021-09-23T10:11:28","guid":{"rendered":"https:\/\/dicd.tuiasi.ro\/?page_id=8716"},"modified":"2024-04-08T14:43:50","modified_gmt":"2024-04-08T12:43:50","slug":"sintact-v4","status":"publish","type":"page","link":"https:\/\/dicd.tuiasi.ro\/ro\/angajati\/sintact-v4\/","title":{"rendered":"SintAct V4"},"content":{"rendered":"<div class=\"wp-block-ub-content-toggle\" id=\"ub-content-toggle-c8778b9c-8f7a-4efb-b6c8-79445f0f99d4\">\n<div id=\"\" class=\"wp-block-ub-content-toggle-accordion\">\n                <div class=\"wp-block-ub-content-toggle-accordion-title-wrap\" aria-expanded=\"false\" aria-controls=\"ub-content-toggle-panel-0-c8778b9c-8f7a-4efb-b6c8-79445f0f99d4\" tabindex=\"0\">\n                    <p class=\"wp-block-ub-content-toggle-accordion-title ub-content-toggle-title-c8778b9c-8f7a-4efb-b6c8-79445f0f99d4\">Procedura de instalare a clientului SintAct versiunea 4<\/p><div class=\"wp-block-ub-content-toggle-accordion-toggle-wrap right\"><span class=\"wp-block-ub-content-toggle-accordion-state-indicator wp-block-ub-chevron-down\"><\/span>\n                    <\/div><\/div><div role=\"region\" class=\"wp-block-ub-content-toggle-accordion-content-wrap ub-hide\" id=\"ub-content-toggle-panel-0-c8778b9c-8f7a-4efb-b6c8-79445f0f99d4\">\n\n<p><strong>Pasul 1:<\/strong> Desc\u0103rc\u0103m \u0219i salv\u0103m clientul <strong><a rel=\"noreferrer noopener\" href=\"http:\/\/sintact.tuiasi.ro:25252\/sintact4client.exe\" data-type=\"URL\" data-id=\"http:\/\/sintact.tuiasi.ro:25252\/sintact4client.exe\" target=\"_blank\">Sintact<\/a><\/strong>.<\/p>\n\n\n\n<p><strong>Pasul 2: <\/strong>Deschidem executabilul desc\u0103rcat anterior.<\/p>\n\n\n\n<p><strong>Pasul 3:<\/strong> Ap\u0103s\u0103m pe butonul &#8222;Continu\u0103&#8221; (Fig. 1).<\/p>\n\n\n\n<p><strong>Pasul 4:<\/strong> Select\u0103m \u201cAccept licen\u0163a\u201c, apoi ap\u0103s\u0103m butonul \u201cContinu\u0103\u201c (Fig. 2).<\/p>\n\n\n\n<p><strong>Pasul 5:<\/strong> Select\u0103m op\u021biunile pe care le dorim. &#8222;<strong>Creeaza o iconita pe desktop<\/strong>&#8221; sau &#8222;<strong>Creeaza o iconita in Start<\/strong>&#8221; (Fig. 3).<\/p>\n\n\n\n<p><strong>Pasul 6<\/strong>: Op\u021bional, putem schimba loca\u021bia unde se va instala programul, dar recomandat este s\u0103 l\u0103s\u0103m op\u021biunea default, iar apoi ap\u0103s\u0103m pe &#8222;<strong>Continu\u0103<\/strong>&#8221; (Fig. 4).<\/p>\n\n\n\n<p><strong>Pasul 7:<\/strong> Continu\u0103m instalarea ap\u0103s\u00e2nd pe butonul &#8222;Instaleaz\u0103&#8221; (Fig. 5).<\/p>\n\n\n\n<p><strong>Pasul 8:<\/strong> Pornim instalarea ap\u0103s\u00e2nd pe butonul &#8222;<strong>Continu\u0103<\/strong>&#8221; (Fig. 6).<\/p>\n\n\n\n<p><strong>Pasul 9:<\/strong> Astept\u0103m finalizarea instal\u0103rii (Fig. 7), iar apoi putem inchide fereastra (Fig. 8).<\/p>\n\n\n\n<figure class=\"wp-block-gallery columns-3 is-cropped\"><ul class=\"blocks-gallery-grid\"><li class=\"blocks-gallery-item\"><figure><img loading=\"lazy\" width=\"503\" height=\"385\" src=\"https:\/\/dicd.tuiasi.ro\/wp-content\/uploads\/2021\/09\/1.jpg\" alt=\"\" data-id=\"8725\" data-full-url=\"https:\/\/dicd.tuiasi.ro\/wp-content\/uploads\/2021\/09\/1.jpg\" data-link=\"https:\/\/dicd.tuiasi.ro\/angajati\/sintact-v4\/1-35\/\" class=\"wp-image-8725\" srcset=\"https:\/\/dicd.tuiasi.ro\/wp-content\/uploads\/2021\/09\/1.jpg 503w, https:\/\/dicd.tuiasi.ro\/wp-content\/uploads\/2021\/09\/1-300x230.jpg 300w\" sizes=\"(max-width: 503px) 100vw, 503px\" \/><figcaption class=\"blocks-gallery-item__caption\">Fig. 1 \u00cenceput instalare<\/figcaption><\/figure><\/li><li class=\"blocks-gallery-item\"><figure><img loading=\"lazy\" width=\"503\" height=\"385\" src=\"https:\/\/dicd.tuiasi.ro\/wp-content\/uploads\/2021\/09\/2.jpg\" alt=\"\" data-id=\"8728\" data-full-url=\"https:\/\/dicd.tuiasi.ro\/wp-content\/uploads\/2021\/09\/2.jpg\" data-link=\"https:\/\/dicd.tuiasi.ro\/angajati\/sintact-v4\/2-28\/\" class=\"wp-image-8728\" srcset=\"https:\/\/dicd.tuiasi.ro\/wp-content\/uploads\/2021\/09\/2.jpg 503w, https:\/\/dicd.tuiasi.ro\/wp-content\/uploads\/2021\/09\/2-300x230.jpg 300w\" sizes=\"(max-width: 503px) 100vw, 503px\" \/><figcaption class=\"blocks-gallery-item__caption\">Fig. 2 Acceptare licen\u021b\u0103<\/figcaption><\/figure><\/li><li class=\"blocks-gallery-item\"><figure><img loading=\"lazy\" width=\"503\" height=\"385\" src=\"https:\/\/dicd.tuiasi.ro\/wp-content\/uploads\/2021\/09\/3.jpg\" alt=\"\" data-id=\"8731\" data-full-url=\"https:\/\/dicd.tuiasi.ro\/wp-content\/uploads\/2021\/09\/3.jpg\" data-link=\"https:\/\/dicd.tuiasi.ro\/angajati\/sintact-v4\/3-18\/\" class=\"wp-image-8731\" srcset=\"https:\/\/dicd.tuiasi.ro\/wp-content\/uploads\/2021\/09\/3.jpg 503w, https:\/\/dicd.tuiasi.ro\/wp-content\/uploads\/2021\/09\/3-300x230.jpg 300w\" sizes=\"(max-width: 503px) 100vw, 503px\" \/><figcaption class=\"blocks-gallery-item__caption\">Fig. 3 Op\u021biuni<\/figcaption><\/figure><\/li><li class=\"blocks-gallery-item\"><figure><img loading=\"lazy\" width=\"503\" height=\"385\" src=\"https:\/\/dicd.tuiasi.ro\/wp-content\/uploads\/2021\/09\/4.jpg\" alt=\"\" data-id=\"8734\" data-full-url=\"https:\/\/dicd.tuiasi.ro\/wp-content\/uploads\/2021\/09\/4.jpg\" data-link=\"https:\/\/dicd.tuiasi.ro\/angajati\/sintact-v4\/4-13\/\" class=\"wp-image-8734\" srcset=\"https:\/\/dicd.tuiasi.ro\/wp-content\/uploads\/2021\/09\/4.jpg 503w, https:\/\/dicd.tuiasi.ro\/wp-content\/uploads\/2021\/09\/4-300x230.jpg 300w\" sizes=\"(max-width: 503px) 100vw, 503px\" \/><figcaption class=\"blocks-gallery-item__caption\">Fig. 4 Director instalare<\/figcaption><\/figure><\/li><li class=\"blocks-gallery-item\"><figure><img loading=\"lazy\" width=\"503\" height=\"385\" src=\"https:\/\/dicd.tuiasi.ro\/wp-content\/uploads\/2021\/09\/5.jpg\" alt=\"\" data-id=\"8737\" data-full-url=\"https:\/\/dicd.tuiasi.ro\/wp-content\/uploads\/2021\/09\/5.jpg\" data-link=\"https:\/\/dicd.tuiasi.ro\/angajati\/sintact-v4\/5-11\/\" class=\"wp-image-8737\" srcset=\"https:\/\/dicd.tuiasi.ro\/wp-content\/uploads\/2021\/09\/5.jpg 503w, https:\/\/dicd.tuiasi.ro\/wp-content\/uploads\/2021\/09\/5-300x230.jpg 300w\" sizes=\"(max-width: 503px) 100vw, 503px\" \/><figcaption class=\"blocks-gallery-item__caption\">Fig. 5 Continu\u0103 instalarea<\/figcaption><\/figure><\/li><li class=\"blocks-gallery-item\"><figure><img loading=\"lazy\" width=\"503\" height=\"385\" src=\"https:\/\/dicd.tuiasi.ro\/wp-content\/uploads\/2021\/09\/6.jpg\" alt=\"\" data-id=\"8740\" data-full-url=\"https:\/\/dicd.tuiasi.ro\/wp-content\/uploads\/2021\/09\/6.jpg\" data-link=\"https:\/\/dicd.tuiasi.ro\/angajati\/sintact-v4\/6-7\/\" class=\"wp-image-8740\" srcset=\"https:\/\/dicd.tuiasi.ro\/wp-content\/uploads\/2021\/09\/6.jpg 503w, https:\/\/dicd.tuiasi.ro\/wp-content\/uploads\/2021\/09\/6-300x230.jpg 300w\" sizes=\"(max-width: 503px) 100vw, 503px\" \/><figcaption class=\"blocks-gallery-item__caption\">Fig. 6 Pornire instalare<\/figcaption><\/figure><\/li><li class=\"blocks-gallery-item\"><figure><img loading=\"lazy\" width=\"503\" height=\"385\" src=\"https:\/\/dicd.tuiasi.ro\/wp-content\/uploads\/2021\/09\/7.jpg\" alt=\"\" data-id=\"8743\" data-full-url=\"https:\/\/dicd.tuiasi.ro\/wp-content\/uploads\/2021\/09\/7.jpg\" data-link=\"https:\/\/dicd.tuiasi.ro\/angajati\/sintact-v4\/7-8\/\" class=\"wp-image-8743\" srcset=\"https:\/\/dicd.tuiasi.ro\/wp-content\/uploads\/2021\/09\/7.jpg 503w, https:\/\/dicd.tuiasi.ro\/wp-content\/uploads\/2021\/09\/7-300x230.jpg 300w\" sizes=\"(max-width: 503px) 100vw, 503px\" \/><figcaption class=\"blocks-gallery-item__caption\">Fig. 7 Instalare \u00een curs<\/figcaption><\/figure><\/li><li class=\"blocks-gallery-item\"><figure><img loading=\"lazy\" width=\"503\" height=\"385\" src=\"https:\/\/dicd.tuiasi.ro\/wp-content\/uploads\/2021\/09\/8.jpg\" alt=\"\" data-id=\"8746\" data-full-url=\"https:\/\/dicd.tuiasi.ro\/wp-content\/uploads\/2021\/09\/8.jpg\" data-link=\"https:\/\/dicd.tuiasi.ro\/angajati\/sintact-v4\/8-6\/\" class=\"wp-image-8746\" srcset=\"https:\/\/dicd.tuiasi.ro\/wp-content\/uploads\/2021\/09\/8.jpg 503w, https:\/\/dicd.tuiasi.ro\/wp-content\/uploads\/2021\/09\/8-300x230.jpg 300w\" sizes=\"(max-width: 503px) 100vw, 503px\" \/><figcaption class=\"blocks-gallery-item__caption\">Fig. 8 Finalizare instalare<\/figcaption><\/figure><\/li><\/ul><\/figure>\n\n<\/div><\/div>\n<\/div>\n\n<div class=\"wp-block-ub-content-toggle\" id=\"ub-content-toggle-54d4b021-d14a-4b0f-9956-ad1c1c6a9f71\">\n<div id=\"\" class=\"wp-block-ub-content-toggle-accordion\">\n                <div class=\"wp-block-ub-content-toggle-accordion-title-wrap\" aria-expanded=\"false\" aria-controls=\"ub-content-toggle-panel-0-54d4b021-d14a-4b0f-9956-ad1c1c6a9f71\" tabindex=\"0\">\n                    <p class=\"wp-block-ub-content-toggle-accordion-title ub-content-toggle-title-54d4b021-d14a-4b0f-9956-ad1c1c6a9f71\">Configurare client<\/p><div class=\"wp-block-ub-content-toggle-accordion-toggle-wrap right\"><span class=\"wp-block-ub-content-toggle-accordion-state-indicator wp-block-ub-chevron-down\"><\/span>\n                    <\/div><\/div><div role=\"region\" class=\"wp-block-ub-content-toggle-accordion-content-wrap ub-hide\" id=\"ub-content-toggle-panel-0-54d4b021-d14a-4b0f-9956-ad1c1c6a9f71\">\n\n<p><strong>Pasul 1:<\/strong> Pornim aplica\u0163ia client SintAct, folosind legatura din meniul de start sau legatura de pe desktop.<\/p>\n\n\n\n<p><strong>Pasul 2:<\/strong> Ap\u0103s\u0103m butonul \u201c<strong>Configuratie<\/strong>\u201c (Fig. 9).<\/p>\n\n\n\n<p><strong>Pasul 3<\/strong>: Complet\u0103m c\u00e2mpul \u201c<strong>Adresa<\/strong>\u201d cu textul \u201c<strong>sintact.tuiasi.ro<\/strong>\u201d, iar c\u00e2mpul &#8222;<strong>Port<\/strong>&#8221; cu valoarea &#8222;<strong>25252<\/strong>&#8222;. Dupa completare ap\u0103s\u0103m pe &#8222;<strong>Aplic\u0103<\/strong>&#8221; (Fig. 10).<\/p>\n\n\n\n<p><strong>Pasul 4:<\/strong> Pentru autentificare introducem numele \u015fi parola (Fig. 11)<\/p>\n\n\n\n<figure class=\"wp-block-gallery columns-3 is-cropped\"><ul class=\"blocks-gallery-grid\"><li class=\"blocks-gallery-item\"><figure><img loading=\"lazy\" width=\"336\" height=\"204\" src=\"https:\/\/dicd.tuiasi.ro\/wp-content\/uploads\/2021\/09\/9.jpg\" alt=\"\" data-id=\"8755\" data-link=\"https:\/\/dicd.tuiasi.ro\/angajati\/sintact-v4\/9-5\/\" class=\"wp-image-8755\" srcset=\"https:\/\/dicd.tuiasi.ro\/wp-content\/uploads\/2021\/09\/9.jpg 336w, https:\/\/dicd.tuiasi.ro\/wp-content\/uploads\/2021\/09\/9-300x182.jpg 300w\" sizes=\"(max-width: 336px) 100vw, 336px\" \/><figcaption class=\"blocks-gallery-item__caption\">Fig. 9 Configuratie<\/figcaption><\/figure><\/li><li class=\"blocks-gallery-item\"><figure><img loading=\"lazy\" width=\"336\" height=\"358\" src=\"https:\/\/dicd.tuiasi.ro\/wp-content\/uploads\/2021\/09\/10.jpg\" alt=\"\" data-id=\"8758\" data-link=\"https:\/\/dicd.tuiasi.ro\/angajati\/sintact-v4\/attachment\/10\/\" class=\"wp-image-8758\" srcset=\"https:\/\/dicd.tuiasi.ro\/wp-content\/uploads\/2021\/09\/10.jpg 336w, https:\/\/dicd.tuiasi.ro\/wp-content\/uploads\/2021\/09\/10-282x300.jpg 282w\" sizes=\"(max-width: 336px) 100vw, 336px\" \/><figcaption class=\"blocks-gallery-item__caption\">Fig. 10 Adres\u0103 \u0219i port<\/figcaption><\/figure><\/li><li class=\"blocks-gallery-item\"><figure><img loading=\"lazy\" width=\"336\" height=\"204\" src=\"https:\/\/dicd.tuiasi.ro\/wp-content\/uploads\/2021\/09\/9-1.jpg\" alt=\"\" data-id=\"8761\" data-full-url=\"https:\/\/dicd.tuiasi.ro\/wp-content\/uploads\/2021\/09\/9-1.jpg\" data-link=\"https:\/\/dicd.tuiasi.ro\/angajati\/sintact-v4\/9-1-2\/\" class=\"wp-image-8761\" srcset=\"https:\/\/dicd.tuiasi.ro\/wp-content\/uploads\/2021\/09\/9-1.jpg 336w, https:\/\/dicd.tuiasi.ro\/wp-content\/uploads\/2021\/09\/9-1-300x182.jpg 300w\" sizes=\"(max-width: 336px) 100vw, 336px\" \/><figcaption class=\"blocks-gallery-item__caption\">Fig. 11 Autentificare<\/figcaption><\/figure><\/li><\/ul><\/figure>\n\n\n\n<p><\/p>\n\n<\/div><\/div>\n\n<div id=\"\" class=\"wp-block-ub-content-toggle-accordion\">\n                <div class=\"wp-block-ub-content-toggle-accordion-title-wrap\" aria-expanded=\"false\" aria-controls=\"ub-content-toggle-panel-1-54d4b021-d14a-4b0f-9956-ad1c1c6a9f71\" tabindex=\"0\">\n                    <p class=\"wp-block-ub-content-toggle-accordion-title ub-content-toggle-title-54d4b021-d14a-4b0f-9956-ad1c1c6a9f71\">INFO<\/p><div class=\"wp-block-ub-content-toggle-accordion-toggle-wrap right\"><span class=\"wp-block-ub-content-toggle-accordion-state-indicator wp-block-ub-chevron-down\"><\/span>\n                    <\/div><\/div><div role=\"region\" class=\"wp-block-ub-content-toggle-accordion-content-wrap ub-hide\" id=\"ub-content-toggle-panel-1-54d4b021-d14a-4b0f-9956-ad1c1c6a9f71\">\n\n<p>Dac\u0103 browser-ul pe care \u00eel folosi\u021bi nu reu\u0219e\u0219te s\u0103 descarce aplica\u021bia v\u0103 sf\u0103tuim s\u0103 desc\u0103rca\u021bi aplica\u021bia Sintact v4.0 folosind browser-ul Firefox.<\/p>\n\n\n\n<p>\u00cen cazul \u00een care folosind browser-ul Firefox clientul de sintact nu se descarc\u0103 vom proceda ca \u00een exemplul urm\u0103tor:<\/p>\n\n\n\n<p><br>Pas 1: Vom permite desc\u0103rcarea <em>Allow download<\/em><\/p>\n\n\n\n<p>Pas 2: Vom permite instalarea <em>More info -&gt; Run anyway<\/em><\/p>\n\n\n\n<p><\/p>\n\n\n\n<figure class=\"wp-block-gallery aligncenter columns-3 is-cropped\"><ul class=\"blocks-gallery-grid\"><li class=\"blocks-gallery-item\"><figure><img loading=\"lazy\" width=\"673\" height=\"333\" src=\"https:\/\/dicd.tuiasi.ro\/wp-content\/uploads\/2024\/04\/2-1.jpg\" alt=\"\" data-id=\"11754\" data-full-url=\"https:\/\/dicd.tuiasi.ro\/wp-content\/uploads\/2024\/04\/2-1.jpg\" data-link=\"https:\/\/dicd.tuiasi.ro\/angajati\/sintact-v4\/2-1-6\/\" class=\"wp-image-11754\" srcset=\"https:\/\/dicd.tuiasi.ro\/wp-content\/uploads\/2024\/04\/2-1.jpg 673w, https:\/\/dicd.tuiasi.ro\/wp-content\/uploads\/2024\/04\/2-1-300x148.jpg 300w, https:\/\/dicd.tuiasi.ro\/wp-content\/uploads\/2024\/04\/2-1-18x9.jpg 18w\" sizes=\"(max-width: 673px) 100vw, 673px\" \/><\/figure><\/li><li class=\"blocks-gallery-item\"><figure><img loading=\"lazy\" width=\"739\" height=\"657\" src=\"https:\/\/dicd.tuiasi.ro\/wp-content\/uploads\/2024\/04\/3-1.jpg\" alt=\"\" data-id=\"11757\" data-full-url=\"https:\/\/dicd.tuiasi.ro\/wp-content\/uploads\/2024\/04\/3-1.jpg\" data-link=\"https:\/\/dicd.tuiasi.ro\/angajati\/sintact-v4\/3-1-6\/\" class=\"wp-image-11757\" srcset=\"https:\/\/dicd.tuiasi.ro\/wp-content\/uploads\/2024\/04\/3-1.jpg 739w, https:\/\/dicd.tuiasi.ro\/wp-content\/uploads\/2024\/04\/3-1-300x267.jpg 300w, https:\/\/dicd.tuiasi.ro\/wp-content\/uploads\/2024\/04\/3-1-13x12.jpg 13w\" sizes=\"(max-width: 739px) 100vw, 739px\" \/><\/figure><\/li><li class=\"blocks-gallery-item\"><figure><img loading=\"lazy\" width=\"727\" height=\"670\" src=\"https:\/\/dicd.tuiasi.ro\/wp-content\/uploads\/2024\/04\/4-1.jpg\" alt=\"\" data-id=\"11760\" data-full-url=\"https:\/\/dicd.tuiasi.ro\/wp-content\/uploads\/2024\/04\/4-1.jpg\" data-link=\"https:\/\/dicd.tuiasi.ro\/angajati\/sintact-v4\/4-1-6\/\" class=\"wp-image-11760\" srcset=\"https:\/\/dicd.tuiasi.ro\/wp-content\/uploads\/2024\/04\/4-1.jpg 727w, https:\/\/dicd.tuiasi.ro\/wp-content\/uploads\/2024\/04\/4-1-300x276.jpg 300w, https:\/\/dicd.tuiasi.ro\/wp-content\/uploads\/2024\/04\/4-1-13x12.jpg 13w\" sizes=\"(max-width: 727px) 100vw, 727px\" \/><\/figure><\/li><\/ul><\/figure>\n\n\n\n<p>\u00cen cazul \u00een care a\u021bi reu\u0219it s\u0103 instala\u021bi aplica\u021bia dar aceasta nu se deschide vom proceda ca \u00een exemplul urm\u0103tor:<br>Pas1: Acces\u0103m <em>Properties<\/em> ap\u0103s\u00e2nd click dreapta pe iconi\u021ba <em>This PC<\/em> <br><em>This PC -> Properties -> About -> Advanced system settings -> <\/em>Tab-ul<em> Advanced ->Settings&#8230; -> <\/em>Tab-ul <em>Data Execution Prevention<\/em><br><br>Pas2: Acum cu ajutorul butonului <em>Add&#8230; <\/em>vom ad\u0103uga executabilul <em>sintact4.exe <\/em>\u0219i <em>sintact4viewer.exe<\/em> pe care \u00eel reg\u0103sim (default) la urm\u0103toarea adres\u0103 <em>C:\\Program Files (x86)\\Wolters Kluwer\\Sintact 4.0<\/em>\\wkengine\\<br><\/p>\n\n\n\n<figure class=\"wp-block-gallery columns-4 is-cropped\"><ul class=\"blocks-gallery-grid\"><li class=\"blocks-gallery-item\"><figure><img loading=\"lazy\" width=\"338\" height=\"630\" src=\"https:\/\/dicd.tuiasi.ro\/wp-content\/uploads\/2024\/04\/Screenshot_2024-04-08_15-36-58.png\" alt=\"\" data-id=\"11787\" data-full-url=\"https:\/\/dicd.tuiasi.ro\/wp-content\/uploads\/2024\/04\/Screenshot_2024-04-08_15-36-58.png\" data-link=\"https:\/\/dicd.tuiasi.ro\/angajati\/sintact-v4\/screenshot_2024-04-08_15-36-58\/\" class=\"wp-image-11787\" srcset=\"https:\/\/dicd.tuiasi.ro\/wp-content\/uploads\/2024\/04\/Screenshot_2024-04-08_15-36-58.png 338w, https:\/\/dicd.tuiasi.ro\/wp-content\/uploads\/2024\/04\/Screenshot_2024-04-08_15-36-58-161x300.png 161w, https:\/\/dicd.tuiasi.ro\/wp-content\/uploads\/2024\/04\/Screenshot_2024-04-08_15-36-58-6x12.png 6w\" sizes=\"(max-width: 338px) 100vw, 338px\" \/><\/figure><\/li><li class=\"blocks-gallery-item\"><figure><img loading=\"lazy\" width=\"815\" height=\"642\" src=\"https:\/\/dicd.tuiasi.ro\/wp-content\/uploads\/2024\/04\/Screenshot_2024-04-08_15-35-45.png\" alt=\"\" data-id=\"11790\" data-full-url=\"https:\/\/dicd.tuiasi.ro\/wp-content\/uploads\/2024\/04\/Screenshot_2024-04-08_15-35-45.png\" data-link=\"https:\/\/dicd.tuiasi.ro\/angajati\/sintact-v4\/screenshot_2024-04-08_15-35-45\/\" class=\"wp-image-11790\" srcset=\"https:\/\/dicd.tuiasi.ro\/wp-content\/uploads\/2024\/04\/Screenshot_2024-04-08_15-35-45.png 815w, https:\/\/dicd.tuiasi.ro\/wp-content\/uploads\/2024\/04\/Screenshot_2024-04-08_15-35-45-300x236.png 300w, https:\/\/dicd.tuiasi.ro\/wp-content\/uploads\/2024\/04\/Screenshot_2024-04-08_15-35-45-768x605.png 768w, https:\/\/dicd.tuiasi.ro\/wp-content\/uploads\/2024\/04\/Screenshot_2024-04-08_15-35-45-15x12.png 15w\" sizes=\"(max-width: 815px) 100vw, 815px\" \/><\/figure><\/li><li class=\"blocks-gallery-item\"><figure><img loading=\"lazy\" width=\"423\" height=\"475\" src=\"https:\/\/dicd.tuiasi.ro\/wp-content\/uploads\/2024\/04\/Screenshot_2024-04-08_15-35-23.png\" alt=\"\" data-id=\"11793\" data-full-url=\"https:\/\/dicd.tuiasi.ro\/wp-content\/uploads\/2024\/04\/Screenshot_2024-04-08_15-35-23.png\" data-link=\"https:\/\/dicd.tuiasi.ro\/angajati\/sintact-v4\/screenshot_2024-04-08_15-35-23\/\" class=\"wp-image-11793\" srcset=\"https:\/\/dicd.tuiasi.ro\/wp-content\/uploads\/2024\/04\/Screenshot_2024-04-08_15-35-23.png 423w, https:\/\/dicd.tuiasi.ro\/wp-content\/uploads\/2024\/04\/Screenshot_2024-04-08_15-35-23-267x300.png 267w, https:\/\/dicd.tuiasi.ro\/wp-content\/uploads\/2024\/04\/Screenshot_2024-04-08_15-35-23-11x12.png 11w\" sizes=\"(max-width: 423px) 100vw, 423px\" \/><\/figure><\/li><li class=\"blocks-gallery-item\"><figure><img loading=\"lazy\" width=\"432\" height=\"616\" src=\"https:\/\/dicd.tuiasi.ro\/wp-content\/uploads\/2024\/04\/Screenshot_2024-04-08_15-34-55.png\" alt=\"\" data-id=\"11796\" data-full-url=\"https:\/\/dicd.tuiasi.ro\/wp-content\/uploads\/2024\/04\/Screenshot_2024-04-08_15-34-55.png\" data-link=\"https:\/\/dicd.tuiasi.ro\/angajati\/sintact-v4\/screenshot_2024-04-08_15-34-55\/\" class=\"wp-image-11796\" srcset=\"https:\/\/dicd.tuiasi.ro\/wp-content\/uploads\/2024\/04\/Screenshot_2024-04-08_15-34-55.png 432w, https:\/\/dicd.tuiasi.ro\/wp-content\/uploads\/2024\/04\/Screenshot_2024-04-08_15-34-55-210x300.png 210w, https:\/\/dicd.tuiasi.ro\/wp-content\/uploads\/2024\/04\/Screenshot_2024-04-08_15-34-55-8x12.png 8w\" sizes=\"(max-width: 432px) 100vw, 432px\" \/><\/figure><\/li><\/ul><\/figure>\n\n<\/div><\/div>\n<\/div>","protected":false},"excerpt":{"rendered":"","protected":false},"author":8,"featured_media":0,"parent":7699,"menu_order":0,"comment_status":"closed","ping_status":"closed","template":"pagina-prezentare.php","meta":{"advgb_blocks_editor_width":"","advgb_blocks_columns_visual_guide":"","ub_ctt_via":""},"featured_image_urls":{"full":"","thumbnail":"","medium":"","medium_large":"","large":"","1536x1536":"","2048x2048":"","trp-custom-language-flag":"","post-thumbnail":""},"post_excerpt_stackable":"<p>Procedura de instalare a clientului SintAct versiunea 4 Pasul 1: Desc\u0103rc\u0103m \u0219i salv\u0103m clientul Sintact. Pasul 2: Deschidem executabilul desc\u0103rcat anterior. Pasul 3: Ap\u0103s\u0103m pe butonul &#8222;Continu\u0103&#8221; (Fig. 1). Pasul 4: Select\u0103m \u201cAccept licen\u0163a\u201c, apoi ap\u0103s\u0103m butonul \u201cContinu\u0103\u201c (Fig. 2). Pasul 5: Select\u0103m op\u021biunile pe care le dorim. &#8222;Creeaza o iconita pe desktop&#8221; sau &#8222;Creeaza o iconita in Start&#8221; (Fig. 3). Pasul 6: Op\u021bional, putem schimba loca\u021bia unde se va instala programul, dar recomandat este s\u0103 l\u0103s\u0103m op\u021biunea default, iar apoi ap\u0103s\u0103m pe &#8222;Continu\u0103&#8221; (Fig. 4). Pasul 7: Continu\u0103m instalarea ap\u0103s\u00e2nd pe butonul &#8222;Instaleaz\u0103&#8221; (Fig. 5). Pasul 8: Pornim instalarea&hellip;<\/p>\n","category_list":"","author_info":{"name":"Vladut BUTNARU","url":"https:\/\/dicd.tuiasi.ro\/ro\/author\/vbutnaru\/"},"comments_num":"0 comments","featured_image_src":null,"coauthors":[],"author_meta":{"author_link":"https:\/\/dicd.tuiasi.ro\/ro\/author\/vbutnaru\/","display_name":"Vladut BUTNARU"},"relative_dates":{"created":"Posted 5 ani ago","modified":"Updated 2 ani ago"},"absolute_dates":{"created":"Posted on 23 septembrie 2021","modified":"Updated on 8 aprilie 2024"},"absolute_dates_time":{"created":"Posted on 23 septembrie 2021 12:11","modified":"Updated on 8 aprilie 2024 14:43"},"featured_img_caption":"","_links":{"self":[{"href":"https:\/\/dicd.tuiasi.ro\/ro\/wp-json\/wp\/v2\/pages\/8716"}],"collection":[{"href":"https:\/\/dicd.tuiasi.ro\/ro\/wp-json\/wp\/v2\/pages"}],"about":[{"href":"https:\/\/dicd.tuiasi.ro\/ro\/wp-json\/wp\/v2\/types\/page"}],"author":[{"embeddable":true,"href":"https:\/\/dicd.tuiasi.ro\/ro\/wp-json\/wp\/v2\/users\/8"}],"replies":[{"embeddable":true,"href":"https:\/\/dicd.tuiasi.ro\/ro\/wp-json\/wp\/v2\/comments?post=8716"}],"version-history":[{"count":13,"href":"https:\/\/dicd.tuiasi.ro\/ro\/wp-json\/wp\/v2\/pages\/8716\/revisions"}],"predecessor-version":[{"id":11811,"href":"https:\/\/dicd.tuiasi.ro\/ro\/wp-json\/wp\/v2\/pages\/8716\/revisions\/11811"}],"up":[{"embeddable":true,"href":"https:\/\/dicd.tuiasi.ro\/ro\/wp-json\/wp\/v2\/pages\/7699"}],"wp:attachment":[{"href":"https:\/\/dicd.tuiasi.ro\/ro\/wp-json\/wp\/v2\/media?parent=8716"}],"curies":[{"name":"wp","href":"https:\/\/api.w.org\/{rel}","templated":true}]}}