{"id":9505,"date":"2021-09-29T08:58:10","date_gmt":"2021-09-29T06:58:10","guid":{"rendered":"https:\/\/dicd.tuiasi.ro\/?page_id=9505"},"modified":"2021-09-29T09:40:26","modified_gmt":"2021-09-29T07:40:26","slug":"conectare-eduroam","status":"publish","type":"page","link":"https:\/\/dicd.tuiasi.ro\/ro\/conectare-eduroam\/","title":{"rendered":"Conectare eduroam"},"content":{"rendered":"\n<p>Pentru a simplifica procesul de configurare pentru conectare, putem desc\u0103rca aplica\u021bia oficial\u0103 <strong>GetEduroam<\/strong> de pe pagina oficial <strong><a rel=\"noreferrer noopener\" href=\"https:\/\/www.geteduroam.app\/\" data-type=\"URL\" data-id=\"https:\/\/www.geteduroam.app\/\" target=\"_blank\">GetEduroam<\/a><\/strong> sau de pe pagina de <strong><a rel=\"noreferrer noopener\" href=\"https:\/\/github.com\/geteduroam\/windows-app\/releases\" data-type=\"URL\" data-id=\"https:\/\/github.com\/geteduroam\/windows-app\/releases\" target=\"_blank\">GitHub<\/a><\/strong>.<\/p>\n\n\n<div class=\"wp-block-ub-content-toggle\" id=\"ub-content-toggle-c5d0b990-e2bd-4d5a-80f4-a0b67e03b74e\">\n<div id=\"\" class=\"wp-block-ub-content-toggle-accordion\">\n                <div class=\"wp-block-ub-content-toggle-accordion-title-wrap\" aria-expanded=\"false\" aria-controls=\"ub-content-toggle-panel-0-c5d0b990-e2bd-4d5a-80f4-a0b67e03b74e\" tabindex=\"0\">\n                    <p class=\"wp-block-ub-content-toggle-accordion-title ub-content-toggle-title-c5d0b990-e2bd-4d5a-80f4-a0b67e03b74e\">Desc\u0103rcare \u0219i conectare<\/p><div class=\"wp-block-ub-content-toggle-accordion-toggle-wrap right\"><span class=\"wp-block-ub-content-toggle-accordion-state-indicator wp-block-ub-chevron-down\"><\/span>\n                    <\/div><\/div><div role=\"region\" class=\"wp-block-ub-content-toggle-accordion-content-wrap ub-hide\" id=\"ub-content-toggle-panel-0-c5d0b990-e2bd-4d5a-80f4-a0b67e03b74e\">\n<div class=\"wp-block-ub-content-toggle\" id=\"ub-content-toggle-a89039f1-5484-41eb-af8c-cb497816dfd4\">\n<div id=\"\" class=\"wp-block-ub-content-toggle-accordion\">\n                <div class=\"wp-block-ub-content-toggle-accordion-title-wrap\" aria-expanded=\"false\" aria-controls=\"ub-content-toggle-panel-0-a89039f1-5484-41eb-af8c-cb497816dfd4\" tabindex=\"0\">\n                    <p class=\"wp-block-ub-content-toggle-accordion-title ub-content-toggle-title-a89039f1-5484-41eb-af8c-cb497816dfd4\">Windows<\/p><div class=\"wp-block-ub-content-toggle-accordion-toggle-wrap right\"><span class=\"wp-block-ub-content-toggle-accordion-state-indicator wp-block-ub-chevron-down\"><\/span>\n                    <\/div><\/div><div role=\"region\" class=\"wp-block-ub-content-toggle-accordion-content-wrap ub-hide\" id=\"ub-content-toggle-panel-0-a89039f1-5484-41eb-af8c-cb497816dfd4\">\n\n<p><strong>Pasul 1:<\/strong> Desc\u0103rc\u0103m aplica\u021bia <strong>GetEduroam<\/strong> de pe pagina oficial <strong><a rel=\"noreferrer noopener\" href=\"https:\/\/www.geteduroam.app\/\" target=\"_blank\">GetEduroam<\/a><\/strong> (Fig. 1).<\/p>\n\n\n\n<p><strong>Pasul 2:<\/strong> Deschidem executabilul si ap\u0103s\u0103m pe butonul &#8222;<strong>Connect to eduroam<\/strong>&#8221; (Fig. 2).<\/p>\n\n\n\n<p><strong>Pasul 3:<\/strong> Din lista de institu\u021bii select\u0103m institu\u021bia de care apar\u021binem. Ap\u0103s\u0103m pe &#8222;<strong>Next<\/strong>&#8221; (Fig. 3) pentru a trece la urm\u0103toarea fereastr\u0103 \u0219i iar\u0103\u0219i pe next pentru a ajunge la c\u00e2mpul de conectare (Fig. 4).<\/p>\n\n\n\n<p><strong>Pasul 4:<\/strong> Introducem datele de conectare ale contului institu\u021bional \u0219i ap\u0103s\u0103m pe butonul &#8222;<strong>Connect<\/strong>&#8221; (Fig. 5). Dac\u0103 datele au fost introduse corect vom observa c\u0103 aplica\u021bia ne va afi\u0219a mesajul <strong>&#8222;You are now connected to eduroam<\/strong>&#8221; (Fig. 6).<\/p>\n\n\n\n<figure class=\"wp-block-gallery columns-3 is-cropped\"><ul class=\"blocks-gallery-grid\"><li class=\"blocks-gallery-item\"><figure><img loading=\"lazy\" width=\"1024\" height=\"446\" src=\"https:\/\/dicd.tuiasi.ro\/wp-content\/uploads\/2021\/09\/1-6-1024x446.png\" alt=\"\" data-id=\"7042\" data-full-url=\"https:\/\/dicd.tuiasi.ro\/wp-content\/uploads\/2021\/09\/1-6.png\" data-link=\"https:\/\/dicd.tuiasi.ro\/studenti\/conectare-wifi\/1-6-2\/\" class=\"wp-image-7042\" srcset=\"https:\/\/dicd.tuiasi.ro\/wp-content\/uploads\/2021\/09\/1-6-1024x446.png 1024w, https:\/\/dicd.tuiasi.ro\/wp-content\/uploads\/2021\/09\/1-6-300x131.png 300w, https:\/\/dicd.tuiasi.ro\/wp-content\/uploads\/2021\/09\/1-6-768x335.png 768w, https:\/\/dicd.tuiasi.ro\/wp-content\/uploads\/2021\/09\/1-6.png 1333w\" sizes=\"(max-width: 1024px) 100vw, 1024px\" \/><figcaption class=\"blocks-gallery-item__caption\">Fig. 1 Desc\u0103rcare aplica\u021bie<\/figcaption><\/figure><\/li><li class=\"blocks-gallery-item\"><figure><img loading=\"lazy\" width=\"415\" height=\"596\" src=\"https:\/\/dicd.tuiasi.ro\/wp-content\/uploads\/2021\/09\/2-6.png\" alt=\"\" data-id=\"7045\" data-full-url=\"https:\/\/dicd.tuiasi.ro\/wp-content\/uploads\/2021\/09\/2-6.png\" data-link=\"https:\/\/dicd.tuiasi.ro\/studenti\/conectare-wifi\/2-6-2\/\" class=\"wp-image-7045\" srcset=\"https:\/\/dicd.tuiasi.ro\/wp-content\/uploads\/2021\/09\/2-6.png 415w, https:\/\/dicd.tuiasi.ro\/wp-content\/uploads\/2021\/09\/2-6-209x300.png 209w\" sizes=\"(max-width: 415px) 100vw, 415px\" \/><figcaption class=\"blocks-gallery-item__caption\">Fig. 2 Connect to eduroam<\/figcaption><\/figure><\/li><li class=\"blocks-gallery-item\"><figure><img loading=\"lazy\" width=\"419\" height=\"600\" src=\"https:\/\/dicd.tuiasi.ro\/wp-content\/uploads\/2021\/09\/3-5.png\" alt=\"\" data-id=\"7048\" data-full-url=\"https:\/\/dicd.tuiasi.ro\/wp-content\/uploads\/2021\/09\/3-5.png\" data-link=\"https:\/\/dicd.tuiasi.ro\/studenti\/conectare-wifi\/3-5-2\/\" class=\"wp-image-7048\" srcset=\"https:\/\/dicd.tuiasi.ro\/wp-content\/uploads\/2021\/09\/3-5.png 419w, https:\/\/dicd.tuiasi.ro\/wp-content\/uploads\/2021\/09\/3-5-210x300.png 210w\" sizes=\"(max-width: 419px) 100vw, 419px\" \/><figcaption class=\"blocks-gallery-item__caption\">Fig. 3 Gheorghe Asachi<\/figcaption><\/figure><\/li><li class=\"blocks-gallery-item\"><figure><img loading=\"lazy\" width=\"417\" height=\"599\" src=\"https:\/\/dicd.tuiasi.ro\/wp-content\/uploads\/2021\/09\/4-3.png\" alt=\"\" data-id=\"7051\" data-full-url=\"https:\/\/dicd.tuiasi.ro\/wp-content\/uploads\/2021\/09\/4-3.png\" data-link=\"https:\/\/dicd.tuiasi.ro\/studenti\/conectare-wifi\/4-3-3\/\" class=\"wp-image-7051\" srcset=\"https:\/\/dicd.tuiasi.ro\/wp-content\/uploads\/2021\/09\/4-3.png 417w, https:\/\/dicd.tuiasi.ro\/wp-content\/uploads\/2021\/09\/4-3-209x300.png 209w\" sizes=\"(max-width: 417px) 100vw, 417px\" \/><figcaption class=\"blocks-gallery-item__caption\">Fig. 5 Gheorghe Asachi Contact Info<\/figcaption><\/figure><\/li><li class=\"blocks-gallery-item\"><figure><img loading=\"lazy\" width=\"418\" height=\"597\" src=\"https:\/\/dicd.tuiasi.ro\/wp-content\/uploads\/2021\/09\/5-1.png\" alt=\"\" data-id=\"7054\" data-full-url=\"https:\/\/dicd.tuiasi.ro\/wp-content\/uploads\/2021\/09\/5-1.png\" data-link=\"https:\/\/dicd.tuiasi.ro\/studenti\/conectare-wifi\/5-1-3\/\" class=\"wp-image-7054\" srcset=\"https:\/\/dicd.tuiasi.ro\/wp-content\/uploads\/2021\/09\/5-1.png 418w, https:\/\/dicd.tuiasi.ro\/wp-content\/uploads\/2021\/09\/5-1-210x300.png 210w\" sizes=\"(max-width: 418px) 100vw, 418px\" \/><figcaption class=\"blocks-gallery-item__caption\">Fig. 6 Autentificare<\/figcaption><\/figure><\/li><\/ul><\/figure>\n\n<\/div><\/div>\n<\/div>\n\n<div class=\"wp-block-ub-content-toggle\" id=\"ub-content-toggle-9d44baf2-f0df-4762-8d72-20b8c2096d2e\">\n<div id=\"\" class=\"wp-block-ub-content-toggle-accordion\">\n                <div class=\"wp-block-ub-content-toggle-accordion-title-wrap\" aria-expanded=\"false\" aria-controls=\"ub-content-toggle-panel-0-9d44baf2-f0df-4762-8d72-20b8c2096d2e\" tabindex=\"0\">\n                    <p class=\"wp-block-ub-content-toggle-accordion-title ub-content-toggle-title-9d44baf2-f0df-4762-8d72-20b8c2096d2e\">Android<\/p><div class=\"wp-block-ub-content-toggle-accordion-toggle-wrap right\"><span class=\"wp-block-ub-content-toggle-accordion-state-indicator wp-block-ub-chevron-down\"><\/span>\n                    <\/div><\/div><div role=\"region\" class=\"wp-block-ub-content-toggle-accordion-content-wrap ub-hide\" id=\"ub-content-toggle-panel-0-9d44baf2-f0df-4762-8d72-20b8c2096d2e\">\n\n<p><strong>Pasul 1: <\/strong>Deschidem aplica\u021bia &#8222;<strong>Play Store<\/strong>&#8221; \u0219i c\u0103ut\u0103m aplica\u021bia &#8222;<strong>geteduroam<\/strong>&#8222;. Ap\u0103s\u0103m pe butonul &#8222;<strong>Install<\/strong>&#8221; pentru a \u00eencepe instalarea (Fig. 7).<\/p>\n\n\n\n<p><strong>Pasul 2:<\/strong> Deschidem aplica\u021bia <strong>GetEduroam<\/strong> \u0219i din lista de institu\u021bii select\u0103m institu\u021bia de care apar\u021binem, Ap\u0103s\u0103m pe butonul &#8222;<strong>Next<\/strong>&#8221; pentru a trece la pasul urm\u0103tor (Fig. 8).<\/p>\n\n\n\n<p><strong>Pasul 3:<\/strong> Introducem datele de conectare ale contului institu\u021bional \u0219i ap\u0103s\u0103m pe butonul &#8222;<strong>Connect<\/strong>&#8221; (Fig. 9). Dac\u0103 datele au fost introduse corect vom observa c\u0103 aplica\u021bia ne va afi\u0219a mesajul <strong>&#8222;Wi-fi is now configured on your device<\/strong>&#8221; (Fig. 10).<\/p>\n\n\n\n<figure class=\"wp-block-gallery columns-3 is-cropped\"><ul class=\"blocks-gallery-grid\"><li class=\"blocks-gallery-item\"><figure><img loading=\"lazy\" width=\"512\" height=\"1024\" src=\"https:\/\/dicd.tuiasi.ro\/wp-content\/uploads\/2021\/09\/1-7-512x1024.png\" alt=\"\" data-id=\"7057\" data-full-url=\"https:\/\/dicd.tuiasi.ro\/wp-content\/uploads\/2021\/09\/1-7.png\" data-link=\"https:\/\/dicd.tuiasi.ro\/studenti\/conectare-wifi\/1-7-2\/\" class=\"wp-image-7057\" srcset=\"https:\/\/dicd.tuiasi.ro\/wp-content\/uploads\/2021\/09\/1-7-512x1024.png 512w, https:\/\/dicd.tuiasi.ro\/wp-content\/uploads\/2021\/09\/1-7-150x300.png 150w, https:\/\/dicd.tuiasi.ro\/wp-content\/uploads\/2021\/09\/1-7-768x1536.png 768w, https:\/\/dicd.tuiasi.ro\/wp-content\/uploads\/2021\/09\/1-7-1024x2048.png 1024w, https:\/\/dicd.tuiasi.ro\/wp-content\/uploads\/2021\/09\/1-7.png 1080w\" sizes=\"(max-width: 512px) 100vw, 512px\" \/><figcaption class=\"blocks-gallery-item__caption\">Fig. 7 Instalare aplica\u021bie<\/figcaption><\/figure><\/li><li class=\"blocks-gallery-item\"><figure><img loading=\"lazy\" width=\"512\" height=\"1024\" src=\"https:\/\/dicd.tuiasi.ro\/wp-content\/uploads\/2021\/09\/2-7-512x1024.png\" alt=\"\" data-id=\"7060\" data-full-url=\"https:\/\/dicd.tuiasi.ro\/wp-content\/uploads\/2021\/09\/2-7.png\" data-link=\"https:\/\/dicd.tuiasi.ro\/studenti\/conectare-wifi\/2-7-2\/\" class=\"wp-image-7060\" srcset=\"https:\/\/dicd.tuiasi.ro\/wp-content\/uploads\/2021\/09\/2-7-512x1024.png 512w, https:\/\/dicd.tuiasi.ro\/wp-content\/uploads\/2021\/09\/2-7-150x300.png 150w, https:\/\/dicd.tuiasi.ro\/wp-content\/uploads\/2021\/09\/2-7-768x1536.png 768w, https:\/\/dicd.tuiasi.ro\/wp-content\/uploads\/2021\/09\/2-7-1024x2048.png 1024w, https:\/\/dicd.tuiasi.ro\/wp-content\/uploads\/2021\/09\/2-7.png 1080w\" sizes=\"(max-width: 512px) 100vw, 512px\" \/><figcaption class=\"blocks-gallery-item__caption\">Fig. 8 Selectare institu\u021bie<\/figcaption><\/figure><\/li><li class=\"blocks-gallery-item\"><figure><img loading=\"lazy\" width=\"512\" height=\"1024\" src=\"https:\/\/dicd.tuiasi.ro\/wp-content\/uploads\/2021\/09\/3-6-512x1024.png\" alt=\"\" data-id=\"7063\" data-full-url=\"https:\/\/dicd.tuiasi.ro\/wp-content\/uploads\/2021\/09\/3-6.png\" data-link=\"https:\/\/dicd.tuiasi.ro\/studenti\/conectare-wifi\/3-6-2\/\" class=\"wp-image-7063\" srcset=\"https:\/\/dicd.tuiasi.ro\/wp-content\/uploads\/2021\/09\/3-6-512x1024.png 512w, https:\/\/dicd.tuiasi.ro\/wp-content\/uploads\/2021\/09\/3-6-150x300.png 150w, https:\/\/dicd.tuiasi.ro\/wp-content\/uploads\/2021\/09\/3-6-768x1536.png 768w, https:\/\/dicd.tuiasi.ro\/wp-content\/uploads\/2021\/09\/3-6-1024x2048.png 1024w, https:\/\/dicd.tuiasi.ro\/wp-content\/uploads\/2021\/09\/3-6.png 1080w\" sizes=\"(max-width: 512px) 100vw, 512px\" \/><figcaption class=\"blocks-gallery-item__caption\">Fig. 9 Autentificare<\/figcaption><\/figure><\/li><li class=\"blocks-gallery-item\"><figure><img loading=\"lazy\" width=\"512\" height=\"1024\" src=\"https:\/\/dicd.tuiasi.ro\/wp-content\/uploads\/2021\/09\/4-4-512x1024.png\" alt=\"\" data-id=\"7066\" data-full-url=\"https:\/\/dicd.tuiasi.ro\/wp-content\/uploads\/2021\/09\/4-4.png\" data-link=\"https:\/\/dicd.tuiasi.ro\/studenti\/conectare-wifi\/4-4-3\/\" class=\"wp-image-7066\" srcset=\"https:\/\/dicd.tuiasi.ro\/wp-content\/uploads\/2021\/09\/4-4-512x1024.png 512w, https:\/\/dicd.tuiasi.ro\/wp-content\/uploads\/2021\/09\/4-4-150x300.png 150w, https:\/\/dicd.tuiasi.ro\/wp-content\/uploads\/2021\/09\/4-4-768x1536.png 768w, https:\/\/dicd.tuiasi.ro\/wp-content\/uploads\/2021\/09\/4-4-1024x2048.png 1024w, https:\/\/dicd.tuiasi.ro\/wp-content\/uploads\/2021\/09\/4-4.png 1080w\" sizes=\"(max-width: 512px) 100vw, 512px\" \/><figcaption class=\"blocks-gallery-item__caption\">Fig. 10 Conectare realizata cu succes<\/figcaption><\/figure><\/li><\/ul><\/figure>\n\n<\/div><\/div>\n<\/div>\n\n<div class=\"wp-block-ub-content-toggle\" id=\"ub-content-toggle-7c282c61-7ad8-4ac1-82f3-9f82ff80f888\">\n<div id=\"\" class=\"wp-block-ub-content-toggle-accordion\">\n                <div class=\"wp-block-ub-content-toggle-accordion-title-wrap\" aria-expanded=\"false\" aria-controls=\"ub-content-toggle-panel-0-7c282c61-7ad8-4ac1-82f3-9f82ff80f888\" tabindex=\"0\">\n                    <p class=\"wp-block-ub-content-toggle-accordion-title ub-content-toggle-title-7c282c61-7ad8-4ac1-82f3-9f82ff80f888\">iOS<\/p><div class=\"wp-block-ub-content-toggle-accordion-toggle-wrap right\"><span class=\"wp-block-ub-content-toggle-accordion-state-indicator wp-block-ub-chevron-down\"><\/span>\n                    <\/div><\/div><div role=\"region\" class=\"wp-block-ub-content-toggle-accordion-content-wrap ub-hide\" id=\"ub-content-toggle-panel-0-7c282c61-7ad8-4ac1-82f3-9f82ff80f888\">\n\n<p><strong><strong>Pasul 1: <\/strong><\/strong>Deschidem aplica\u021bia &#8222;<strong>App Store<\/strong>&#8221; \u0219i c\u0103ut\u0103m aplica\u021bia &#8222;<strong>geteduroam<\/strong>&#8222;. Ap\u0103s\u0103m pe butonul &#8222;<strong>Install<\/strong>&#8221; pentru a \u00eencepe instalarea (Fig. 11).<\/p>\n\n\n\n<p><strong><strong>Pasul 2:<\/strong> <\/strong>Deschidem aplica\u021bia <strong>GetEduroam<\/strong> \u0219i din lista de institu\u021bii select\u0103m institu\u021bia de care apar\u021binem. Ap\u0103s\u0103m pe butonul &#8222;<strong>Next<\/strong>&#8221; pentru a trece la pasul urm\u0103tor (Fig. 12).<\/p>\n\n\n\n<p><strong><strong>Pasul 3:<\/strong> <\/strong>Introducem datele de conectare ale contului institu\u021bional \u0219i ap\u0103s\u0103m pe butonul &#8222;<strong>Connect<\/strong>&#8221; (Fig. 13). Dac\u0103 datele au fost introduse corect vom observa c\u0103 aplica\u021bia ne va afi\u0219a mesajul &#8222;<strong>Wi-fi is now configured on your device<\/strong>&#8221; (Fig. 14).<\/p>\n\n\n\n<figure class=\"wp-block-gallery columns-0 is-cropped\"><ul class=\"blocks-gallery-grid\"><\/ul><\/figure>\n\n<\/div><\/div>\n<\/div>\n<\/div><\/div>\n<\/div>","protected":false},"excerpt":{"rendered":"<p>Pentru a simplifica procesul de configurare pentru conectare, putem desc\u0103rca aplica\u021bia oficial\u0103 GetEduroam de pe pagina oficial GetEduroam sau de pe pagina de GitHub.<\/p>\n","protected":false},"author":8,"featured_media":0,"parent":0,"menu_order":0,"comment_status":"closed","ping_status":"closed","template":"","meta":{"advgb_blocks_editor_width":"","advgb_blocks_columns_visual_guide":"","ub_ctt_via":""},"featured_image_urls":{"full":"","thumbnail":"","medium":"","medium_large":"","large":"","1536x1536":"","2048x2048":"","trp-custom-language-flag":"","post-thumbnail":""},"post_excerpt_stackable":"<p>Pentru a simplifica procesul de configurare pentru conectare, putem desc\u0103rca aplica\u021bia oficial\u0103 GetEduroam de pe pagina oficial GetEduroam sau de pe pagina de GitHub. Desc\u0103rcare \u0219i conectare Windows Pasul 1: Desc\u0103rc\u0103m aplica\u021bia GetEduroam de pe pagina oficial GetEduroam (Fig. 1). Pasul 2: Deschidem executabilul si ap\u0103s\u0103m pe butonul &#8222;Connect to eduroam&#8221; (Fig. 2). Pasul 3: Din lista de institu\u021bii select\u0103m institu\u021bia de care apar\u021binem. Ap\u0103s\u0103m pe &#8222;Next&#8221; (Fig. 3) pentru a trece la urm\u0103toarea fereastr\u0103 \u0219i iar\u0103\u0219i pe next pentru a ajunge la c\u00e2mpul de conectare (Fig. 4). Pasul 4: Introducem datele de conectare ale contului institu\u021bional \u0219i ap\u0103s\u0103m pe&hellip;<\/p>\n","category_list":"","author_info":{"name":"Vladut BUTNARU","url":"https:\/\/dicd.tuiasi.ro\/ro\/author\/vbutnaru\/"},"comments_num":"0 comments","featured_image_src":null,"coauthors":[],"author_meta":{"author_link":"https:\/\/dicd.tuiasi.ro\/ro\/author\/vbutnaru\/","display_name":"Vladut BUTNARU"},"relative_dates":{"created":"Posted 5 ani ago","modified":"Updated 5 ani ago"},"absolute_dates":{"created":"Posted on 29 septembrie 2021","modified":"Updated on 29 septembrie 2021"},"absolute_dates_time":{"created":"Posted on 29 septembrie 2021 08:58","modified":"Updated on 29 septembrie 2021 09:40"},"featured_img_caption":"","_links":{"self":[{"href":"https:\/\/dicd.tuiasi.ro\/ro\/wp-json\/wp\/v2\/pages\/9505"}],"collection":[{"href":"https:\/\/dicd.tuiasi.ro\/ro\/wp-json\/wp\/v2\/pages"}],"about":[{"href":"https:\/\/dicd.tuiasi.ro\/ro\/wp-json\/wp\/v2\/types\/page"}],"author":[{"embeddable":true,"href":"https:\/\/dicd.tuiasi.ro\/ro\/wp-json\/wp\/v2\/users\/8"}],"replies":[{"embeddable":true,"href":"https:\/\/dicd.tuiasi.ro\/ro\/wp-json\/wp\/v2\/comments?post=9505"}],"version-history":[{"count":6,"href":"https:\/\/dicd.tuiasi.ro\/ro\/wp-json\/wp\/v2\/pages\/9505\/revisions"}],"predecessor-version":[{"id":11094,"href":"https:\/\/dicd.tuiasi.ro\/ro\/wp-json\/wp\/v2\/pages\/9505\/revisions\/11094"}],"wp:attachment":[{"href":"https:\/\/dicd.tuiasi.ro\/ro\/wp-json\/wp\/v2\/media?parent=9505"}],"curies":[{"name":"wp","href":"https:\/\/api.w.org\/{rel}","templated":true}]}}